{"id":5309,"date":"2021-02-09T17:27:18","date_gmt":"2021-02-09T23:27:18","guid":{"rendered":"https:\/\/krilaw.com\/perfil-abogados\/nicole-provax\/"},"modified":"2025-03-13T13:31:52","modified_gmt":"2025-03-13T18:31:52","slug":"nicole-provax","status":"publish","type":"page","link":"https:\/\/krilaw.com\/es\/perfil-abogados\/nicole-provax\/","title":{"rendered":"Nicole Provax"},"content":{"rendered":"<h2>Biograf\u00eda<\/h2>\n<p>Nicole Provax es abogada de Kriezelman Burton &amp; amp; Associates, LLC. Antes de estudiar derecho, Nicole se gradu\u00f3 Magna Cum Laude de la Universidad de Carolina del Sur con honores en 2017 con su licenciatura en Estudios Internacionales y Espa\u00f1ol. Se gradu\u00f3 con Distinci\u00f3n en Liderazgo en Aprendizaje Global y Compromiso C\u00edvico y Profesional. En mayo de 2020, obtuvo su t\u00edtulo de abogada en la Facultad de Derecho de Chicago de la Universidad Loyola. Nicole recibi\u00f3 un Certificado en Defensa y un Premio CALI a la Excelencia para el Futuro en Redacci\u00f3n Jur\u00eddica.<\/p>\n<p>Mientras estaba en la facultad de derecho, Nicole complet\u00f3 con \u00e9xito los cursos de derecho de inmigraci\u00f3n que se ofrec\u00edan en Loyola, y termin\u00f3 en el Centro Educativo y de Defensa Legal M\u00e9xico-Estadounidense. Fund (MALDEF) y trabaj\u00f3 como asistente legal en Jarecki Law Group, una firma de inmigraci\u00f3n local. Nicole tambi\u00e9n trabaj\u00f3 durante m\u00e1s de dos a\u00f1os como asistente legal principal en Corboy &amp; amp; Demetrio, PC, donde estuvo muy involucrada en todos los aspectos del litigio por lesiones personales y negligencia m\u00e9dica.<\/p>\n<p>Despu\u00e9s de graduarse de la facultad de derecho, Nicole trabaj\u00f3 durante varios meses como becaria de posgrado en derecho de inmigraci\u00f3n en el Centro de Loyola para los Derechos Humanos de los Ni\u00f1os.<\/p>\n","protected":false},"excerpt":{"rendered":"<p>Biograf\u00eda Nicole Provax es abogada de Kriezelman Burton &amp; amp; Associates, LLC. Antes de estudiar derecho, Nicole se gradu\u00f3 Magna Cum Laude de la Universidad de Carolina del Sur con honores en 2017 con su licenciatura en Estudios Internacionales y Espa\u00f1ol. Se gradu\u00f3 con Distinci\u00f3n en Liderazgo en Aprendizaje Global y Compromiso C\u00edvico y Profesional. &hellip; <\/p>\n<p class=\"link-more\"><a href=\"https:\/\/krilaw.com\/es\/perfil-abogados\/nicole-provax\/\" class=\"more-link\">Seguir leyendo<span class=\"screen-reader-text\"> \u00abNicole Provax\u00bb<\/span><\/a><\/p>\n","protected":false},"author":34,"featured_media":8035,"parent":2748,"menu_order":0,"comment_status":"closed","ping_status":"closed","template":"template-parts\/single-profile-page.php","meta":{"_acf_changed":false,"_oasis_is_in_workflow":0,"_oasis_original":0,"_oasis_task_priority":"","footnotes":""},"class_list":["post-5309","page","type-page","status-publish","has-post-thumbnail","hentry","entry"],"acf":[],"_links":{"self":[{"href":"https:\/\/krilaw.com\/es\/wp-json\/wp\/v2\/pages\/5309","targetHints":{"allow":["GET"]}}],"collection":[{"href":"https:\/\/krilaw.com\/es\/wp-json\/wp\/v2\/pages"}],"about":[{"href":"https:\/\/krilaw.com\/es\/wp-json\/wp\/v2\/types\/page"}],"author":[{"embeddable":true,"href":"https:\/\/krilaw.com\/es\/wp-json\/wp\/v2\/users\/34"}],"replies":[{"embeddable":true,"href":"https:\/\/krilaw.com\/es\/wp-json\/wp\/v2\/comments?post=5309"}],"version-history":[{"count":7,"href":"https:\/\/krilaw.com\/es\/wp-json\/wp\/v2\/pages\/5309\/revisions"}],"predecessor-version":[{"id":9251,"href":"https:\/\/krilaw.com\/es\/wp-json\/wp\/v2\/pages\/5309\/revisions\/9251"}],"up":[{"embeddable":true,"href":"https:\/\/krilaw.com\/es\/wp-json\/wp\/v2\/pages\/2748"}],"wp:featuredmedia":[{"embeddable":true,"href":"https:\/\/krilaw.com\/es\/wp-json\/wp\/v2\/media\/8035"}],"wp:attachment":[{"href":"https:\/\/krilaw.com\/es\/wp-json\/wp\/v2\/media?parent=5309"}],"curies":[{"name":"wp","href":"https:\/\/api.w.org\/{rel}","templated":true}]}}