{"id":5920,"date":"2022-11-03T23:42:10","date_gmt":"2022-11-04T04:42:10","guid":{"rendered":"https:\/\/krilaw.com\/?page_id=5920"},"modified":"2025-03-13T13:33:24","modified_gmt":"2025-03-13T18:33:24","slug":"khiabett-osuna","status":"publish","type":"page","link":"https:\/\/krilaw.com\/es\/perfil-abogados\/khiabett-osuna\/","title":{"rendered":"Khiabett Osuna"},"content":{"rendered":"<h2>Biograf\u00eda<\/h2>\n<p>Khiabett Osuna es abogada de Kriezelman Burton &amp; Asociados, LLC. Antes de la facultad de derecho, Khiabett se gradu\u00f3 de la Universidad Northwestern en 2011, con una licenciatura en Ciencias Pol\u00edticas y Espa\u00f1ol. En mayo de 2019, obtuvo su t\u00edtulo de abogado en la Facultad de Derecho de la Universidad DePaul. Mientras estudiaba derecho, Khiabett trabaj\u00f3 en una <a href=\"https:\/\/krilaw.com\/about\/\">empresa<\/a> de inmigraci\u00f3n local. Tambi\u00e9n se ofreci\u00f3 como voluntaria en el Proyecto de Autorrepresentaci\u00f3n de la Cl\u00ednica Legal de Violencia Dom\u00e9stica. Khiabett particip\u00f3 en la Cl\u00ednica de Inmigraci\u00f3n de Asilo mientras estaba en la Facultad de Derecho DePaul y se ofreci\u00f3 como voluntaria durante una semana con el Proyecto CARA Family Detention Pro Bono en Dilley, Texas, ayudando a evaluar a mujeres y ni\u00f1os en el Centro de Detenci\u00f3n Familiar del Sur de Texas que hab\u00edan llegado recientemente a los Estados Unidos. Tambi\u00e9n se desempe\u00f1\u00f3 en la Immigration Law Society y fue editora de citas para el Public Service Journal.<\/p>\n<p>Despu\u00e9s de la escuela de derecho, Khiabett fue contratada a trav\u00e9s del Programa de Honores del Departamento de Seguridad Nacional como asistente legal judicial, donde trabaj\u00f3 para jueces de inmigraci\u00f3n en El Paso y Fort Worth, Texas. Luego trabaj\u00f3 en dos firmas de inmigraci\u00f3n en Dallas\/Fort Worth Metroplex ayudando a clientes principalmente en procedimientos de deportaci\u00f3n.<\/p>\n<div class=\"sngl-prfle-abt-blck Khiabett\">\n<div class=\"sngl-prfle-abt-cnt-lst lft\">\n<div class=\"sngl-prfle-abt-itm sngl-prfle-abt-itm-1\">\n<h4>Educaci\u00f3n<\/h4>\n<ul>\n<li>Facultad de Derecho de la Universidad DePaul, 2019<\/li>\n<li>Universidad del Noroeste, 2011<\/li>\n<\/ul>\n<\/div>\n<\/div>\n<\/div>\n","protected":false},"excerpt":{"rendered":"<p>Biograf\u00eda Khiabett Osuna es abogada de Kriezelman Burton &amp; Asociados, LLC. Antes de la facultad de derecho, Khiabett se gradu\u00f3 de la Universidad Northwestern en 2011, con una licenciatura en Ciencias Pol\u00edticas y Espa\u00f1ol. En mayo de 2019, obtuvo su t\u00edtulo de abogado en la Facultad de Derecho de la Universidad DePaul. Mientras estudiaba derecho, &hellip; <\/p>\n<p class=\"link-more\"><a href=\"https:\/\/krilaw.com\/es\/perfil-abogados\/khiabett-osuna\/\" class=\"more-link\">Seguir leyendo<span class=\"screen-reader-text\"> \u00abKhiabett Osuna\u00bb<\/span><\/a><\/p>\n","protected":false},"author":45,"featured_media":8026,"parent":2748,"menu_order":0,"comment_status":"closed","ping_status":"closed","template":"template-parts\/single-profile-page.php","meta":{"_acf_changed":false,"_oasis_is_in_workflow":0,"_oasis_original":0,"_oasis_task_priority":"","footnotes":""},"class_list":["post-5920","page","type-page","status-publish","has-post-thumbnail","hentry","entry"],"acf":[],"_links":{"self":[{"href":"https:\/\/krilaw.com\/es\/wp-json\/wp\/v2\/pages\/5920","targetHints":{"allow":["GET"]}}],"collection":[{"href":"https:\/\/krilaw.com\/es\/wp-json\/wp\/v2\/pages"}],"about":[{"href":"https:\/\/krilaw.com\/es\/wp-json\/wp\/v2\/types\/page"}],"author":[{"embeddable":true,"href":"https:\/\/krilaw.com\/es\/wp-json\/wp\/v2\/users\/45"}],"replies":[{"embeddable":true,"href":"https:\/\/krilaw.com\/es\/wp-json\/wp\/v2\/comments?post=5920"}],"version-history":[{"count":7,"href":"https:\/\/krilaw.com\/es\/wp-json\/wp\/v2\/pages\/5920\/revisions"}],"predecessor-version":[{"id":9252,"href":"https:\/\/krilaw.com\/es\/wp-json\/wp\/v2\/pages\/5920\/revisions\/9252"}],"up":[{"embeddable":true,"href":"https:\/\/krilaw.com\/es\/wp-json\/wp\/v2\/pages\/2748"}],"wp:featuredmedia":[{"embeddable":true,"href":"https:\/\/krilaw.com\/es\/wp-json\/wp\/v2\/media\/8026"}],"wp:attachment":[{"href":"https:\/\/krilaw.com\/es\/wp-json\/wp\/v2\/media?parent=5920"}],"curies":[{"name":"wp","href":"https:\/\/api.w.org\/{rel}","templated":true}]}}