{"id":6694,"date":"2024-05-07T09:42:02","date_gmt":"2024-05-07T14:42:02","guid":{"rendered":"https:\/\/krilaw.com\/?page_id=6694"},"modified":"2025-09-23T05:35:06","modified_gmt":"2025-09-23T10:35:06","slug":"inmigracion-a-traves-de-la-adopcion","status":"publish","type":"page","link":"https:\/\/krilaw.com\/es\/servicios\/inmigracion-basada-familia\/inmigracion-a-traves-de-la-adopcion\/","title":{"rendered":"Inmigraci\u00f3n a Trav\u00e9s de la Adopci\u00f3n"},"content":{"rendered":"<h1>Abogados de Inmigraci\u00f3n a Trav\u00e9s de la Adopci\u00f3n Internacional en Chicago<\/h1>\n<p>Muchas adopciones se realizan entre pa\u00edses. Los ciudadanos estadounidenses y los titulares de tarjetas de residencia permanente que adoptan en el extranjero deben entender todo sobre el proceso y c\u00f3mo sus hijos pueden inmigrar a este pa\u00eds.<\/p>\n<p>Existen varias opciones para este proceso en particular, por lo que se necesita asesoramiento legal sobre la mejor manera de hacerlo sin problemas. A continuaci\u00f3n, se muestran las tres formas en que los ni\u00f1os pueden inmigrar a este pa\u00eds mediante la adopci\u00f3n. Para obtener informaci\u00f3n sobre su situaci\u00f3n espec\u00edfica, comun\u00edquese con inmigraci\u00f3n a trav\u00e9s de abogados de adopci\u00f3n.<\/p>\n<h2>El Proceso de La Haya<\/h2>\n<p>Este es un tratado internacional que protege los intereses de los ni\u00f1os y sus padres en el proceso de adopci\u00f3n internacional. El ni\u00f1o debe ser de un pa\u00eds que haya firmado el tratado. Actualmente, hay m\u00e1s de 100 pa\u00edses que participan en el Proceso de La Haya. Usted no puede adoptar en el extranjero para aplicar en este proceso hasta que su solicitud haya sido aprobada por USCIS. Por lo tanto, la pronta aprobaci\u00f3n es imprescindible, especialmente cuando se trata de un proceso que tiene muchos pasos. USCIS incluso sugiere que los padres adoptivos busquen a un abogado de inmigraci\u00f3n para ayudar con el proceso.<\/p>\n<h2>Proceso para hu\u00e9rfanos<\/h2>\n<p>Al adoptar un ni\u00f1o de un pa\u00eds que no forma parte del Tratado de La Haya, se debe utilizar un proceso diferente. Entonces, s\u00f3lo podr\u00e1 adoptar a un ni\u00f1o que cumpla con la definici\u00f3n legal de \u201chu\u00e9rfano\u201d. Esto significa que no tiene padres o quienes no pueden cuidar de este. USCIS llevar\u00e1 a cabo su propia investigaci\u00f3n para asegurarse de que el ni\u00f1o sea hu\u00e9rfano. Este podr\u00eda ser un proceso de adopci\u00f3n complicado dadas las numerosas partes del proceso en las que participa USCIS.<\/p>\n<h2>Proceso de petici\u00f3n basado en la familia<\/h2>\n<p>Los titulares de tarjetas de residencia permanente y los ciudadanos estadounidenses podr\u00edan utilizar el proceso de inmigraci\u00f3n basada en la familia para ni\u00f1os que no sean de pa\u00edses dentro del Tratado de La Haya. Esto requerir\u00eda que usted ya haya tenido la custodia legal del ni\u00f1o durante al menos dos a\u00f1os previos al momento en que intenta traerlo a los Estados Unidos. Presentar\u00eda una petici\u00f3n ante USCIS para su aprobaci\u00f3n.<\/p>\n<p>El proceso de adopci\u00f3n internacional tiene sus complejidades y usted necesita estar preparado para adoptar cuando surja la oportunidad. La aprobaci\u00f3n de USCIS es un requisito previo para el proceso y lo mejor es asegurarse de que esta parte de su adopci\u00f3n se desarrolle sin problemas. Por lo tanto, una de las primeras personas con las que necesita hablar como parte de su proceso es un abogado de inmigraci\u00f3n.<\/p>\n<p>Podemos ayudarle a comprender el proceso y lo que puede pasar. Podr\u00edamos brindarle el asesoramiento legal que podr\u00eda ayudarlo a evitar algunos obst\u00e1culos que podr\u00edan retrasar su adopci\u00f3n. El proceso por s\u00ed mismo ya es bastante estresante como para cometer errores o no tener toda la documentaci\u00f3n necesaria que puedan causar m\u00e1s obst\u00e1culos o contratiempos. Un abogado lo ayudar\u00e1 a preparar sus formularios y los revisar\u00e1 para garantizar su exactitud. Tambi\u00e9n lo ayudaremos si el USCIS necesitara informaci\u00f3n adicional.<\/p>\n<h2>Abogados con experiencia en adopci\u00f3n de inmigrantes<\/h2>\n<p>Comun\u00edquese con los abogados de inmigraci\u00f3n con experiencia de Kriezelman Burton &amp; Associates si est\u00e1 interesado en realizar una adopci\u00f3n internacional. Nunca es demasiado temprano para comenzar a recibir asesor\u00eda legal, por eso, su proceso de adopci\u00f3n es el comienzo de un sue\u00f1o para usted y su familia. Ayudamos a familias en Illinois, Indiana, Wisconsin y Michigan.<\/p>\n<h2>Preguntas frecuentes sobre la inmigraci\u00f3n por adopci\u00f3n internacional<\/h2>\n","protected":false},"excerpt":{"rendered":"<p>Abogados de Inmigraci\u00f3n a Trav\u00e9s de la Adopci\u00f3n Internacional en Chicago Muchas adopciones se realizan entre pa\u00edses. Los ciudadanos estadounidenses y los titulares de tarjetas de residencia permanente que adoptan en el extranjero deben entender todo sobre el proceso y c\u00f3mo sus hijos pueden inmigrar a este pa\u00eds. Existen varias opciones para este proceso en &hellip; <\/p>\n<p class=\"link-more\"><a href=\"https:\/\/krilaw.com\/es\/servicios\/inmigracion-basada-familia\/inmigracion-a-traves-de-la-adopcion\/\" class=\"more-link\">Seguir leyendo<span class=\"screen-reader-text\"> \u00abInmigraci\u00f3n a Trav\u00e9s de la Adopci\u00f3n\u00bb<\/span><\/a><\/p>\n","protected":false},"author":50,"featured_media":7558,"parent":2994,"menu_order":8,"comment_status":"closed","ping_status":"closed","template":"","meta":{"_acf_changed":false,"_oasis_is_in_workflow":0,"_oasis_original":0,"_oasis_task_priority":"","footnotes":""},"class_list":["post-6694","page","type-page","status-publish","has-post-thumbnail","hentry","entry"],"acf":[],"_links":{"self":[{"href":"https:\/\/krilaw.com\/es\/wp-json\/wp\/v2\/pages\/6694","targetHints":{"allow":["GET"]}}],"collection":[{"href":"https:\/\/krilaw.com\/es\/wp-json\/wp\/v2\/pages"}],"about":[{"href":"https:\/\/krilaw.com\/es\/wp-json\/wp\/v2\/types\/page"}],"author":[{"embeddable":true,"href":"https:\/\/krilaw.com\/es\/wp-json\/wp\/v2\/users\/50"}],"replies":[{"embeddable":true,"href":"https:\/\/krilaw.com\/es\/wp-json\/wp\/v2\/comments?post=6694"}],"version-history":[{"count":4,"href":"https:\/\/krilaw.com\/es\/wp-json\/wp\/v2\/pages\/6694\/revisions"}],"predecessor-version":[{"id":10533,"href":"https:\/\/krilaw.com\/es\/wp-json\/wp\/v2\/pages\/6694\/revisions\/10533"}],"up":[{"embeddable":true,"href":"https:\/\/krilaw.com\/es\/wp-json\/wp\/v2\/pages\/2994"}],"wp:featuredmedia":[{"embeddable":true,"href":"https:\/\/krilaw.com\/es\/wp-json\/wp\/v2\/media\/7558"}],"wp:attachment":[{"href":"https:\/\/krilaw.com\/es\/wp-json\/wp\/v2\/media?parent=6694"}],"curies":[{"name":"wp","href":"https:\/\/api.w.org\/{rel}","templated":true}]}}