{"id":6696,"date":"2024-05-07T09:45:56","date_gmt":"2024-05-07T14:45:56","guid":{"rendered":"https:\/\/krilaw.com\/?page_id=6696"},"modified":"2025-09-16T14:07:45","modified_gmt":"2025-09-16T19:07:45","slug":"divorcio-e-inmigracion","status":"publish","type":"page","link":"https:\/\/krilaw.com\/es\/servicios\/inmigracion-basada-familia\/divorcio-e-inmigracion\/","title":{"rendered":"Divorcio e Inmigraci\u00f3n"},"content":{"rendered":"<h1><strong>Divorcio e Inmigraci\u00f3n en Chicago<\/strong><\/h1>\n<p>El divorcio por s\u00ed mismo ya es complicado. Pero un divorcio puede ser m\u00e1s complicado a\u00fan cuando el estatus migratorio de uno de los c\u00f3nyuges depende del otro. Pero el divorcio no necesariamente equivale a la deportaci\u00f3n autom\u00e1tica. Sin embargo, s\u00ed significa que debe explorar sus opciones. Consulte a un abogado de inmigraci\u00f3n de Illinois para crear un plan para asegurar su estatus. Esto es especialmente crucial si hay ni\u00f1os involucrados.<\/p>\n<h2>\u00bfC\u00f3mo el divorcio puede afectar su estatus migratorio actual?<\/h2>\n<p>Si bien el divorcio no puede alterar ni revocar el estatus de residencia permanente, afectar\u00e1 los estatus migratorios de los no residentes, incluyendo:<\/p>\n<ul>\n<li>Visa de dependiente: esta visa se otorga a un c\u00f3nyuge que entr\u00f3 a los EE. UU. como parte de su visa de esposo o esposa. Por ejemplo, le otorgaron una visa H-4, que depende del estado de la visa H-1B de su c\u00f3nyuge.<\/li>\n<li>Residencia condicional: se otorga a c\u00f3nyuges inmigrantes que han estado casados con un residente permanente legal o ciudadano estadounidense durante un m\u00ednimo de dos a\u00f1os.<\/li>\n<\/ul>\n<p>A los residentes condicionales se les otorgan tres a\u00f1os para obtener su ciudadan\u00eda estadounidense en lugar de los cinco a\u00f1os est\u00e1ndar. Para obtener este requisito de residencia m\u00e1s breve, los residentes condicionales deben demostrar que estuvieron casados de buena fe con un residente permanente o ciudadano estadounidense durante un m\u00ednimo de tres a\u00f1os. Pero si se divorcian antes del requisito de tres a\u00f1os, tendr\u00e1n que esperar cinco a\u00f1os para volver a solicitar la ciudadan\u00eda mediante este m\u00e9todo.<\/p>\n<p>Si desea obtener el estatus de residencia permanente y su divorcio finaliz\u00f3 cuando todav\u00eda era un residente condicional, deber\u00e1 presentar el Formulario I-751, una Petici\u00f3n para eliminar las condiciones de residencia y una solicitud para renunciar al requisito est\u00e1ndar de haber entregado el Formulario I-751 con su c\u00f3nyuge.<\/p>\n<p>Pero, si tiene una visa de dependiente, el USCIS revocar\u00e1 autom\u00e1ticamente su estatus migratorio una vez que se haya finalizado el proceso de su divorcio. Por otro lado, en situaciones en las que hay abuso intrafamiliar, puede explorar sus opciones con un abogado de inmigraci\u00f3n con experiencia en Illinois, as\u00ed\u00a0 como tambi\u00e9n obtener un permiso de trabajo, para que pueda permanecer en los EE. UU.<\/p>\n<h2>\u00bfC\u00f3mo el divorcio puede afectar una solicitud de residencia permanente?<\/h2>\n<p>Si es residente condicional, debe presentar una petici\u00f3n antes de su admisi\u00f3n al segundo aniversario dentro del pa\u00eds, para obtener el estatus de residente permanente. De lo contrario, cuando se divorcie, autom\u00e1ticamente perder\u00e1 su estatus de inmigrante y podr\u00e1 ser deportado. Por otro lado, si le otorgaron el estatus de residente permanente antes de su divorcio, el divorcio no tendr\u00e1 ning\u00fan efecto en su estatus migratorio.<\/p>\n<p>Para los no ciudadanos que se divorcien, tendr\u00e1n que esperar cinco a\u00f1os para solicitar una tarjeta de residencia permanente, a diferencia del requisito de tres a\u00f1os si estaban casados y est\u00e1n clasificados como residentes condicionales. Una vez que los no ciudadanos califiquen para la solicitud de tarjeta de residencia permanente, el USCIS investigar\u00e1 el historial de inmigraci\u00f3n y deber\u00e1n demostrar que sus matrimonios no fueron fraudulentos. De lo contrario, el USCIS podr\u00eda negarle la ciudadan\u00eda y\/o iniciar un proceso de deportaci\u00f3n.<\/p>\n<h2>Consulte hoy a nuestros abogados de inmigraci\u00f3n en Illinois<\/h2>\n<p>Ponerse en contacto con un abogado de inmigraci\u00f3n con experiencia en Illinois puede ayudarle a navegar su divorcio y el impacto potencial en su estatus migratorio. Nuestros abogados de inmigraci\u00f3n en Illinois aqu\u00ed en Kriezelman Burton &amp; Associates, LLC, pueden ayudarlo a planificar las mejores decisiones posibles que usted y su familia pueden tomar, teniendo en cuenta su estatus migratorio. Ll\u00e1menos o programe su consulta en l\u00ednea hoy.<\/p>\n","protected":false},"excerpt":{"rendered":"<p>Divorcio e Inmigraci\u00f3n en Chicago El divorcio por s\u00ed mismo ya es complicado. Pero un divorcio puede ser m\u00e1s complicado a\u00fan cuando el estatus migratorio de uno de los c\u00f3nyuges depende del otro. Pero el divorcio no necesariamente equivale a la deportaci\u00f3n autom\u00e1tica. Sin embargo, s\u00ed significa que debe explorar sus opciones. Consulte a un &hellip; <\/p>\n<p class=\"link-more\"><a href=\"https:\/\/krilaw.com\/es\/servicios\/inmigracion-basada-familia\/divorcio-e-inmigracion\/\" class=\"more-link\">Seguir leyendo<span class=\"screen-reader-text\"> \u00abDivorcio e Inmigraci\u00f3n\u00bb<\/span><\/a><\/p>\n","protected":false},"author":50,"featured_media":8151,"parent":2994,"menu_order":0,"comment_status":"closed","ping_status":"closed","template":"","meta":{"_acf_changed":false,"_oasis_is_in_workflow":0,"_oasis_original":0,"_oasis_task_priority":"","footnotes":""},"class_list":["post-6696","page","type-page","status-publish","has-post-thumbnail","hentry","entry"],"acf":[],"_links":{"self":[{"href":"https:\/\/krilaw.com\/es\/wp-json\/wp\/v2\/pages\/6696","targetHints":{"allow":["GET"]}}],"collection":[{"href":"https:\/\/krilaw.com\/es\/wp-json\/wp\/v2\/pages"}],"about":[{"href":"https:\/\/krilaw.com\/es\/wp-json\/wp\/v2\/types\/page"}],"author":[{"embeddable":true,"href":"https:\/\/krilaw.com\/es\/wp-json\/wp\/v2\/users\/50"}],"replies":[{"embeddable":true,"href":"https:\/\/krilaw.com\/es\/wp-json\/wp\/v2\/comments?post=6696"}],"version-history":[{"count":1,"href":"https:\/\/krilaw.com\/es\/wp-json\/wp\/v2\/pages\/6696\/revisions"}],"predecessor-version":[{"id":10345,"href":"https:\/\/krilaw.com\/es\/wp-json\/wp\/v2\/pages\/6696\/revisions\/10345"}],"up":[{"embeddable":true,"href":"https:\/\/krilaw.com\/es\/wp-json\/wp\/v2\/pages\/2994"}],"wp:featuredmedia":[{"embeddable":true,"href":"https:\/\/krilaw.com\/es\/wp-json\/wp\/v2\/media\/8151"}],"wp:attachment":[{"href":"https:\/\/krilaw.com\/es\/wp-json\/wp\/v2\/media?parent=6696"}],"curies":[{"name":"wp","href":"https:\/\/api.w.org\/{rel}","templated":true}]}}