{"id":6703,"date":"2024-05-07T09:59:36","date_gmt":"2024-05-07T14:59:36","guid":{"rendered":"https:\/\/krilaw.com\/?page_id=6703"},"modified":"2024-05-07T09:59:36","modified_gmt":"2024-05-07T14:59:36","slug":"litigio-en-tribunales-federales","status":"publish","type":"page","link":"https:\/\/krilaw.com\/es\/servicios\/defensa-corte-federal-remocion-deportacion\/litigio-en-tribunales-federales\/","title":{"rendered":"Litigio en Tribunales Federales"},"content":{"rendered":"<h1>Abogados litigantes de inmigraci\u00f3n del Tribunal Federal de Chicago.<\/h1>\n<p>Los tribunales federales son \u00fatiles para solicitar la revisi\u00f3n de una acci\u00f3n, falta de acci\u00f3n judicial o simple falta de acci\u00f3n del Departamento de Seguridad Nacional. \u00bfLa solicitud o petici\u00f3n que present\u00f3 ante los Servicios de Inmigraci\u00f3n o Ciudadan\u00eda de los EE. UU. ha estado pendiente durante un tiempo excepcionalmente largo? \u00a1Quiz\u00e1s pueda hacer algo al respecto! En algunos casos, puede ser apropiado solicitar a los tribunales federales que ordenen al Servicio de Inmigraci\u00f3n emitir una decisi\u00f3n sobre su caso.<\/p>\n<p>En las solicitudes de naturalizaci\u00f3n, esto generalmente se puede hacer despu\u00e9s de que hayan pasado 120 d\u00edas desde que fue entrevistado para su solicitud.<\/p>\n<p>Para otras solicitudes, el tiempo que se espera antes de presentar un caso var\u00eda. Adem\u00e1s, existen otras consideraciones que pueden afectar si este tipo de demanda ser\u00eda beneficiosa en su caso. Le recomendamos que se comunique con nuestras oficinas para analizar si puede ser apropiado presentar una demanda con respecto a su solicitud o petici\u00f3n.<\/p>\n","protected":false},"excerpt":{"rendered":"<p>Abogados litigantes de inmigraci\u00f3n del Tribunal Federal de Chicago. Los tribunales federales son \u00fatiles para solicitar la revisi\u00f3n de una acci\u00f3n, falta de acci\u00f3n judicial o simple falta de acci\u00f3n del Departamento de Seguridad Nacional. \u00bfLa solicitud o petici\u00f3n que present\u00f3 ante los Servicios de Inmigraci\u00f3n o Ciudadan\u00eda de los EE. UU. ha estado pendiente &hellip; <\/p>\n<p class=\"link-more\"><a href=\"https:\/\/krilaw.com\/es\/servicios\/defensa-corte-federal-remocion-deportacion\/litigio-en-tribunales-federales\/\" class=\"more-link\">Seguir leyendo<span class=\"screen-reader-text\"> \u00abLitigio en Tribunales Federales\u00bb<\/span><\/a><\/p>\n","protected":false},"author":50,"featured_media":8099,"parent":2939,"menu_order":24,"comment_status":"closed","ping_status":"closed","template":"","meta":{"_acf_changed":false,"_oasis_is_in_workflow":0,"_oasis_original":0,"_oasis_task_priority":"","footnotes":""},"class_list":["post-6703","page","type-page","status-publish","has-post-thumbnail","hentry","entry"],"acf":[],"_links":{"self":[{"href":"https:\/\/krilaw.com\/es\/wp-json\/wp\/v2\/pages\/6703","targetHints":{"allow":["GET"]}}],"collection":[{"href":"https:\/\/krilaw.com\/es\/wp-json\/wp\/v2\/pages"}],"about":[{"href":"https:\/\/krilaw.com\/es\/wp-json\/wp\/v2\/types\/page"}],"author":[{"embeddable":true,"href":"https:\/\/krilaw.com\/es\/wp-json\/wp\/v2\/users\/50"}],"replies":[{"embeddable":true,"href":"https:\/\/krilaw.com\/es\/wp-json\/wp\/v2\/comments?post=6703"}],"version-history":[{"count":0,"href":"https:\/\/krilaw.com\/es\/wp-json\/wp\/v2\/pages\/6703\/revisions"}],"up":[{"embeddable":true,"href":"https:\/\/krilaw.com\/es\/wp-json\/wp\/v2\/pages\/2939"}],"wp:featuredmedia":[{"embeddable":true,"href":"https:\/\/krilaw.com\/es\/wp-json\/wp\/v2\/media\/8099"}],"wp:attachment":[{"href":"https:\/\/krilaw.com\/es\/wp-json\/wp\/v2\/media?parent=6703"}],"curies":[{"name":"wp","href":"https:\/\/api.w.org\/{rel}","templated":true}]}}