{"id":6711,"date":"2024-05-07T10:17:40","date_gmt":"2024-05-07T15:17:40","guid":{"rendered":"https:\/\/krilaw.com\/?page_id=6711"},"modified":"2025-09-16T13:52:35","modified_gmt":"2025-09-16T18:52:35","slug":"payment","status":"publish","type":"page","link":"https:\/\/krilaw.com\/es\/payment\/","title":{"rendered":"Opciones de Pago"},"content":{"rendered":"<div class=\"paymentcnt\">\n<h1>\u00bfC\u00d3MO PUEDO HACER UN PAGO?<\/h1>\n<p>Si tiene preguntas sobre c\u00f3mo realizar un pago, no dude en llamar al 312-332-2550.<br \/>\nLe ayudaremos a realizar su pago.<\/p>\n<h2>Seleccione un m\u00e9todo de pago.<\/h2>\n<ul class=\"payment-list\">\n<li class=\"paymnts payonline\"><a href=\"https:\/\/krilaw.com\/es\/opciones-de-pago\/#pay-online\">Paga en l\u00ednea<\/a><\/li>\n<li class=\"paymnts paybyphone\"><a href=\"https:\/\/krilaw.com\/es\/opciones-de-pago\/#pay-by-phone\">Pagar por tel\u00e9fono<\/a><\/li>\n<li class=\"paymnts payviazelle\"><a href=\"https:\/\/krilaw.com\/es\/opciones-de-pago\/#pay-via-zelle\">Pagar a trav\u00e9s de Zelle<\/a><\/li>\n<li class=\"paymnts wiretransfer\"><a href=\"https:\/\/krilaw.com\/es\/opciones-de-pago\/#wire-transfer\">Transferencia bancaria internacional<\/a><\/li>\n<li class=\"paymnts offc-icon\"><a href=\"https:\/\/krilaw.com\/es\/opciones-de-pago\/#at-our-office\">En persona en nuestra oficina<\/a><\/li>\n<li class=\"paymnts check-icon\"><a href=\"https:\/\/krilaw.com\/es\/opciones-de-pago\/#check-money\">Cheque o giro postal<\/a><\/li>\n<\/ul>\n<div class=\"pay-order-list\">\n<div id=\"pay-online\" class=\"pm-row\">\n<h2><a href=\"https:\/\/quickclick.com\/r\/e2abm\" target=\"_blank\" rel=\"noopener noreferrer\">Paga en l\u00ednea<\/a><\/h2>\n<p><a href=\"https:\/\/quickclick.com\/r\/e2abm\" target=\"_blank\" rel=\"noopener\">Haga clic aqu\u00ed para pagar c\u00f3modamente en l\u00ednea mediante tarjeta de cr\u00e9dito o d\u00e9bito.<\/a><\/p>\n<\/div>\n<div id=\"pay-by-phone\" class=\"pm-row\">\n<h2>Pagar por tel\u00e9fono<\/h2>\n<p>Si prefiere pagar por tel\u00e9fono, llame a nuestra oficina al <a href=\"tel:312-332-2550\">312-332-2550<\/a>.<\/p>\n<\/div>\n<div id=\"pay-via-zelle\" class=\"pm-row\">\n<h2>Pagar a trav\u00e9s de Zelle<\/h2>\n<p>Si prefiere pagar con Zelle, env\u00ede su pago a <a href=\"mailto:ecobb@krilaw.com\">ecobb@krilaw.com<\/a>, <a href=\"mailto:jburton@krilaw.com\">jburton@krilaw.com<\/a>, <a href=\"mailto:mkriezel@krilaw.com\">mkriezel@krilaw.com<\/a>, or <a href=\"mailto:lmcclure@krilaw.com\">lmcclure@krilaw.com<\/a>.<\/p>\n<\/div>\n<div id=\"wire-transfer\" class=\"pm-row\">\n<h2>Transferencia bancaria internacional<\/h2>\n<p>Para obtener instrucciones sobre c\u00f3mo pagar mediante una transferencia bancaria internacional, env\u00ede un correo electr\u00f3nico a <a href=\"mailto:lhernandez@krilaw.com\">lhernandez@krilaw.com<\/a>.<\/p>\n<\/div>\n<div id=\"at-our-office\" class=\"pm-row\">\n<h2>En persona en nuestra oficina<\/h2>\n<p>Podemos aceptar pagos en efectivo, cheque, giro postal o tarjetas de cr\u00e9dito en nuestras oficinas.<\/p>\n<\/div>\n<div id=\"check-money\" class=\"pm-row\">\n<h2>Cheque o giro postal<\/h2>\n<p>Env\u00ede su cheque o giro postal a la siguiente direcci\u00f3n:<\/p>\n<p>Kriezelman Burton &amp; Associates<br \/>\n200 West Adams Street, Suite 2211<br \/>\nChicago, IL 60606<\/p>\n<p>Env\u00edelo por correo con atenci\u00f3n para su abogado, incluyendo tambi\u00e9n su nombre en el sobre. No env\u00ede efectivo por correspondencia.<br \/>\nMake checks payable to: Kriezelman Burton &amp; Associates<\/p>\n<\/div>\n<\/div>\n<\/div>\n","protected":false},"excerpt":{"rendered":"<p>\u00bfC\u00d3MO PUEDO HACER UN PAGO? Si tiene preguntas sobre c\u00f3mo realizar un pago, no dude en llamar al 312-332-2550. Le ayudaremos a realizar su pago. Seleccione un m\u00e9todo de pago. Paga en l\u00ednea Pagar por tel\u00e9fono Pagar a trav\u00e9s de Zelle Transferencia bancaria internacional En persona en nuestra oficina Cheque o giro postal Paga en &hellip; <\/p>\n<p class=\"link-more\"><a href=\"https:\/\/krilaw.com\/es\/payment\/\" class=\"more-link\">Seguir leyendo<span class=\"screen-reader-text\"> \u00abOpciones de Pago\u00bb<\/span><\/a><\/p>\n","protected":false},"author":50,"featured_media":8005,"parent":0,"menu_order":0,"comment_status":"closed","ping_status":"closed","template":"","meta":{"_acf_changed":false,"_oasis_is_in_workflow":0,"_oasis_original":0,"_oasis_task_priority":"","footnotes":""},"class_list":["post-6711","page","type-page","status-publish","has-post-thumbnail","hentry","entry"],"acf":[],"_links":{"self":[{"href":"https:\/\/krilaw.com\/es\/wp-json\/wp\/v2\/pages\/6711","targetHints":{"allow":["GET"]}}],"collection":[{"href":"https:\/\/krilaw.com\/es\/wp-json\/wp\/v2\/pages"}],"about":[{"href":"https:\/\/krilaw.com\/es\/wp-json\/wp\/v2\/types\/page"}],"author":[{"embeddable":true,"href":"https:\/\/krilaw.com\/es\/wp-json\/wp\/v2\/users\/50"}],"replies":[{"embeddable":true,"href":"https:\/\/krilaw.com\/es\/wp-json\/wp\/v2\/comments?post=6711"}],"version-history":[{"count":5,"href":"https:\/\/krilaw.com\/es\/wp-json\/wp\/v2\/pages\/6711\/revisions"}],"predecessor-version":[{"id":10343,"href":"https:\/\/krilaw.com\/es\/wp-json\/wp\/v2\/pages\/6711\/revisions\/10343"}],"wp:featuredmedia":[{"embeddable":true,"href":"https:\/\/krilaw.com\/es\/wp-json\/wp\/v2\/media\/8005"}],"wp:attachment":[{"href":"https:\/\/krilaw.com\/es\/wp-json\/wp\/v2\/media?parent=6711"}],"curies":[{"name":"wp","href":"https:\/\/api.w.org\/{rel}","templated":true}]}}