{"id":6718,"date":"2024-05-07T10:29:25","date_gmt":"2024-05-07T15:29:25","guid":{"rendered":"https:\/\/krilaw.com\/?page_id=6718"},"modified":"2024-08-05T08:49:36","modified_gmt":"2024-08-05T13:49:36","slug":"exenciones-para-visas-j-1","status":"publish","type":"page","link":"https:\/\/krilaw.com\/es\/servicios\/inmigracion-basada-familia\/exenciones-para-visas-j-1\/","title":{"rendered":"Exenciones para Visas J-1"},"content":{"rendered":"<h1>Abogados en Chicago para la Exenci\u00f3n J-1 <strong>\u00a0<\/strong><\/h1>\n<p>Las visas J, tambi\u00e9n conocidas como visas de visitante de intercambio, a menudo est\u00e1n sujetas a la condici\u00f3n de que una persona resida fuera de los Estados Unidos durante 2 a\u00f1os despu\u00e9s de la expiraci\u00f3n de su visa. Hay 5 exenciones diferentes disponibles para las personas que desean evitar el requisito de residencia extranjera de 2 a\u00f1os de la visa J.<\/p>\n<h2>Incluyen:<\/h2>\n<ol>\n<li>Posible persecuci\u00f3n si el solicitante regresara a su pa\u00eds de origen.<\/li>\n<li>Dificultades extremas para el c\u00f3nyuge o hijo del ciudadano estadounidense o residente permanente legal del solicitante.<\/li>\n<li>Renuncia de no objeci\u00f3n por parte del pa\u00eds de origen del solicitante.<\/li>\n<li>Solicitud de una Agencia Ejecutiva Federal de EE. UU.<\/li>\n<li>Graduado en medicina internacional que prestar\u00e1 servicios en un \u00e1rea desatendida designada por el gobierno federal.<\/li>\n<\/ol>\n<p>Programe una cita con nuestra oficina para que podamos discutir la mejor exenci\u00f3n en su caso.<\/p>\n","protected":false},"excerpt":{"rendered":"<p>Abogados en Chicago para la Exenci\u00f3n J-1 \u00a0 Las visas J, tambi\u00e9n conocidas como visas de visitante de intercambio, a menudo est\u00e1n sujetas a la condici\u00f3n de que una persona resida fuera de los Estados Unidos durante 2 a\u00f1os despu\u00e9s de la expiraci\u00f3n de su visa. Hay 5 exenciones diferentes disponibles para las personas que &hellip; <\/p>\n<p class=\"link-more\"><a href=\"https:\/\/krilaw.com\/es\/servicios\/inmigracion-basada-familia\/exenciones-para-visas-j-1\/\" class=\"more-link\">Seguir leyendo<span class=\"screen-reader-text\"> \u00abExenciones para Visas J-1\u00bb<\/span><\/a><\/p>\n","protected":false},"author":50,"featured_media":7546,"parent":2994,"menu_order":3,"comment_status":"closed","ping_status":"closed","template":"","meta":{"_acf_changed":false,"_oasis_is_in_workflow":0,"_oasis_original":0,"_oasis_task_priority":"","footnotes":""},"class_list":["post-6718","page","type-page","status-publish","has-post-thumbnail","hentry","entry"],"acf":[],"_links":{"self":[{"href":"https:\/\/krilaw.com\/es\/wp-json\/wp\/v2\/pages\/6718","targetHints":{"allow":["GET"]}}],"collection":[{"href":"https:\/\/krilaw.com\/es\/wp-json\/wp\/v2\/pages"}],"about":[{"href":"https:\/\/krilaw.com\/es\/wp-json\/wp\/v2\/types\/page"}],"author":[{"embeddable":true,"href":"https:\/\/krilaw.com\/es\/wp-json\/wp\/v2\/users\/50"}],"replies":[{"embeddable":true,"href":"https:\/\/krilaw.com\/es\/wp-json\/wp\/v2\/comments?post=6718"}],"version-history":[{"count":1,"href":"https:\/\/krilaw.com\/es\/wp-json\/wp\/v2\/pages\/6718\/revisions"}],"predecessor-version":[{"id":7667,"href":"https:\/\/krilaw.com\/es\/wp-json\/wp\/v2\/pages\/6718\/revisions\/7667"}],"up":[{"embeddable":true,"href":"https:\/\/krilaw.com\/es\/wp-json\/wp\/v2\/pages\/2994"}],"wp:featuredmedia":[{"embeddable":true,"href":"https:\/\/krilaw.com\/es\/wp-json\/wp\/v2\/media\/7546"}],"wp:attachment":[{"href":"https:\/\/krilaw.com\/es\/wp-json\/wp\/v2\/media?parent=6718"}],"curies":[{"name":"wp","href":"https:\/\/api.w.org\/{rel}","templated":true}]}}