{"id":6721,"date":"2024-05-07T10:33:02","date_gmt":"2024-05-07T15:33:02","guid":{"rendered":"https:\/\/krilaw.com\/?page_id=6721"},"modified":"2024-05-07T10:33:02","modified_gmt":"2024-05-07T15:33:02","slug":"consejos-y-preguntas-de-practica-para-la-entrevista-de-residencia-permanente","status":"publish","type":"page","link":"https:\/\/krilaw.com\/es\/servicios\/inmigracion\/consejos-y-preguntas-de-practica-para-la-entrevista-de-residencia-permanente\/","title":{"rendered":"Consejos y Preguntas de Pr\u00e1ctica para la Entrevista de Residencia Permanente"},"content":{"rendered":"<h1>Consejos y Preguntas de Pr\u00e1ctica para la Entrevista de Residencia Permanente<\/h1>\n<p>El \u00faltimo paso para obtener su tarjeta de residencia es la entrevista. Saber qu\u00e9 debe esperar y c\u00f3mo prepararse le ayudar\u00e1 a llegar a la entrevista preparado y confiado.<\/p>\n<h2>Prep\u00e1rese para que le hagan todo tipo de preguntas<\/h2>\n<p>Independientemente del tipo de solicitud para obtener la tarjeta de residencia permanente, ya sea por matrimonio, por familia, por empleo o por asilo, el objetivo de las siguientes preguntas en la entrevista es garantizar que toda la informaci\u00f3n que usted envi\u00f3 sea verdadera y consistente con las respuestas de su entrevista.<\/p>\n<h2>Preguntas acerca de usted<\/h2>\n<ul>\n<li>Informaci\u00f3n personal, incluido su nombre, raza, datos de contacto, educaci\u00f3n, su rutina diaria, amigos, su historia familiar e incluso sus rasgos f\u00edsicos.<\/li>\n<\/ul>\n<h2>Preguntas sobre su relaci\u00f3n con su c\u00f3nyuge<\/h2>\n<ul>\n<li>\u00bfCu\u00e1ndo, d\u00f3nde y c\u00f3mo conoci\u00f3 a su c\u00f3nyuge?<\/li>\n<li>\u00bfCu\u00e1nto tiempo dur\u00f3 el noviazgo antes de casarse?<\/li>\n<li>\u00bfD\u00f3nde tuvo lugar su primera cita?<\/li>\n<li>\u00bfD\u00f3nde se cas\u00f3?<\/li>\n<li>\u00bfC\u00f3mo fue su boda?, incluido \u00bfqui\u00e9n estuvo en su boda? y detalles sobre la recepci\u00f3n, si corresponde<\/li>\n<li>\u00bfA d\u00f3nde fue de luna de miel?<\/li>\n<li>La rutina diaria de usted y su c\u00f3nyuge<\/li>\n<li>Los pasatiempos, el trabajo y los amigos de su c\u00f3nyuge, etc.<\/li>\n<li>Religi\u00f3n que usted y\/su c\u00f3nyuge practican<\/li>\n<li>Los antecedentes familiares de su c\u00f3nyuge<\/li>\n<\/ul>\n<h2>Preguntas sobre sus hijos<\/h2>\n<ul>\n<li>La rutina diaria de tus hijos<\/li>\n<li>Su escuela<\/li>\n<li>Cualquier deporte, pasatiempo o actividad que practiquen o realicen<\/li>\n<li>Sus comidas y lugares favoritos para ir<\/li>\n<\/ul>\n<h2>Preguntas sobre su trabajo y educaci\u00f3n<\/h2>\n<ul>\n<li>Tu historial laboral<\/li>\n<li>Tu ambiente de trabajo, compa\u00f1eros, jefes.<\/li>\n<li>Tu salario<\/li>\n<li>Su historial educativo, incluida la \u00faltima escuela a la que asisti\u00f3 y lo que estudi\u00f3<\/li>\n<\/ul>\n<p>Prep\u00e1rese para preguntas personales, especialmente si su solicitud se basa en el matrimonio. Adem\u00e1s, est\u00e9 preparado para responder preguntas sobre su historial de inmigraci\u00f3n, antecedentes penales, antecedentes militares, antecedentes fiscales, viajes al extranjero y afiliaciones con organizaciones espec\u00edficas, si corresponde.<\/p>\n<h2>Consejos esenciales para su entrevista para la tarjeta verde<\/h2>\n<ul>\n<li>Sea puntual: llegue a su entrevista 30 minutos antes. Siempre es mejor llegar temprano y esperar su turno que llegar tarde a la entrevista. Revise sus documentos mientras espera y trate de calmarse.<\/li>\n<li>V\u00edstase apropiadamente: no es necesario que se vista con ropa formal, pero aseg\u00farese de vestirse profesionalmente. Evite la ropa llamativa, provocativa y demasiado ajustada, as\u00ed como las joyas llamativas. Evite tambi\u00e9n la ropa y los accesorios con s\u00edmbolos o esl\u00f3ganes.<\/li>\n<li>Sea organizado: coloque todos sus documentos en un sobre con divisores para que pueda acceder a ellos f\u00e1cilmente durante la entrevista.<\/li>\n<li>Sea abierto y honesto: responda las preguntas de manera sincera, sucinta y completa, pero evite ofrecer detalles adicionales a menos que se lo soliciten. Si no comprende una pregunta o no est\u00e1 seguro de su respuesta, d\u00edgaselo al entrevistador en lugar de inventar cosas.<\/li>\n<li>Tome su tiempo: no es necesario que responda las preguntas tan r\u00e1pido como pueda. Puede tomarse un tiempo para ordenar sus pensamientos antes de responder las preguntas en lugar de darle al entrevistador respuestas inconsistentes.<\/li>\n<\/ul>\n<h2>Comun\u00edquese con nuestros abogados de inmigraci\u00f3n en Illinois, ahora<\/h2>\n<p>Entendemos lo intimidante que puede ser una entrevista para la tarjeta de residencia permanente, pero con la preparaci\u00f3n adecuada, podr\u00e1 tener \u00e9xito en su entrevista. Si un abogado no lo representa a\u00fan, puede optar por considerar tener sesiones de preparaci\u00f3n para la entrevista con un abogado con experiencia en inmigraci\u00f3n de Illinois.<\/p>\n<p>Nuestros abogados acreditados de inmigraci\u00f3n en Illinois aqu\u00ed en Kriezelman Burton &amp; Associates, LLC, pueden ayudarlo a prepararse revisando su documentaci\u00f3n, solicitud y realizando entrevistas simuladas para que sepa exactamente qu\u00e9 esperar durante su entrevista real para la tarjeta de residencia permanente. Cont\u00e1ctenos en l\u00ednea o programe su cita llamando a nuestro n\u00famero.<strong>\u00a0<\/strong><\/p>\n","protected":false},"excerpt":{"rendered":"<p>Consejos y Preguntas de Pr\u00e1ctica para la Entrevista de Residencia Permanente El \u00faltimo paso para obtener su tarjeta de residencia es la entrevista. Saber qu\u00e9 debe esperar y c\u00f3mo prepararse le ayudar\u00e1 a llegar a la entrevista preparado y confiado. Prep\u00e1rese para que le hagan todo tipo de preguntas Independientemente del tipo de solicitud para &hellip; <\/p>\n<p class=\"link-more\"><a href=\"https:\/\/krilaw.com\/es\/servicios\/inmigracion\/consejos-y-preguntas-de-practica-para-la-entrevista-de-residencia-permanente\/\" class=\"more-link\">Seguir leyendo<span class=\"screen-reader-text\"> \u00abConsejos y Preguntas de Pr\u00e1ctica para la Entrevista de Residencia Permanente\u00bb<\/span><\/a><\/p>\n","protected":false},"author":50,"featured_media":8067,"parent":2985,"menu_order":0,"comment_status":"closed","ping_status":"closed","template":"","meta":{"_acf_changed":false,"_oasis_is_in_workflow":0,"_oasis_original":0,"_oasis_task_priority":"","footnotes":""},"class_list":["post-6721","page","type-page","status-publish","has-post-thumbnail","hentry","entry"],"acf":[],"_links":{"self":[{"href":"https:\/\/krilaw.com\/es\/wp-json\/wp\/v2\/pages\/6721","targetHints":{"allow":["GET"]}}],"collection":[{"href":"https:\/\/krilaw.com\/es\/wp-json\/wp\/v2\/pages"}],"about":[{"href":"https:\/\/krilaw.com\/es\/wp-json\/wp\/v2\/types\/page"}],"author":[{"embeddable":true,"href":"https:\/\/krilaw.com\/es\/wp-json\/wp\/v2\/users\/50"}],"replies":[{"embeddable":true,"href":"https:\/\/krilaw.com\/es\/wp-json\/wp\/v2\/comments?post=6721"}],"version-history":[{"count":0,"href":"https:\/\/krilaw.com\/es\/wp-json\/wp\/v2\/pages\/6721\/revisions"}],"up":[{"embeddable":true,"href":"https:\/\/krilaw.com\/es\/wp-json\/wp\/v2\/pages\/2985"}],"wp:featuredmedia":[{"embeddable":true,"href":"https:\/\/krilaw.com\/es\/wp-json\/wp\/v2\/media\/8067"}],"wp:attachment":[{"href":"https:\/\/krilaw.com\/es\/wp-json\/wp\/v2\/media?parent=6721"}],"curies":[{"name":"wp","href":"https:\/\/api.w.org\/{rel}","templated":true}]}}