{"id":6723,"date":"2024-05-07T10:35:44","date_gmt":"2024-05-07T15:35:44","guid":{"rendered":"https:\/\/krilaw.com\/?page_id=6723"},"modified":"2025-10-29T16:32:07","modified_gmt":"2025-10-29T21:32:07","slug":"peticiones-juveniles","status":"publish","type":"page","link":"https:\/\/krilaw.com\/es\/servicios\/inmigracion-basada-familia\/peticiones-juveniles\/","title":{"rendered":"Peticiones Juveniles"},"content":{"rendered":"<h1>Abogados de Peticiones Juveniles en Chicago<\/h1>\n<p>Cada a\u00f1o, miles de j\u00f3venes inmigrantes no acompa\u00f1ados ingresan a Estados Unidos, ya sea para reunirse con sus familiares o por su cuenta. S\u00f3lo en 2008, inmigraci\u00f3n detuvo a m\u00e1s de 8.000 menores no acompa\u00f1ados.<\/p>\n<p>Debido a que la Oficina de Reasentamiento de Refugiados del Departamento de Salud y Servicios Humanos dirige el manejo para los j\u00f3venes inmigrantes no acompa\u00f1ados, muchas agencias gubernamentales participan en estos casos. Sin embargo, el DHS a\u00fan decide si el ni\u00f1o es elegible para recibir beneficios de inmigraci\u00f3n dentro de los Estados Unidos.<\/p>\n<p>El Congreso cre\u00f3 el Estatus Especial de Inmigrante Juvenil (\u201cSIJS\u201d) para proteger a los ni\u00f1os inmigrantes no acompa\u00f1ados dentro de los Estados Unidos que han sufrido abuso, negligencia o abandono por parte de sus padres. Estos ni\u00f1os frecuentemente han sobrevivido a la trata de personas, trabajos forzados o abusos en los Estados Unidos o sus pa\u00edses de origen.<\/p>\n<p>El ni\u00f1o debe demostrar que regresar a su pa\u00eds de origen no es lo mejor para \u00e9l. Los menores tambi\u00e9n deben estar bajo la jurisdicci\u00f3n de un tribunal de menores en los Estados Unidos. Debido a que el proceso del tribunal juvenil de cada estado es diferente, es fundamental que estos ni\u00f1os tengan acceso a un abogado que pueda representarlos durante todo el proceso.<\/p>\n<p>El estatus de SIJS es una herramienta importante para proteger a los ni\u00f1os inmigrantes en los Estados Unidos. En Kriezelman Burton &amp; Associates, LLC gu\u00edamos a las familias a trav\u00e9s del proceso de inmigraci\u00f3n de menores, para que los ni\u00f1os y sus familias puedan encontrar estabilidad y protecci\u00f3n en este pa\u00eds.<\/p>\n","protected":false},"excerpt":{"rendered":"<p>Abogados de Peticiones Juveniles en Chicago Cada a\u00f1o, miles de j\u00f3venes inmigrantes no acompa\u00f1ados ingresan a Estados Unidos, ya sea para reunirse con sus familiares o por su cuenta. S\u00f3lo en 2008, inmigraci\u00f3n detuvo a m\u00e1s de 8.000 menores no acompa\u00f1ados. Debido a que la Oficina de Reasentamiento de Refugiados del Departamento de Salud y &hellip; <\/p>\n<p class=\"link-more\"><a href=\"https:\/\/krilaw.com\/es\/servicios\/inmigracion-basada-familia\/peticiones-juveniles\/\" class=\"more-link\">Seguir leyendo<span class=\"screen-reader-text\"> \u00abPeticiones Juveniles\u00bb<\/span><\/a><\/p>\n","protected":false},"author":50,"featured_media":7542,"parent":2994,"menu_order":0,"comment_status":"closed","ping_status":"closed","template":"","meta":{"_acf_changed":false,"_oasis_is_in_workflow":0,"_oasis_original":0,"_oasis_task_priority":"","footnotes":""},"class_list":["post-6723","page","type-page","status-publish","has-post-thumbnail","hentry","entry"],"acf":[],"_links":{"self":[{"href":"https:\/\/krilaw.com\/es\/wp-json\/wp\/v2\/pages\/6723","targetHints":{"allow":["GET"]}}],"collection":[{"href":"https:\/\/krilaw.com\/es\/wp-json\/wp\/v2\/pages"}],"about":[{"href":"https:\/\/krilaw.com\/es\/wp-json\/wp\/v2\/types\/page"}],"author":[{"embeddable":true,"href":"https:\/\/krilaw.com\/es\/wp-json\/wp\/v2\/users\/50"}],"replies":[{"embeddable":true,"href":"https:\/\/krilaw.com\/es\/wp-json\/wp\/v2\/comments?post=6723"}],"version-history":[{"count":1,"href":"https:\/\/krilaw.com\/es\/wp-json\/wp\/v2\/pages\/6723\/revisions"}],"predecessor-version":[{"id":7666,"href":"https:\/\/krilaw.com\/es\/wp-json\/wp\/v2\/pages\/6723\/revisions\/7666"}],"up":[{"embeddable":true,"href":"https:\/\/krilaw.com\/es\/wp-json\/wp\/v2\/pages\/2994"}],"wp:featuredmedia":[{"embeddable":true,"href":"https:\/\/krilaw.com\/es\/wp-json\/wp\/v2\/media\/7542"}],"wp:attachment":[{"href":"https:\/\/krilaw.com\/es\/wp-json\/wp\/v2\/media?parent=6723"}],"curies":[{"name":"wp","href":"https:\/\/api.w.org\/{rel}","templated":true}]}}