{"id":6725,"date":"2024-05-07T10:40:24","date_gmt":"2024-05-07T15:40:24","guid":{"rendered":"https:\/\/krilaw.com\/?page_id=6725"},"modified":"2024-08-05T08:52:09","modified_gmt":"2024-08-05T13:52:09","slug":"asesoria-en-inmigracion","status":"publish","type":"page","link":"https:\/\/krilaw.com\/es\/servicios\/inmigracion-basada-familia\/asesoria-en-inmigracion\/","title":{"rendered":"Asesor\u00eda en Inmigraci\u00f3n"},"content":{"rendered":"<h1>Abogados de Asesoramiento en Inmigraci\u00f3n Familiar de Chicago<\/h1>\n<p>Mantener unida a una familia cuando est\u00e1s repartido en varios pa\u00edses es un desaf\u00edo. De manera similar, ayudar a un miembro de la familia a emigrar a los Estados Unidos puede resultar estresante cuando no se est\u00e1 seguro de cu\u00e1l ser\u00e1 el resultado ni el procedimiento. Si necesita disminuir su estr\u00e9s y concentrarse en lograr una inmigraci\u00f3n patrocinada por una familia exitosa, un abogado de asesoramiento en inmigraci\u00f3n confiable de Chicago, IL, puede ayudarlo.<\/p>\n<p>En Kriezelman Burton &amp; Associates, trabajamos agresivamente para mantener unida a su familia. Ll\u00e1menos hoy para programar una consulta y obtener m\u00e1s informaci\u00f3n sobre c\u00f3mo la inmigraci\u00f3n patrocinada por la familia puede ayudar a su caso.<strong>\u00a0<\/strong><\/p>\n<h2>\u00bfQu\u00e9 es la inmigraci\u00f3n patrocinada por la familia?<\/h2>\n<p>La inmigraci\u00f3n patrocinada por la familia permite a los familiares no ciudadanos de ciudadanos estadounidenses y residentes permanentes ingresar al pa\u00eds legalmente.<\/p>\n<p>Como ciudadano estadounidense, usted puede presentar una petici\u00f3n para sus hijos, hijastros, c\u00f3nyuge, padres y hermanos. Como residente permanente legal, usted puede presentar una solicitud para sus hijos menores, su c\u00f3nyuge y sus hijos adultos solteros.<\/p>\n<p>Un abogado de inmigraci\u00f3n en Kriezelman Burton &amp; Associates, lo ayudar\u00e1 a presentar una petici\u00f3n de visa basada en la familia. Si se aprueba su petici\u00f3n, su familiar debe esperar hasta que haya una visa disponible y luego solicitar la residencia permanente legal.<\/p>\n<h2>\u00bfC\u00f3mo puede ayudar Kriezelman Burton &amp; Associates?<\/h2>\n<p>En Kriezelman Burton &amp; Associates, hacemos todo lo posible para traerle a su familiar a casa. Como una firma de abogados de inmigraci\u00f3n muy respetada, tenemos experiencia en todas las \u00e1reas de la ley de inmigraci\u00f3n y lo ayudaremos a trav\u00e9s del proceso de inmigraci\u00f3n basado en la familia.<\/p>\n<p>Adem\u00e1s, llegamos a conocer a su familia a nivel personal y para poder entender las necesidades y situaciones \u00fanicas. Hacemos nuestro mejor esfuerzo para comunicarnos de la mejor manera con usted y comprender a fondo las necesidades de su familia.<\/p>\n<h2>P\u00f3ngase en contacto con nosotros, hoy<\/h2>\n<p>Si est\u00e1 trabajando para lograr la inmigraci\u00f3n alg\u00fan miembro de su familia, Kriezelman Burton &amp; Associates puede ayudar. Ll\u00e1menos al 312-332-2550 o complete nuestro formulario en l\u00ednea para programar una consulta. Cont\u00e1ctenos ahora para obtener m\u00e1s informaci\u00f3n sobre c\u00f3mo un abogado de asesoramiento de inmigraci\u00f3n en Chicago, IL, puede ayudar a su familia.<\/p>\n","protected":false},"excerpt":{"rendered":"<p>Abogados de Asesoramiento en Inmigraci\u00f3n Familiar de Chicago Mantener unida a una familia cuando est\u00e1s repartido en varios pa\u00edses es un desaf\u00edo. De manera similar, ayudar a un miembro de la familia a emigrar a los Estados Unidos puede resultar estresante cuando no se est\u00e1 seguro de cu\u00e1l ser\u00e1 el resultado ni el procedimiento. Si &hellip; <\/p>\n<p class=\"link-more\"><a href=\"https:\/\/krilaw.com\/es\/servicios\/inmigracion-basada-familia\/asesoria-en-inmigracion\/\" class=\"more-link\">Seguir leyendo<span class=\"screen-reader-text\"> \u00abAsesor\u00eda en Inmigraci\u00f3n\u00bb<\/span><\/a><\/p>\n","protected":false},"author":50,"featured_media":7539,"parent":2994,"menu_order":0,"comment_status":"closed","ping_status":"closed","template":"","meta":{"_acf_changed":false,"_oasis_is_in_workflow":0,"_oasis_original":0,"_oasis_task_priority":"","footnotes":""},"class_list":["post-6725","page","type-page","status-publish","has-post-thumbnail","hentry","entry"],"acf":[],"_links":{"self":[{"href":"https:\/\/krilaw.com\/es\/wp-json\/wp\/v2\/pages\/6725","targetHints":{"allow":["GET"]}}],"collection":[{"href":"https:\/\/krilaw.com\/es\/wp-json\/wp\/v2\/pages"}],"about":[{"href":"https:\/\/krilaw.com\/es\/wp-json\/wp\/v2\/types\/page"}],"author":[{"embeddable":true,"href":"https:\/\/krilaw.com\/es\/wp-json\/wp\/v2\/users\/50"}],"replies":[{"embeddable":true,"href":"https:\/\/krilaw.com\/es\/wp-json\/wp\/v2\/comments?post=6725"}],"version-history":[{"count":1,"href":"https:\/\/krilaw.com\/es\/wp-json\/wp\/v2\/pages\/6725\/revisions"}],"predecessor-version":[{"id":7669,"href":"https:\/\/krilaw.com\/es\/wp-json\/wp\/v2\/pages\/6725\/revisions\/7669"}],"up":[{"embeddable":true,"href":"https:\/\/krilaw.com\/es\/wp-json\/wp\/v2\/pages\/2994"}],"wp:featuredmedia":[{"embeddable":true,"href":"https:\/\/krilaw.com\/es\/wp-json\/wp\/v2\/media\/7539"}],"wp:attachment":[{"href":"https:\/\/krilaw.com\/es\/wp-json\/wp\/v2\/media?parent=6725"}],"curies":[{"name":"wp","href":"https:\/\/api.w.org\/{rel}","templated":true}]}}