{"id":6728,"date":"2024-05-07T10:50:10","date_gmt":"2024-05-07T15:50:10","guid":{"rendered":"https:\/\/krilaw.com\/?page_id=6728"},"modified":"2025-09-23T22:55:45","modified_gmt":"2025-09-24T03:55:45","slug":"preguntas-frecuentes-sobre-la-deportacion","status":"publish","type":"page","link":"https:\/\/krilaw.com\/es\/servicios\/defensa-corte-federal-remocion-deportacion\/preguntas-frecuentes-sobre-la-deportacion\/","title":{"rendered":"Preguntas Frecuentes Sobre la Deportaci\u00f3n"},"content":{"rendered":"<h1>Preguntas frecuentes sobre la deportaci\u00f3n<\/h1>\n<p>Enfrentarse a la deportaci\u00f3n es el peor escenario para muchos extranjeros en Estados Unidos. Si ha sido arrestado por un delito o ha recibido un aviso para comparecer ante un tribunal federal de inmigraci\u00f3n, es probable que est\u00e9 preocupado por su futuro y probablemente tenga muchas preguntas. A continuaci\u00f3n se encuentran las preguntas m\u00e1s frecuentes sobre el proceso de deportaci\u00f3n y sus respuestas<strong>.<\/strong><\/p>\n","protected":false},"excerpt":{"rendered":"<p>Preguntas frecuentes sobre la deportaci\u00f3n Enfrentarse a la deportaci\u00f3n es el peor escenario para muchos extranjeros en Estados Unidos. Si ha sido arrestado por un delito o ha recibido un aviso para comparecer ante un tribunal federal de inmigraci\u00f3n, es probable que est\u00e9 preocupado por su futuro y probablemente tenga muchas preguntas. A continuaci\u00f3n se &hellip; <\/p>\n<p class=\"link-more\"><a href=\"https:\/\/krilaw.com\/es\/servicios\/defensa-corte-federal-remocion-deportacion\/preguntas-frecuentes-sobre-la-deportacion\/\" class=\"more-link\">Seguir leyendo<span class=\"screen-reader-text\"> \u00abPreguntas Frecuentes Sobre la Deportaci\u00f3n\u00bb<\/span><\/a><\/p>\n","protected":false},"author":50,"featured_media":8090,"parent":2939,"menu_order":0,"comment_status":"closed","ping_status":"closed","template":"","meta":{"_acf_changed":false,"_oasis_is_in_workflow":0,"_oasis_original":0,"_oasis_task_priority":"","footnotes":""},"class_list":["post-6728","page","type-page","status-publish","has-post-thumbnail","hentry","entry"],"acf":[],"_links":{"self":[{"href":"https:\/\/krilaw.com\/es\/wp-json\/wp\/v2\/pages\/6728","targetHints":{"allow":["GET"]}}],"collection":[{"href":"https:\/\/krilaw.com\/es\/wp-json\/wp\/v2\/pages"}],"about":[{"href":"https:\/\/krilaw.com\/es\/wp-json\/wp\/v2\/types\/page"}],"author":[{"embeddable":true,"href":"https:\/\/krilaw.com\/es\/wp-json\/wp\/v2\/users\/50"}],"replies":[{"embeddable":true,"href":"https:\/\/krilaw.com\/es\/wp-json\/wp\/v2\/comments?post=6728"}],"version-history":[{"count":2,"href":"https:\/\/krilaw.com\/es\/wp-json\/wp\/v2\/pages\/6728\/revisions"}],"predecessor-version":[{"id":10578,"href":"https:\/\/krilaw.com\/es\/wp-json\/wp\/v2\/pages\/6728\/revisions\/10578"}],"up":[{"embeddable":true,"href":"https:\/\/krilaw.com\/es\/wp-json\/wp\/v2\/pages\/2939"}],"wp:featuredmedia":[{"embeddable":true,"href":"https:\/\/krilaw.com\/es\/wp-json\/wp\/v2\/media\/8090"}],"wp:attachment":[{"href":"https:\/\/krilaw.com\/es\/wp-json\/wp\/v2\/media?parent=6728"}],"curies":[{"name":"wp","href":"https:\/\/api.w.org\/{rel}","templated":true}]}}