{"id":6732,"date":"2024-05-07T10:55:49","date_gmt":"2024-05-07T15:55:49","guid":{"rendered":"https:\/\/krilaw.com\/?page_id=6732"},"modified":"2024-08-05T08:55:00","modified_gmt":"2024-08-05T13:55:00","slug":"restablecimiento-humanitario","status":"publish","type":"page","link":"https:\/\/krilaw.com\/es\/servicios\/inmigracion-basada-familia\/restablecimiento-humanitario\/","title":{"rendered":"Restablecimiento Humanitario"},"content":{"rendered":"<h1>Abogados de Restablecimiento Humanitario en Chicago<\/h1>\n<p>Los tiempos de espera para recibir la residencia permanente legal a menudo pueden ser de m\u00e1s de 10 a\u00f1os. Seg\u00fan las leyes de inmigraci\u00f3n, si el peticionario fallece antes de que se alcance la fecha de prioridad del beneficiario, la petici\u00f3n se revoca autom\u00e1ticamente. Sin embargo, a veces una persona puede obtener el restablecimiento humanitario de la antigua petici\u00f3n de visa familiar. Si una persona tiene circunstancias atenuantes, puede apelar ante USCIS o el Departamento de Estado para que se restablezca su petici\u00f3n de visa. Esto a menudo, requiere que tengan ciertos parientes que todav\u00eda tengan estatus migratorio en los Estados Unidos y que puedan sustituirlos como patrocinadores. En estos casos, DOS y USCIS analizan todos los factores humanitarios del caso para determinar si deben conceder la petici\u00f3n de restablecimiento humanitario.<\/p>\n<p>Tambi\u00e9n hay una secci\u00f3n m\u00e1s nueva de la ley, 204(l), que prev\u00e9 el restablecimiento de cualquier tipo de petici\u00f3n del inmigrante cuando los beneficiarios se encuentran dentro de los Estados Unidos y fallece una parte necesaria de la petici\u00f3n. Esta secci\u00f3n puede aplicarse a muchos tipos diferentes de peticiones, incluidas, entre otras, peticiones de visa basadas en familia y empleo. En estos casos, se puede restablecer una petici\u00f3n si el Secretario del DHS determina que la aprobaci\u00f3n no ser\u00eda contraria al inter\u00e9s p\u00fablico y que existe un patrocinador sustituto en la declaraci\u00f3n jurada de apoyo.<\/p>\n","protected":false},"excerpt":{"rendered":"<p>Abogados de Restablecimiento Humanitario en Chicago Los tiempos de espera para recibir la residencia permanente legal a menudo pueden ser de m\u00e1s de 10 a\u00f1os. Seg\u00fan las leyes de inmigraci\u00f3n, si el peticionario fallece antes de que se alcance la fecha de prioridad del beneficiario, la petici\u00f3n se revoca autom\u00e1ticamente. Sin embargo, a veces una &hellip; <\/p>\n<p class=\"link-more\"><a href=\"https:\/\/krilaw.com\/es\/servicios\/inmigracion-basada-familia\/restablecimiento-humanitario\/\" class=\"more-link\">Seguir leyendo<span class=\"screen-reader-text\"> \u00abRestablecimiento Humanitario\u00bb<\/span><\/a><\/p>\n","protected":false},"author":50,"featured_media":7550,"parent":2994,"menu_order":5,"comment_status":"closed","ping_status":"closed","template":"","meta":{"_acf_changed":false,"_oasis_is_in_workflow":0,"_oasis_original":0,"_oasis_task_priority":"","footnotes":""},"class_list":["post-6732","page","type-page","status-publish","has-post-thumbnail","hentry","entry"],"acf":[],"_links":{"self":[{"href":"https:\/\/krilaw.com\/es\/wp-json\/wp\/v2\/pages\/6732","targetHints":{"allow":["GET"]}}],"collection":[{"href":"https:\/\/krilaw.com\/es\/wp-json\/wp\/v2\/pages"}],"about":[{"href":"https:\/\/krilaw.com\/es\/wp-json\/wp\/v2\/types\/page"}],"author":[{"embeddable":true,"href":"https:\/\/krilaw.com\/es\/wp-json\/wp\/v2\/users\/50"}],"replies":[{"embeddable":true,"href":"https:\/\/krilaw.com\/es\/wp-json\/wp\/v2\/comments?post=6732"}],"version-history":[{"count":1,"href":"https:\/\/krilaw.com\/es\/wp-json\/wp\/v2\/pages\/6732\/revisions"}],"predecessor-version":[{"id":7670,"href":"https:\/\/krilaw.com\/es\/wp-json\/wp\/v2\/pages\/6732\/revisions\/7670"}],"up":[{"embeddable":true,"href":"https:\/\/krilaw.com\/es\/wp-json\/wp\/v2\/pages\/2994"}],"wp:featuredmedia":[{"embeddable":true,"href":"https:\/\/krilaw.com\/es\/wp-json\/wp\/v2\/media\/7550"}],"wp:attachment":[{"href":"https:\/\/krilaw.com\/es\/wp-json\/wp\/v2\/media?parent=6732"}],"curies":[{"name":"wp","href":"https:\/\/api.w.org\/{rel}","templated":true}]}}