{"id":6768,"date":"2024-05-30T10:57:50","date_gmt":"2024-05-30T15:57:50","guid":{"rendered":"https:\/\/krilaw.com\/?page_id=6768"},"modified":"2025-03-13T13:34:32","modified_gmt":"2025-03-13T18:34:32","slug":"maya-flores","status":"publish","type":"page","link":"https:\/\/krilaw.com\/es\/perfil-abogados\/maya-flores\/","title":{"rendered":"Maya Flores"},"content":{"rendered":"<h2>Biograf\u00eda<\/h2>\n<p>Maya Flores es abogada de Kriezelman Burton &amp; Associates, LLC. Maya tiene una Licenciatura en Sociolog\u00eda\/Antropolog\u00eda y Psicolog\u00eda de Knox College en Galesburg, Illinois. En mayo de 2021, obtuvo su t\u00edtulo de abogada en la Facultad de Derecho de la Universidad DePaul. Recibi\u00f3 el Premio CALI a la Excelencia para el Futuro en redacci\u00f3n jur\u00eddica.<\/p>\n<p>Mientras estaba en la facultad de derecho, Maya trabaj\u00f3 como estudiante pasante de derecho PILI con el Fondo Educativo y de Defensa Legal Mexicano Americano (\u201cMALDEF\u201d), realiz\u00f3 una pasant\u00eda con Beyond Legal Aid y se desempe\u00f1\u00f3 como pasante judicial en el Tribunal de Distrito de los EE. UU., Distrito Norte de Illinois. . Maya tambi\u00e9n trabaj\u00f3 como asistente de investigaci\u00f3n para el reverendo Craig Mousin y en la Cl\u00ednica Legal de Inmigraci\u00f3n y Asilo de DePaul.<\/p>\n<p>Antes de unirse a Kriezelman Burton &amp; Associates, Maya trabaj\u00f3 en otra firma de inmigraci\u00f3n con sede en Chicago, donde centr\u00f3 principalmente su pr\u00e1ctica en asuntos de inmigraci\u00f3n basados \u200b\u200ben el empleo.<\/p>\n","protected":false},"excerpt":{"rendered":"<p>Biograf\u00eda Maya Flores es abogada de Kriezelman Burton &amp; Associates, LLC. Maya tiene una Licenciatura en Sociolog\u00eda\/Antropolog\u00eda y Psicolog\u00eda de Knox College en Galesburg, Illinois. En mayo de 2021, obtuvo su t\u00edtulo de abogada en la Facultad de Derecho de la Universidad DePaul. Recibi\u00f3 el Premio CALI a la Excelencia para el Futuro en redacci\u00f3n &hellip; <\/p>\n<p class=\"link-more\"><a href=\"https:\/\/krilaw.com\/es\/perfil-abogados\/maya-flores\/\" class=\"more-link\">Seguir leyendo<span class=\"screen-reader-text\"> \u00abMaya Flores\u00bb<\/span><\/a><\/p>\n","protected":false},"author":56,"featured_media":8032,"parent":2748,"menu_order":0,"comment_status":"closed","ping_status":"closed","template":"template-parts\/single-profile-page.php","meta":{"_acf_changed":false,"_oasis_is_in_workflow":0,"_oasis_original":0,"_oasis_task_priority":"","footnotes":""},"class_list":["post-6768","page","type-page","status-publish","has-post-thumbnail","hentry","entry"],"acf":[],"_links":{"self":[{"href":"https:\/\/krilaw.com\/es\/wp-json\/wp\/v2\/pages\/6768","targetHints":{"allow":["GET"]}}],"collection":[{"href":"https:\/\/krilaw.com\/es\/wp-json\/wp\/v2\/pages"}],"about":[{"href":"https:\/\/krilaw.com\/es\/wp-json\/wp\/v2\/types\/page"}],"author":[{"embeddable":true,"href":"https:\/\/krilaw.com\/es\/wp-json\/wp\/v2\/users\/56"}],"replies":[{"embeddable":true,"href":"https:\/\/krilaw.com\/es\/wp-json\/wp\/v2\/comments?post=6768"}],"version-history":[{"count":10,"href":"https:\/\/krilaw.com\/es\/wp-json\/wp\/v2\/pages\/6768\/revisions"}],"predecessor-version":[{"id":9254,"href":"https:\/\/krilaw.com\/es\/wp-json\/wp\/v2\/pages\/6768\/revisions\/9254"}],"up":[{"embeddable":true,"href":"https:\/\/krilaw.com\/es\/wp-json\/wp\/v2\/pages\/2748"}],"wp:featuredmedia":[{"embeddable":true,"href":"https:\/\/krilaw.com\/es\/wp-json\/wp\/v2\/media\/8032"}],"wp:attachment":[{"href":"https:\/\/krilaw.com\/es\/wp-json\/wp\/v2\/media?parent=6768"}],"curies":[{"name":"wp","href":"https:\/\/api.w.org\/{rel}","templated":true}]}}