{"id":8259,"date":"2024-11-12T09:51:16","date_gmt":"2024-11-12T15:51:16","guid":{"rendered":"https:\/\/krilaw.com\/?page_id=8259"},"modified":"2024-11-14T11:05:16","modified_gmt":"2024-11-14T17:05:16","slug":"prawnicy-imigracyjni-z-chicago","status":"publish","type":"page","link":"https:\/\/krilaw.com\/pl\/services\/prawnicy-imigracyjni-z-chicago\/","title":{"rendered":"Przegl\u0105d imigracji"},"content":{"rendered":"<h1>Prawnicy imigracyjni z Chicago<\/h1>\n<p>W Kriezelman Burton &amp; Associates, LLC g\u0142\u0119boko anga\u017cujemy si\u0119 w pomaganie osobom i firmom w kwestiach zwi\u0105zanych z<a href=\"http:\/\/www.uscis.gov\/laws\" target=\"_blank\" rel=\"noopener\"> prawem imigracyjnym<\/a>, Prawo imigracyjne to bardzo skomplikowana dziedzina prawa, kt\u00f3ra nieustannie si\u0119 zmienia, a prawnicy praktykuj\u0105cy w tej dziedzinie musz\u0105 stale by\u0107 na bie\u017c\u0105co z nowymi zmianami, aby zapewni\u0107 skuteczne doradztwo prawne i reprezentacj\u0119 swoich klient\u00f3w.<\/p>\n<p>Wyj\u0105tkowo stresuj\u0105ce dla imigranta s\u0105 zw\u0142aszcza takie pytania jak: gdzie b\u0119dziesz mieszka\u0107, czy b\u0119dziesz m\u00f3g\u0142 przebywa\u0107 razem ze swoj\u0105 rodzin\u0105, czy b\u0119dziesz m\u00f3g\u0142 podj\u0105\u0107 konkretn\u0105 prac\u0119 lub wykorzysta\u0107 okre\u015blon\u0105 okazj\u0119 biznesow\u0105. Dok\u0142adamy wszelkich stara\u0144, aby sprawy naszych klient\u00f3w zosta\u0142y rozwi\u0105zane w mo\u017cliwie najlepszy spos\u00f3b i staramy si\u0119 zapewni\u0107 im spok\u00f3j ducha w trakcie ca\u0142ego procesu.<\/p>\n<h2>Kompleksowe reprezentowanie imigrant\u00f3w w Chicago i na ca\u0142ym \u015bwiecie<\/h2>\n<p>Istnieje wiele proces\u00f3w i kwestii prawnych, kt\u00f3re mog\u0105 pojawi\u0107 si\u0119 w zwi\u0105zku z prawem imigracyjnym. Nasi prawnicy posiadaj\u0105 kwalifikacje do udzielania porad prawnych i reprezentowania os\u00f3b we wszelkich sprawach imigracyjnych. Do spraw, kt\u00f3rymi rutynowo si\u0119 zajmujemy, zaliczaj\u0105 si\u0119:<\/p>\n<ul>\n<li>Obrona przed deportacj\u0105<\/li>\n<li>Podania o wiz\u0119<\/li>\n<li><a href=\"http:\/\/krilaw.com\/services\/immigration-lawyers-chicago-il\/green-cards\/\">Zielone karty<br \/>\n<\/a><\/li>\n<li>Wizy inwestorskie<\/li>\n<li>Wizy handlowe<\/li>\n<li>W zwi\u0105zku z Ustaw\u0105 o przeciwdzia\u0142aniu przemocy wobec kobiet<\/li>\n<li>Odwo\u0142ania imigracyjne<\/li>\n<li>Azyl polityczny<\/li>\n<li><a href=\"http:\/\/krilaw.com\/services\/family-based-representation-counseling\/\">Sponsorowanie przez rodzin\u0119<br \/>\n<\/a><\/li>\n<li>Spe\u0142nienie wymog\u00f3w prawnych przez pracodawc\u0119<\/li>\n<li>Zawieszenie akcji wydalenia z kraju i DACA<\/li>\n<li>Wizy dla ofiar przest\u0119pstw<\/li>\n<\/ul>\n<p>Chocia\u017c nasze biuro znajduje si\u0119 w centrum Chicago, nasi prawnicy regularnie podr\u00f3\u017cuj\u0105 do r\u00f3\u017cnych urz\u0119d\u00f3w imigracyjnych i s\u0105d\u00f3w na terenie ca\u0142ego kraju, aby pomaga\u0107 klientom w r\u00f3\u017cnych sytuacjach.<\/p>\n<h2>Brak pomocy chicagowskiego prawnika imigracyjnego mo\u017ce mie\u0107 powa\u017cne konsekwencje<\/h2>\n<p>Niekorzystne orzeczenie administracyjne lub s\u0105dowe dotycz\u0105ce wniosku lub post\u0119powania imigracyjnego mo\u017ce mie\u0107 znacz\u0105ce konsekwencje. W wielu przypadkach mo\u017ce to skutkowa\u0107 zakazem wjazdu do kraju lub deportacj\u0105 i trwa\u0142ym rozdzieleniem z rodzin\u0105. Dla firm,<a href=\"http:\/\/www.uscis.gov\/tools\/glossary\/employer-sanctions\" target=\"_blank\" rel=\"noopener\"> sankcje na\u0142o\u017cone na pracodawc\u00f3w<\/a> w zwi\u0105zku z b\u0142\u0119dami w procesie sponsorowania mog\u0105 mie\u0107 powa\u017cne konsekwencje finansowe, takie jak wysokie grzywny w procesach cywilnych, a w niekt\u00f3rych przypadkach nawet kary za przest\u0119pstwa z kodeksu karnego. W wielu sprawach imigracyjnych pomoc prawnika mo\u017ce pom\u00f3c unikn\u0105\u0107 tych problem\u00f3w, zanim w og\u00f3le zaistniej\u0105. W przypadku, gdy problemy te ju\u017c si\u0119 pojawi\u0142y, niezwykle wa\u017cne jest, aby zatrudni\u0107 kompetentnego i do\u015bwiadczonego doradc\u0119 prawnego, aby mie\u0107 pewno\u015b\u0107, \u017ce Twoja sprawa zostanie przeprowadzona profesjonalnie i osi\u0105gnie najlepszy mo\u017cliwy rezultat.<\/p>\n<h2>Skontaktuj si\u0119 z Kancelari\u0105 Prawa Imigracyjnego w Chicago ju\u017c dzi\u015b, aby om\u00f3wi\u0107 swoj\u0105 spraw\u0119 z do\u015bwiadczonym prawnikiem imigracyjnym<\/h2>\n<p>Osoby maj\u0105ce problemy zwi\u0105zane z prawem imigracyjnym musz\u0105 cz\u0119sto zawiesi\u0107 swoje codzienne \u017cycie do czasu rozwi\u0105zania sprawy. Ponadto firmy, kt\u00f3re rekrutuj\u0105 talenty z zagranicy lub regularnie zatrudniaj\u0105 obcokrajowc\u00f3w, podlegaj\u0105 r\u00f3\u017cnym federalnym prawom i regulacjom, a nieprzestrzeganie tych zasad cz\u0119sto mo\u017ce skutkowa\u0107 powa\u017cnymi sankcjami. Bior\u0105c pod uwag\u0119, jak wiele jest na szali, wa\u017cne jest, aby ka\u017cdy, kto ma problemy prawne zwi\u0105zane z prawem imigracyjnym Stan\u00f3w Zjednoczonych, jak najszybciej skonsultowa\u0142 si\u0119 z do\u015bwiadczonym prawnikiem. Prawnicy z<a href=\"http:\/\/krilaw.com\/about\/\"> Kriezelman Burton &amp; Associates, LLC<\/a> posiadaj\u0105 umiej\u0119tno\u015bci prawne i do\u015bwiadczenie niezb\u0119dne w doprowadzeniu podj\u0119tej sprawy do mo\u017cliwie najkorzystniejszego zako\u0144czenia. Aby um\u00f3wi\u0107 si\u0119 na konsultacj\u0119 z jednym z naszych chicagowskich prawnik\u00f3w imigracyjnych, zadzwo\u0144 do naszego biura pod numer 312-332-2550. Potencjalni klienci mog\u0105 r\u00f3wnie\u017c wys\u0142a\u0107 nam e-mail za po\u015brednictwem dost\u0119pnego formularza kontaktowego online<a href=\"http:\/\/krilaw.com\/contact\/\"> klikaj\u0105c tutaj<\/a>.<\/p>\n","protected":false},"excerpt":{"rendered":"<p>Prawnicy imigracyjni z Chicago W Kriezelman Burton &amp; Associates, LLC g\u0142\u0119boko anga\u017cujemy si\u0119 w pomaganie osobom i firmom w kwestiach zwi\u0105zanych z prawem imigracyjnym, Prawo imigracyjne to bardzo skomplikowana dziedzina prawa, kt\u00f3ra nieustannie si\u0119 zmienia, a prawnicy praktykuj\u0105cy w tej dziedzinie musz\u0105 stale by\u0107 na bie\u017c\u0105co z nowymi zmianami, aby zapewni\u0107 skuteczne doradztwo prawne i &hellip; <\/p>\n<p class=\"link-more\"><a href=\"https:\/\/krilaw.com\/pl\/services\/prawnicy-imigracyjni-z-chicago\/\" class=\"more-link\">Czytaj dalej<span class=\"screen-reader-text\"> \u201ePrzegl\u0105d imigracji\u201d<\/span><\/a><\/p>\n","protected":false},"author":50,"featured_media":0,"parent":8596,"menu_order":0,"comment_status":"closed","ping_status":"closed","template":"","meta":{"_acf_changed":false,"_oasis_is_in_workflow":0,"_oasis_original":0,"_oasis_task_priority":"","footnotes":""},"class_list":["post-8259","page","type-page","status-publish","hentry","entry"],"acf":[],"_links":{"self":[{"href":"https:\/\/krilaw.com\/pl\/wp-json\/wp\/v2\/pages\/8259","targetHints":{"allow":["GET"]}}],"collection":[{"href":"https:\/\/krilaw.com\/pl\/wp-json\/wp\/v2\/pages"}],"about":[{"href":"https:\/\/krilaw.com\/pl\/wp-json\/wp\/v2\/types\/page"}],"author":[{"embeddable":true,"href":"https:\/\/krilaw.com\/pl\/wp-json\/wp\/v2\/users\/50"}],"replies":[{"embeddable":true,"href":"https:\/\/krilaw.com\/pl\/wp-json\/wp\/v2\/comments?post=8259"}],"version-history":[{"count":6,"href":"https:\/\/krilaw.com\/pl\/wp-json\/wp\/v2\/pages\/8259\/revisions"}],"predecessor-version":[{"id":8562,"href":"https:\/\/krilaw.com\/pl\/wp-json\/wp\/v2\/pages\/8259\/revisions\/8562"}],"up":[{"embeddable":true,"href":"https:\/\/krilaw.com\/pl\/wp-json\/wp\/v2\/pages\/8596"}],"wp:attachment":[{"href":"https:\/\/krilaw.com\/pl\/wp-json\/wp\/v2\/media?parent=8259"}],"curies":[{"name":"wp","href":"https:\/\/api.w.org\/{rel}","templated":true}]}}