{"id":8264,"date":"2024-11-12T09:54:41","date_gmt":"2024-11-12T15:54:41","guid":{"rendered":"https:\/\/krilaw.com\/?page_id=8264"},"modified":"2025-10-29T16:54:31","modified_gmt":"2025-10-29T21:54:31","slug":"prawnicy-w-chicago-zajmujacy-sie-azylem","status":"publish","type":"page","link":"https:\/\/krilaw.com\/pl\/services\/prawnicy-imigracyjni-z-chicago\/prawnicy-w-chicago-zajmujacy-sie-azylem\/","title":{"rendered":"Azyl"},"content":{"rendered":"<h1>Prawnicy w Chicago zajmuj\u0105cy si\u0119 azylem<\/h1>\n<p>Osoby, kt\u00f3re uwa\u017caj\u0105, \u017ce nie mog\u0105 wr\u00f3ci\u0107 do swoich kraj\u00f3w ojczystych, poniewa\u017c by\u0142y prze\u015bladowane lub maj\u0105 uzasadnion\u0105 obaw\u0119, \u017ce w przysz\u0142o\u015bci do\u015bwiadcz\u0105 prze\u015bladowa\u0144 ze wzgl\u0119du na ras\u0119, religi\u0119, narodowo\u015b\u0107, przynale\u017cno\u015b\u0107 do okre\u015blonej grupy spo\u0142ecznej lub przekonania polityczne mog\u0105 kwalifikowa\u0107 si\u0119 do<a href=\"http:\/\/www.uscis.gov\/humanitarian\/refugees-asylum\/asylum\" target=\"_blank\" rel=\"noopener\"> azylu<\/a>, kt\u00f3ry pozwala osobie z innego kraju pozosta\u0107 w Stanach Zjednoczonych. Wiele os\u00f3b myli dwa r\u00f3\u017cne poj\u0119cia, kt\u00f3rymi s\u0105 status uchod\u017acy i azyl. R\u00f3\u017cnica polega na tym \u017ce osoby ubiegaj\u0105ce si\u0119 o azyl musz\u0105 fizycznie przebywa\u0107 w Stanach Zjednoczonych.<\/p>\n<p>Wnioski o azyl rozpatrywane s\u0105 indywidualnie na podstawie ka\u017cdego przypadku z osobna, dlatego wa\u017cne jest, aby osoby ubiegaj\u0105ce si\u0119 o status uchod\u017acy dostarczy\u0142y w\u0142adzom imigracyjnym pe\u0142n\u0105 i dok\u0142adn\u0105 dokumentacj\u0119 oraz informacje dotycz\u0105ce ich sytuacji.<\/p>\n<p>Informacje przedstawione maj\u0105 na celu odpowiedzie\u0107 na niekt\u00f3re z najcz\u0119\u015bciej zadawanych pyta\u0144 dotycz\u0105cych azylu w Stanach Zjednoczonych. Aby uzyska\u0107 wi\u0119cej informacji lub konkretn\u0105 porad\u0119 dotycz\u0105c\u0105 Twojej sytuacji, zadzwo\u0144 do naszego biura aby porozmawia\u0107 z <a href=\"http:\/\/krilaw.com\/services\/immigration\/\">prawnikiem imigracyjnym<\/a> ju\u017c dzisiaj.<\/p>\n<h2>Jak ubiega\u0107 si\u0119 o azyl?<\/h2>\n<p>Aby ubiega\u0107 si\u0119 o azyl, dana osoba musi fizycznie przebywa\u0107 w Stanach Zjednoczonych i z\u0142o\u017cy\u0107 wniosek w ci\u0105gu jednego roku od przybycia, z pewnymi ograniczonymi wyj\u0105tkami. Aby to zrobi\u0107, nale\u017cy z\u0142o\u017cy\u0107 Wniosek o azyl<a href=\"http:\/\/www.uscis.gov\/sites\/default\/files\/files\/form\/i-589.pdf\" target=\"_blank\" rel=\"noopener\"> i wstrzymanie deportacji &#8211; Formularz I-589<\/a>, w odpowiednim urz\u0119dzie imigracyjnym, w przypadku mieszka\u0144c\u00f3w Illinois jest to Centrum Obs\u0142ugi Petenta w Nebrasce (Nebraska Service Center). Formularz wymaga podania znacznej ilo\u015bci informacji na temat przesz\u0142o\u015bci wnioskodawcy, w tym informacji na temat prze\u015bladowa\u0144, kt\u00f3rych do\u015bwiadczy\u0142 lub kt\u00f3rych si\u0119 obawia, historii jego rodziny, historii pracy i przesz\u0142o\u015bci kryminalnej. Wnioskodawcy musz\u0105 poprze\u0107 sw\u00f3j wniosek szczeg\u00f3\u0142owymi zeznaniami dotycz\u0105cymi obaw zwi\u0105zanych z powrotem do kraju ojczystego oraz dostarczy\u0107 jak najwi\u0119cej dokumentacji uzupe\u0142niaj\u0105cej. Wnioskodawcy s\u0105 zobowi\u0105zani do uczestnictwa w rozmowie z przeszkolonym Funkcjonariuszem ds. Azylu dotycz\u0105cej ich wniosku.<\/p>\n<h2>Czy przyznanie azylu pozwala mi legalnie pracowa\u0107 w Stanach Zjednoczonych?<\/h2>\n<p>Tak. Osoby, kt\u00f3rym przyznano azyl, mog\u0105 legalnie pracowa\u0107 w Stanach Zjednoczonych. Wi\u0119kszo\u015b\u0107 azylant\u00f3w powinna tak\u017ce uzyska\u0107 Dokument Zezwolenia na Prac\u0119 (Employment Authorization Document), do cel\u00f3w\u00a0 identyfikacyjnych lub u\u0142atwienia kontaktu z potencjalnymi pracodawcami. Ponadto osoby, kt\u00f3rym nie przyznano jeszcze azylu, mog\u0105 kwalifikowa\u0107 si\u0119 do pozwolenia na prac\u0119, je\u015bli spe\u0142nione s\u0105 nast\u0119puj\u0105ce wymagania:<\/p>\n<ul>\n<li>Up\u0142yn\u0119\u0142o 150 dni od z\u0142o\u017cenia wniosku o azyl, z wy\u0142\u0105czeniem wszelkich dni op\u00f3\u017anie\u0144 kt\u00f3re by\u0142y z winy wnioskodawcy; oraz<\/li>\n<li>Decyzja w sprawie wniosku danej osoby nie zosta\u0142a jeszcze podj\u0119ta.<\/li>\n<\/ul>\n<p>Niestety, szeroki zakres dzia\u0142a\u0144 mo\u017ce zosta\u0107 uznany za win\u0119 wnioskodawcy i mo\u017ce zatrzyma\u0107 naliczanie wymaganego czasu. Dlatego wa\u017cne jest, aby zasi\u0119gn\u0105\u0107 porady wykwalifikowanego prawnika.<\/p>\n<h2>Czy azylanci mog\u0105 otrzyma\u0107 zielon\u0105 kart\u0119?<\/h2>\n<p>Osoby, kt\u00f3rym przyznano azyl, mog\u0105 ubiega\u0107 si\u0119 o<a href=\"http:\/\/krilaw.com\/services\/immigration\/green-cards\/\"> zielon\u0105 kart\u0119<\/a> (kt\u00f3ra przyznaje status sta\u0142ego rezydenta) po up\u0142ywie jednego roku. Ponadto cz\u0142onkowie rodziny, kt\u00f3rzy uzyskali azyl pochodny, r\u00f3wnie\u017c mog\u0105 ubiega\u0107 si\u0119 o zielon\u0105 kart\u0119. Uzyskanie zielonej karty jest istotn\u0105 cz\u0119\u015bci\u0105 drogi do pe\u0142nego obywatelstwa, poniewa\u017c osoby, kt\u00f3re maj\u0105 przynajmniej od pi\u0119ciu lat status sta\u0142ego rezydenta i spe\u0142niaj\u0105 inne warunki, mog\u0105 ubiega\u0107 si\u0119 o naturalizacj\u0119.<\/p>\n<h2>Skontaktuj si\u0119 z Kancelari\u0105 Prawa Azylowego w Chicago ju\u017c dzi\u015b, aby um\u00f3wi\u0107 si\u0119 na konsultacj\u0119<\/h2>\n<p>Osoby ubiegaj\u0105ce si\u0119 o azyl w Stanach Zjednoczonych powinny jak najszybciej skonsultowa\u0107 si\u0119 z do\u015bwiadczonym prawnikiem imigracyjnym. Pomoc adwokata mo\u017ce mie\u0107 bezpo\u015bredni wp\u0142yw na to, czy wniosek o azyl zostanie zaakceptowany i cz\u0119sto mo\u017ce pom\u00f3c unikn\u0105\u0107 zwi\u0105zanych z tym potencjalnych problem\u00f3w. Aby um\u00f3wi\u0107 si\u0119 na konsultacj\u0119 z jednym z naszych<a href=\"http:\/\/krilaw.com\/contact\/\"> chicagowskich prawnik\u00f3w azylowych<\/a>, zadzwo\u0144 ju\u017c dzi\u015b do Kriezelman Burton &amp; Associates, LLC pod numer <a href=\"tel:3123322550\">312-332-2550<\/a>.<\/p>\n<h2>Najcz\u0119\u015bciej zadawane pytania dotycz\u0105ce azylu<\/h2>\n","protected":false},"excerpt":{"rendered":"<p>Prawnicy w Chicago zajmuj\u0105cy si\u0119 azylem Osoby, kt\u00f3re uwa\u017caj\u0105, \u017ce nie mog\u0105 wr\u00f3ci\u0107 do swoich kraj\u00f3w ojczystych, poniewa\u017c by\u0142y prze\u015bladowane lub maj\u0105 uzasadnion\u0105 obaw\u0119, \u017ce w przysz\u0142o\u015bci do\u015bwiadcz\u0105 prze\u015bladowa\u0144 ze wzgl\u0119du na ras\u0119, religi\u0119, narodowo\u015b\u0107, przynale\u017cno\u015b\u0107 do okre\u015blonej grupy spo\u0142ecznej lub przekonania polityczne mog\u0105 kwalifikowa\u0107 si\u0119 do azylu, kt\u00f3ry pozwala osobie z innego kraju pozosta\u0107 &hellip; <\/p>\n<p class=\"link-more\"><a href=\"https:\/\/krilaw.com\/pl\/services\/prawnicy-imigracyjni-z-chicago\/prawnicy-w-chicago-zajmujacy-sie-azylem\/\" class=\"more-link\">Czytaj dalej<span class=\"screen-reader-text\"> \u201eAzyl\u201d<\/span><\/a><\/p>\n","protected":false},"author":50,"featured_media":0,"parent":8259,"menu_order":0,"comment_status":"closed","ping_status":"closed","template":"","meta":{"_acf_changed":false,"_oasis_is_in_workflow":0,"_oasis_original":0,"_oasis_task_priority":"","footnotes":""},"class_list":["post-8264","page","type-page","status-publish","hentry","entry"],"acf":[],"_links":{"self":[{"href":"https:\/\/krilaw.com\/pl\/wp-json\/wp\/v2\/pages\/8264","targetHints":{"allow":["GET"]}}],"collection":[{"href":"https:\/\/krilaw.com\/pl\/wp-json\/wp\/v2\/pages"}],"about":[{"href":"https:\/\/krilaw.com\/pl\/wp-json\/wp\/v2\/types\/page"}],"author":[{"embeddable":true,"href":"https:\/\/krilaw.com\/pl\/wp-json\/wp\/v2\/users\/50"}],"replies":[{"embeddable":true,"href":"https:\/\/krilaw.com\/pl\/wp-json\/wp\/v2\/comments?post=8264"}],"version-history":[{"count":5,"href":"https:\/\/krilaw.com\/pl\/wp-json\/wp\/v2\/pages\/8264\/revisions"}],"predecessor-version":[{"id":10447,"href":"https:\/\/krilaw.com\/pl\/wp-json\/wp\/v2\/pages\/8264\/revisions\/10447"}],"up":[{"embeddable":true,"href":"https:\/\/krilaw.com\/pl\/wp-json\/wp\/v2\/pages\/8259"}],"wp:attachment":[{"href":"https:\/\/krilaw.com\/pl\/wp-json\/wp\/v2\/media?parent=8264"}],"curies":[{"name":"wp","href":"https:\/\/api.w.org\/{rel}","templated":true}]}}