{"id":8267,"date":"2024-11-12T09:58:08","date_gmt":"2024-11-12T15:58:08","guid":{"rendered":"https:\/\/krilaw.com\/?page_id=8267"},"modified":"2025-09-23T02:24:52","modified_gmt":"2025-09-23T07:24:52","slug":"prawnicy-ds-obywatelstwa-w-chicago","status":"publish","type":"page","link":"https:\/\/krilaw.com\/pl\/services\/prawnicy-imigracyjni-z-chicago\/prawnicy-ds-obywatelstwa-w-chicago\/","title":{"rendered":"Obywatelstwo i naturalizacja"},"content":{"rendered":"<h1>Prawnicy ds. obywatelstwa w Chicago<\/h1>\n<p>Je\u015bli wyemigrowa\u0142e\u015b do Stan\u00f3w Zjednoczonych i chcia\u0142by\u015b cieszy\u0107 si\u0119 wszystkimi prawami i korzy\u015bciami przys\u0142uguj\u0105cymi obywatelom USA, zadzwo\u0144 do kancelarii prawnej Kriezelman Burton &amp; Associates, LLC, aby om\u00f3wi\u0107 mo\u017cliwo\u015bci uzyskania obywatelstwa i naturalizacji. Nasz zesp\u00f3\u0142 <a href=\"http:\/\/krilaw.com\/attorney-profiles\/\">\u00a0do\u015bwiadczonych prawnik\u00f3w imigracyjnych<\/a> pom\u00f3g\u0142\u00a0 niezliczonej liczbie os\u00f3b zosta\u0107 obywatelami Stan\u00f3w Zjednoczonych i otrzyma\u0107 prawo do g\u0142osowania, prawo do sponsorowania cz\u0142onk\u00f3w rodziny, prawo do swobodnego podr\u00f3\u017cowania i wiele innych. Je\u015bli chcesz dowiedzie\u0107 si\u0119 wi\u0119cej na temat procesu\u00a0 uzyskania obywatelstwa i naturalizacji, skonsultuj si\u0119 z cz\u0142onkiem naszego zespo\u0142u prawnego ju\u017c dzi\u015b.<\/p>\n<h2>Wymagania zwi\u0105zane z procesem uzyskania obywatelstwa<\/h2>\n<p>Nie ka\u017cdy kwalifikuje si\u0119 do obywatelstwa ameryka\u0144skiego tylko dlatego, \u017ce sk\u0142ada o nie wniosek. Opr\u00f3cz tego, je\u015bli posiadasz obce obywatelstwo, musisz spe\u0142ni\u0107 okre\u015blone wymagania i przej\u015b\u0107 proces zwany naturalizacj\u0105. Niekt\u00f3re z wymog\u00f3w prawnych obejmuj\u0105:<\/p>\n<ul>\n<li>Faktyczn\u0105 obecno\u015b\u0107 w USA;<\/li>\n<li>Ci\u0105g\u0142y, co najmniej pi\u0119cioletni pobyt na terenie USA i przynajmniej trzymiesi\u0119czny pobyt w swoim stanie;<\/li>\n<li>Status sta\u0142ego rezydenta przez pi\u0119\u0107 lat lub d\u0142u\u017cej (cho\u0107 w niekt\u00f3rych przypadkach\u00a0\u00a0\u00a0\u00a0\u00a0\u00a0\u00a0\u00a0\u00a0\u00a0\u00a0 wymagane s\u0105 tylko trzy lata);<\/li>\n<li>Umiej\u0119tno\u015b\u0107 pisania, czytania i m\u00f3wienia po angielsku na poziomie podstawowym;<\/li>\n<li>Rozumienie podstaw ameryka\u0144skiej wiedzy obywatelskiej, w tym historii i struktury rz\u0105du;<\/li>\n<li>Wykazanie wiary w zasady i idea\u0142y Konstytucji USA; oraz<\/li>\n<li>\u00a0Wykazanie dobrego charakteru moralnego.<\/li>\n<\/ul>\n<p>Do\u015bwiadczony prawnik imigracyjny mo\u017ce pom\u00f3c Ci ustali\u0107, czy spe\u0142niasz wymagania niezb\u0119dne do zakwalifikowania si\u0119 do naturalizacji lub czy <a href=\"http:\/\/krilaw.com\/services\/immigration\/waivers-of-inadmissibility\/\">\u00a0kwalifikujesz si\u0119 do zwolnienia<\/a> lub wy\u0142\u0105czenia z niekt\u00f3rych wymaga\u0144 ze wzgl\u0119du na szczeg\u00f3lne okoliczno\u015bci. Okoliczno\u015bci takie mog\u0105 obejmowa\u0107 okre\u015blone schorzenia, wiek wnioskodawcy lub to, czy wnioskodawca jest cz\u0142onkiem si\u0142 zbrojnych lub pozostaje w zwi\u0105zku ma\u0142\u017ce\u0144skim z obywatelem USA. Ponadto cz\u0119\u015b\u0107 os\u00f3b jest w stanie omin\u0105\u0107 proces naturalizacji poprzez wyprowadzenie obywatelstwa od jednego lub obojga rodzic\u00f3w.<\/p>\n<h2>Proces naturalizacji<\/h2>\n<p>Naturalizacja nie nast\u0119puje z dnia na dzie\u0144. Uzyskanie obywatelstwa wymaga podj\u0119cia konkretnych krok\u00f3w, takich jak:<\/p>\n<ul>\n<li>Wype\u0142nienie i z\u0142o\u017cenie<a href=\"http:\/\/www.uscis.gov\/n-400\" target=\"_blank\" rel=\"noopener\"> podania o naturalizacj\u0119<\/a> do<a href=\"http:\/\/www.uscis.gov\/\" target=\"_blank\" rel=\"noopener\"> Urz\u0119du ds. Obywatelstwa i Imigracji Stan\u00f3w Zjednoczonych (USCIS)<\/a>;<\/li>\n<li>Stawienie si\u0119 na um\u00f3wione spotkanie w celu pobrania danych biometrycznych i z\u0142o\u017cenie odcisk\u00f3w palc\u00f3w w celu sprawdzenia ewentualnej przesz\u0142o\u015bci kryminalnej;<\/li>\n<li>Wzi\u0119cie udzia\u0142u w rozmowie kwalifikacyjnej w biurze USCIS dotycz\u0105cej pochodzenia i podanych we wniosku informacji;<\/li>\n<li>Zdanie testu z wiedzy o Stanach Zjednoczonych oraz\u00a0 sprawdzianu umiej\u0119tno\u015bci m\u00f3wienia, czytania i pisania w j\u0119zyku angielskim;<\/li>\n<li>Otrzymanie z USCIS zatwierdzenia Twojego podania ;<\/li>\n<li>Z\u0142o\u017cenie przysi\u0119gi wierno\u015bci Stanom Zjednoczonym; oraz<\/li>\n<li>Zrozumienie co oznacza bycie obywatelem i zwi\u0105zane z tym prawa i obowi\u0105zki.<\/li>\n<\/ul>\n<h2>Pomagamy pokona\u0107 przeszkody w uzyskaniu obywatelstwa<\/h2>\n<p>Chocia\u017c wiele os\u00f3b ubiegaj\u0105cych si\u0119 o naturalizacj\u0119 nie ma kryminalnej przesz\u0142o\u015bci ani problem\u00f3w, kt\u00f3re mog\u0142yby zak\u0142\u00f3ci\u0107 ten proces, niekt\u00f3re z nich pope\u0142ni\u0142y w \u017cyciu b\u0142\u0119dy, kt\u00f3re mog\u0105 utrudni\u0107 uzyskanie obywatelstwa. Do\u015bwiadczony chicagowski prawnik ds. obywatelstwa i naturalizacji mo\u017ce pom\u00f3c w pr\u00f3bie przezwyci\u0119\u017cenia dawnych wyrok\u00f3w karnych, zarzut\u00f3w przemocy domowej lub innych kwestii prawnych, przedstawiaj\u0105c Twoj\u0105 sytuacj\u0119 USCIS w odpowiedni spos\u00f3b.<\/p>\n<h2>Skontaktuj si\u0119 z do\u015bwiadczonym prawnikiem ds. obywatelstwa i naturalizacji w Chicago<\/h2>\n<p>Zostanie obywatelem USA jest niezwykle satysfakcjonuj\u0105ce; jednak proces ten nie zawsze jest \u0142atwy. W chicagowskiej kancelarii adwokackiej<a href=\"http:\/\/krilaw.com\/about\/\"> Kriezelman Burton &amp; Associates, LLC<\/a>, przeprowadzimy Ci\u0119 przez ka\u017cdy etap naturalizacji i do\u0142o\u017cymy wszelkich stara\u0144, aby proces ten przebieg\u0142 dla Ciebie jak najbardziej sprawnie. Je\u015bli chcesz uzyska\u0107 wi\u0119cej informacji o tym, jak mo\u017cemy Ci pom\u00f3c, zadzwo\u0144 do naszego biura pod numer <a href=\"tel:3123322550\">312-332-2550<\/a>.<\/p>\n<h2>Najcz\u0119\u015bciej zadawane pytania dotycz\u0105ce obywatelstwa i naturalizacji<\/h2>\n","protected":false},"excerpt":{"rendered":"<p>Prawnicy ds. obywatelstwa w Chicago Je\u015bli wyemigrowa\u0142e\u015b do Stan\u00f3w Zjednoczonych i chcia\u0142by\u015b cieszy\u0107 si\u0119 wszystkimi prawami i korzy\u015bciami przys\u0142uguj\u0105cymi obywatelom USA, zadzwo\u0144 do kancelarii prawnej Kriezelman Burton &amp; Associates, LLC, aby om\u00f3wi\u0107 mo\u017cliwo\u015bci uzyskania obywatelstwa i naturalizacji. Nasz zesp\u00f3\u0142 \u00a0do\u015bwiadczonych prawnik\u00f3w imigracyjnych pom\u00f3g\u0142\u00a0 niezliczonej liczbie os\u00f3b zosta\u0107 obywatelami Stan\u00f3w Zjednoczonych i otrzyma\u0107 prawo do g\u0142osowania, &hellip; <\/p>\n<p class=\"link-more\"><a href=\"https:\/\/krilaw.com\/pl\/services\/prawnicy-imigracyjni-z-chicago\/prawnicy-ds-obywatelstwa-w-chicago\/\" class=\"more-link\">Czytaj dalej<span class=\"screen-reader-text\"> \u201eObywatelstwo i naturalizacja\u201d<\/span><\/a><\/p>\n","protected":false},"author":50,"featured_media":8268,"parent":8259,"menu_order":0,"comment_status":"closed","ping_status":"closed","template":"","meta":{"_acf_changed":false,"_oasis_is_in_workflow":0,"_oasis_original":0,"_oasis_task_priority":"","footnotes":""},"class_list":["post-8267","page","type-page","status-publish","has-post-thumbnail","hentry","entry"],"acf":[],"_links":{"self":[{"href":"https:\/\/krilaw.com\/pl\/wp-json\/wp\/v2\/pages\/8267","targetHints":{"allow":["GET"]}}],"collection":[{"href":"https:\/\/krilaw.com\/pl\/wp-json\/wp\/v2\/pages"}],"about":[{"href":"https:\/\/krilaw.com\/pl\/wp-json\/wp\/v2\/types\/page"}],"author":[{"embeddable":true,"href":"https:\/\/krilaw.com\/pl\/wp-json\/wp\/v2\/users\/50"}],"replies":[{"embeddable":true,"href":"https:\/\/krilaw.com\/pl\/wp-json\/wp\/v2\/comments?post=8267"}],"version-history":[{"count":5,"href":"https:\/\/krilaw.com\/pl\/wp-json\/wp\/v2\/pages\/8267\/revisions"}],"predecessor-version":[{"id":10450,"href":"https:\/\/krilaw.com\/pl\/wp-json\/wp\/v2\/pages\/8267\/revisions\/10450"}],"up":[{"embeddable":true,"href":"https:\/\/krilaw.com\/pl\/wp-json\/wp\/v2\/pages\/8259"}],"wp:featuredmedia":[{"embeddable":true,"href":"https:\/\/krilaw.com\/pl\/wp-json\/wp\/v2\/media\/8268"}],"wp:attachment":[{"href":"https:\/\/krilaw.com\/pl\/wp-json\/wp\/v2\/media?parent=8267"}],"curies":[{"name":"wp","href":"https:\/\/api.w.org\/{rel}","templated":true}]}}