{"id":8271,"date":"2024-11-12T10:01:12","date_gmt":"2024-11-12T16:01:12","guid":{"rendered":"https:\/\/krilaw.com\/?page_id=8271"},"modified":"2025-09-23T02:35:01","modified_gmt":"2025-09-23T07:35:01","slug":"chicagowscy-prawnicy-ds-procesu-konsularnego-i-zmiany-statusu","status":"publish","type":"page","link":"https:\/\/krilaw.com\/pl\/services\/prawnicy-imigracyjni-z-chicago\/chicagowscy-prawnicy-ds-procesu-konsularnego-i-zmiany-statusu\/","title":{"rendered":"Proces konsularny i zmiany statusu"},"content":{"rendered":"<h1>Chicagowscy prawnicy ds. procesu konsularnego i zmiany statusu<\/h1>\n<p>Uzyskanie<a href=\"http:\/\/www.uscis.gov\/greencard\" target=\"_blank\" rel=\"noopener\"> statusu sta\u0142ego rezydenta <\/a>\u00a0(zielona karta) w Stanach Zjednoczonych mo\u017ce przynie\u015b\u0107 wiele korzystnych zmian dla ubiegaj\u0105cych si\u0119 os\u00f3b. <a href=\"http:\/\/www.uscis.gov\/iframe\/ilink\/docView\/SLB\/HTML\/SLB\/act.html\" target=\"_blank\" rel=\"noopener\">Ustawa o imigracji i obywatelstwie<\/a> (INA) m\u00f3wi o dw\u00f3ch g\u0142\u00f3wnych sposobach uzyskania statusu sta\u0142ego rezydenta \u2013 post\u0119powaniu konsularnym i zmianie statusu.\u00a0 Chocia\u017c obie metody pozwalaj\u0105 osi\u0105gn\u0105\u0107 ten sam rezultat, istniej\u0105 istotne r\u00f3\u017cnice, o kt\u00f3rych potencjalni imigranci powinni wiedzie\u0107. Ponadto zar\u00f3wno post\u0119powanie konsularne, jak i zmiana statusu mog\u0105 by\u0107 niezwykle skomplikowane, dlatego te\u017c wysoce wskazane jest, aby ka\u017cda osoba ubiegaj\u0105ca si\u0119 o status sta\u0142ego rezydenta w ramach kt\u00f3regokolwiek z tych proces\u00f3w jak najszybciej skonsultowa\u0142a si\u0119 z odpowiednim prawnikiem.<\/p>\n<h2>Proces post\u0119powania konsularnego<\/h2>\n<p>Z procesu konsularnego korzystaj\u0105 osoby przebywaj\u0105ce za granic\u0105, kt\u00f3re s\u0105 beneficjentami zatwierdzonej petycji imigracyjnej i posiadaj\u0105 natychmiast dost\u0119pny numer imigracyjny. W celu uzyskania<a href=\"http:\/\/krilaw.com\/services\/immigration\/permanent-residency\/\"> statusu sta\u0142ego rezydenta<\/a>, musz\u0105 one z\u0142o\u017cy\u0107 wniosek za granic\u0105 w konsulacie USA\u00a0 o wiz\u0119 imigracyjn\u0105, aby m\u00f3c zosta\u0107 przyj\u0119tymi do Stan\u00f3w Zjednoczonych w charakterze sta\u0142ego rezydenta. Etapy zwi\u0105zane z procesem konsularnym s\u0105 nast\u0119puj\u0105ce:<\/p>\n<ul>\n<li>Ustalenie, czy masz mo\u017cliwo\u015b\u0107 imigracji<\/li>\n<li>Z\u0142o\u017cenie odpowiedniego podania imigracyjnego<\/li>\n<li>Uzyskanie decyzji w sprawie Twojego podania imigracyjnego<\/li>\n<li>Oczekiwanie na informacj\u0119 z Narodowego Centrum Wizowego o zbli\u017caj\u0105cej si\u0119 dost\u0119pno\u015bci numeru wizy imigracyjnej<\/li>\n<li>Udzia\u0142\u00a0\u00a0 w um\u00f3wionym spotkaniu w urz\u0119dzie konsularnym<\/li>\n<li>Poinformowanie Centrum Wizowego o jakichkolwiek zmianach<\/li>\n<li>Uzyskanie pakietu wizowego w celu przedstawienia go funkcjonariuszowi Urz\u0119du Celnego i Ochrony Granic<\/li>\n<li>Otrzymanie zielonej karty<\/li>\n<\/ul>\n<h2>Zmiana statusu<\/h2>\n<p>Zmiana statusu, z drugiej strony, pozwala osobie przebywaj\u0105cej ju\u017c w Stanach Zjednoczonych na zmian\u0119\u00a0 jej statusu z nieimigracyjnego na status sta\u0142ego imigranta. Aby uzyska\u0107\u00a0 zmian\u0119 statusu, nale\u017cy spe\u0142ni\u0107 wszystkie wymagania co do uzyskania statusu sta\u0142ego rezydenta w danej kategorii. Kroki zwi\u0105zane z uzyskaniem zmiany statusu obejmuj\u0105:<\/p>\n<ul>\n<li>Ustalenie podstaw do imigracji<\/li>\n<li>Z\u0142o\u017cenie odpowiedniej petycji imigracyjnej<\/li>\n<li>Sprawdzenie czy s\u0105 dost\u0119pne wizy w Twojej kategorii<\/li>\n<li>\u00a0Z\u0142o\u017cenie Formularza I-485<\/li>\n<li>Dostarczenie danych biometrycznych w Centrum Obs\u0142ugi Wniosk\u00f3w<\/li>\n<li>Wzi\u0119cie udzia\u0142u w rozmowie kwalifikacyjnej, je\u015bli to jest wymagane<\/li>\n<li>Uzyskanie ostatecznej decyzji drog\u0105 pocztow\u0105<\/li>\n<\/ul>\n<p>Wa\u017cne jest to, \u017ce w przypadku odmowy zmiany statusu w powiadomieniu zostaniesz poinformowany czy przys\u0142uguje Ci prawo do odwo\u0142ania. Je\u015bli tak, to musisz je z\u0142o\u017cy\u0107 w ci\u0105gu 30 dni od daty dor\u0119czenia decyzji, aby mog\u0142o by\u0107 rozpatrzone. W niekt\u00f3rych przypadkach mo\u017cesz z\u0142o\u017cy\u0107 wniosek o ponowne otwarcie lub ponowne rozpatrzenie sprawy. Je\u015bli kt\u00f3rakolwiek z tych mo\u017cliwo\u015bci odwo\u0142ania dotyczy Ciebie, powiniene\u015b natychmiast skontaktowa\u0107 si\u0119 z odpowiednim prawnikiem.<\/p>\n<h2>Niezw\u0142ocznie skontaktuj si\u0119 z chicagowsk\u0105 kancelari\u0105 prawa imigracyjnego<\/h2>\n<p>Niezale\u017cnie od tego, czy ubiegasz si\u0119 o status sta\u0142ego rezydenta na drodze procesu konsularnego, czy poprzez zmian\u0119 statusu, pomoc odpowiedniego prawnika mo\u017ce by\u0107 nieoceniona. W wielu przypadkach zatrudnienie prawnika mo\u017ce przyspieszy\u0107 i usprawni\u0107 proces, a tak\u017ce pom\u00f3c unikn\u0105\u0107 problem\u00f3w, kt\u00f3re mog\u0105 w zwi\u0105zku z tym wyst\u0105pi\u0107. Od ponad 40 lat<a href=\"http:\/\/krilaw.com\/contact\/\"> chicagowscy prawnicy od procesu konsularnego i zmiany statusu\u00a0 kancelarii prawnej<\/a><a href=\"https:\/\/krilaw.com\/pl\/o-firmie\/\"> Kriezelman Burton &amp; Associates, LLC<\/a> skutecznie pomagaj\u0105 ludziom w sprawach zwi\u0105zanych z prawem imigracyjnym Stan\u00f3w Zjednoczonych. Aby um\u00f3wi\u0107 si\u0119 na konsultacj\u0119 z jednym z naszych prawnik\u00f3w, zadzwo\u0144 do naszej kancelarii ju\u017c dzi\u015b pod numer <a href=\"tel:3123322550\">312-332-2550<\/a>.<\/p>\n<h2>Najcz\u0119\u015bciej zadawane pytania dotycz\u0105ce zmiany statusu<\/h2>\n","protected":false},"excerpt":{"rendered":"<p>Chicagowscy prawnicy ds. procesu konsularnego i zmiany statusu Uzyskanie statusu sta\u0142ego rezydenta \u00a0(zielona karta) w Stanach Zjednoczonych mo\u017ce przynie\u015b\u0107 wiele korzystnych zmian dla ubiegaj\u0105cych si\u0119 os\u00f3b. Ustawa o imigracji i obywatelstwie (INA) m\u00f3wi o dw\u00f3ch g\u0142\u00f3wnych sposobach uzyskania statusu sta\u0142ego rezydenta \u2013 post\u0119powaniu konsularnym i zmianie statusu.\u00a0 Chocia\u017c obie metody pozwalaj\u0105 osi\u0105gn\u0105\u0107 ten sam rezultat, &hellip; <\/p>\n<p class=\"link-more\"><a href=\"https:\/\/krilaw.com\/pl\/services\/prawnicy-imigracyjni-z-chicago\/chicagowscy-prawnicy-ds-procesu-konsularnego-i-zmiany-statusu\/\" class=\"more-link\">Czytaj dalej<span class=\"screen-reader-text\"> \u201eProces konsularny i zmiany statusu\u201d<\/span><\/a><\/p>\n","protected":false},"author":50,"featured_media":8272,"parent":8259,"menu_order":0,"comment_status":"closed","ping_status":"closed","template":"","meta":{"_acf_changed":false,"_oasis_is_in_workflow":0,"_oasis_original":0,"_oasis_task_priority":"","footnotes":""},"class_list":["post-8271","page","type-page","status-publish","has-post-thumbnail","hentry","entry"],"acf":[],"_links":{"self":[{"href":"https:\/\/krilaw.com\/pl\/wp-json\/wp\/v2\/pages\/8271","targetHints":{"allow":["GET"]}}],"collection":[{"href":"https:\/\/krilaw.com\/pl\/wp-json\/wp\/v2\/pages"}],"about":[{"href":"https:\/\/krilaw.com\/pl\/wp-json\/wp\/v2\/types\/page"}],"author":[{"embeddable":true,"href":"https:\/\/krilaw.com\/pl\/wp-json\/wp\/v2\/users\/50"}],"replies":[{"embeddable":true,"href":"https:\/\/krilaw.com\/pl\/wp-json\/wp\/v2\/comments?post=8271"}],"version-history":[{"count":5,"href":"https:\/\/krilaw.com\/pl\/wp-json\/wp\/v2\/pages\/8271\/revisions"}],"predecessor-version":[{"id":10456,"href":"https:\/\/krilaw.com\/pl\/wp-json\/wp\/v2\/pages\/8271\/revisions\/10456"}],"up":[{"embeddable":true,"href":"https:\/\/krilaw.com\/pl\/wp-json\/wp\/v2\/pages\/8259"}],"wp:featuredmedia":[{"embeddable":true,"href":"https:\/\/krilaw.com\/pl\/wp-json\/wp\/v2\/media\/8272"}],"wp:attachment":[{"href":"https:\/\/krilaw.com\/pl\/wp-json\/wp\/v2\/media?parent=8271"}],"curies":[{"name":"wp","href":"https:\/\/api.w.org\/{rel}","templated":true}]}}