{"id":8275,"date":"2024-11-12T10:05:23","date_gmt":"2024-11-12T16:05:23","guid":{"rendered":"https:\/\/krilaw.com\/?page_id=8275"},"modified":"2024-11-14T11:12:28","modified_gmt":"2024-11-14T17:12:28","slug":"wskazowki-i-pytania-praktyczne-dotyczace-rozmowy-kwalifikacyjnej-na-zielona-karte","status":"publish","type":"page","link":"https:\/\/krilaw.com\/pl\/services\/prawnicy-imigracyjni-z-chicago\/wskazowki-i-pytania-praktyczne-dotyczace-rozmowy-kwalifikacyjnej-na-zielona-karte\/","title":{"rendered":"Wskaz\u00f3wki i \u0107wiczenia do rozmowy o zielon\u0105 kart\u0119"},"content":{"rendered":"<h1>Wskaz\u00f3wki i pytania praktyczne dotycz\u0105ce rozmowy kwalifikacyjnej na zielon\u0105 kart\u0119<\/h1>\n<p>Ostatnim krokiem do uzyskania zielonej karty jest rozmowa kwalifikacyjna. Wiedza o tym, czego mo\u017cesz si\u0119 spodziewa\u0107 i jak si\u0119\u00a0 mo\u017cesz do niej dobrze przygotowa\u0107, pomo\u017ce Tobie nabra\u0107 pewno\u015bci siebie, co w znacznym stopniu przyczyni si\u0119 do Twojego sukcesu.<\/p>\n<h2>Przygotuj si\u0119 na r\u00f3\u017cnego rodzaju pytania<\/h2>\n<p>Niezale\u017cnie od<a href=\"https:\/\/krilaw.com\/services\/immigration-lawyers-chicago\/paths-to-citizenship\/\"> rodzaju sk\u0142adanego wniosku o zielon\u0105 kart\u0119<\/a> czy chodzi o sponsorowanie przez ma\u0142\u017ce\u0144stwo, rodzin\u0119, zatrudnienie czy azyl, celem poni\u017cszych pyta\u0144 podczas rozmowy kwalifikacyjnej jest upewnienie si\u0119, \u017ce wszystkie przekazane informacje s\u0105 prawdziwe i zgodne z odpowiedziami na rozmowie kwalifikacyjnej:<\/p>\n<h2>Pytania Tw\u00f3j temat<\/h2>\n<ul>\n<li>informacje osobiste takie jak:\u00a0 Twoje imi\u0119 i nazwisko, rasa, dane kontaktowe, wychowanie, Twoja codzienna rutyna , przyjaciele, historia rodziny, a nawet cechy fizyczne<\/li>\n<\/ul>\n<h2>Pytania dotycz\u0105ce Twoich relacji ze ma\u0142\u017conkiem<\/h2>\n<ul>\n<li>Kiedy,\u00a0\u00a0 gdzie i jak pozna\u0142e\u015b swojego ma\u0142\u017conka<\/li>\n<li>Jak d\u0142ugo spotykali\u015bcie si\u0119, zanim wst\u0105pili\u015bcie w zwi\u0105zek ma\u0142\u017ce\u0144ski<\/li>\n<li>Gdzie\u00a0\u00a0\u00a0 odby\u0142a si\u0119 Wasza pierwsza randka<\/li>\n<li>Gdzie i kiedy wzi\u0119li\u015bcie \u015blub<\/li>\n<li>Jak wygl\u0105da\u0142 Wasz \u015blub, kto by\u0142 na waszym weselu i inne szczeg\u00f3\u0142y przyj\u0119cia, kt\u00f3re mog\u0105 okaza\u0107 si\u0119 istotne<\/li>\n<li>Gdzie\u00a0\u00a0\u00a0 pojechali\u015bcie w podr\u00f3\u017c po\u015blubn\u0105<\/li>\n<li>Twoja i Twojego ma\u0142\u017conka codzienna rutyna<\/li>\n<li>\u00a0Hobby, praca, przyjaciele Twojego ma\u0142\u017conka itp.<\/li>\n<li>Religia\u00a0 kt\u00f3r\u0105 Ty i\/lub Tw\u00f3j ma\u0142\u017conek praktykujecie<\/li>\n<li>Historia rodziny Twojego ma\u0142\u017conka<\/li>\n<\/ul>\n<h2>Pytania dotycz\u0105ce Twoich dzieci<\/h2>\n<ul>\n<li>Codzienna rutyna Twoich dzieci<\/li>\n<li>Ich szko\u0142a<\/li>\n<li>Dyscypliny sportowe kt\u00f3re uprawiaj\u0105, hobby lub zaj\u0119cia, w kt\u00f3rych bior\u0105 udzia\u0142<\/li>\n<li>Ich ulubione potrawy i miejsca, kt\u00f3re ch\u0119tnie odwiedzaj\u0105<\/li>\n<\/ul>\n<h2>Pytania dotycz\u0105ce Twojej pracy i wykszta\u0142cenia<\/h2>\n<ul>\n<li>Twoja <a href=\"https:\/\/krilaw.com\/services\/employment-immigration-lawyers-chicago\/immigrant-visas\/\">historia zatrudnienia<\/a><\/li>\n<li>Twoje \u015brodowisko pracy, wsp\u00f3\u0142pracownicy, szefowie<\/li>\n<li>Twoje wynagrodzenie<\/li>\n<li>Historia Twojej edukacji, w tym ostatnia szko\u0142a, do kt\u00f3rej ucz\u0119szcza\u0142e\u015b i czego si\u0119 uczy\u0142e\u015b<\/li>\n<\/ul>\n<p>Przygotuj si\u0119 na pytania osobiste, szczeg\u00f3lnie je\u015bli dotyczy to Twojego <a href=\"https:\/\/krilaw.com\/services\/employment-immigration-lawyers-chicago\/non-immigrant-visas\/spousefiance-visa\/\">\u00a0sponsorowania przez ma\u0142\u017ce\u0144stwo<\/a>. B\u0105d\u017a tak\u017ce gotowy odpowiedzie\u0107 na pytania dotycz\u0105ce Twojej historii imigracyjnej, kryminalnej, wojskowej, podatkowej, podr\u00f3\u017cy zagranicznych i powi\u0105za\u0144 z okre\u015blonymi organizacjami, je\u015bli to b\u0119dzie mia\u0142o zastosowanie.<\/p>\n<h2>Najwa\u017cniejsze wskaz\u00f3wki dotycz\u0105ce rozmowy kwalifikacyjnej na zielon\u0105 kart\u0119<\/h2>\n<ul>\n<li>B\u0105d\u017a punktualny &#8211; Przyb\u0105d\u017a na rozmow\u0119 30 minut wcze\u015bniej. O wiele lepiej\u00a0 by\u0107 wcze\u015bniej i poczeka\u0107 na swoj\u0105 kolej, ni\u017c sp\u00f3\u017ani\u0107 si\u0119 na rozmow\u0119. Oczekuj\u0105c na swoj\u0105 kolej przegl\u0105dnij swoje dokumenty i np. wolno, g\u0142\u0119boko oddychaj aby si\u0119 uspokoi\u0107.<\/li>\n<li><strong>Ubierz si\u0119 odpowiednio\u00a0 \u2013<\/strong> Nie musi to by\u0107 str\u00f3j formalny, ale czysty i schludny. Unikaj krzykliwych, prowokacyjnych i zbyt obcis\u0142ych ubra\u0144 oraz ostentacyjnej bi\u017cuterii. Unikaj odzie\u017cy i akcesori\u00f3w z symbolami lub sloganami.<\/li>\n<li><strong>B\u0105d\u017a dobrze zorganizowany \u2013<\/strong> Umie\u015b\u0107 wszystkie swoje dokumenty w teczce z przek\u0142adkami, aby\u015b m\u00f3g\u0142 \u0142atwo do nich si\u0119gn\u0105\u0107 podczas rozmowy.<\/li>\n<li><strong>\u00a0B\u0105d\u017a otwarty i szczery \u2013<\/strong> Odpowiadaj na zadawane pytania zgodnie z prawd\u0105, zwi\u0119\u017ale i wyczerpuj\u0105co, ale unikaj podawania dodatkowych szczeg\u00f3\u0142\u00f3w, chyba \u017ce zostaniesz o to poproszony. Je\u015bli nie rozumiesz pytania lub nie jeste\u015b pewien swojej odpowiedzi, powiedz o tym osobie prowadz\u0105cej rozmow\u0119, zamiast wymy\u015bla\u0107 odpowiedzi.<\/li>\n<li><strong>Nie spiesz si\u0119 &#8211;<\/strong> Nie musisz odpowiada\u0107 na pytania jak najszybciej potrafisz. Mo\u017cesz po\u015bwi\u0119ci\u0107 troch\u0119 czasu na zebranie my\u015bli przed udzieleniem odpowiedzi, zamiast dawa\u0107 prowadz\u0105cemu rozmow\u0119 niesp\u00f3jne odpowiedzi.<\/li>\n<\/ul>\n<h2>Mo\u017cesz ju\u017c teraz skontaktowa\u0107 si\u0119 z prawnikami imigracyjnymi w Illinois<\/h2>\n<p>Rozumiemy, jak onie\u015bmielaj\u0105ca mo\u017ce by\u0107 rozmowa kwalifikacyjna na zielon\u0105 kart\u0119, ale przy odpowiednim przygotowaniu mo\u017cesz j\u0105 przej\u015b\u0107 pomy\u015blnie. Je\u015bli nie reprezentuje Ci\u0119 prawnik, mo\u017cesz rozwa\u017cy\u0107 sesje przygotowawcze do rozmowy z do\u015bwiadczonym prawnikiem imigracyjnym z Illinois.<\/p>\n<p>Nasi renomowani prawnicy imigracyjni w Illinois, pracuj\u0105cy w kancelarii Kriezelman Burton &amp; Associates, LLC, mog\u0105 pom\u00f3c Ci w przygotowaniach, przegl\u0105daj\u0105c Twoj\u0105 dokumentacj\u0119 i wniosek oraz przeprowadzaj\u0105c pr\u00f3bne rozmowy, aby\u015b dok\u0142adnie wiedzia\u0142, czego si\u0119 spodziewa\u0107 podczas w\u0142a\u015bciwej rozmowy kwalifikacyjnej na zielon\u0105 kart\u0119. Skontaktuj si\u0119 z nami<a href=\"https:\/\/krilaw.com\/contact\/\"> online<\/a> lub um\u00f3w si\u0119 na spotkanie, dzwoni\u0105c pod nasz numer telefonu.<\/p>\n","protected":false},"excerpt":{"rendered":"<p>Wskaz\u00f3wki i pytania praktyczne dotycz\u0105ce rozmowy kwalifikacyjnej na zielon\u0105 kart\u0119 Ostatnim krokiem do uzyskania zielonej karty jest rozmowa kwalifikacyjna. Wiedza o tym, czego mo\u017cesz si\u0119 spodziewa\u0107 i jak si\u0119\u00a0 mo\u017cesz do niej dobrze przygotowa\u0107, pomo\u017ce Tobie nabra\u0107 pewno\u015bci siebie, co w znacznym stopniu przyczyni si\u0119 do Twojego sukcesu. Przygotuj si\u0119 na r\u00f3\u017cnego rodzaju pytania Niezale\u017cnie &hellip; <\/p>\n<p class=\"link-more\"><a href=\"https:\/\/krilaw.com\/pl\/services\/prawnicy-imigracyjni-z-chicago\/wskazowki-i-pytania-praktyczne-dotyczace-rozmowy-kwalifikacyjnej-na-zielona-karte\/\" class=\"more-link\">Czytaj dalej<span class=\"screen-reader-text\"> \u201eWskaz\u00f3wki i \u0107wiczenia do rozmowy o zielon\u0105 kart\u0119\u201d<\/span><\/a><\/p>\n","protected":false},"author":50,"featured_media":8277,"parent":8259,"menu_order":0,"comment_status":"closed","ping_status":"closed","template":"","meta":{"_acf_changed":false,"_oasis_is_in_workflow":0,"_oasis_original":0,"_oasis_task_priority":"","footnotes":""},"class_list":["post-8275","page","type-page","status-publish","has-post-thumbnail","hentry","entry"],"acf":[],"_links":{"self":[{"href":"https:\/\/krilaw.com\/pl\/wp-json\/wp\/v2\/pages\/8275","targetHints":{"allow":["GET"]}}],"collection":[{"href":"https:\/\/krilaw.com\/pl\/wp-json\/wp\/v2\/pages"}],"about":[{"href":"https:\/\/krilaw.com\/pl\/wp-json\/wp\/v2\/types\/page"}],"author":[{"embeddable":true,"href":"https:\/\/krilaw.com\/pl\/wp-json\/wp\/v2\/users\/50"}],"replies":[{"embeddable":true,"href":"https:\/\/krilaw.com\/pl\/wp-json\/wp\/v2\/comments?post=8275"}],"version-history":[{"count":2,"href":"https:\/\/krilaw.com\/pl\/wp-json\/wp\/v2\/pages\/8275\/revisions"}],"predecessor-version":[{"id":8576,"href":"https:\/\/krilaw.com\/pl\/wp-json\/wp\/v2\/pages\/8275\/revisions\/8576"}],"up":[{"embeddable":true,"href":"https:\/\/krilaw.com\/pl\/wp-json\/wp\/v2\/pages\/8259"}],"wp:featuredmedia":[{"embeddable":true,"href":"https:\/\/krilaw.com\/pl\/wp-json\/wp\/v2\/media\/8277"}],"wp:attachment":[{"href":"https:\/\/krilaw.com\/pl\/wp-json\/wp\/v2\/media?parent=8275"}],"curies":[{"name":"wp","href":"https:\/\/api.w.org\/{rel}","templated":true}]}}