{"id":8279,"date":"2024-11-12T10:07:58","date_gmt":"2024-11-12T16:07:58","guid":{"rendered":"https:\/\/krilaw.com\/?page_id=8279"},"modified":"2025-09-23T02:50:00","modified_gmt":"2025-09-23T07:50:00","slug":"prawnicy-w-chicago-zajmujacy-sie-procesem-ubiegania-sie-o-zielona-karte","status":"publish","type":"page","link":"https:\/\/krilaw.com\/pl\/services\/prawnicy-imigracyjni-z-chicago\/prawnicy-w-chicago-zajmujacy-sie-procesem-ubiegania-sie-o-zielona-karte\/","title":{"rendered":"Karty sta\u0142ego pobytu"},"content":{"rendered":"<h1>Prawnicy w Chicago zajmuj\u0105cy si\u0119 procesem ubiegania si\u0119 o zielon\u0105 kart\u0119<\/h1>\n<p>Proces uzyskiwania<a href=\"http:\/\/krilaw.com\/services\/immigration\/permanent-residency\/\"> statusu sta\u0142ego rezydenta<\/a> czyli \u201ezielonej karty\u201d mo\u017ce by\u0107 niezwykle skomplikowany, szczeg\u00f3lnie dla os\u00f3b nieznaj\u0105cych prawa imigracyjnego USA. Nawet najprostsze zasady okre\u015blaj\u0105ce, czy dana osoba kwalifikuje si\u0119 do otrzymania zielonej karty, zawieraj\u0105 istotne wyj\u0105tki, kt\u00f3re mog\u0105, ale nie musz\u0105, mie\u0107 zastosowania w Twoim przypadku. Ponadto dokumentacja, kt\u00f3r\u0105 osoba ubiegaj\u0105ca si\u0119 o zielon\u0105 kart\u0119 musi przedstawi\u0107, aby pomy\u015blnie uzyska\u0107 zezwolenie na pobyt sta\u0142y, mo\u017ce by\u0107 niezwykle skomplikowana, a b\u0142\u0119dy lub pomini\u0119cia mog\u0105 \u0142atwo spowodowa\u0107 znaczne op\u00f3\u017anienia lub nawet odrzucenie wniosku. Z tego powodu wysoce wskazane jest, aby ka\u017cdy, kto stara si\u0119 o zielon\u0105 kart\u0119, zrobi\u0142 to z pomoc\u0105 do\u015bwiadczonego <a href=\"http:\/\/krilaw.com\/services\/immigration\/\">prawnika imigracyjnego<\/a>.<\/p>\n<p>Aby otrzyma\u0107 zielon\u0105 kart\u0119, nale\u017cy mie\u0107 uznan\u0105 podstaw\u0119 do ubiegania si\u0119 o ni\u0105. Poni\u017cej om\u00f3wiono niekt\u00f3re z bardziej powszechnych sposob\u00f3w uzyskania zielonej karty.<\/p>\n<h2>Zielona karta na podstawie sponsorowania przez rodzin\u0119<\/h2>\n<p>Osoby spokrewnione z obywatelami Stan\u00f3w Zjednoczonych mog\u0105 kwalifikowa\u0107 si\u0119 do sta\u0142ego pobytu w zale\u017cno\u015bci od stopnia pokrewie\u0144stwa. Wed\u0142ug<a href=\"http:\/\/www.uscis.gov\/laws\/immigration-and-nationality-act\" target=\"_blank\" rel=\"noopener\"> Ustawy o Imigracji i Obywatelstwie <\/a>\u00a0zielone karty mog\u0105 otrzyma\u0107 osoby maj\u0105ce nast\u0119puj\u0105ce powi\u0105zania z obywatelami USA:<\/p>\n<ul>\n<li>Najbli\u017csi krewni, w tym ma\u0142\u017conkowie, dzieci poni\u017cej 21 roku \u017cycia stanu wolnego oraz rodzice obywateli USA, kt\u00f3rzy uko\u0144czyli 21 lat;<\/li>\n<li>Cz\u0142onkowie rodziny nale\u017c\u0105cy do kategorii preferencyjnej, w tym c\u00f3rki lub synowie powy\u017cej\u00a0 21-szego roku \u017cycia stanu wolnego, dzieci zam\u0119\u017cne w dowolnym wieku oraz rodze\u0144stwo obywateli USA, kt\u00f3rzy uko\u0144czyli 21 lat;<\/li>\n<li>Niekt\u00f3rzy cz\u0142onkowie rodziny posiadaczy zielonej karty; oraz<\/li>\n<li>Osoby zaliczone do specjalnej kategorii, w tym osoby, kt\u00f3re do\u015bwiadczy\u0142y przemocy domowej lub osoby urodzone przez zagranicznych dyplomat\u00f3w w Stanach Zjednoczonych.<\/li>\n<\/ul>\n<h2>Zielone karty na podstawie zatrudnienia<\/h2>\n<p>Osoby ubiegaj\u0105ce si\u0119 o status sta\u0142ego rezydenta cz\u0119sto mog\u0105 go uzyska\u0107 poprzez otrzymanie oferty pracy, inwestycj\u0119 w przedsi\u0119wzi\u0119cie tworz\u0105ce miejsca pracy w Stanach Zjednoczonych, wykazanie nadzwyczajnych zdolno\u015bci, uzyskanie<a href=\"http:\/\/www.uscis.gov\/eir\/visa-guide\/eb-2-employment-based-second-preference\/national-interest-waiver\" target=\"_blank\" rel=\"noopener\"> Ust\u0119pstwa ze wzgl\u0119du na interes narodowy<\/a> lub wykonuj\u0105c prac\u0119 nale\u017c\u0105c\u0105 do specjalnej kategorii, takiej jak t\u0142umacz iracki, sprawozdawca radiowy, pracownik Kana\u0142u Panamskiego lub pracownik religijny.<\/p>\n<h2>Zielone karty na podstawie azylu lub statusu uchod\u017acy<\/h2>\n<p>Uchod\u017acy i azylanci, kt\u00f3rzy przybyli do Stan\u00f3w Zjednoczonych, zasadniczo kwalifikuj\u0105 si\u0119 do statusu sta\u0142ego rezydenta po roku pobytu w Stanach Zjednoczonych w przypadku uchod\u017ac\u00f3w i po roku od przyznania azylu w przypadku azylant\u00f3w. Trzeba zwr\u00f3ci\u0107 uwag\u0119 na fakt, \u017ce cho\u0107 od azylant\u00f3w nie ma wymogu ubiegania si\u0119 o status sta\u0142ego rezydenta po roku, to uchod\u017ac\u00f3w obejmuje ten wym\u00f3g.<\/p>\n<p>Poza tym istnieje wiele kwestii, kt\u00f3re mog\u0105 potencjalnie skutkowa\u0107 odrzuceniem wniosku o pobyt sta\u0142y. Mog\u0105 to by\u0107 drobne wyroki skazuj\u0105ce, przed\u0142u\u017cenie pobytu ponad okres przys\u0142uguj\u0105cy poprzedniej wizie, powa\u017cne problemy zdrowotne lub utrata pracy. Wszystkie one mog\u0105 skutkowa\u0107 uznaniem danej osoby przez urz\u0119dnik\u00f3w imigracyjnych za niekwalifikuj\u0105c\u0105 si\u0119, ale\u00a0 mo\u017ce to by\u0107 rozwi\u0105zane na drodze post\u0119powania prawnego.<\/p>\n<h2>Ju\u017c dzi\u015b skontaktuj si\u0119 z chicagowskim adwokatem ds. zielonej karty, aby om\u00f3wi\u0107 Twoj\u0105 spraw\u0119<\/h2>\n<p>Osoby ubiegaj\u0105ce si\u0119 o status sta\u0142ego rezydenta powinny zawsze skonsultowa\u0107 si\u0119 z adwokatem na temat swojej sytuacji. Nawet w najprostszych i mniej skomplikowanych okoliczno\u015bciach pomoc <a href=\"http:\/\/krilaw.com\/contact\/\">chicagowskiego prawnika imigracyjnego<\/a> mo\u017ce znacznie u\u0142atwi\u0107\u00a0 proces uzyskania zielonej karty. Aby um\u00f3wi\u0107 si\u0119 na konsultacj\u0119 z jednym z naszych prawnik\u00f3w, zadzwo\u0144 ju\u017c dzi\u015b do Kriezelman Burton &amp; Associates, LLC pod numer <a href=\"tel:3123322550\">312-332-2550<\/a>.<\/p>\n<h2>Cz\u0119sto zadawane pytania dotycz\u0105ce zielonych kart<\/h2>\n","protected":false},"excerpt":{"rendered":"<p>Prawnicy w Chicago zajmuj\u0105cy si\u0119 procesem ubiegania si\u0119 o zielon\u0105 kart\u0119 Proces uzyskiwania statusu sta\u0142ego rezydenta czyli \u201ezielonej karty\u201d mo\u017ce by\u0107 niezwykle skomplikowany, szczeg\u00f3lnie dla os\u00f3b nieznaj\u0105cych prawa imigracyjnego USA. Nawet najprostsze zasady okre\u015blaj\u0105ce, czy dana osoba kwalifikuje si\u0119 do otrzymania zielonej karty, zawieraj\u0105 istotne wyj\u0105tki, kt\u00f3re mog\u0105, ale nie musz\u0105, mie\u0107 zastosowania w Twoim &hellip; <\/p>\n<p class=\"link-more\"><a href=\"https:\/\/krilaw.com\/pl\/services\/prawnicy-imigracyjni-z-chicago\/prawnicy-w-chicago-zajmujacy-sie-procesem-ubiegania-sie-o-zielona-karte\/\" class=\"more-link\">Czytaj dalej<span class=\"screen-reader-text\"> \u201eKarty sta\u0142ego pobytu\u201d<\/span><\/a><\/p>\n","protected":false},"author":50,"featured_media":8280,"parent":8259,"menu_order":0,"comment_status":"closed","ping_status":"closed","template":"","meta":{"_acf_changed":false,"_oasis_is_in_workflow":0,"_oasis_original":0,"_oasis_task_priority":"","footnotes":""},"class_list":["post-8279","page","type-page","status-publish","has-post-thumbnail","hentry","entry"],"acf":[],"_links":{"self":[{"href":"https:\/\/krilaw.com\/pl\/wp-json\/wp\/v2\/pages\/8279","targetHints":{"allow":["GET"]}}],"collection":[{"href":"https:\/\/krilaw.com\/pl\/wp-json\/wp\/v2\/pages"}],"about":[{"href":"https:\/\/krilaw.com\/pl\/wp-json\/wp\/v2\/types\/page"}],"author":[{"embeddable":true,"href":"https:\/\/krilaw.com\/pl\/wp-json\/wp\/v2\/users\/50"}],"replies":[{"embeddable":true,"href":"https:\/\/krilaw.com\/pl\/wp-json\/wp\/v2\/comments?post=8279"}],"version-history":[{"count":5,"href":"https:\/\/krilaw.com\/pl\/wp-json\/wp\/v2\/pages\/8279\/revisions"}],"predecessor-version":[{"id":10468,"href":"https:\/\/krilaw.com\/pl\/wp-json\/wp\/v2\/pages\/8279\/revisions\/10468"}],"up":[{"embeddable":true,"href":"https:\/\/krilaw.com\/pl\/wp-json\/wp\/v2\/pages\/8259"}],"wp:featuredmedia":[{"embeddable":true,"href":"https:\/\/krilaw.com\/pl\/wp-json\/wp\/v2\/media\/8280"}],"wp:attachment":[{"href":"https:\/\/krilaw.com\/pl\/wp-json\/wp\/v2\/media?parent=8279"}],"curies":[{"name":"wp","href":"https:\/\/api.w.org\/{rel}","templated":true}]}}