{"id":8285,"date":"2024-11-12T10:14:25","date_gmt":"2024-11-12T16:14:25","guid":{"rendered":"https:\/\/krilaw.com\/?page_id=8285"},"modified":"2025-10-29T16:57:59","modified_gmt":"2025-10-29T21:57:59","slug":"chicagowscy-prawnicy-ds-obywatelstwa","status":"publish","type":"page","link":"https:\/\/krilaw.com\/pl\/services\/prawnicy-imigracyjni-z-chicago\/chicagowscy-prawnicy-ds-obywatelstwa\/","title":{"rendered":"\u015acie\u017cki do obywatelstwa"},"content":{"rendered":"<h1>Chicagowscy prawnicy ds. obywatelstwa<\/h1>\n<p>Dla wielu imigrant\u00f3w, kt\u00f3rzy ju\u017c posiadaj\u0105 status <a href=\"http:\/\/www.uscis.gov\/tools\/glossary\/lawful-permanent-resident-lpr\" target=\"_blank\" rel=\"noopener\">\u00a0legalnego sta\u0142ego rezydenta<\/a>, uzyskanie pe\u0142nego obywatelstwa Stan\u00f3w Zjednoczonych jest ich ostatecznym celem w ramach ameryka\u0144skiego systemu imigracyjnego. Chocia\u017c stali rezydenci mog\u0105 mieszka\u0107 i pracowa\u0107 w Stanach Zjednoczonych na czas nieokre\u015blony, nie przys\u0142uguj\u0105 im wszystkie prawa obywatelskie. Na przyk\u0142ad nie mog\u0105 g\u0142osowa\u0107 w wyborach w Stanach Zjednoczonych i mog\u0105 niechc\u0105cy zosta\u0107 pozbawieni zielonej karty, je\u015bli opuszcz\u0105 kraj na zbyt d\u0142ugo.<\/p>\n<p>Do uzyskania obywatelstwa prowadzi kilka dr\u00f3g. Cztery z nich opisano szczeg\u00f3\u0142owo poni\u017cej. Aby uzyska\u0107 konkretne informacje dotycz\u0105ce Twojej sprawy, zadzwo\u0144 do zespo\u0142u\u00a0 <a href=\"http:\/\/krilaw.com\/services\/immigration\/\">prawnik\u00f3w imigracyjnych<\/a> w kancelarii Kriezelman Burton &amp; Associates, LLC.<\/p>\n<h2>Najcz\u0119\u015bciej wybierana droga do obywatelstwa<\/h2>\n<p>Najcz\u0119stszym sposobem na uzyskanie obywatelstwa jest przez posiadanie karty sta\u0142ego pobytu (\u201e<a href=\"http:\/\/krilaw.com\/services\/immigration\/green-cards\/\">zielonej karty<\/a>\u201d) przez co najmniej pi\u0119\u0107 lat. Jednak po pi\u0119ciu latach obywatelstwo nie jest przyznawane automatycznie, poniewa\u017c nale\u017cy z\u0142o\u017cy\u0107 wniosek i spe\u0142ni\u0107 okre\u015blone wymagania kwalifikacyjne. Oto niekt\u00f3re przyk\u0142ady kryteri\u00f3w wymaganych do uzyskania obywatelstwa:<\/p>\n<ul>\n<li>Uko\u0144czone 18 lat \u017cycia;<\/li>\n<li>\u00a0Nieprzerwane zamieszkiwanie na terenie Stan\u00f3w Zjednoczonych z zielon\u0105 kart\u0105 przez\u00a0\u00a0\u00a0\u00a0 ostatnie pi\u0119\u0107 lat;<\/li>\n<li>\u00a0Fizyczna obecno\u015b\u0107 w USA przez co najmniej 30 miesi\u0119cy w ci\u0105gu ostatnich pi\u0119ciu lat\u00a0\u00a0\u00a0\u00a0\u00a0\u00a0\u00a0 pobytu;<\/li>\n<li>Nieprzerwane zamieszkiwanie w tym samym stanie przez co najmniej trzy miesi\u0105ce;<\/li>\n<li>Kontynuowanie pobytu w USA po z\u0142o\u017ceniu wniosku a\u017c do przyznania obywatelstwa;<\/li>\n<li>Wykazanie si\u0119 umiej\u0119tno\u015bci\u0105 czytania, m\u00f3wienia i pisania w j\u0119zyku angielskim na poziomie podstawowym ;<\/li>\n<li>Wykazanie si\u0119 podstawow\u0105 wiedz\u0105 i zrozumieniem struktury rz\u0105du i historii Stan\u00f3w Zjednoczonych<\/li>\n<li>Wykazanie si\u0119 dobrym charakterem moralnym;<\/li>\n<li>Przestrzeganie zasad Konstytucji Stan\u00f3w Zjednoczonych.<\/li>\n<\/ul>\n<h2>Ma\u0142\u017conkowie obywateli USA<\/h2>\n<p>Je\u017celi jeste\u015b w zwi\u0105zku ma\u0142\u017ce\u0144skim z obywatelem Stan\u00f3w Zjednoczonych i mieszkasz z nim na sta\u0142e, mo\u017cesz kwalifikowa\u0107 si\u0119 do otrzymania obywatelstwa bez konieczno\u015bci czekania pi\u0119ciu lat. Aby zosta\u0107 obywatelem, musisz posiada\u0107 zielon\u0105 kart\u0119 tylko przez trzy lata, o ile spe\u0142niasz wszystkie pozosta\u0142e kryteria obowi\u0105zuj\u0105ce posiadaczy zielonej karty.<\/p>\n<h2>Obywatelstwo dla cz\u0142onk\u00f3w si\u0142 zbrojnych<\/h2>\n<p>Istniej\u0105 przepisy Ustawy o imigracji i obywatelstwie (INA), kt\u00f3re umo\u017cliwiaj\u0105 osobom nieb\u0119d\u0105cym obywatelami Stan\u00f3w Zjednoczonych s\u0142u\u017c\u0105cym w armii Stan\u00f3w Zjednoczonych szybsze uzyskanie obywatelstwa ni\u017c osobom niezwi\u0105zanym z wojskiem. Osoby pe\u0142ni\u0105ce s\u0142u\u017cb\u0119 w czasie pokoju mog\u0105 ubiega\u0107 si\u0119 o obywatelstwo w ci\u0105gu jednego roku, a osoby pe\u0142ni\u0105ce s\u0142u\u017cb\u0119 w okresach dzia\u0142a\u0144 wojennych mog\u0105 ubiega\u0107 si\u0119 o obywatelstwo w dowolnym momencie. Obowi\u0105zuj\u0105 inne wymagania kwalifikacyjne, dlatego wa\u017cne jest, aby s\u0142u\u017c\u0105cy w wojsku porozmawiali z prawnikami imigracyjnymi na temat ubiegania si\u0119 o obywatelstwo.<\/p>\n<h2>Obywatelstwo dla dzieci obywateli Stan\u00f3w Zjednoczonych<\/h2>\n<p>Obywatelstwo ameryka\u0144skie mo\u017cna uzyska\u0107 za po\u015brednictwem rodzic\u00f3w w chwili urodzenia lub przed uko\u0144czeniem 18 roku \u017cycia. To, czy dana osoba kwalifikuje si\u0119 do obywatelstwa, zale\u017cy od wielu czynnik\u00f3w takich, jak:<\/p>\n<ul>\n<li>Czy jedno lub oboje rodzic\u00f3w by\u0142o obywatelami w momencie ich urodzenia;<\/li>\n<li>Czy ich rodzice b\u0119d\u0105cy obywatelami Stan\u00f3w Zjednoczonych faktycznie mieszkali w USA\u00a0\u00a0\u00a0 lub w jednym z jego terytori\u00f3w;<\/li>\n<li>Czy dane dziecko zamieszkuje w Stanach Zjednoczonych; oraz<\/li>\n<li>Czy rodzice dziecka byli w zwi\u0105zku ma\u0142\u017ce\u0144skim w momencie jego urodzenia.<\/li>\n<\/ul>\n<p>Z tego powodu wysoce wskazane jest, aby ka\u017cdy, kto ma pytania dotycz\u0105ce uzyskania obywatelstwa poprzez swoich rodzic\u00f3w, porozmawia\u0142 z prawnikiem na temat dost\u0119pnych mo\u017cliwo\u015bci.<\/p>\n<h2>Skontaktuj si\u0119 z chicagowskim prawnikiem imigracyjnym ju\u017c dzi\u015b, aby om\u00f3wi\u0107 sw\u00f3j wniosek o obywatelstwo USA<\/h2>\n<p>Ka\u017cdy, kto w jakikolwiek spos\u00f3b ubiega si\u0119 o obywatelstwo Stan\u00f3w Zjednoczonych, powinien jak najszybciej porozmawia\u0107 z do\u015bwiadczonym prawnikiem. W wielu przypadkach reprezentacja i pomoc do\u015bwiadczonego prawnika mog\u0105 mie\u0107 znacz\u0105cy wp\u0142yw na wynik sprawy. Aby um\u00f3wi\u0107 si\u0119 na konsultacj\u0119 z <a href=\"http:\/\/krilaw.com\/contact\/\">\u00a0chicagowskim prawnikiem imigracyjnym<\/a>, zadzwo\u0144 ju\u017c dzi\u015b do kancelarii\u00a0 Kriezelman Burton &amp; Associates, LLC pod numer 312-332-2550.<\/p>\n","protected":false},"excerpt":{"rendered":"<p>Chicagowscy prawnicy ds. obywatelstwa Dla wielu imigrant\u00f3w, kt\u00f3rzy ju\u017c posiadaj\u0105 status \u00a0legalnego sta\u0142ego rezydenta, uzyskanie pe\u0142nego obywatelstwa Stan\u00f3w Zjednoczonych jest ich ostatecznym celem w ramach ameryka\u0144skiego systemu imigracyjnego. Chocia\u017c stali rezydenci mog\u0105 mieszka\u0107 i pracowa\u0107 w Stanach Zjednoczonych na czas nieokre\u015blony, nie przys\u0142uguj\u0105 im wszystkie prawa obywatelskie. Na przyk\u0142ad nie mog\u0105 g\u0142osowa\u0107 w wyborach w &hellip; <\/p>\n<p class=\"link-more\"><a href=\"https:\/\/krilaw.com\/pl\/services\/prawnicy-imigracyjni-z-chicago\/chicagowscy-prawnicy-ds-obywatelstwa\/\" class=\"more-link\">Czytaj dalej<span class=\"screen-reader-text\"> \u201e\u015acie\u017cki do obywatelstwa\u201d<\/span><\/a><\/p>\n","protected":false},"author":50,"featured_media":8287,"parent":8259,"menu_order":0,"comment_status":"closed","ping_status":"closed","template":"","meta":{"_acf_changed":false,"_oasis_is_in_workflow":0,"_oasis_original":0,"_oasis_task_priority":"","footnotes":""},"class_list":["post-8285","page","type-page","status-publish","has-post-thumbnail","hentry","entry"],"acf":[],"_links":{"self":[{"href":"https:\/\/krilaw.com\/pl\/wp-json\/wp\/v2\/pages\/8285","targetHints":{"allow":["GET"]}}],"collection":[{"href":"https:\/\/krilaw.com\/pl\/wp-json\/wp\/v2\/pages"}],"about":[{"href":"https:\/\/krilaw.com\/pl\/wp-json\/wp\/v2\/types\/page"}],"author":[{"embeddable":true,"href":"https:\/\/krilaw.com\/pl\/wp-json\/wp\/v2\/users\/50"}],"replies":[{"embeddable":true,"href":"https:\/\/krilaw.com\/pl\/wp-json\/wp\/v2\/comments?post=8285"}],"version-history":[{"count":3,"href":"https:\/\/krilaw.com\/pl\/wp-json\/wp\/v2\/pages\/8285\/revisions"}],"predecessor-version":[{"id":8563,"href":"https:\/\/krilaw.com\/pl\/wp-json\/wp\/v2\/pages\/8285\/revisions\/8563"}],"up":[{"embeddable":true,"href":"https:\/\/krilaw.com\/pl\/wp-json\/wp\/v2\/pages\/8259"}],"wp:featuredmedia":[{"embeddable":true,"href":"https:\/\/krilaw.com\/pl\/wp-json\/wp\/v2\/media\/8287"}],"wp:attachment":[{"href":"https:\/\/krilaw.com\/pl\/wp-json\/wp\/v2\/media?parent=8285"}],"curies":[{"name":"wp","href":"https:\/\/api.w.org\/{rel}","templated":true}]}}