{"id":8289,"date":"2024-11-12T10:16:11","date_gmt":"2024-11-12T16:16:11","guid":{"rendered":"https:\/\/krilaw.com\/?page_id=8289"},"modified":"2025-10-29T16:58:17","modified_gmt":"2025-10-29T21:58:17","slug":"prawnicy-ds-stalego-pobytu-w-chicago","status":"publish","type":"page","link":"https:\/\/krilaw.com\/pl\/services\/prawnicy-imigracyjni-z-chicago\/prawnicy-ds-stalego-pobytu-w-chicago\/","title":{"rendered":"Sta\u0142y pobyt"},"content":{"rendered":"<h1>Prawnicy ds. sta\u0142ego pobytu w Chicago<\/h1>\n<p>\u201eSta\u0142y rezydent\u201d to osoba, kt\u00f3ra uzyska\u0142a oficjalne pozwolenie na prac\u0119 i zamieszkanie w Stanach Zjednoczonych na czas nieokre\u015blony. Dowodem tego statusu jest karta sta\u0142ego pobytu, zwana potocznie zielon\u0105 kart\u0105. Chocia\u017c wiele os\u00f3b chce uzyska\u0107 status sta\u0142ego rezydenta, proces ten mo\u017ce by\u0107 z\u0142o\u017cony i mo\u017ce obejmowa\u0107 wiele r\u00f3\u017cnych <a href=\"http:\/\/krilaw.com\/services\/immigration\/\">praw imigracyjnych<\/a>, kt\u00f3rych mog\u0105 nie by\u0107 \u015bwiadome. Uzyskanie sta\u0142ego pobytu mo\u017ce wymaga\u0107 spe\u0142nienia wielu kwalifikacji, a tak\u017ce znacznej ilo\u015bci dokument\u00f3w. Je\u015bli chcesz zosta\u0107 sta\u0142ym rezydentem i cieszy\u0107 si\u0119 korzy\u015bciami, jakie daje ten status, powiniene\u015b skorzysta\u0107 z pomocy do\u015bwiadczonego prawnika imigracyjnego z Chicago, kt\u00f3ry pomo\u017ce Ci przej\u015b\u0107 przez ten proces.<\/p>\n<p><strong>Wymagania zwi\u0105zane z uzyskaniem sta\u0142ego pobytu<\/strong><\/p>\n<p>Nie mo\u017cesz po prostu poprosi\u0107 o kart\u0119 sta\u0142ego pobytu z jakiegokolwiek powodu. Dlatego wymagana jest podstawa prawna, kt\u00f3ra zakwalifikuje ci\u0119 do pozostania w USA na sta\u0142e. Poni\u017cej znajdziesz wyja\u015bnienie kilku z wielu sposob\u00f3w uzyskania statusu sta\u0142ego rezydenta.<\/p>\n<p><strong>\u00a0Sta\u0142y pobyt na podstawie sponsorowania przez rodzin\u0119<\/strong><\/p>\n<p>Je\u015bli cz\u0142onek Twojej rodziny jest obywatelem lub sta\u0142ym rezydentem Stan\u00f3w Zjednoczonych, mo\u017cesz kwalifikowa\u0107 si\u0119 do otrzymania karty sta\u0142ego pobytu ze wzgl\u0119du na Twoje pokrewie\u0144stwo z t\u0105 osob\u0105. Przez<a href=\"http:\/\/www.uscis.gov\/laws\/immigration-and-nationality-act\" target=\"_blank\" rel=\"noopener\"> Ustaw\u0119 o imigracji i obywatelstwie<\/a>,<a href=\"http:\/\/www.uscis.gov\/\" target=\"_blank\" rel=\"noopener\"> Urz\u0105d ds. Obywatelstwa i Imigracji Stan\u00f3w Zjednoczonych (USCIS)<\/a> daje ma\u0142\u017conkom, dzieciom (nieb\u0119d\u0105cym w zwi\u0105zku ma\u0142\u017ce\u0144skim i poni\u017cej 21 roku \u017cycia) oraz rodzicom obywateli USA mo\u017cliwo\u015b\u0107 uzyskania sta\u0142ego pobytu. Ponadto dost\u0119pna jest ograniczona liczba zielonych kart dla nast\u0119puj\u0105cych konkretnych \u201ekategorii preferencyjnych\u201d, kt\u00f3re obejmuj\u0105:<\/p>\n<ul>\n<li>Doros\u0142e dzieci nie b\u0119d\u0105ce w zwi\u0105zku ma\u0142\u017ce\u0144skim (i ich dzieci, je\u015bli istniej\u0105) obywateli USA;<\/li>\n<li>Ma\u0142\u017conkowie,\u00a0\u00a0 nieletnie lub doros\u0142e dzieci nie b\u0119d\u0105ce w zwi\u0105zku ma\u0142\u017ce\u0144skim sta\u0142ych rezydent\u00f3w USA;<\/li>\n<li>Dzieci\u00a0\u00a0 obywateli USA b\u0119d\u0105cych w zwi\u0105zku ma\u0142\u017ce\u0144skim, w tym ich ma\u0142\u017conkowie i\u00a0\u00a0\u00a0\u00a0\u00a0\u00a0\u00a0\u00a0\u00a0\u00a0 dzieci; oraz<\/li>\n<li>Rodze\u0144stwo doros\u0142ych obywateli USA, a tak\u017ce ich ma\u0142\u017conkowie i dzieci.<\/li>\n<\/ul>\n<p>Ponadto osoby, kt\u00f3rych rodzice s\u0105 zagranicznymi dyplomatami lub osoby, kt\u00f3re do\u015bwiadczy\u0142y przemocy domowej, mog\u0105 kwalifikowa\u0107 si\u0119 do uzyskania karty sta\u0142ego pobytu.<\/p>\n<h2>Sta\u0142y pobyt oparty na zatrudnieniu<\/h2>\n<p>Jednym z g\u0142\u00f3wnych powod\u00f3w, dla kt\u00f3rych dana osoba mo\u017ce chcie\u0107 uzyska\u0107 pobyt sta\u0142y, jest mo\u017cliwo\u015b\u0107 pracy w USA. Osoba zatrudniona na kwalifikuj\u0105cym si\u0119 stanowisku lub chc\u0105ca rozpocz\u0105\u0107 przedsi\u0119wzi\u0119cie biznesowe w Stanach Zjednoczonych mo\u017ce kwalifikowa\u0107 si\u0119 do otrzymania <a href=\"http:\/\/krilaw.com\/services\/immigration\/green-cards\/\">zielonej karty<\/a>. Ponadto osoby o nadzwyczajnych zdolno\u015bciach \u2013 w tym sportowcy, naukowcy i inni \u2013 mog\u0105 uzyska\u0107 pozwolenie na sta\u0142\u0105 prac\u0119 w Stanach Zjednoczonych.<\/p>\n<h2>Uchod\u017acy lub osoby ubiegaj\u0105ce si\u0119 o azyl<\/h2>\n<p>Osoby uciekaj\u0105ce przed prze\u015bladowaniami lub bardzo niebezpieczn\u0105 sytuacj\u0105 w swoim kraju ojczystym mog\u0105 kwalifikowa\u0107 si\u0119 do sta\u0142ego pobytu po uznaniu ich za uchod\u017ac\u00f3w lub azylant\u00f3w. Po roku od\u00a0 przyznania im azylu lub po przybyciu do USA jako uchod\u017acy mog\u0105 ubiega\u0107 si\u0119 o uzyskanie karty sta\u0142ego pobytu . Proces uzyskiwania karty sta\u0142ego pobytu i dost\u0119pne zwolnienia s\u0105 inne dla uchod\u017ac\u00f3w i azylant\u00f3w ni\u017c dla innych grup, dlatego wa\u017cne jest, aby om\u00f3wi\u0107 Twoj\u0105 sytuacj\u0119 z prawnikiem imigracyjnym.<\/p>\n<h2>Zadzwo\u0144 do prawnika w Chicago, aby Ci pom\u00f3g\u0142 w procesie uzyskania sta\u0142ego pobytu<\/h2>\n<p>Je\u015bli chcesz ubiega\u0107 si\u0119 o sta\u0142y pobyt w USA lub odm\u00f3wiono Ci zielonej karty, nie wahaj si\u0119 zadzwoni\u0107 do<a href=\"http:\/\/krilaw.com\/contact\/\"> prawnika imigracyjnego z Chicago<\/a> kt\u00f3ry mo\u017ce pom\u00f3c Ci w tym procesie. Ju\u017c dzi\u015b zadzwo\u0144 do kancelarii Kriezelman Burton &amp; Associates, LLC pod numer 312-332-2550.<\/p>\n","protected":false},"excerpt":{"rendered":"<p>Prawnicy ds. sta\u0142ego pobytu w Chicago \u201eSta\u0142y rezydent\u201d to osoba, kt\u00f3ra uzyska\u0142a oficjalne pozwolenie na prac\u0119 i zamieszkanie w Stanach Zjednoczonych na czas nieokre\u015blony. Dowodem tego statusu jest karta sta\u0142ego pobytu, zwana potocznie zielon\u0105 kart\u0105. Chocia\u017c wiele os\u00f3b chce uzyska\u0107 status sta\u0142ego rezydenta, proces ten mo\u017ce by\u0107 z\u0142o\u017cony i mo\u017ce obejmowa\u0107 wiele r\u00f3\u017cnych praw imigracyjnych, &hellip; <\/p>\n<p class=\"link-more\"><a href=\"https:\/\/krilaw.com\/pl\/services\/prawnicy-imigracyjni-z-chicago\/prawnicy-ds-stalego-pobytu-w-chicago\/\" class=\"more-link\">Czytaj dalej<span class=\"screen-reader-text\"> \u201eSta\u0142y pobyt\u201d<\/span><\/a><\/p>\n","protected":false},"author":50,"featured_media":8290,"parent":8259,"menu_order":0,"comment_status":"closed","ping_status":"closed","template":"","meta":{"_acf_changed":false,"_oasis_is_in_workflow":0,"_oasis_original":0,"_oasis_task_priority":"","footnotes":""},"class_list":["post-8289","page","type-page","status-publish","has-post-thumbnail","hentry","entry"],"acf":[],"_links":{"self":[{"href":"https:\/\/krilaw.com\/pl\/wp-json\/wp\/v2\/pages\/8289","targetHints":{"allow":["GET"]}}],"collection":[{"href":"https:\/\/krilaw.com\/pl\/wp-json\/wp\/v2\/pages"}],"about":[{"href":"https:\/\/krilaw.com\/pl\/wp-json\/wp\/v2\/types\/page"}],"author":[{"embeddable":true,"href":"https:\/\/krilaw.com\/pl\/wp-json\/wp\/v2\/users\/50"}],"replies":[{"embeddable":true,"href":"https:\/\/krilaw.com\/pl\/wp-json\/wp\/v2\/comments?post=8289"}],"version-history":[{"count":2,"href":"https:\/\/krilaw.com\/pl\/wp-json\/wp\/v2\/pages\/8289\/revisions"}],"predecessor-version":[{"id":8570,"href":"https:\/\/krilaw.com\/pl\/wp-json\/wp\/v2\/pages\/8289\/revisions\/8570"}],"up":[{"embeddable":true,"href":"https:\/\/krilaw.com\/pl\/wp-json\/wp\/v2\/pages\/8259"}],"wp:featuredmedia":[{"embeddable":true,"href":"https:\/\/krilaw.com\/pl\/wp-json\/wp\/v2\/media\/8290"}],"wp:attachment":[{"href":"https:\/\/krilaw.com\/pl\/wp-json\/wp\/v2\/media?parent=8289"}],"curies":[{"name":"wp","href":"https:\/\/api.w.org\/{rel}","templated":true}]}}