{"id":8311,"date":"2024-11-12T10:32:26","date_gmt":"2024-11-12T16:32:26","guid":{"rendered":"https:\/\/krilaw.com\/?page_id=8311"},"modified":"2025-10-31T10:34:21","modified_gmt":"2025-10-31T15:34:21","slug":"chicagowski-adwokat-ds-apelacji-imigracyjnych","status":"publish","type":"page","link":"https:\/\/krilaw.com\/pl\/services\/chicagowscy-adwokaci-ds-obrony-przed-wydaleniem-z-kraju\/chicagowski-adwokat-ds-apelacji-imigracyjnych\/","title":{"rendered":"Odwo\u0142ania"},"content":{"rendered":"<h1>Chicago Odwo\u0142ania<\/h1>\n<p>Od niekorzystnej decyzji wydanej przez s\u0119dziego imigracyjnego przys\u0142uguje odwo\u0142anie do<a href=\"http:\/\/krilaw.com\/services\/removal-defense-federal-court-litigation\/board-of-immigration-appeals\/\"> Imigracyjnej Komisji Odwo\u0142awczej<\/a> (BIA), kt\u00f3ra jest agencj\u0105 wchodz\u0105c\u0105 w sk\u0142ad Departamentu Sprawiedliwo\u015bci i rozpatruje wszystkie odwo\u0142ania z\u0142o\u017cone w sprawach przed S\u0105dem Imigracyjnym.<\/p>\n<p>Ten organ apelacyjny jest uprawniony do kontroli decyzji S\u0105du Imigracyjnego oraz, w szczeg\u00f3lnych okoliczno\u015bciach, Departamentu Bezpiecze\u0144stwa Wewn\u0119trznego. BIA jest cz\u0119\u015bci\u0105 Biura Wykonawczego ds. Rewizji Procesu Imigracyjnego, Wydzia\u0142u Departamentu Sprawiedliwo\u015bci Stan\u00f3w Zjednoczonych.<\/p>\n<p>Odwo\u0142anie musi wp\u0142yn\u0105\u0107 do Imigracyjnej Komisji Odwo\u0142awczej (BIA) nie p\u00f3\u017aniej ni\u017c 30 dni od wydania orzeczenia w tej sprawie przez s\u0119dziego imigracyjnego. Po z\u0142o\u017ceniu odwo\u0142ania cudzoziemiec ma mo\u017cliwo\u015b\u0107 przedstawienia swojej argumentacji w formie pisemnego memorandum prawnego, musi jednak dotrzyma\u0107 termin\u00f3w wyznaczonych przez Komisj\u0119. Memorandum musi zawiera\u0107 wszystkie istotne fakty i argumenty prawne, wraz z odniesieniem do odpowiednich \u017ar\u00f3de\u0142,\u00a0 na poparcie stanowiska danej osoby. Po otrzymaniu owych pisemnych wyja\u015bnie\u0144 od obu stron Komisja wydaje pisemn\u0105 decyzj\u0119 o odrzuceniu odwo\u0142ania lub przekazaniu sprawy do s\u0119dziego imigracyjnego w celu podj\u0119cia dodatkowych dzia\u0142a\u0144. Rozpatrzenie tych odwo\u0142a\u0144 mo\u017ce trwa\u0107 do 18 miesi\u0119cy lub 2 lat, je\u015bli dana osoba nie znajduje si\u0119 w areszcie imigracyjnym, a dana osoba mo\u017ce pozosta\u0107 w Stanach Zjednoczonych w trakcie ich rozpatrywania.<\/p>\n<p>W niekt\u00f3rych przypadkach, je\u015bli Komisja Odwo\u0142awcza ds. Imigracji odrzuci odwo\u0142anie, sprawa mo\u017ce zosta\u0107 wniesiona do Federalnego S\u0105du Apelacyjnego w celu dalszego rozpatrzenia. Ustawa o imigracji i obywatelstwie ogranicza rodzaje spraw i kwestii, kt\u00f3re mog\u0105 by\u0107 wnoszone do s\u0105d\u00f3w apelacyjnych. Je\u015bli jest to mo\u017cliwe, petycj\u0119 o ponowne rozpatrzenie nale\u017cy z\u0142o\u017cy\u0107 w ci\u0105gu 30 dni od decyzji Komisji. Niez\u0142o\u017cenie wniosku o ponowne rozpatrzenie sprawy w terminie spowoduje, \u017ce s\u0105d zostanie pozbawiony mo\u017cliwo\u015bci rozpatrzenia sprawy. Zar\u00f3wno cudzoziemiec, za po\u015brednictwem swojego adwokata, jak i Departament Bezpiecze\u0144stwa Wewn\u0119trznego musz\u0105 przedstawi\u0107 pisemne wyja\u015bnienia uzasadniaj\u0105ce swoje stanowisko. Ponadto S\u0105d Apelacyjny mo\u017ce zapewni\u0107 adwokatom ka\u017cdej ze stron mo\u017cliwo\u015b\u0107 ustnego przedstawienia sprawy przed trzyosobowym panelem s\u0119dziowskim. S\u0105 to post\u0119powania bardzo formalne, kt\u00f3re podlegaj\u0105 \u015bcis\u0142ym regu\u0142om.<\/p>\n<p>Nasza kancelaria przeprowadza dobitn\u0105 argumentacj\u0119<a href=\"http:\/\/krilaw.com\/services\/removal-defense-federal-court-litigation\/removal-and-deportation-defense\/\"> w sprawach deportacyjnych <\/a>na wszystkich etapach procesu apelacyjnego. Najpierw spotykamy si\u0119 z naszymi klientami, aby szczeg\u00f3\u0142owo om\u00f3wi\u0107 dost\u0119pne opcje i argumenty. Opr\u00f3cz z\u0142o\u017cenia odwo\u0142ania sprawdzamy tak\u017ce wszelkie inne mo\u017cliwo\u015bci zabezpieczenia pobytu danej osoby w Stanach Zjednoczonych.<\/p>\n<p><u>Wszystkie odwo\u0142ania maj\u0105 swoje terminy up\u0142ywu wa\u017cno\u015bci.<\/u> Je\u017celi nie z\u0142o\u017cysz odwo\u0142ania w terminie, nie b\u0119dziesz mia\u0142 ju\u017c mo\u017cliwo\u015bci zrobi\u0107 tego p\u00f3\u017aniej. Dlatego wa\u017cne jest, aby w ka\u017cdej odmownej sprawie dzia\u0142a\u0107 szybko. Za kancelari\u0105 Kriezelman Burton &amp; Associates, LLC stoj\u0105 dziesi\u0105tki lat do\u015bwiadczenia w prowadzeniu spraw przed Imigracyjn\u0105 Komisj\u0105 Odwo\u0142awcz\u0105\u00a0 (BIA). Bronili\u015bmy r\u00f3\u017cnych spraw, od azylu po<a href=\"http:\/\/krilaw.com\/services\/employment-based-representation-counseling-for-businesses-and-individuals\/immigrant-visas\/\"> wnioski wizowe<\/a> kt\u00f3re Departament Bezpiecze\u0144stwa Wewn\u0119trznego omy\u0142kowo odrzuci\u0142. Je\u015bli masz pytanie dotycz\u0105ce sprawy, kt\u00f3ra Twoim zdaniem powinna zosta\u0107 zaskar\u017cona,<a href=\"http:\/\/krilaw.com\/contact\/\"> skontaktuj si\u0119 z naszymi biurami<\/a>, aby um\u00f3wi\u0107 si\u0119 na spotkanie.<\/p>\n<h2>Najcz\u0119\u015bciej zadawane pytania dotycz\u0105ce odwo\u0142a\u0144 imigracyjnych<\/h2>\n","protected":false},"excerpt":{"rendered":"<p>Chicago Odwo\u0142ania Od niekorzystnej decyzji wydanej przez s\u0119dziego imigracyjnego przys\u0142uguje odwo\u0142anie do Imigracyjnej Komisji Odwo\u0142awczej (BIA), kt\u00f3ra jest agencj\u0105 wchodz\u0105c\u0105 w sk\u0142ad Departamentu Sprawiedliwo\u015bci i rozpatruje wszystkie odwo\u0142ania z\u0142o\u017cone w sprawach przed S\u0105dem Imigracyjnym. Ten organ apelacyjny jest uprawniony do kontroli decyzji S\u0105du Imigracyjnego oraz, w szczeg\u00f3lnych okoliczno\u015bciach, Departamentu Bezpiecze\u0144stwa Wewn\u0119trznego. BIA jest cz\u0119\u015bci\u0105 Biura &hellip; <\/p>\n<p class=\"link-more\"><a href=\"https:\/\/krilaw.com\/pl\/services\/chicagowscy-adwokaci-ds-obrony-przed-wydaleniem-z-kraju\/chicagowski-adwokat-ds-apelacji-imigracyjnych\/\" class=\"more-link\">Czytaj dalej<span class=\"screen-reader-text\"> \u201eOdwo\u0142ania\u201d<\/span><\/a><\/p>\n","protected":false},"author":50,"featured_media":8312,"parent":8308,"menu_order":5,"comment_status":"closed","ping_status":"closed","template":"","meta":{"_acf_changed":false,"_oasis_is_in_workflow":0,"_oasis_original":0,"_oasis_task_priority":"","footnotes":""},"class_list":["post-8311","page","type-page","status-publish","has-post-thumbnail","hentry","entry"],"acf":[],"_links":{"self":[{"href":"https:\/\/krilaw.com\/pl\/wp-json\/wp\/v2\/pages\/8311","targetHints":{"allow":["GET"]}}],"collection":[{"href":"https:\/\/krilaw.com\/pl\/wp-json\/wp\/v2\/pages"}],"about":[{"href":"https:\/\/krilaw.com\/pl\/wp-json\/wp\/v2\/types\/page"}],"author":[{"embeddable":true,"href":"https:\/\/krilaw.com\/pl\/wp-json\/wp\/v2\/users\/50"}],"replies":[{"embeddable":true,"href":"https:\/\/krilaw.com\/pl\/wp-json\/wp\/v2\/comments?post=8311"}],"version-history":[{"count":6,"href":"https:\/\/krilaw.com\/pl\/wp-json\/wp\/v2\/pages\/8311\/revisions"}],"predecessor-version":[{"id":10883,"href":"https:\/\/krilaw.com\/pl\/wp-json\/wp\/v2\/pages\/8311\/revisions\/10883"}],"up":[{"embeddable":true,"href":"https:\/\/krilaw.com\/pl\/wp-json\/wp\/v2\/pages\/8308"}],"wp:featuredmedia":[{"embeddable":true,"href":"https:\/\/krilaw.com\/pl\/wp-json\/wp\/v2\/media\/8312"}],"wp:attachment":[{"href":"https:\/\/krilaw.com\/pl\/wp-json\/wp\/v2\/media?parent=8311"}],"curies":[{"name":"wp","href":"https:\/\/api.w.org\/{rel}","templated":true}]}}