{"id":8315,"date":"2024-11-12T10:33:35","date_gmt":"2024-11-12T16:33:35","guid":{"rendered":"https:\/\/krilaw.com\/?page_id=8315"},"modified":"2025-10-29T16:53:44","modified_gmt":"2025-10-29T21:53:44","slug":"chicagowscy-prawnicy-ds-zwiazanych-z-nakazem-wydalenia","status":"publish","type":"page","link":"https:\/\/krilaw.com\/pl\/services\/chicagowscy-adwokaci-ds-obrony-przed-wydaleniem-z-kraju\/chicagowscy-prawnicy-ds-zwiazanych-z-nakazem-wydalenia\/","title":{"rendered":"Nakazy deportacyjne"},"content":{"rendered":"<h1>Chicagowscy prawnicy ds. zwi\u0105zanych z nakazem wydalenia<\/h1>\n<p>Nakazy wydalenia to nakazy wydawane przez s\u0119dziego imigracyjnego, <a href=\"http:\/\/krilaw.com\/services\/removal-defense-federal-court-litigation\/board-of-immigration-appeals\/\">Imigracyjn\u0105 Komisj\u0119 Odwo\u0142awcz\u0105 (BIA)<\/a> lub Departament Bezpiecze\u0144stwa Wewn\u0119trznego (DHS), nakazuj\u0105ce deportacj\u0119 lub &#8220;wydalenie&#8221; os\u00f3b ze Stan\u00f3w Zjednoczonych. Gdy nakaz wydalenia stanie si\u0119 \u201eostateczny\u201d, Departament Bezpiecze\u0144stwa Wewn\u0119trznego mo\u017ce go wyegzekwowa\u0107.<\/p>\n<p>Osoby te mog\u0105 nawet nie by\u0107 \u015bwiadome, \u017ce maj\u0105 nakazy wydalenia w swoich aktach imigracyjnych. Je\u015bli mia\u0142e\u015b w przesz\u0142o\u015bci styczno\u015b\u0107 z urz\u0119dem imigracyjnym i nie jeste\u015b pewien jaki by\u0142 tego wynik, szczeg\u00f3lnie wa\u017cne jest, aby\u015b skonsultowa\u0142 si\u0119 z\u00a0 <a href=\"http:\/\/krilaw.com\/attorney-profiles\/\">prawnikiem imigracyjnym<\/a>. Ponadto ka\u017cda nieudokumentowana osoba lub posiadacz wizy nieimigracyjnej powinna przed podr\u00f3\u017c\u0105 skonsultowa\u0107 si\u0119 z prawnikiem imigracyjnym.<\/p>\n<p>Czasami mo\u017cliwe jest ponowne otwarcie spraw o nakaz wydalenia, kt\u00f3re zosta\u0142y wydane b\u0142\u0119dnie lub bez powiadomienia imigranta. Ponowne otwarcie takiej sprawy mo\u017ce umo\u017cliwi\u0107 ubieganie si\u0119 o \u015bwiadczenia imigracyjne w Stanach Zjednoczonych. W takich przypadkach wa\u017cne jest, aby dzia\u0142a\u0107 mo\u017cliwe jak najszybciej.<\/p>\n<p>Kancelaria <a href=\"http:\/\/krilaw.com\/about\/\">Kriezelman Burton &amp; Associates, LLC<\/a> dog\u0142\u0119bnie analizuje nakazy wydalenia, aby ustali\u0107, czy mo\u017cna je podwa\u017cy\u0107 poprzez odwo\u0142anie lub wniosek o ponowne otwarcie sprawy. Ta dok\u0142adna analiza mo\u017ce mie\u0107 kluczowe znaczenie w zatrzymaniu procesu deportacji i tym samym rozdzielenia rodziny.<\/p>\n<h2>Najcz\u0119\u015bciej zadawane pytania dotycz\u0105ce nakaz\u00f3w usuni\u0119cia<\/h2>\n","protected":false},"excerpt":{"rendered":"<p>Chicagowscy prawnicy ds. zwi\u0105zanych z nakazem wydalenia Nakazy wydalenia to nakazy wydawane przez s\u0119dziego imigracyjnego, Imigracyjn\u0105 Komisj\u0119 Odwo\u0142awcz\u0105 (BIA) lub Departament Bezpiecze\u0144stwa Wewn\u0119trznego (DHS), nakazuj\u0105ce deportacj\u0119 lub &#8220;wydalenie&#8221; os\u00f3b ze Stan\u00f3w Zjednoczonych. Gdy nakaz wydalenia stanie si\u0119 \u201eostateczny\u201d, Departament Bezpiecze\u0144stwa Wewn\u0119trznego mo\u017ce go wyegzekwowa\u0107. Osoby te mog\u0105 nawet nie by\u0107 \u015bwiadome, \u017ce maj\u0105 nakazy wydalenia &hellip; <\/p>\n<p class=\"link-more\"><a href=\"https:\/\/krilaw.com\/pl\/services\/chicagowscy-adwokaci-ds-obrony-przed-wydaleniem-z-kraju\/chicagowscy-prawnicy-ds-zwiazanych-z-nakazem-wydalenia\/\" class=\"more-link\">Czytaj dalej<span class=\"screen-reader-text\"> \u201eNakazy deportacyjne\u201d<\/span><\/a><\/p>\n","protected":false},"author":50,"featured_media":8316,"parent":8308,"menu_order":7,"comment_status":"closed","ping_status":"closed","template":"","meta":{"_acf_changed":false,"_oasis_is_in_workflow":0,"_oasis_original":0,"_oasis_task_priority":"","footnotes":""},"class_list":["post-8315","page","type-page","status-publish","has-post-thumbnail","hentry","entry"],"acf":[],"_links":{"self":[{"href":"https:\/\/krilaw.com\/pl\/wp-json\/wp\/v2\/pages\/8315","targetHints":{"allow":["GET"]}}],"collection":[{"href":"https:\/\/krilaw.com\/pl\/wp-json\/wp\/v2\/pages"}],"about":[{"href":"https:\/\/krilaw.com\/pl\/wp-json\/wp\/v2\/types\/page"}],"author":[{"embeddable":true,"href":"https:\/\/krilaw.com\/pl\/wp-json\/wp\/v2\/users\/50"}],"replies":[{"embeddable":true,"href":"https:\/\/krilaw.com\/pl\/wp-json\/wp\/v2\/comments?post=8315"}],"version-history":[{"count":4,"href":"https:\/\/krilaw.com\/pl\/wp-json\/wp\/v2\/pages\/8315\/revisions"}],"predecessor-version":[{"id":10483,"href":"https:\/\/krilaw.com\/pl\/wp-json\/wp\/v2\/pages\/8315\/revisions\/10483"}],"up":[{"embeddable":true,"href":"https:\/\/krilaw.com\/pl\/wp-json\/wp\/v2\/pages\/8308"}],"wp:featuredmedia":[{"embeddable":true,"href":"https:\/\/krilaw.com\/pl\/wp-json\/wp\/v2\/media\/8316"}],"wp:attachment":[{"href":"https:\/\/krilaw.com\/pl\/wp-json\/wp\/v2\/media?parent=8315"}],"curies":[{"name":"wp","href":"https:\/\/api.w.org\/{rel}","templated":true}]}}