{"id":8325,"date":"2024-11-12T10:39:20","date_gmt":"2024-11-12T16:39:20","guid":{"rendered":"https:\/\/krilaw.com\/?page_id=8325"},"modified":"2025-09-23T04:32:57","modified_gmt":"2025-09-23T09:32:57","slug":"chicagowscy-prawnicy-imigracyjni-ds-sponsorowania-w-oparciu-o-zatrudnienie","status":"publish","type":"page","link":"https:\/\/krilaw.com\/pl\/services\/chicagowscy-prawnicy-imigracyjni-ds-sponsorowania-w-oparciu-o-zatrudnienie\/","title":{"rendered":"Zatrudnienie"},"content":{"rendered":"<h1>Chicagowscy prawnicy imigracyjni ds. sponsorowania w oparciu o zatrudnienie<\/h1>\n<p>Ustawa o imigracji i obywatelstwie zapewnia korporacjom i osobom fizycznym kilka mo\u017cliwo\u015bci imigracji do Stan\u00f3w Zjednoczonych lub tymczasowego wjazdu do Stan\u00f3w Zjednoczonych w celu wykonywania okre\u015blonej pracy. Chocia\u017c przepisy zezwalaj\u0105 wielu z tych os\u00f3b na wjazd do Stan\u00f3w Zjednoczonych, towarzysz\u0105ce im regulacje i rz\u0105dowe memoranda polityczne sprawiaj\u0105, \u017ce coraz bardziej skomplikowane staje si\u0119 umo\u017cliwienie pracownikom lub osobom sk\u0142adaj\u0105cym petycje we w\u0142asnym imieniu wjazdu do kraju na podstawie wyznaczonych wiz.<\/p>\n<p><a href=\"https:\/\/krilaw.com\/pl\/o-firmie\/\">Nasza kancelaria<\/a>\u00a0 mo\u017ce si\u0119 chlubi\u0107 ponad 40-letnim do\u015bwiadczeniem w pomaganiu w procesie imigracyjnym<a href=\"https:\/\/krilaw.com\/pl\/services\/chicagowscy-prawnicy-imigracyjni-ds-sponsorowania-w-oparciu-o-zatrudnienie\/wizy-imigracyjne-oparte-na-zatrudnieniu\/\"> opartym na zatrudnieniu<\/a>. Reprezentujemy firmy z listy Fortune 500,\u00a0 \u015brednie przedsi\u0119biorstwa oraz ma\u0142e firmy zatrudniaj\u0105ce niewielk\u0105 liczb\u0119 pracownik\u00f3w. Dostosowujemy nasze us\u0142ugi do potrzeb ka\u017cdej firmy.<a href=\"https:\/\/krilaw.com\/pl\/profile-doradcow\/\"> Nasza kancelaria <\/a>\u00a0jest \u015bwiadoma koszt\u00f3w pracodawcy i udziela porad odpowiednio do sytuacji.<\/p>\n<p>Od os\u00f3b sk\u0142adaj\u0105cych petycje we w\u0142asnym imieniu, posiadaj\u0105cych wyj\u0105tkowe zdolno\u015bci w swojej dziedzinie, po naukowc\u00f3w i osoby o specjalistycznych umiej\u0119tno\u015bciach \u2013 niezmiennie zapewniamy najlepsze us\u0142ugi prawne, wychodz\u0105c naprzeciw celom firm i os\u00f3b, kt\u00f3re zamierzaj\u0105 pracowa\u0107 w Stanach Zjednoczonych.<\/p>\n<p>Ustawa o imigracji i obywatelstwie zapewnia korporacjom i osobom fizycznym kilka mo\u017cliwo\u015bci imigracji do Stan\u00f3w Zjednoczonych lub tymczasowego wjazdu do Stan\u00f3w Zjednoczonych w celu wykonywania okre\u015blonej pracy. Chocia\u017c przepisy zezwalaj\u0105 wielu z tych os\u00f3b na wjazd do Stan\u00f3w Zjednoczonych, towarzysz\u0105ce im regulacje i rz\u0105dowe memoranda polityczne sprawiaj\u0105, \u017ce coraz bardziej skomplikowane staje si\u0119 umo\u017cliwienie pracownikom lub osobom sk\u0142adaj\u0105cym petycje we w\u0142asnym imieniu wjazdu do kraju na podstawie wyznaczonych wiz.<\/p>\n<p><a href=\"https:\/\/krilaw.com\/pl\/o-firmie\/\">Nasza kancelaria<\/a>\u00a0 mo\u017ce si\u0119 chlubi\u0107 ponad 40-letnim do\u015bwiadczeniem w pomaganiu w procesie imigracyjnym<a href=\"https:\/\/krilaw.com\/pl\/services\/chicagowscy-prawnicy-imigracyjni-ds-sponsorowania-w-oparciu-o-zatrudnienie\/wizy-imigracyjne-oparte-na-zatrudnieniu\/\"> opartym na zatrudnieniu<\/a>. Reprezentujemy firmy z listy Fortune 500,\u00a0 \u015brednie przedsi\u0119biorstwa oraz ma\u0142e firmy zatrudniaj\u0105ce niewielk\u0105 liczb\u0119 pracownik\u00f3w. Dostosowujemy nasze us\u0142ugi do potrzeb ka\u017cdej firmy.<a href=\"https:\/\/krilaw.com\/pl\/profile-doradcow\/\"> Nasza kancelaria <\/a>\u00a0jest \u015bwiadoma koszt\u00f3w pracodawcy i udziela porad odpowiednio do sytuacji.<\/p>\n<p>Od os\u00f3b sk\u0142adaj\u0105cych petycje we w\u0142asnym imieniu, posiadaj\u0105cych wyj\u0105tkowe zdolno\u015bci w swojej dziedzinie, po naukowc\u00f3w i osoby o specjalistycznych umiej\u0119tno\u015bciach \u2013 niezmiennie zapewniamy najlepsze us\u0142ugi prawne, wychodz\u0105c naprzeciw celom firm i os\u00f3b, kt\u00f3re zamierzaj\u0105 pracowa\u0107 w Stanach Zjednoczonych.<\/p>\n<h2>Najcz\u0119\u015bciej zadawane pytania dotycz\u0105ce imigracji pracowniczej<\/h2>\n","protected":false},"excerpt":{"rendered":"<p>Chicagowscy prawnicy imigracyjni ds. sponsorowania w oparciu o zatrudnienie Ustawa o imigracji i obywatelstwie zapewnia korporacjom i osobom fizycznym kilka mo\u017cliwo\u015bci imigracji do Stan\u00f3w Zjednoczonych lub tymczasowego wjazdu do Stan\u00f3w Zjednoczonych w celu wykonywania okre\u015blonej pracy. Chocia\u017c przepisy zezwalaj\u0105 wielu z tych os\u00f3b na wjazd do Stan\u00f3w Zjednoczonych, towarzysz\u0105ce im regulacje i rz\u0105dowe memoranda polityczne &hellip; <\/p>\n<p class=\"link-more\"><a href=\"https:\/\/krilaw.com\/pl\/services\/chicagowscy-prawnicy-imigracyjni-ds-sponsorowania-w-oparciu-o-zatrudnienie\/\" class=\"more-link\">Czytaj dalej<span class=\"screen-reader-text\"> \u201eZatrudnienie\u201d<\/span><\/a><\/p>\n","protected":false},"author":50,"featured_media":8326,"parent":8596,"menu_order":10,"comment_status":"closed","ping_status":"closed","template":"","meta":{"_acf_changed":false,"_oasis_is_in_workflow":0,"_oasis_original":0,"_oasis_task_priority":"","footnotes":""},"class_list":["post-8325","page","type-page","status-publish","has-post-thumbnail","hentry","entry"],"acf":[],"_links":{"self":[{"href":"https:\/\/krilaw.com\/pl\/wp-json\/wp\/v2\/pages\/8325","targetHints":{"allow":["GET"]}}],"collection":[{"href":"https:\/\/krilaw.com\/pl\/wp-json\/wp\/v2\/pages"}],"about":[{"href":"https:\/\/krilaw.com\/pl\/wp-json\/wp\/v2\/types\/page"}],"author":[{"embeddable":true,"href":"https:\/\/krilaw.com\/pl\/wp-json\/wp\/v2\/users\/50"}],"replies":[{"embeddable":true,"href":"https:\/\/krilaw.com\/pl\/wp-json\/wp\/v2\/comments?post=8325"}],"version-history":[{"count":5,"href":"https:\/\/krilaw.com\/pl\/wp-json\/wp\/v2\/pages\/8325\/revisions"}],"predecessor-version":[{"id":10488,"href":"https:\/\/krilaw.com\/pl\/wp-json\/wp\/v2\/pages\/8325\/revisions\/10488"}],"up":[{"embeddable":true,"href":"https:\/\/krilaw.com\/pl\/wp-json\/wp\/v2\/pages\/8596"}],"wp:featuredmedia":[{"embeddable":true,"href":"https:\/\/krilaw.com\/pl\/wp-json\/wp\/v2\/media\/8326"}],"wp:attachment":[{"href":"https:\/\/krilaw.com\/pl\/wp-json\/wp\/v2\/media?parent=8325"}],"curies":[{"name":"wp","href":"https:\/\/api.w.org\/{rel}","templated":true}]}}