{"id":8331,"date":"2024-11-12T10:44:21","date_gmt":"2024-11-12T16:44:21","guid":{"rendered":"https:\/\/krilaw.com\/?page_id=8331"},"modified":"2025-10-31T10:28:24","modified_gmt":"2025-10-31T15:28:24","slug":"eb-5","status":"publish","type":"page","link":"https:\/\/krilaw.com\/pl\/services\/chicagowscy-prawnicy-imigracyjni-ds-sponsorowania-w-oparciu-o-zatrudnienie\/eb-5\/","title":{"rendered":"Eb-5"},"content":{"rendered":"<h1>Prawnicy w Chicago ds. wiz EB-5<\/h1>\n<p>Rz\u0105d Stan\u00f3w Zjednoczonych stara si\u0119 promowa\u0107 inwestycje, oferuj\u0105c program \u201eEB-5\u201d jako spos\u00f3b na uzyskanie przez cudzoziemc\u00f3w<a href=\"http:\/\/krilaw.com\/services\/immigration\/permanent-residency\/\"> sta\u0142ego pobytu<\/a> w USA. Wiza ta dotyczy os\u00f3b, kt\u00f3re zainwestuj\u0105 1 000 000 dolar\u00f3w (lub 500 000 dolar\u00f3w, je\u015bli obszar inwestycji jest uznany za TEA, czyli obszar docelowego zatrudnienia) w nowe przedsi\u0119wzi\u0119cie komercyjne zatrudniaj\u0105ce co najmniej 10 obywateli USA lub sta\u0142ych rezydent\u00f3w w pe\u0142nym wymiarze godzin. Inwestorom pocz\u0105tkowo przyznawany jest warunkowy pobyt sta\u0142y, a po up\u0142ywie dwuletniego okresu, gdy wyka\u017c\u0105, \u017ce spe\u0142nili podstawowe wymogi dla takiej inwestycji, otrzymuj\u0105 pe\u0142ne dziesi\u0119cioletnie<a href=\"http:\/\/krilaw.com\/services\/immigration\/green-cards\/\"> zielone karty<\/a>.<\/p>\n<p>Inwestorzy maj\u0105 mo\u017cliwo\u015b\u0107 uzyskania zielonej karty poprzez codzienne, aktywne zarz\u0105dzanie przedsi\u0119biorstwem i ustalanie polityki jego dzia\u0142ania i rozwoju lub w drodze pasywnej poprzez inwestycj\u0119 w sp\u00f3\u0142k\u0119 w<a href=\"http:\/\/krilaw.com\/services\/employment-based-representation-counseling-for-businesses-and-individuals\/immigrant-visas\/employment-based-5th-preference-category\/regional-centers\/\"> Centrum Regionalnym<\/a>, kt\u00f3re \u0142\u0105czy zasoby i inwestuje fundusze w r\u00f3\u017cnych bran\u017cach, takich jak nieruchomo\u015bci, hotelarstwo, us\u0142ugi edukacyjne, opieka zdrowotna, produkcja i handel detaliczny. Dzi\u0119ki niedawnej 3-letniej ponownej autoryzacji Pilota\u017cowego Programu O\u015brodk\u00f3w Regionalnych inwestorzy otrzymali kolejn\u0105 szans\u0119 na dalsze korzystanie z wiedzy specjalistycznej tych o\u015brodk\u00f3w. W przypadku gdy inwestor decyduje\u00a0 si\u0119 na aktywne zarz\u0105dzanie przedsi\u0119biorstwem, podstawowa dzia\u0142alno\u015b\u0107 gospodarcza mo\u017ce by\u0107 zorganizowana poprzez szeroki wachlarz podmiot\u00f3w gospodarczych, w tym sp\u00f3\u0142k\u0119 komandytow\u0105, sp\u00f3\u0142k\u0119 holdingow\u0105 i sp\u00f3\u0142ki zale\u017cne b\u0119d\u0105ce w ca\u0142o\u015bci w\u0142asno\u015bci\u0105 takich podmiot\u00f3w. Podmiot musi by\u0107 nastawiony na zysk. Inwestor musi wykaza\u0107, \u017ce \u015brodki zosta\u0142y zainwestowane z ryzykiem, \u017ce \u017ar\u00f3d\u0142o funduszy jest legalne oraz \u017ce wymagane 10 miejsc pracy zostanie utworzonych w ci\u0105gu dwuletniego okresu warunkowego pobytu przyznanego inwestorowi.\u00a0 Kancelaria Kriezelman Burton and Associates z sukcesem reprezentowa\u0142a inwestor\u00f3w w programie EB-5 w oparciu o trwaj\u0105ce i nowe inwestycje.<\/p>\n","protected":false},"excerpt":{"rendered":"<p>Prawnicy w Chicago ds. wiz EB-5 Rz\u0105d Stan\u00f3w Zjednoczonych stara si\u0119 promowa\u0107 inwestycje, oferuj\u0105c program \u201eEB-5\u201d jako spos\u00f3b na uzyskanie przez cudzoziemc\u00f3w sta\u0142ego pobytu w USA. Wiza ta dotyczy os\u00f3b, kt\u00f3re zainwestuj\u0105 1 000 000 dolar\u00f3w (lub 500 000 dolar\u00f3w, je\u015bli obszar inwestycji jest uznany za TEA, czyli obszar docelowego zatrudnienia) w nowe przedsi\u0119wzi\u0119cie komercyjne &hellip; <\/p>\n<p class=\"link-more\"><a href=\"https:\/\/krilaw.com\/pl\/services\/chicagowscy-prawnicy-imigracyjni-ds-sponsorowania-w-oparciu-o-zatrudnienie\/eb-5\/\" class=\"more-link\">Czytaj dalej<span class=\"screen-reader-text\"> \u201eEb-5\u201d<\/span><\/a><\/p>\n","protected":false},"author":50,"featured_media":8332,"parent":8325,"menu_order":0,"comment_status":"closed","ping_status":"closed","template":"","meta":{"_acf_changed":false,"_oasis_is_in_workflow":0,"_oasis_original":0,"_oasis_task_priority":"","footnotes":""},"class_list":["post-8331","page","type-page","status-publish","has-post-thumbnail","hentry","entry"],"acf":[],"_links":{"self":[{"href":"https:\/\/krilaw.com\/pl\/wp-json\/wp\/v2\/pages\/8331","targetHints":{"allow":["GET"]}}],"collection":[{"href":"https:\/\/krilaw.com\/pl\/wp-json\/wp\/v2\/pages"}],"about":[{"href":"https:\/\/krilaw.com\/pl\/wp-json\/wp\/v2\/types\/page"}],"author":[{"embeddable":true,"href":"https:\/\/krilaw.com\/pl\/wp-json\/wp\/v2\/users\/50"}],"replies":[{"embeddable":true,"href":"https:\/\/krilaw.com\/pl\/wp-json\/wp\/v2\/comments?post=8331"}],"version-history":[{"count":1,"href":"https:\/\/krilaw.com\/pl\/wp-json\/wp\/v2\/pages\/8331\/revisions"}],"predecessor-version":[{"id":8333,"href":"https:\/\/krilaw.com\/pl\/wp-json\/wp\/v2\/pages\/8331\/revisions\/8333"}],"up":[{"embeddable":true,"href":"https:\/\/krilaw.com\/pl\/wp-json\/wp\/v2\/pages\/8325"}],"wp:featuredmedia":[{"embeddable":true,"href":"https:\/\/krilaw.com\/pl\/wp-json\/wp\/v2\/media\/8332"}],"wp:attachment":[{"href":"https:\/\/krilaw.com\/pl\/wp-json\/wp\/v2\/media?parent=8331"}],"curies":[{"name":"wp","href":"https:\/\/api.w.org\/{rel}","templated":true}]}}