{"id":8334,"date":"2024-11-12T10:47:09","date_gmt":"2024-11-12T16:47:09","guid":{"rendered":"https:\/\/krilaw.com\/?page_id=8334"},"modified":"2024-11-12T10:47:09","modified_gmt":"2024-11-12T16:47:09","slug":"inwestorzy-i-przedsiebiorcy","status":"publish","type":"page","link":"https:\/\/krilaw.com\/pl\/services\/chicagowscy-prawnicy-imigracyjni-ds-sponsorowania-w-oparciu-o-zatrudnienie\/inwestorzy-i-przedsiebiorcy\/","title":{"rendered":"Inwestorzy i Przedsi\u0119biorcy"},"content":{"rendered":"<h1>Chicagowski Adwokat Imigracyjny dla Inwestor\u00f3w i Przedsi\u0119biorc\u00f3w<\/h1>\n<p>Je\u015bli jeste\u015b obcokrajowcem i chcesz rozpocz\u0105\u0107 rozpocz\u0105\u0107 dzia\u0142alno\u015b\u0107 gospodarcz\u0105\u00a0 w Stanach Zjednoczonych, stajesz przed wieloma skomplikowanymi wymogami prawnymi i przepisami dotycz\u0105cymi imigracji. Jedn\u0105\u00a0 z najwa\u017cniejszych decyzji, kt\u00f3r\u0105 musisz podj\u0105\u0107, jest<a href=\"http:\/\/krilaw.com\/services\/employment-based-representation-counseling-for-businesses-and-individuals\/non-immigrant-visas\/\"> wyb\u00f3r odpowiedniego rodzaju wizy<\/a>, aby\u015b m\u00f3g\u0142 legalnie przebywa\u0107 i pracowa\u0107 w USA. W chicagowskiej kancelarii imigracyjnej Kriezelman Burton &amp; Associates, LLC regularnie pomagamy w\u0142a\u015bcicielom firm i inwestorom w ich procesie imigracyjnym, aby mogli uzyska\u0107 odpowiedni\u0105 wiz\u0119 w mo\u017cliwie najbardziej efektywny spos\u00f3b. Poni\u017cej przedstawiamy niekt\u00f3re z opcji, kt\u00f3re realizujemy w imieniu naszych klient\u00f3w-inwestor\u00f3w i przedsi\u0119biorc\u00f3w.<\/p>\n<h2>Wiza E-2 dla Inwestor\u00f3w Traktatowych<\/h2>\n<p><a href=\"http:\/\/www.uscis.gov\/working-united-states\/temporary-workers\/e-2-treaty-investors\" target=\"_blank\" rel=\"noopener\">Ten rodzaj wizy<\/a> jest wykorzystywany przez wielu zagranicznych w\u0142a\u015bcicieli firm, kt\u00f3rzy chc\u0105 prowadzi\u0107 swoj\u0105 dzia\u0142alno\u015b\u0107 w USA. Do podstawowych wymaga\u0144 dla tego typu wizy nale\u017c\u0105:<\/p>\n<ul>\n<li>Pochodzenie z <a href=\"http:\/\/travel.state.gov\/content\/visas\/english\/fees\/treaty.html\" target=\"_blank\" rel=\"noopener\">jednego z kraj\u00f3w, kt\u00f3re ma podpisany traktat z USA<\/a>;<\/li>\n<li>Zainwestowanie okre\u015blonej kwoty kapita\u0142u w rzeczywiste przedsi\u0119wzi\u0119cie biznesowe\u00a0 w\u00a0\u00a0 USA. Wymagana kwota inwestycji zale\u017cy od rodzaju przedsi\u0119wzi\u0119cia i musi by\u0107 znacz\u0105ca w stosunku do ca\u0142kowitego kosztu przedsi\u0119wzi\u0119cia;<\/li>\n<li>Motywacja do przyjazdu do USA, kt\u00f3ra jest bezpo\u015brednio zwi\u0105zana z dzia\u0142alno\u015bci\u0105 gospodarcz\u0105. Mo\u017cna to wykaza\u0107 posiadaj\u0105c co najmniej po\u0142ow\u0119 udzia\u0142\u00f3w w firmie lub pe\u0142ni\u0105c funkcj\u0119 kierownicz\u0105 lub inn\u0105 rol\u0119 w kierowaniu jej dzia\u0142alno\u015bci\u0105.<\/li>\n<\/ul>\n<p>Niekt\u00f3re korzy\u015bci wynikaj\u0105ce z tego rodzaju wizy s\u0105 takie, \u017ce Tw\u00f3j wsp\u00f3\u0142ma\u0142\u017conek i dzieci poni\u017cej 21 roku \u017cycia mog\u0105 r\u00f3wnie\u017c otrzyma\u0107 wizy w zale\u017cno\u015bci od Twojego statusu. Ten rodzaj wizy jest bezterminowo odnawialny, o ile spe\u0142niasz warunki;\u00a0 nie pomaga to jednak w uzyskaniu zielonej karty.<\/p>\n<h2>Program EB-5 dla inwestor\u00f3w imigrant\u00f3w<\/h2>\n<p>Ten rodzaj wizy jest cz\u0119sto nazywany wiz\u0105 za milion dolar\u00f3w ze wzgl\u0119du na wymagan\u0105 du\u017c\u0105 kwot\u0119 inwestycji biznesowej. Na przyk\u0142ad uzyskanie EB-5 wymaga zainwestowania co najmniej 500 000 dolar\u00f3w na obszarach wiejskich lub 1 000 000 dolar\u00f3w na obszarach miejskich. Inwestycja musi by\u0107 aktywna i musi dotyczy\u0107 nowego lub istniej\u0105cego legalnego przedsi\u0119biorstwa. Nale\u017cy tak\u017ce wykaza\u0107, \u017ce ta inwestycja i\/lub biznes stworzy lub przyczyni si\u0119 do powstania co najmniej dziesi\u0119ciu miejsc pracy w okre\u015blonym czasie. Wiza ta mo\u017ce prowadzi\u0107 do uzyskania zielonych kart dla ciebie i twojej rodziny; wymaga jednak znacznego kapita\u0142u, aby si\u0119 zakwalifikowa\u0107.<\/p>\n<h2>Inne opcje dla inwestor\u00f3w i przedsi\u0119biorc\u00f3w<\/h2>\n<p>Je\u015bli \u017cadna z powy\u017cszych opcji nie jest dla Ciebie odpowiednia, istnieje wiele innych opcji, kt\u00f3re nasi prawnicy sprawdz\u0105, aby pom\u00f3c Ci w rozpocz\u0119ciu prowadzenia dzia\u0142alno\u015bci gospodarczej w USA. Mog\u0105 to by\u0107 mi\u0119dzy innymi wizy <a href=\"http:\/\/krilaw.com\/services\/employment-based-representation-counseling-for-businesses-and-individuals\/h-1b-other-non-immigrant-visas\/\">\u00a0H1-B<\/a> oraz L-1. Opracowujemy unikalne rozwi\u0105zania imigracyjne, kt\u00f3re pomog\u0105 Ci odnie\u015b\u0107 sukces w Twoich przedsi\u0119wzi\u0119ciach w USA.<\/p>\n<h2>Om\u00f3w swoje dost\u0119pne opcje z chicagowskim adwokatem imigracyjnym dla inwestor\u00f3w i przedsi\u0119biorc\u00f3w<\/h2>\n<p>Je\u015bli jeste\u015b zagranicznym inwestorem lub przedsi\u0119biorc\u0105 planuj\u0105cym prowadzenie dzia\u0142alno\u015bci gospodarczej w USA, Twoim pierwszym krokiem powinno by\u0107 om\u00f3wienie wszystkich r\u00f3\u017cnych opcji prawnych dotycz\u0105cych wiz z do\u015bwiadczonym prawnikiem imigracyjnym. W kancelarii <a href=\"http:\/\/krilaw.com\/about\/\">Kriezelman Burton &amp; Associates, LLC<\/a> w Chicago nasz zesp\u00f3\u0142 adwokacki pom\u00f3g\u0142 wielu inwestorom i przedsi\u0119biorcom\u00a0 przenie\u015b\u0107 z sukcesem swoj\u0105 dzia\u0142alno\u015b\u0107 do USA lub zainwestowa\u0107 w istniej\u0105c\u0105 firm\u0119 w USA. Je\u015bli jeste\u015b inwestorem lub w\u0142a\u015bcicielem firmy, nie wahaj si\u0119<a href=\"https:\/\/krilaw.com\/contact\/\"> zadzwoni\u0107 do naszego biura<\/a> pod numer 312-332-2550, aby dowiedzie\u0107 si\u0119, w jaki spos\u00f3b nasz zesp\u00f3\u0142 prawny mo\u017ce Ci pom\u00f3c.<\/p>\n","protected":false},"excerpt":{"rendered":"<p>Chicagowski Adwokat Imigracyjny dla Inwestor\u00f3w i Przedsi\u0119biorc\u00f3w Je\u015bli jeste\u015b obcokrajowcem i chcesz rozpocz\u0105\u0107 rozpocz\u0105\u0107 dzia\u0142alno\u015b\u0107 gospodarcz\u0105\u00a0 w Stanach Zjednoczonych, stajesz przed wieloma skomplikowanymi wymogami prawnymi i przepisami dotycz\u0105cymi imigracji. Jedn\u0105\u00a0 z najwa\u017cniejszych decyzji, kt\u00f3r\u0105 musisz podj\u0105\u0107, jest wyb\u00f3r odpowiedniego rodzaju wizy, aby\u015b m\u00f3g\u0142 legalnie przebywa\u0107 i pracowa\u0107 w USA. W chicagowskiej kancelarii imigracyjnej Kriezelman Burton &hellip; <\/p>\n<p class=\"link-more\"><a href=\"https:\/\/krilaw.com\/pl\/services\/chicagowscy-prawnicy-imigracyjni-ds-sponsorowania-w-oparciu-o-zatrudnienie\/inwestorzy-i-przedsiebiorcy\/\" class=\"more-link\">Czytaj dalej<span class=\"screen-reader-text\"> \u201eInwestorzy i Przedsi\u0119biorcy\u201d<\/span><\/a><\/p>\n","protected":false},"author":50,"featured_media":8335,"parent":8325,"menu_order":0,"comment_status":"closed","ping_status":"closed","template":"","meta":{"_acf_changed":false,"_oasis_is_in_workflow":0,"_oasis_original":0,"_oasis_task_priority":"","footnotes":""},"class_list":["post-8334","page","type-page","status-publish","has-post-thumbnail","hentry","entry"],"acf":[],"_links":{"self":[{"href":"https:\/\/krilaw.com\/pl\/wp-json\/wp\/v2\/pages\/8334","targetHints":{"allow":["GET"]}}],"collection":[{"href":"https:\/\/krilaw.com\/pl\/wp-json\/wp\/v2\/pages"}],"about":[{"href":"https:\/\/krilaw.com\/pl\/wp-json\/wp\/v2\/types\/page"}],"author":[{"embeddable":true,"href":"https:\/\/krilaw.com\/pl\/wp-json\/wp\/v2\/users\/50"}],"replies":[{"embeddable":true,"href":"https:\/\/krilaw.com\/pl\/wp-json\/wp\/v2\/comments?post=8334"}],"version-history":[{"count":1,"href":"https:\/\/krilaw.com\/pl\/wp-json\/wp\/v2\/pages\/8334\/revisions"}],"predecessor-version":[{"id":8336,"href":"https:\/\/krilaw.com\/pl\/wp-json\/wp\/v2\/pages\/8334\/revisions\/8336"}],"up":[{"embeddable":true,"href":"https:\/\/krilaw.com\/pl\/wp-json\/wp\/v2\/pages\/8325"}],"wp:featuredmedia":[{"embeddable":true,"href":"https:\/\/krilaw.com\/pl\/wp-json\/wp\/v2\/media\/8335"}],"wp:attachment":[{"href":"https:\/\/krilaw.com\/pl\/wp-json\/wp\/v2\/media?parent=8334"}],"curies":[{"name":"wp","href":"https:\/\/api.w.org\/{rel}","templated":true}]}}