{"id":8340,"date":"2024-11-12T10:58:11","date_gmt":"2024-11-12T16:58:11","guid":{"rendered":"https:\/\/krilaw.com\/?page_id=8340"},"modified":"2025-10-31T10:28:37","modified_gmt":"2025-10-31T15:28:37","slug":"pielegniarki","status":"publish","type":"page","link":"https:\/\/krilaw.com\/pl\/services\/chicagowscy-prawnicy-imigracyjni-ds-sponsorowania-w-oparciu-o-zatrudnienie\/pielegniarki\/","title":{"rendered":"Piel\u0119gniarki"},"content":{"rendered":"<h1>Chicagowscy prawnicy imigracyjni dla piel\u0119gniarek<\/h1>\n<p>Prawo imigracyjne uznaje, \u017ce w Stanach Zjednoczonych wyst\u0119puje niedob\u00f3r piel\u0119gniarek i fizjoterapeut\u00f3w, kt\u00f3rzy s\u0105 uwa\u017cani za specjalist\u00f3w z grupy A. Dlatego te\u017c piel\u0119gniarki i fizjoterapeuci nie musz\u0105 poddawa\u0107 si\u0119 tradycyjnemu testowi rynku pracy wymaganego w przypadku wi\u0119kszo\u015bci innych stanowisk. Je\u015bli piel\u0119gniarka lub fizjoterapeuta ma pracodawc\u0119, kt\u00f3ry chce ich sponsorowa\u0107 na<a href=\"http:\/\/krilaw.com\/services\/immigration\/permanent-residency\/\"> sta\u0142y pobyt<\/a>, mog\u0105 z\u0142o\u017cy\u0107 wniosek wizowy bezpo\u015brednio w USCIS pomijaj\u0105c <a href=\"http:\/\/krilaw.com\/services\/employment-based-representation-counseling-for-businesses-and-individuals\/perm-labor-certification\/\">proces certyfikacji pracy<\/a>. Niemniej jednak, przed z\u0142o\u017ceniem wniosk\u00f3w musz\u0105 zosta\u0107 spe\u0142nione okre\u015blone wymagania.<\/p>\n<p>Od piel\u0119gniarek wymaga si\u0119 posiadania pe\u0142nej licencji lub mo\u017cliwo\u015bci uzyskania pe\u0142nej licencji w Stanach Zjednoczonych przed rozpocz\u0119ciem <a href=\"http:\/\/krilaw.com\/services\/employment-based-representation-counseling-for-businesses-and-individuals\/immigrant-visas\/\">procesu sk\u0142adania podania o wiz\u0119<\/a>.<\/p>\n","protected":false},"excerpt":{"rendered":"<p>Chicagowscy prawnicy imigracyjni dla piel\u0119gniarek Prawo imigracyjne uznaje, \u017ce w Stanach Zjednoczonych wyst\u0119puje niedob\u00f3r piel\u0119gniarek i fizjoterapeut\u00f3w, kt\u00f3rzy s\u0105 uwa\u017cani za specjalist\u00f3w z grupy A. Dlatego te\u017c piel\u0119gniarki i fizjoterapeuci nie musz\u0105 poddawa\u0107 si\u0119 tradycyjnemu testowi rynku pracy wymaganego w przypadku wi\u0119kszo\u015bci innych stanowisk. Je\u015bli piel\u0119gniarka lub fizjoterapeuta ma pracodawc\u0119, kt\u00f3ry chce ich sponsorowa\u0107 na &hellip; <\/p>\n<p class=\"link-more\"><a href=\"https:\/\/krilaw.com\/pl\/services\/chicagowscy-prawnicy-imigracyjni-ds-sponsorowania-w-oparciu-o-zatrudnienie\/pielegniarki\/\" class=\"more-link\">Czytaj dalej<span class=\"screen-reader-text\"> \u201ePiel\u0119gniarki\u201d<\/span><\/a><\/p>\n","protected":false},"author":50,"featured_media":8341,"parent":8325,"menu_order":2,"comment_status":"closed","ping_status":"closed","template":"","meta":{"_acf_changed":false,"_oasis_is_in_workflow":0,"_oasis_original":0,"_oasis_task_priority":"","footnotes":""},"class_list":["post-8340","page","type-page","status-publish","has-post-thumbnail","hentry","entry"],"acf":[],"_links":{"self":[{"href":"https:\/\/krilaw.com\/pl\/wp-json\/wp\/v2\/pages\/8340","targetHints":{"allow":["GET"]}}],"collection":[{"href":"https:\/\/krilaw.com\/pl\/wp-json\/wp\/v2\/pages"}],"about":[{"href":"https:\/\/krilaw.com\/pl\/wp-json\/wp\/v2\/types\/page"}],"author":[{"embeddable":true,"href":"https:\/\/krilaw.com\/pl\/wp-json\/wp\/v2\/users\/50"}],"replies":[{"embeddable":true,"href":"https:\/\/krilaw.com\/pl\/wp-json\/wp\/v2\/comments?post=8340"}],"version-history":[{"count":1,"href":"https:\/\/krilaw.com\/pl\/wp-json\/wp\/v2\/pages\/8340\/revisions"}],"predecessor-version":[{"id":8342,"href":"https:\/\/krilaw.com\/pl\/wp-json\/wp\/v2\/pages\/8340\/revisions\/8342"}],"up":[{"embeddable":true,"href":"https:\/\/krilaw.com\/pl\/wp-json\/wp\/v2\/pages\/8325"}],"wp:featuredmedia":[{"embeddable":true,"href":"https:\/\/krilaw.com\/pl\/wp-json\/wp\/v2\/media\/8341"}],"wp:attachment":[{"href":"https:\/\/krilaw.com\/pl\/wp-json\/wp\/v2\/media?parent=8340"}],"curies":[{"name":"wp","href":"https:\/\/api.w.org\/{rel}","templated":true}]}}