{"id":8352,"date":"2024-11-12T15:29:08","date_gmt":"2024-11-12T21:29:08","guid":{"rendered":"https:\/\/krilaw.com\/?page_id=8352"},"modified":"2025-10-31T10:29:28","modified_gmt":"2025-10-31T15:29:28","slug":"wiza-nieimigracyjna","status":"publish","type":"page","link":"https:\/\/krilaw.com\/pl\/services\/chicagowscy-prawnicy-imigracyjni-ds-sponsorowania-w-oparciu-o-zatrudnienie\/wiza-nieimigracyjna\/","title":{"rendered":"Wiza nieimigracyjna"},"content":{"rendered":"<h1>Prawnicy w Chicago ds. wiz nieimigracyjnych<\/h1>\n<p><a href=\"http:\/\/www.uscis.gov\/tools\/glossary\/nonimmigrant\" target=\"_blank\" rel=\"noopener\">Wizy nieimigracyjne <\/a>\u00a0to wizy wydawane osobom, kt\u00f3re chc\u0105 przyby\u0107 do Stan\u00f3w Zjednoczonych tymczasowo. Aby uzyska\u0107 wiz\u0119 nieimigracyjn\u0105, dana osoba musi mie\u0107 konkretny pow\u00f3d, aby przebywa\u0107 w Stanach Zjednoczonych. Wizy te mog\u0105 by\u0107 wydawane na nauk\u0119, prac\u0119, turystyk\u0119 lub pobyt z rodzin\u0105. Poni\u017cej om\u00f3wiono niekt\u00f3re z cz\u0119\u015bciej wydawanych wiz nieimigracyjnych, ze szczeg\u00f3lnym uwzgl\u0119dnieniem <a href=\"https:\/\/krilaw.com\/services\/employment-based-representation-counseling-for-businesses-and-individuals\/h-1b-other-non-immigrant-visas\/\">wizy H-1B<\/a> dla pracownik\u00f3w specjalistycznych.<\/p>\n<h2>Rodzaje wiz nieimigracyjnych<\/h2>\n<p>Dla os\u00f3b nieb\u0119d\u0105cych imigrantami dost\u0119pnych jest wiele wiz przeznaczonych do r\u00f3\u017cnych cel\u00f3w, takich jak :<\/p>\n<ul>\n<li>Wizyty biznesowe<\/li>\n<li>Wizyty turystyczne lub w celach leczniczych<\/li>\n<li>Studia akademickie lub j\u0119zykowe<\/li>\n<li>Ma\u0142\u017conkowie student\u00f3w<\/li>\n<li>Podr\u00f3\u017cuj\u0105cy tranzytem obcokrajowcy<\/li>\n<li>Cz\u0142onkowie za\u0142ogi i obs\u0142ugi statk\u00f3w lub samolot\u00f3w<\/li>\n<li>Niekt\u00f3rzy pracownicy przenoszeni wewn\u0105trz firmy<\/li>\n<li>Pracownicy religijni<\/li>\n<li>Uczestnicy program\u00f3w wymiany<\/li>\n<li>Arty\u015bci\u00a0 i ludzie sektora rozrywki\n<p>Ustawa o Imigracji i Obywatelstwie przewiduje szereg r\u00f3\u017cnych klasyfikacji os\u00f3b nieb\u0119d\u0105cych imigrantami, kt\u00f3re mog\u0105 wjecha\u0107 do Stan\u00f3w Zjednoczonych na okre\u015blony czas. R\u00f3\u017cni\u0105 si\u0119 one od wiz imigracyjnych tym, \u017ce imigrant zazwyczaj chce pozosta\u0107 w Stanach Zjednoczonych pewien okres czasu. Wizy te niekoniecznie prowadz\u0105 do uzyskania statusu sta\u0142ego rezydenta.<\/li>\n<\/ul>\n<p>Kongres wyznaczy\u0142 te wizy dla okre\u015blonych rodzaj\u00f3w os\u00f3b i pracownik\u00f3w przybywaj\u0105cych do Stan\u00f3w Zjednoczonych. Wizy te r\u00f3\u017cni\u0105 si\u0119 znacznie w zale\u017cno\u015bci od oferowanego stanowiska, poziomu do\u015bwiadczenia w danej dziedzinie, wcze\u015bniejszych osi\u0105gni\u0119\u0107 oraz wykszta\u0142cenia pracownika zagranicznego. Przedstawili\u015bmy opis najpopularniejszych rodzaj\u00f3w wiz nieimigracyjnych. Nasza kancelaria zajmuje si\u0119 nie tylko wymienionymi, ale tak\u017ce wszystkimi innymi wizami nieimigracyjnymi dla pracownik\u00f3w zagranicznych i ich pracodawc\u00f3w.<\/p>\n<h2>Rodzaje wiz nieimigracyjnych dla pracownik\u00f3w zagranicznych i ich pracodawc\u00f3w<\/h2>\n<ul>\n<li><a href=\"https:\/\/krilaw.com\/services\/employment-based-representation-counseling-for-businesses-and-individuals\/non-immigrant-visas\/b-1-b-2\/\">Wiza B-1\/B-2 dla odwiedzaj\u0105cych\/biznesowa<br \/>\n<\/a><\/li>\n<li><a href=\"https:\/\/krilaw.com\/services\/employment-based-representation-counseling-for-businesses-and-individuals\/non-immigrant-visas\/e-visas\/\">Wiza E dla inwestor\u00f3w\/handlowc\u00f3w obj\u0119tych traktatem<\/a><\/li>\n<li><a href=\"https:\/\/krilaw.com\/services\/employment-based-representation-counseling-for-businesses-and-individuals\/non-immigrant-visas\/f-1-visa\/\">Wiza studencka F-1<br \/>\n<\/a><\/li>\n<li><a href=\"https:\/\/krilaw.com\/services\/employment-based-representation-counseling-for-businesses-and-individuals\/non-immigrant-visas\/h-visas\/\">Wizy H<br \/>\n<\/a><\/li>\n<li><a href=\"https:\/\/krilaw.com\/services\/employment-based-representation-counseling-for-businesses-and-individuals\/non-immigrant-visas\/i-visa\/\">Wiza I<br \/>\n<\/a><\/li>\n<li><a href=\"https:\/\/krilaw.com\/services\/employment-based-representation-counseling-for-businesses-and-individuals\/non-immigrant-visas\/l-visas\/\">Wiza L<br \/>\n<\/a><\/li>\n<li><a href=\"https:\/\/krilaw.com\/services\/employment-based-representation-counseling-for-businesses-and-individuals\/non-immigrant-visas\/o-visa\/\">Wiza O<br \/>\n<\/a><\/li>\n<li><a href=\"https:\/\/krilaw.com\/services\/employment-based-representation-counseling-for-businesses-and-individuals\/non-immigrant-visas\/p-visa\/\">Wiza P\n<p><\/a><\/li>\n<\/ul>\n<h2>Skontaktuj si\u0119 z prawnikiem ds. wiz nieimigracyjnych ju\u017c dzi\u015b, aby um\u00f3wi\u0107 si\u0119 na konsultacj\u0119<\/h2>\n<p>Uzyskanie wizy nieimigracyjnej dla siebie lub pracownika mo\u017ce by\u0107 skomplikowanym zadaniem i wi\u0105za\u0107 si\u0119 z wieloma potencjalnymi problemami. Z tego powodu niezwykle wa\u017cne jest, aby ka\u017cda osoba ubiegaj\u0105ca si\u0119 o wiz\u0119 H-1B lub inny rodzaj wizy nieimigracyjnej om\u00f3wi\u0142a swoj\u0105 sytuacj\u0119 z<a href=\"https:\/\/krilaw.com\/pl\/o-firmie\/\"> do\u015bwiadczonym prawnikiem<\/a>. Prawnicy kancelarii Kriezelman Burton &amp; Associates, LLC ds. wiz nieimigracyjnych\u00a0 s\u0105 g\u0142\u0119boko zaanga\u017cowani w zapewnianie profesjonalnego i zdecydowanego doradztwa prawnego oraz reprezentacji osobom maj\u0105cym problemy zwi\u0105zane z prawem imigracyjnym. Aby um\u00f3wi\u0107 si\u0119 na konsultacj\u0119 z jednym z naszych prawnik\u00f3w, zadzwo\u0144 do naszego biura ju\u017c dzi\u015b pod numer 312-332-2550.<\/p>\n<h2>Najcz\u0119\u015bciej zadawane pytania dotycz\u0105ce wiz nieimigracyjnych<\/h2>\n","protected":false},"excerpt":{"rendered":"<p>Prawnicy w Chicago ds. wiz nieimigracyjnych Wizy nieimigracyjne \u00a0to wizy wydawane osobom, kt\u00f3re chc\u0105 przyby\u0107 do Stan\u00f3w Zjednoczonych tymczasowo. Aby uzyska\u0107 wiz\u0119 nieimigracyjn\u0105, dana osoba musi mie\u0107 konkretny pow\u00f3d, aby przebywa\u0107 w Stanach Zjednoczonych. Wizy te mog\u0105 by\u0107 wydawane na nauk\u0119, prac\u0119, turystyk\u0119 lub pobyt z rodzin\u0105. Poni\u017cej om\u00f3wiono niekt\u00f3re z cz\u0119\u015bciej wydawanych wiz nieimigracyjnych, &hellip; <\/p>\n<p class=\"link-more\"><a href=\"https:\/\/krilaw.com\/pl\/services\/chicagowscy-prawnicy-imigracyjni-ds-sponsorowania-w-oparciu-o-zatrudnienie\/wiza-nieimigracyjna\/\" class=\"more-link\">Czytaj dalej<span class=\"screen-reader-text\"> \u201eWiza nieimigracyjna\u201d<\/span><\/a><\/p>\n","protected":false},"author":50,"featured_media":8353,"parent":8325,"menu_order":13,"comment_status":"closed","ping_status":"closed","template":"","meta":{"_acf_changed":false,"_oasis_is_in_workflow":0,"_oasis_original":0,"_oasis_task_priority":"","footnotes":""},"class_list":["post-8352","page","type-page","status-publish","has-post-thumbnail","hentry","entry"],"acf":[],"_links":{"self":[{"href":"https:\/\/krilaw.com\/pl\/wp-json\/wp\/v2\/pages\/8352","targetHints":{"allow":["GET"]}}],"collection":[{"href":"https:\/\/krilaw.com\/pl\/wp-json\/wp\/v2\/pages"}],"about":[{"href":"https:\/\/krilaw.com\/pl\/wp-json\/wp\/v2\/types\/page"}],"author":[{"embeddable":true,"href":"https:\/\/krilaw.com\/pl\/wp-json\/wp\/v2\/users\/50"}],"replies":[{"embeddable":true,"href":"https:\/\/krilaw.com\/pl\/wp-json\/wp\/v2\/comments?post=8352"}],"version-history":[{"count":4,"href":"https:\/\/krilaw.com\/pl\/wp-json\/wp\/v2\/pages\/8352\/revisions"}],"predecessor-version":[{"id":10879,"href":"https:\/\/krilaw.com\/pl\/wp-json\/wp\/v2\/pages\/8352\/revisions\/10879"}],"up":[{"embeddable":true,"href":"https:\/\/krilaw.com\/pl\/wp-json\/wp\/v2\/pages\/8325"}],"wp:featuredmedia":[{"embeddable":true,"href":"https:\/\/krilaw.com\/pl\/wp-json\/wp\/v2\/media\/8353"}],"wp:attachment":[{"href":"https:\/\/krilaw.com\/pl\/wp-json\/wp\/v2\/media?parent=8352"}],"curies":[{"name":"wp","href":"https:\/\/api.w.org\/{rel}","templated":true}]}}