{"id":8358,"date":"2024-11-12T15:34:40","date_gmt":"2024-11-12T21:34:40","guid":{"rendered":"https:\/\/krilaw.com\/?page_id=8358"},"modified":"2025-10-31T10:30:14","modified_gmt":"2025-10-31T15:30:14","slug":"wiza-dla-malzonka-narzeczonego","status":"publish","type":"page","link":"https:\/\/krilaw.com\/pl\/services\/chicagowscy-prawnicy-imigracyjni-ds-sponsorowania-w-oparciu-o-zatrudnienie\/wiza-nieimigracyjna\/wiza-dla-malzonka-narzeczonego\/","title":{"rendered":"Wiza dla ma\u0142\u017conka\/narzeczonego"},"content":{"rendered":"<h1>Chicagowscy prawnicy ds. wiz dla ma\u0142\u017conk\u00f3w\/narzeczonych<\/h1>\n<p>Imigracja w oparciu o wi\u0119zy rodzinne stanowi wa\u017cny element naszego og\u00f3lnego systemu imigracyjnego. Je\u015bli jeste\u015b obywatelem ameryka\u0144skim b\u0119d\u0105cym w zwi\u0105zku ma\u0142\u017ce\u0144skim lub zar\u0119czonym z zagranicznym partnerem, dost\u0119pne s\u0105 pewne opcje imigracyjne. Jednak poruszanie si\u0119 w tym procesie jest niezwykle skomplikowane. Mo\u017ce ono by\u0107 frustruj\u0105ce, dezorientuj\u0105ce i og\u00f3lnie przyt\u0142aczaj\u0105ce dla wnioskodawc\u00f3w.<\/p>\n<p>W Kriezelman Burton &amp; Associates, LLC mamy znaczne do\u015bwiadczenie w prowadzeniu spraw imigracyjnych opartych na ma\u0142\u017ce\u0144stwie. Nasi najwy\u017cej rangi <a href=\"http:\/\/krilaw.com\/attorney-profiles\/\">chicagowscy prawnicy ds. wiz\u00a0 dla wsp\u00f3\u0142ma\u0142\u017conka\/narzeczonego <\/a>\u00a0po\u015bwi\u0119caj\u0105 du\u017co uwagi w pomaganiu naszym klientom w znalezieniu najlepszego mo\u017cliwego rozwi\u0105zania imigracyjnego dla nich samych, ich partner\u00f3w i rodzin.<\/p>\n<h2>Twoje mo\u017cliwo\u015bci sprowadzenia ma\u0142\u017conka lub narzeczonego do Stan\u00f3w Zjednoczonych<\/h2>\n<p>Wizy K-1: Wiza K-1 (znana r\u00f3wnie\u017c jako wiza narzecze\u0144ska) mo\u017ce zosta\u0107 wykorzystana do sprowadzenia przysz\u0142ego ma\u0142\u017conka do Stan\u00f3w Zjednoczonych. Wiza K-1 to wiza nieimigracyjna, kt\u00f3ra legalnie pozwala narzeczonemu obywatela ameryka\u0144skiego na przyjazd do USA na okres 90 dni. W tym czasie posiadacz wizy K-1 musi po\u015blubi\u0107 swojego partnera b\u0119d\u0105cego obywatelem ameryka\u0144skim. Ostatecznie posiadacz wizy b\u0119dzie m\u00f3g\u0142 ubiega\u0107 si\u0119 o status prawny sta\u0142ego rezydenta USA. Aby m\u00f3c ubiega\u0107 si\u0119 o wiz\u0119 K-1, nale\u017cy spe\u0142ni\u0107 trzy podstawowe wymagania:<\/p>\n<ul>\n<li>Dana para pozna\u0142a si\u0119 w ci\u0105gu ostatnich dw\u00f3ch lat, lub odst\u0105pienie od tej zasady musi zosta\u0107 zatwierdzone przez USCIS;<\/li>\n<li>Para ta musi mie\u0107 uzasadniony zamiar zawarcia ma\u0142\u017ce\u0144stwa w dobrej wierze;<\/li>\n<li>Para ta musi legalnie m\u00f3c zawrze\u0107 zwi\u0105zek ma\u0142\u017ce\u0144ski zgodnie z prawem Stan\u00f3w Zjednoczonych w ci\u0105gu 90 dni od przybycia potencjalnego posiadacza wizy K-1.<\/li>\n<\/ul>\n<p>Wizy K-3 (wiza IR-1 i wiza CR-1): Je\u015bli jeste\u015b obywatelem ameryka\u0144skim i jeste\u015b ju\u017c w zwi\u0105zku ma\u0142\u017ce\u0144skim z zagranicznym ma\u0142\u017conkiem, masz wiele mo\u017cliwo\u015bci legalnego sprowadzenia swojego partnera do kraju. Po pierwsze, mo\u017cesz ubiega\u0107 si\u0119 o wiz\u0119 imigracyjn\u0105 dla swojego ma\u0142\u017conka:<a href=\"https:\/\/travel.state.gov\/content\/visas\/en\/immigrate\/family\/immediate-relative.html\" target=\"_blank\" rel=\"noopener\"> wiz\u0119 IR-1 lub wiz\u0119 CR-1<\/a>. Mo\u017cesz tak\u017ce\u00a0 ubiega\u0107 si\u0119 o status prawny dla swojego wsp\u00f3\u0142ma\u0142\u017conka poprzez z\u0142o\u017cenie wniosku o wiz\u0119 K-3. Wiza K-3 jest wiz\u0105 nieimigracyjn\u0105, kt\u00f3ra w niekt\u00f3rych przypadkach mo\u017ce pom\u00f3c przyspieszy\u0107 ten proces. W szczeg\u00f3lno\u015bci wiza K-3 mo\u017ce zosta\u0107 wydana w innym kraju, w kt\u00f3rym ma\u0142\u017ce\u0144stwo zosta\u0142o zawarte, dzi\u0119ki czemu posiadacz wizy mo\u017ce przyjecha\u0107 i zamieszka\u0107 w Stanach Zjednoczonych, zamiast czeka\u0107 na rozpatrzenie wizy imigracyjnej. Jest to wa\u017cne, poniewa\u017c przetwarzanie standardowej wizy imigracyjnej mo\u017ce wymaga\u0107 bardzo d\u0142ugiego czasu. Po przybyciu do Stan\u00f3w Zjednoczonych posiadacz wizy K-3 b\u0119dzie m\u00f3g\u0142 ostatecznie ubiega\u0107 si\u0119 o <a href=\"http:\/\/krilaw.com\/differences-permanent-resident-citizen\/\">\u00a0zmian\u0119 statusu<\/a> poprzez<a href=\"https:\/\/www.uscis.gov\/i-485\" target=\"_blank\" rel=\"noopener\"> Formularz I-485<\/a>.<\/p>\n<h2>Skontaktuj si\u0119 z naszymi chicagowskimi prawnikami imigracyjnymi ju\u017c dzi\u015b<\/h2>\n<p>W<a href=\"https:\/\/krilaw.com\/pl\/o-firmie\/\"> Kriezelman Burton &amp; Associates, LLC<\/a>, mamy bogate do\u015bwiadczenie w obs\u0142udze wiz dla ma\u0142\u017conk\u00f3w\/narzeczonych. Aby dowiedzie\u0107 si\u0119 wi\u0119cej o tym, co mo\u017cemy dla Ciebie zrobi\u0107, <a href=\"https:\/\/krilaw.com\/pl\/8429-2\/\">zadzwo\u0144 do nas ju\u017c teraz<\/a> pod numer <a href=\"tel:3123322550\">(312) 332-2550<\/a>, aby um\u00f3wi\u0107 si\u0119 na poufn\u0105 ocen\u0119 sprawy. Z naszego g\u0142\u00f3wnego biura w Chicago reprezentujemy klient\u00f3w w hrabstwie Cook i ca\u0142ym p\u00f3\u0142nocnym Illinois.<\/p>\n<h2>Najcz\u0119\u015bciej zadawane pytania dotycz\u0105ce wiz dla ma\u0142\u017conk\u00f3w\/narzeczonych<\/h2>\n","protected":false},"excerpt":{"rendered":"<p>Chicagowscy prawnicy ds. wiz dla ma\u0142\u017conk\u00f3w\/narzeczonych Imigracja w oparciu o wi\u0119zy rodzinne stanowi wa\u017cny element naszego og\u00f3lnego systemu imigracyjnego. Je\u015bli jeste\u015b obywatelem ameryka\u0144skim b\u0119d\u0105cym w zwi\u0105zku ma\u0142\u017ce\u0144skim lub zar\u0119czonym z zagranicznym partnerem, dost\u0119pne s\u0105 pewne opcje imigracyjne. Jednak poruszanie si\u0119 w tym procesie jest niezwykle skomplikowane. Mo\u017ce ono by\u0107 frustruj\u0105ce, dezorientuj\u0105ce i og\u00f3lnie przyt\u0142aczaj\u0105ce dla &hellip; <\/p>\n<p class=\"link-more\"><a href=\"https:\/\/krilaw.com\/pl\/services\/chicagowscy-prawnicy-imigracyjni-ds-sponsorowania-w-oparciu-o-zatrudnienie\/wiza-nieimigracyjna\/wiza-dla-malzonka-narzeczonego\/\" class=\"more-link\">Czytaj dalej<span class=\"screen-reader-text\"> \u201eWiza dla ma\u0142\u017conka\/narzeczonego\u201d<\/span><\/a><\/p>\n","protected":false},"author":50,"featured_media":8359,"parent":8352,"menu_order":0,"comment_status":"closed","ping_status":"closed","template":"","meta":{"_acf_changed":false,"_oasis_is_in_workflow":0,"_oasis_original":0,"_oasis_task_priority":"","footnotes":""},"class_list":["post-8358","page","type-page","status-publish","has-post-thumbnail","hentry","entry"],"acf":[],"_links":{"self":[{"href":"https:\/\/krilaw.com\/pl\/wp-json\/wp\/v2\/pages\/8358","targetHints":{"allow":["GET"]}}],"collection":[{"href":"https:\/\/krilaw.com\/pl\/wp-json\/wp\/v2\/pages"}],"about":[{"href":"https:\/\/krilaw.com\/pl\/wp-json\/wp\/v2\/types\/page"}],"author":[{"embeddable":true,"href":"https:\/\/krilaw.com\/pl\/wp-json\/wp\/v2\/users\/50"}],"replies":[{"embeddable":true,"href":"https:\/\/krilaw.com\/pl\/wp-json\/wp\/v2\/comments?post=8358"}],"version-history":[{"count":4,"href":"https:\/\/krilaw.com\/pl\/wp-json\/wp\/v2\/pages\/8358\/revisions"}],"predecessor-version":[{"id":10880,"href":"https:\/\/krilaw.com\/pl\/wp-json\/wp\/v2\/pages\/8358\/revisions\/10880"}],"up":[{"embeddable":true,"href":"https:\/\/krilaw.com\/pl\/wp-json\/wp\/v2\/pages\/8352"}],"wp:featuredmedia":[{"embeddable":true,"href":"https:\/\/krilaw.com\/pl\/wp-json\/wp\/v2\/media\/8359"}],"wp:attachment":[{"href":"https:\/\/krilaw.com\/pl\/wp-json\/wp\/v2\/media?parent=8358"}],"curies":[{"name":"wp","href":"https:\/\/api.w.org\/{rel}","templated":true}]}}