{"id":8361,"date":"2024-11-12T15:38:10","date_gmt":"2024-11-12T21:38:10","guid":{"rendered":"https:\/\/krilaw.com\/?page_id=8361"},"modified":"2025-10-31T10:29:52","modified_gmt":"2025-10-31T15:29:52","slug":"ustawa-o-przemocy-wobec-kobiet","status":"publish","type":"page","link":"https:\/\/krilaw.com\/pl\/services\/chicagowscy-prawnicy-imigracyjni-ds-sponsorowania-w-oparciu-o-zatrudnienie\/wiza-nieimigracyjna\/ustawa-o-przemocy-wobec-kobiet\/","title":{"rendered":"Ustawa o Przemocy wobec Kobiet"},"content":{"rendered":"<h1>Prawnicy VAWA z Chicago<\/h1>\n<p>Osoby, kt\u00f3re pad\u0142y ofiar\u0105 okre\u015blonych przest\u0119pstw lub\u00a0 przemocy domowej mog\u0105 mie\u0107 r\u00f3\u017cne mo\u017cliwo\u015bci pozostania w tym kraju np. poprzez<a href=\"https:\/\/krilaw.com\/services\/immigration-lawyers-chicago\/u-visa\/\"> wiz\u0119 U<\/a> lub samodzielne z\u0142o\u017cenie wniosku na mocy ustawy o przemocy wobec kobiet (VAWA). Ustalenie, do kt\u00f3rego z tych program\u00f3w mo\u017cesz si\u0119 kwalifikowa\u0107, mo\u017ce by\u0107 skomplikowane. W niekt\u00f3rych przypadkach mo\u017cesz nawet kwalifikowa\u0107 si\u0119 do obu program\u00f3w. Poni\u017csze informacje maj\u0105 na celu pom\u00f3c zrozumie\u0107 te dwie opcje oraz w jakich okoliczno\u015bciach lepszym rozwi\u0105zaniem mo\u017ce by\u0107 z\u0142o\u017cenie samodzielnego wniosku w ramach VAWA,\u00a0 a kiedy korzystniejsze by\u0142oby ubieganie si\u0119 o wiz\u0119 U.\u00a0 Aby uzyska\u0107 szczeg\u00f3\u0142owe informacje dotycz\u0105ce Twojej sprawy, koniecznie porozmawiaj z do\u015bwiadczonym <a href=\"http:\/\/krilaw.com\/services\/immigration\/\">prawnikiem imigracyjnym<\/a>.<\/p>\n<h2>Wizy U<\/h2>\n<p>Wizy U to rodzaj<a href=\"http:\/\/krilaw.com\/services\/employment-based-representation-counseling-for-businesses-and-individuals\/non-immigrant-visas\/\"> wiz nieimigracyjnych<\/a> dost\u0119pnych dla ofiar okre\u015blonych przest\u0119pstw, kt\u00f3re dozna\u0142y znacznego uszczerbku psychicznego, fizycznego lub emocjonalnego\u00a0 i kt\u00f3re pomog\u0142y organom \u015bcigania, prokuratorom lub niekt\u00f3rym innym urz\u0119dnikom pa\u0144stwowym. Wizy U pozwalaj\u0105 ich posiadaczom mieszka\u0107 i pracowa\u0107 na terenie Stan\u00f3w Zjednoczonych przez okres czterech lat. W niekt\u00f3rych sytuacjach mo\u017cliwe jest przed\u0142u\u017cenie. Nale\u017cy zwr\u00f3ci\u0107 uwag\u0119, \u017ce co roku dost\u0119pnych jest jedynie 10 000 wiz U dla g\u0142\u00f3wnych wnioskodawc\u00f3w, ale nie ma \u017cadnego limitu dla cz\u0142onk\u00f3w rodziny, kt\u00f3rzy uzyskuj\u0105 status od g\u0142\u00f3wnego wnioskodawcy.\u00a0 Wizy U mog\u0105 by\u0107 wykorzystane jako droga do obywatelstwa, poniewa\u017c uprawnieni posiadacze wizy U mog\u0105 ubiega\u0107 si\u0119 o zielon\u0105 kart\u0119 po trzyletnim nieprzerwanym pobycie w USA. Osoba uprawniona mo\u017ce kwalifikowa\u0107 si\u0119 do otrzymania wizy U, je\u017celi jest ofiar\u0105 kt\u00f3regokolwiek z poni\u017cszych czyn\u00f3w przest\u0119pczych; nale\u017cy pami\u0119ta\u0107, \u017ce nie jest to pe\u0142na lista, a ofiary innych przest\u0119pstw powinny skontaktowa\u0107 si\u0119 z do\u015bwiadczonym prawnikiem imigracyjnym, aby dowiedzie\u0107 si\u0119, czy mog\u0105 si\u0119 kwalifikowa\u0107.<\/p>\n<table>\n<tbody>\n<tr>\n<td>\n<ul>\n<li>\u00a0\u00a0Uprowadzenie<\/li>\n<li>Peona\u017c<\/li>\n<li>Bezprawne pozbawienie wolno\u015bci<\/li>\n<li>Napa\u015b\u0107<\/li>\n<li>Wymuszenie<\/li>\n<li>Przemoc domowa<\/li>\n<li>Gwa\u0142t<\/li>\n<li>Krzywoprzysi\u0119stwo;<\/li>\n<li>Prostytucja;<\/li>\n<li>Prze\u015bladowanie (stalking); oraz<\/li>\n<li>Napa\u015b\u0107 na tle seksualnym.<\/li>\n<\/ul>\n<\/td>\n<td>&nbsp;<\/p>\n<p>&nbsp;<\/p>\n<p>&nbsp;<\/td>\n<\/tr>\n<\/tbody>\n<\/table>\n<h2>Ustawa o przemocy wobec kobiet (VAWA)<\/h2>\n<p>VAWA daje osobom, kt\u00f3re zosta\u0142y pobite lub wykorzystane przez niekt\u00f3rych cz\u0142onk\u00f3w rodziny, mo\u017cliwo\u015b\u0107 uzyskania zielonej karty bez konieczno\u015bci sk\u0142adania petycji przez cz\u0142onka rodziny w ich imieniu. Przemoc fizyczna nie jest wymagana; prawo uwzgl\u0119dnia inne rodzaje nadu\u017cy\u0107 mianem \u201eskrajnego okrucie\u0144stwa\u201d. Prawo pozwala zar\u00f3wno m\u0119\u017cczyznom, jak i kobietom na na samodzielne sk\u0142adanie wniosk\u00f3w o status sta\u0142ego rezydenta w nast\u0119puj\u0105cych okoliczno\u015bciach:<\/p>\n<ul>\n<li>Ma\u0142\u017conek cudzoziemca jest obywatelem lub sta\u0142ym rezydentem USA i bi\u0142 i wykorzysta\u0142 cudzoziemca lub dziecko cudzoziemca;<\/li>\n<li>Rodzic lub ojczym\/macocha cudzoziemca jest obywatelem Stan\u00f3w Zjednoczonych lub ma sta\u0142y pobyt i zn\u0119ca\u0142 si\u0119 lub maltretowa\u0142 cudzoziemca; oraz<\/li>\n<li>Doros\u0142y syn lub c\u00f3rka cudzoziemca jest obywatelem USA i wykorzystywa\u0142 cudzoziemca.<\/li>\n<\/ul>\n<p>Chocia\u017c osoby ubiegaj\u0105ce si\u0119 o zatwierdzenie petycji w\u0142asnej w ramach VAWA musz\u0105 wykaza\u0107 si\u0119 dobrym charakterem moralnym, wiza U wymaga jedynie, aby wnioskodawca nie mia\u0142 zakazu wjazdu (inadmissible) do Stan\u00f3w Zjednoczonych, co jest mniejsz\u0105 przeszkod\u0105 do pokonania. Ponadto wiza U oferuje uchylenie przepisu o szerokim zakresie dla os\u00f3b ubiegaj\u0105cych si\u0119 o wiz\u0119, kt\u00f3re maj\u0105 problemy z uchyleniem zakazu wjazdu, takie jak wyroki skazuj\u0105ce lub wielokrotny nielegalny wjazd do USA.<\/p>\n<h2>Ju\u017c dzi\u015b skontaktuj si\u0119 z chicagowskim prawnikiem imigracyjnym ds. VAWA i wiz U, aby om\u00f3wi\u0107 Tw\u00f3j przypadek<\/h2>\n<p>Osoby, kt\u00f3re pad\u0142y ofiar\u0105 przemocy domowej lub innych przest\u0119pstw, mog\u0105 by\u0107 w stanie pozosta\u0107 w Stanach Zjednoczonych na mocy ustawy o przemocy wobec kobiet lub na podstawie wizy U. Do podania mog\u0105 by\u0107 tak\u017ce do\u0142\u0105czeni niekt\u00f3rzy krewni, niezale\u017cnie od tego, czy znajduj\u0105 si\u0119 w Stanach Zjednoczonych, czy poza. Ze wzgl\u0119du na zawi\u0142o\u015bci prawne zwi\u0105zane ze sk\u0142adaniem petycji do w\u0142adz imigracyjnych o wiz\u0119 lub status sta\u0142ego rezydenta, zdecydowanie zaleca si\u0119, aby ka\u017cda osoba rozwa\u017caj\u0105ca tak\u0105 opcj\u0119 skorzysta\u0142a z us\u0142ug wykwalifikowanego<a href=\"http:\/\/krilaw.com\/contact\/\"> prawnika imigracyjnego<\/a> w Chicago. Aby um\u00f3wi\u0107 si\u0119 na konsultacj\u0119 z jednym z naszych prawnik\u00f3w, zadzwo\u0144 ju\u017c dzi\u015b do Kriezelman, Burton &amp; Associates, LLC pod numer <a href=\"tel:3123322550\">312-332-2550<\/a>.<\/p>\n<h2>Najcz\u0119\u015bciej zadawane pytania dotycz\u0105ce imigracji w kontek\u015bcie ustawy o przemocy wobec kobiet<\/h2>\n","protected":false},"excerpt":{"rendered":"<p>Prawnicy VAWA z Chicago Osoby, kt\u00f3re pad\u0142y ofiar\u0105 okre\u015blonych przest\u0119pstw lub\u00a0 przemocy domowej mog\u0105 mie\u0107 r\u00f3\u017cne mo\u017cliwo\u015bci pozostania w tym kraju np. poprzez wiz\u0119 U lub samodzielne z\u0142o\u017cenie wniosku na mocy ustawy o przemocy wobec kobiet (VAWA). Ustalenie, do kt\u00f3rego z tych program\u00f3w mo\u017cesz si\u0119 kwalifikowa\u0107, mo\u017ce by\u0107 skomplikowane. W niekt\u00f3rych przypadkach mo\u017cesz nawet kwalifikowa\u0107 &hellip; <\/p>\n<p class=\"link-more\"><a href=\"https:\/\/krilaw.com\/pl\/services\/chicagowscy-prawnicy-imigracyjni-ds-sponsorowania-w-oparciu-o-zatrudnienie\/wiza-nieimigracyjna\/ustawa-o-przemocy-wobec-kobiet\/\" class=\"more-link\">Czytaj dalej<span class=\"screen-reader-text\"> \u201eUstawa o Przemocy wobec Kobiet\u201d<\/span><\/a><\/p>\n","protected":false},"author":50,"featured_media":8363,"parent":8352,"menu_order":0,"comment_status":"closed","ping_status":"closed","template":"","meta":{"_acf_changed":false,"_oasis_is_in_workflow":0,"_oasis_original":0,"_oasis_task_priority":"","footnotes":""},"class_list":["post-8361","page","type-page","status-publish","has-post-thumbnail","hentry","entry"],"acf":[],"_links":{"self":[{"href":"https:\/\/krilaw.com\/pl\/wp-json\/wp\/v2\/pages\/8361","targetHints":{"allow":["GET"]}}],"collection":[{"href":"https:\/\/krilaw.com\/pl\/wp-json\/wp\/v2\/pages"}],"about":[{"href":"https:\/\/krilaw.com\/pl\/wp-json\/wp\/v2\/types\/page"}],"author":[{"embeddable":true,"href":"https:\/\/krilaw.com\/pl\/wp-json\/wp\/v2\/users\/50"}],"replies":[{"embeddable":true,"href":"https:\/\/krilaw.com\/pl\/wp-json\/wp\/v2\/comments?post=8361"}],"version-history":[{"count":6,"href":"https:\/\/krilaw.com\/pl\/wp-json\/wp\/v2\/pages\/8361\/revisions"}],"predecessor-version":[{"id":10509,"href":"https:\/\/krilaw.com\/pl\/wp-json\/wp\/v2\/pages\/8361\/revisions\/10509"}],"up":[{"embeddable":true,"href":"https:\/\/krilaw.com\/pl\/wp-json\/wp\/v2\/pages\/8352"}],"wp:featuredmedia":[{"embeddable":true,"href":"https:\/\/krilaw.com\/pl\/wp-json\/wp\/v2\/media\/8363"}],"wp:attachment":[{"href":"https:\/\/krilaw.com\/pl\/wp-json\/wp\/v2\/media?parent=8361"}],"curies":[{"name":"wp","href":"https:\/\/api.w.org\/{rel}","templated":true}]}}