{"id":8379,"date":"2024-11-12T15:54:51","date_gmt":"2024-11-12T21:54:51","guid":{"rendered":"https:\/\/krilaw.com\/?page_id=8379"},"modified":"2025-10-31T10:30:53","modified_gmt":"2025-10-31T15:30:53","slug":"wiza-typu-i","status":"publish","type":"page","link":"https:\/\/krilaw.com\/pl\/services\/chicagowscy-prawnicy-imigracyjni-ds-sponsorowania-w-oparciu-o-zatrudnienie\/wiza-nieimigracyjna\/wiza-typu-i\/","title":{"rendered":"Wiza typu I"},"content":{"rendered":"<h1>Prawnicy w Chicago ds. wiz L<\/h1>\n<p><a href=\"https:\/\/krilaw.com\/pl\/services\/chicagowscy-prawnicy-imigracyjni-ds-sponsorowania-w-oparciu-o-zatrudnienie\/wiza-nieimigracyjna\/\">Wizy<\/a> te s\u0105 przeznaczone dla pracownik\u00f3w firm mi\u0119dzynarodowych, kt\u00f3rzy maj\u0105 pracowa\u0107 w Stanach Zjednoczonych na stanowisku dyrektora, mened\u017cera lub<a href=\"https:\/\/krilaw.com\/pl\/services\/chicagowscy-prawnicy-imigracyjni-ds-sponsorowania-w-oparciu-o-zatrudnienie\/pielegniarki\/\"> kluczowego pracownika<\/a> dla ameryka\u0144skiej sp\u00f3\u0142ki zale\u017cnej\/oddzia\u0142u\/filii zagranicznej firmy. Status L jest dost\u0119pny maksymalnie na 6 lat, a szczeg\u00f3\u0142owe kryteria kwalifikacyjne, kt\u00f3re musz\u0105 zosta\u0107 spe\u0142nione, to: (1)<a href=\"https:\/\/krilaw.com\/services\/employment-immigration-lawyers-chicago\/\"> pracownik<\/a> pracowa\u0142 za granic\u0105 dla zagranicznej firmy co najmniej 1 z ostatnich 3 lat; (2) cudzoziemiec przybywa do Stan\u00f3w Zjednoczonych na okre\u015blony czas, aby pracowa\u0107 na stanowisku mened\u017cera, dyrektora lub specjalisty. Forma podmiotu nie ma znaczenia, a wielcy pracodawcy mog\u0105 sk\u0142ada\u0107 &#8220;zbiorowe&#8221; wnioski o sponsorowanie wielu os\u00f3b.<\/p>\n","protected":false},"excerpt":{"rendered":"<p>Prawnicy w Chicago ds. wiz L Wizy te s\u0105 przeznaczone dla pracownik\u00f3w firm mi\u0119dzynarodowych, kt\u00f3rzy maj\u0105 pracowa\u0107 w Stanach Zjednoczonych na stanowisku dyrektora, mened\u017cera lub kluczowego pracownika dla ameryka\u0144skiej sp\u00f3\u0142ki zale\u017cnej\/oddzia\u0142u\/filii zagranicznej firmy. Status L jest dost\u0119pny maksymalnie na 6 lat, a szczeg\u00f3\u0142owe kryteria kwalifikacyjne, kt\u00f3re musz\u0105 zosta\u0107 spe\u0142nione, to: (1) pracownik pracowa\u0142 za granic\u0105 &hellip; <\/p>\n<p class=\"link-more\"><a href=\"https:\/\/krilaw.com\/pl\/services\/chicagowscy-prawnicy-imigracyjni-ds-sponsorowania-w-oparciu-o-zatrudnienie\/wiza-nieimigracyjna\/wiza-typu-i\/\" class=\"more-link\">Czytaj dalej<span class=\"screen-reader-text\"> \u201eWiza typu I\u201d<\/span><\/a><\/p>\n","protected":false},"author":50,"featured_media":8380,"parent":8352,"menu_order":21,"comment_status":"closed","ping_status":"closed","template":"","meta":{"_acf_changed":false,"_oasis_is_in_workflow":0,"_oasis_original":0,"_oasis_task_priority":"","footnotes":""},"class_list":["post-8379","page","type-page","status-publish","has-post-thumbnail","hentry","entry"],"acf":[],"_links":{"self":[{"href":"https:\/\/krilaw.com\/pl\/wp-json\/wp\/v2\/pages\/8379","targetHints":{"allow":["GET"]}}],"collection":[{"href":"https:\/\/krilaw.com\/pl\/wp-json\/wp\/v2\/pages"}],"about":[{"href":"https:\/\/krilaw.com\/pl\/wp-json\/wp\/v2\/types\/page"}],"author":[{"embeddable":true,"href":"https:\/\/krilaw.com\/pl\/wp-json\/wp\/v2\/users\/50"}],"replies":[{"embeddable":true,"href":"https:\/\/krilaw.com\/pl\/wp-json\/wp\/v2\/comments?post=8379"}],"version-history":[{"count":1,"href":"https:\/\/krilaw.com\/pl\/wp-json\/wp\/v2\/pages\/8379\/revisions"}],"predecessor-version":[{"id":8381,"href":"https:\/\/krilaw.com\/pl\/wp-json\/wp\/v2\/pages\/8379\/revisions\/8381"}],"up":[{"embeddable":true,"href":"https:\/\/krilaw.com\/pl\/wp-json\/wp\/v2\/pages\/8352"}],"wp:featuredmedia":[{"embeddable":true,"href":"https:\/\/krilaw.com\/pl\/wp-json\/wp\/v2\/media\/8380"}],"wp:attachment":[{"href":"https:\/\/krilaw.com\/pl\/wp-json\/wp\/v2\/media?parent=8379"}],"curies":[{"name":"wp","href":"https:\/\/api.w.org\/{rel}","templated":true}]}}