{"id":8382,"date":"2024-11-12T15:56:23","date_gmt":"2024-11-12T21:56:23","guid":{"rendered":"https:\/\/krilaw.com\/?page_id=8382"},"modified":"2025-10-31T10:31:07","modified_gmt":"2025-10-31T15:31:07","slug":"wiza-typu-o","status":"publish","type":"page","link":"https:\/\/krilaw.com\/pl\/services\/chicagowscy-prawnicy-imigracyjni-ds-sponsorowania-w-oparciu-o-zatrudnienie\/wiza-nieimigracyjna\/wiza-typu-o\/","title":{"rendered":"Wiza typu o"},"content":{"rendered":"<h1>Prawnicy w Chicago ds. wiz O<\/h1>\n<p><a href=\"https:\/\/krilaw.com\/pl\/services\/chicagowscy-prawnicy-imigracyjni-ds-sponsorowania-w-oparciu-o-zatrudnienie\/wiza-nieimigracyjna\/\">Wizy<\/a> te s\u0105 przeznaczone dla os\u00f3b o nadzwyczajnych zdolno\u015bciach w dziedzinie<a href=\"https:\/\/krilaw.com\/pl\/services\/chicagowscy-prawnicy-imigracyjni-ds-sponsorowania-w-oparciu-o-zatrudnienie\/wizy-imigracyjne-oparte-na-zatrudnieniu\/badacze-i-naukowcy\/\"> nauki<\/a>, sztuki, edukacji, biznesu lub sportu. Dlatego ta klasyfikacja obejmuje osoby z szerokiego wachlarza legalnych dziedzin sponsorowania przez<a href=\"https:\/\/krilaw.com\/services\/employment-immigration-lawyers-chicago\/\"> pracodawc\u0119<\/a> . Osoby ubiegaj\u0105ce si\u0119 o tak\u0105 klasyfikacj\u0119 musz\u0105 wykaza\u0107 si\u0119 \u201etrwa\u0142ym uznaniem na poziomie krajowym lub mi\u0119dzynarodowym&#8221;\u00a0 oraz powszechnym uznaniem w swojej dziedzinie, czego dowodem s\u0105 publikacje, nagrody, cz\u0142onkostwo w presti\u017cowych stowarzyszeniach i inne kryteria. Nale\u017cy do\u0142\u0105czy\u0107 list polecaj\u0105cy od odpowiedniego zwi\u0105zku lub grupy zarz\u0105dzaj\u0105cej, je\u015bli taka istnieje, zawieraj\u0105cy m.in osi\u0105gni\u0119cia wnioskodawcy. Nie ma ogranicze\u0144 co do czasu, jaki dana osoba mo\u017ce przebywa\u0107\u00a0 w ramach statusu O-1, chocia\u017c status ten mo\u017ce by\u0107 przyznany jednorazowo na okres nie d\u0142u\u017cszy ni\u017c 3 lata.<\/p>\n","protected":false},"excerpt":{"rendered":"<p>Prawnicy w Chicago ds. wiz O Wizy te s\u0105 przeznaczone dla os\u00f3b o nadzwyczajnych zdolno\u015bciach w dziedzinie nauki, sztuki, edukacji, biznesu lub sportu. Dlatego ta klasyfikacja obejmuje osoby z szerokiego wachlarza legalnych dziedzin sponsorowania przez pracodawc\u0119 . Osoby ubiegaj\u0105ce si\u0119 o tak\u0105 klasyfikacj\u0119 musz\u0105 wykaza\u0107 si\u0119 \u201etrwa\u0142ym uznaniem na poziomie krajowym lub mi\u0119dzynarodowym&#8221;\u00a0 oraz powszechnym &hellip; <\/p>\n<p class=\"link-more\"><a href=\"https:\/\/krilaw.com\/pl\/services\/chicagowscy-prawnicy-imigracyjni-ds-sponsorowania-w-oparciu-o-zatrudnienie\/wiza-nieimigracyjna\/wiza-typu-o\/\" class=\"more-link\">Czytaj dalej<span class=\"screen-reader-text\"> \u201eWiza typu o\u201d<\/span><\/a><\/p>\n","protected":false},"author":50,"featured_media":8383,"parent":8352,"menu_order":24,"comment_status":"closed","ping_status":"closed","template":"","meta":{"_acf_changed":false,"_oasis_is_in_workflow":0,"_oasis_original":0,"_oasis_task_priority":"","footnotes":""},"class_list":["post-8382","page","type-page","status-publish","has-post-thumbnail","hentry","entry"],"acf":[],"_links":{"self":[{"href":"https:\/\/krilaw.com\/pl\/wp-json\/wp\/v2\/pages\/8382","targetHints":{"allow":["GET"]}}],"collection":[{"href":"https:\/\/krilaw.com\/pl\/wp-json\/wp\/v2\/pages"}],"about":[{"href":"https:\/\/krilaw.com\/pl\/wp-json\/wp\/v2\/types\/page"}],"author":[{"embeddable":true,"href":"https:\/\/krilaw.com\/pl\/wp-json\/wp\/v2\/users\/50"}],"replies":[{"embeddable":true,"href":"https:\/\/krilaw.com\/pl\/wp-json\/wp\/v2\/comments?post=8382"}],"version-history":[{"count":1,"href":"https:\/\/krilaw.com\/pl\/wp-json\/wp\/v2\/pages\/8382\/revisions"}],"predecessor-version":[{"id":8384,"href":"https:\/\/krilaw.com\/pl\/wp-json\/wp\/v2\/pages\/8382\/revisions\/8384"}],"up":[{"embeddable":true,"href":"https:\/\/krilaw.com\/pl\/wp-json\/wp\/v2\/pages\/8352"}],"wp:featuredmedia":[{"embeddable":true,"href":"https:\/\/krilaw.com\/pl\/wp-json\/wp\/v2\/media\/8383"}],"wp:attachment":[{"href":"https:\/\/krilaw.com\/pl\/wp-json\/wp\/v2\/media?parent=8382"}],"curies":[{"name":"wp","href":"https:\/\/api.w.org\/{rel}","templated":true}]}}