{"id":8385,"date":"2024-11-12T15:57:45","date_gmt":"2024-11-12T21:57:45","guid":{"rendered":"https:\/\/krilaw.com\/?page_id=8385"},"modified":"2025-10-31T10:31:23","modified_gmt":"2025-10-31T15:31:23","slug":"wiza-typu-p","status":"publish","type":"page","link":"https:\/\/krilaw.com\/pl\/services\/chicagowscy-prawnicy-imigracyjni-ds-sponsorowania-w-oparciu-o-zatrudnienie\/wiza-nieimigracyjna\/wiza-typu-p\/","title":{"rendered":"Wiza typu P"},"content":{"rendered":"<h1>Prawnicy w Chicago ds. wiz P<\/h1>\n<p>Wizy P s\u0105 przyznawane dla sportowc\u00f3w bior\u0105cych oddzia\u0142\u00f3w w zawodach sportowych w USA, indywidualnie lub w ramach grupy lub zespo\u0142u ciesz\u0105cego uznaniem na arenie mi\u0119dzynarodowej. S\u0105 one r\u00f3wnie\u017c dost\u0119pne dla os\u00f3b, kt\u00f3re wyst\u0119puj\u0105 z lub s\u0105 integraln\u0105 lub niezb\u0119dn\u0105 cz\u0119\u015bci\u0105 grupy rozrywkowej, kt\u00f3ra zosta\u0142a uznana na arenie mi\u0119dzynarodowej. S\u0105 to<a href=\"http:\/\/krilaw.com\/services\/employment-based-representation-counseling-for-businesses-and-individuals\/non-immigrant-visas\/\"> wizy nieimigracyjne<\/a> o kt\u00f3rych uzyskanie mo\u017ce sk\u0142ada\u0107 podanie <a href=\"https:\/\/krilaw.com\/services\/employment-immigration-lawyers-chicago\/\">pracodawca z USA<\/a>, sponsor w USA, agent w USA lub zagraniczny pracodawca za po\u015brednictwem agenta w USA.<\/p>\n<p>Na podstawie wizy P mo\u017cna przybywa\u0107 przez okres do 5 lat z mo\u017cliwo\u015bci\u0105 przed\u0142u\u017cenia do 5 nast\u0119pnych lat. <a href=\"https:\/\/krilaw.com\/services\/family-immigration-lawyers-chicago\/\">Wsp\u00f3\u0142ma\u0142\u017conek<\/a> lub osoby pozostaj\u0105ce na utrzymaniu osoby ubiegaj\u0105cej si\u0119 o wiz\u0119 P mog\u0105 uzyska\u0107 pobyt na ten sam okres co g\u0142\u00f3wny wnioskodawca.<\/p>\n","protected":false},"excerpt":{"rendered":"<p>Prawnicy w Chicago ds. wiz P Wizy P s\u0105 przyznawane dla sportowc\u00f3w bior\u0105cych oddzia\u0142\u00f3w w zawodach sportowych w USA, indywidualnie lub w ramach grupy lub zespo\u0142u ciesz\u0105cego uznaniem na arenie mi\u0119dzynarodowej. S\u0105 one r\u00f3wnie\u017c dost\u0119pne dla os\u00f3b, kt\u00f3re wyst\u0119puj\u0105 z lub s\u0105 integraln\u0105 lub niezb\u0119dn\u0105 cz\u0119\u015bci\u0105 grupy rozrywkowej, kt\u00f3ra zosta\u0142a uznana na arenie mi\u0119dzynarodowej. S\u0105 &hellip; <\/p>\n<p class=\"link-more\"><a href=\"https:\/\/krilaw.com\/pl\/services\/chicagowscy-prawnicy-imigracyjni-ds-sponsorowania-w-oparciu-o-zatrudnienie\/wiza-nieimigracyjna\/wiza-typu-p\/\" class=\"more-link\">Czytaj dalej<span class=\"screen-reader-text\"> \u201eWiza typu P\u201d<\/span><\/a><\/p>\n","protected":false},"author":50,"featured_media":8386,"parent":8352,"menu_order":26,"comment_status":"closed","ping_status":"closed","template":"","meta":{"_acf_changed":false,"_oasis_is_in_workflow":0,"_oasis_original":0,"_oasis_task_priority":"","footnotes":""},"class_list":["post-8385","page","type-page","status-publish","has-post-thumbnail","hentry","entry"],"acf":[],"_links":{"self":[{"href":"https:\/\/krilaw.com\/pl\/wp-json\/wp\/v2\/pages\/8385","targetHints":{"allow":["GET"]}}],"collection":[{"href":"https:\/\/krilaw.com\/pl\/wp-json\/wp\/v2\/pages"}],"about":[{"href":"https:\/\/krilaw.com\/pl\/wp-json\/wp\/v2\/types\/page"}],"author":[{"embeddable":true,"href":"https:\/\/krilaw.com\/pl\/wp-json\/wp\/v2\/users\/50"}],"replies":[{"embeddable":true,"href":"https:\/\/krilaw.com\/pl\/wp-json\/wp\/v2\/comments?post=8385"}],"version-history":[{"count":1,"href":"https:\/\/krilaw.com\/pl\/wp-json\/wp\/v2\/pages\/8385\/revisions"}],"predecessor-version":[{"id":8387,"href":"https:\/\/krilaw.com\/pl\/wp-json\/wp\/v2\/pages\/8385\/revisions\/8387"}],"up":[{"embeddable":true,"href":"https:\/\/krilaw.com\/pl\/wp-json\/wp\/v2\/pages\/8352"}],"wp:featuredmedia":[{"embeddable":true,"href":"https:\/\/krilaw.com\/pl\/wp-json\/wp\/v2\/media\/8386"}],"wp:attachment":[{"href":"https:\/\/krilaw.com\/pl\/wp-json\/wp\/v2\/media?parent=8385"}],"curies":[{"name":"wp","href":"https:\/\/api.w.org\/{rel}","templated":true}]}}