{"id":8389,"date":"2024-11-12T16:00:00","date_gmt":"2024-11-12T22:00:00","guid":{"rendered":"https:\/\/krilaw.com\/?page_id=8389"},"modified":"2025-09-23T05:29:18","modified_gmt":"2025-09-23T10:29:18","slug":"oparty-na-rodzinie","status":"publish","type":"page","link":"https:\/\/krilaw.com\/pl\/services\/oparty-na-rodzinie\/","title":{"rendered":"Oparty na rodzinie"},"content":{"rendered":"<h1>Chicagowscy prawnicy od sponsorowania przez rodzin\u0119<\/h1>\n<p>Dla wielu os\u00f3b relacje z cz\u0142onkami rodziny s\u0105 jednym z najwa\u017cniejszych aspekt\u00f3w \u017cycia. W rezultacie wielu obywateli Stan\u00f3w Zjednoczonych i<a href=\"http:\/\/www.uscis.gov\/tools\/glossary\/lawful-permanent-resident-lpr\" target=\"_blank\" rel=\"noopener\"> legalnych sta\u0142ych mieszka\u0144c\u00f3w<\/a> d\u0105\u017cy do sprowadzenia cz\u0142onk\u00f3w rodziny mieszkaj\u0105cych za granic\u0105, aby mogli \u017cy\u0107 i pracowa\u0107 w tym kraju. Inni obywatele USA i stali rezydenci staraj\u0105 si\u0119 o legalizacj\u0119 pobytu cz\u0142onk\u00f3w rodziny, kt\u00f3rzy ju\u017c tu przebywaj\u0105, ale mog\u0105 jeszcze nie mie\u0107 uregulowanego statusu. Na szcz\u0119\u015bcie zgodnie z prawem imigracyjnym Stan\u00f3w Zjednoczonych obywatel lub posiadacz <a href=\"http:\/\/www.uscis.gov\/greencard\" target=\"_blank\" rel=\"noopener\">zielonej karty<\/a> (dokumentu legalnego sta\u0142ego pobytu) mo\u017ce z\u0142o\u017cy\u0107 petycj\u0119 o imigracj\u0119 niekt\u00f3rych krewnych do Stan\u00f3w Zjednoczonych i w rezultacie uzyskanie przez nich zielonej karty. Krewni ci mog\u0105 p\u00f3\u017aniej r\u00f3wnie\u017c kwalifikowa\u0107 si\u0119 do uzyskania obywatelstwa poprzez naturalizacj\u0119, je\u015bli spe\u0142ni\u0105 okre\u015blone wymagania.<\/p>\n<p><strong>Kto kwalifikuje si\u0119 do sponsorowania przez rodzin\u0119?<\/strong><\/p>\n<p>Kt\u00f3rzy cz\u0142onkowie rodziny kwalifikuj\u0105 si\u0119 na sponsorowanie zale\u017cy od tego, czy jeste\u015b obywatelem Stan\u00f3w Zjednoczonych, czy legalnym sta\u0142ym rezydentem. Poni\u017csze informacje opisuj\u0105, kt\u00f3rzy cz\u0142onkowie Twojej rodziny mog\u0105 kwalifikowa\u0107 si\u0119 w zale\u017cno\u015bci od Twojego statusu:<\/p>\n<ul>\n<li>Obywatele Stan\u00f3w Zjednoczonych \u2013 Jako obywatel USA mo\u017cesz z\u0142o\u017cy\u0107 petycj\u0119 dla\u00a0 swojego ma\u0142\u017conka, dzieci (zar\u00f3wno powy\u017cej, jak i poni\u017cej 21 lat, b\u0119d\u0105cych w zwi\u0105zku ma\u0142\u017ce\u0144skim lub stanu wolnego), rodzic\u00f3w i rodze\u0144stwa. Ponadto mo\u017cesz z\u0142o\u017cy\u0107 petycj\u0119 o specjaln\u0105 wiz\u0119 dla narzeczonego\/narzeczonej, je\u015bli jeste\u015b zar\u0119czona\/zar\u0119czony z obcokrajowcem mieszkaj\u0105cym za granic\u0105.\u00a0 Ponadto niekt\u00f3rzy ma\u0142\u017conkowie i dzieci kwalifikuj\u0105 si\u0119 do nieimigracyjnej wizy K-3 lub K-4, podczas gdy Petycja dla krewnego cudzoziemca o zezwolenie na pobyt sta\u0142y\u00a0 jest w toku.<\/li>\n<li>Stali rezydenci (posiadacze zielonej karty) \u2013 osoby posiadaj\u0105ce zielon\u0105 kart\u0119 maj\u0105 bardziej ograniczone mo\u017cliwo\u015bci, je\u015bli chodzi o petycje na podstawie sponsorowania przez rodzin\u0119. Mog\u0105 z\u0142o\u017cy\u0107 petycj\u0119 dla swojego ma\u0142\u017conka,\u00a0 dzieci poni\u017cej 21 roku \u017cycia stanu wolnego oraz syna lub c\u00f3rki stanu wolnego w dowolnym wieku.<\/li>\n<\/ul>\n<p>Opr\u00f3cz powy\u017cszych dw\u00f3ch kategorii, osoby przebywaj\u0105ce w Stanach Zjednoczonych w niekt\u00f3rych innych kategoriach mog\u0105 r\u00f3wnie\u017c mie\u0107 mo\u017cliwo\u015b\u0107 z\u0142o\u017cenia wniosku w imieniu wsp\u00f3\u0142ma\u0142\u017conka i dzieci stanu wolnego. Na przyk\u0142ad uchod\u017acy i azylanci mog\u0105 sk\u0142ada\u0107 petycje dla swoich ma\u0142\u017conk\u00f3w i dzieci, a osoby ubiegaj\u0105ce si\u0119 o wiz\u0119 U mog\u0105 sk\u0142ada\u0107 wnioski dla\u00a0 swoich ma\u0142\u017conk\u00f3w i dzieci przed lub po zatwierdzeniu wizy U. We wszystkich tych przypadkach istniej\u0105 szczeg\u00f3\u0142owe zasady, kt\u00f3re mog\u0105, ale nie musz\u0105, mie\u0107 zastosowania w Twojej sytuacji. W rezultacie ka\u017cda osoba rozwa\u017caj\u0105ca z\u0142o\u017cenie wniosku o sponsorowanie przez rodzin\u0119 powinna skonsultowa\u0107 si\u0119 z kompetentnym i renomowanym prawnikiem imigracyjnym.<\/p>\n<h2>Skontaktuj si\u0119 ju\u017c dzi\u015b z chicagowskim prawnikiem od imigracji przez rodzin\u0119, aby zapewni\u0107 sobie korzystanie z dobrej porady prawnej<\/h2>\n<p>Cz\u0142onkowie rodzin obywateli Stan\u00f3w Zjednoczonych i sta\u0142ych rezydent\u00f3w cz\u0119sto s\u0105 uprawnieni do wjazdu do kraju i uzyskania zielonej karty lub<a href=\"http:\/\/krilaw.com\/services\/employment-based-representation-counseling-for-businesses-and-individuals\/h-1b-other-non-immigrant-visas\/\"> r\u00f3\u017cnych rodzaj\u00f3w wiz<\/a> umo\u017cliwiaj\u0105cych im zamieszkanie i prac\u0119 w USA. Prawa i przepisy dotycz\u0105ce imigracji w oparciu o wi\u0119zy rodzinne s\u0105 z\u0142o\u017cone i istnieje wiele mo\u017cliwo\u015bci pojawienia si\u0119 komplikacji w trakcie tego procesu. Na szcz\u0119\u015bcie dla os\u00f3b pragn\u0105cych skorzysta\u0107 z przepis\u00f3w dotycz\u0105cych sponsorowania przez rodzin\u0119, cz\u0119sto adwokat mo\u017ce pom\u00f3c w rozwi\u0105zaniu tej sprawy w najkorzystniejszy dla Ciebie spos\u00f3b. Od ponad 40 lat prawnicy <a href=\"http:\/\/krilaw.com\/contact\/\">\u00a0<\/a><a href=\"http:\/\/krilaw.com\/about\/\">Kriezelman Burton &amp; Associates, LLC<\/a> udzielaj\u0105 porad prawnych i egzekwuj\u0105 prawa os\u00f3b maj\u0105cych problemy zwi\u0105zane z prawem imigracyjnym. Aby um\u00f3wi\u0107 si\u0119 na konsultacj\u0119 z do\u015bwiadczonym i zaufanym prawnikiem imigracyjnym, zadzwo\u0144 do naszego biura ju\u017c dzi\u015b pod numer <a href=\"tel:3123322550\">312-332-2550<\/a>. Je\u015bli chcesz skontaktowa\u0107 si\u0119 z nami za po\u015brednictwem poczty elektronicznej, prosimy o wype\u0142nienie i przes\u0142anie <a href=\"http:\/\/krilaw.com\/contact\/\">elektronicznego formularza kontaktowego dost\u0119pnego tutaj<\/a>.<\/p>\n<h2>Najcz\u0119\u015bciej zadawane pytania dotycz\u0105ce imigracji rodzinnej<\/h2>\n","protected":false},"excerpt":{"rendered":"<p>Chicagowscy prawnicy od sponsorowania przez rodzin\u0119 Dla wielu os\u00f3b relacje z cz\u0142onkami rodziny s\u0105 jednym z najwa\u017cniejszych aspekt\u00f3w \u017cycia. W rezultacie wielu obywateli Stan\u00f3w Zjednoczonych i legalnych sta\u0142ych mieszka\u0144c\u00f3w d\u0105\u017cy do sprowadzenia cz\u0142onk\u00f3w rodziny mieszkaj\u0105cych za granic\u0105, aby mogli \u017cy\u0107 i pracowa\u0107 w tym kraju. Inni obywatele USA i stali rezydenci staraj\u0105 si\u0119 o legalizacj\u0119 &hellip; <\/p>\n<p class=\"link-more\"><a href=\"https:\/\/krilaw.com\/pl\/services\/oparty-na-rodzinie\/\" class=\"more-link\">Czytaj dalej<span class=\"screen-reader-text\"> \u201eOparty na rodzinie\u201d<\/span><\/a><\/p>\n","protected":false},"author":50,"featured_media":8391,"parent":8596,"menu_order":13,"comment_status":"closed","ping_status":"closed","template":"","meta":{"_acf_changed":false,"_oasis_is_in_workflow":0,"_oasis_original":0,"_oasis_task_priority":"","footnotes":""},"class_list":["post-8389","page","type-page","status-publish","has-post-thumbnail","hentry","entry"],"acf":[],"_links":{"self":[{"href":"https:\/\/krilaw.com\/pl\/wp-json\/wp\/v2\/pages\/8389","targetHints":{"allow":["GET"]}}],"collection":[{"href":"https:\/\/krilaw.com\/pl\/wp-json\/wp\/v2\/pages"}],"about":[{"href":"https:\/\/krilaw.com\/pl\/wp-json\/wp\/v2\/types\/page"}],"author":[{"embeddable":true,"href":"https:\/\/krilaw.com\/pl\/wp-json\/wp\/v2\/users\/50"}],"replies":[{"embeddable":true,"href":"https:\/\/krilaw.com\/pl\/wp-json\/wp\/v2\/comments?post=8389"}],"version-history":[{"count":3,"href":"https:\/\/krilaw.com\/pl\/wp-json\/wp\/v2\/pages\/8389\/revisions"}],"predecessor-version":[{"id":10530,"href":"https:\/\/krilaw.com\/pl\/wp-json\/wp\/v2\/pages\/8389\/revisions\/10530"}],"up":[{"embeddable":true,"href":"https:\/\/krilaw.com\/pl\/wp-json\/wp\/v2\/pages\/8596"}],"wp:featuredmedia":[{"embeddable":true,"href":"https:\/\/krilaw.com\/pl\/wp-json\/wp\/v2\/media\/8391"}],"wp:attachment":[{"href":"https:\/\/krilaw.com\/pl\/wp-json\/wp\/v2\/media?parent=8389"}],"curies":[{"name":"wp","href":"https:\/\/api.w.org\/{rel}","templated":true}]}}