{"id":8392,"date":"2024-11-12T16:02:51","date_gmt":"2024-11-12T22:02:51","guid":{"rendered":"https:\/\/krilaw.com\/?page_id=8392"},"modified":"2025-01-09T14:24:33","modified_gmt":"2025-01-09T20:24:33","slug":"oczekujaca-decyzja-i-dreamerzy","status":"publish","type":"page","link":"https:\/\/krilaw.com\/pl\/services\/oparty-na-rodzinie\/oczekujaca-decyzja-i-dreamerzy\/","title":{"rendered":"Oczekuj\u0105ca decyzja i DREAMerzy"},"content":{"rendered":"<h1>Oczekuj\u0105ca decyzja i DREAMerzy<\/h1>\n<p>Wielu nieudokumentowanych imigrant\u00f3w w Stanach Zjednoczonych to osoby niepe\u0142noletnie,\u00a0 kt\u00f3re mieszkaj\u0105 w tym kraju po prostu dlatego, \u017ce tak zdecydowali ich rodzice. Na szcz\u0119\u015bcie, <a href=\"http:\/\/www.uscis.gov\/\" target=\"_blank\" rel=\"noopener\">Urz\u0105d ds. Obywatelstwa i Imigracji Stan\u00f3w Zjednoczonych (USCIS)<\/a> uznaje, \u017ce owe nieletnie i m\u0142ode doros\u0142e osoby zas\u0142uguj\u0105 na mo\u017cliwo\u015b\u0107 rozwoju, tak jak ka\u017cde inne dziecko i w czasie dorastania nie powinne \u017cy\u0107 w ci\u0105g\u0142ym strachu przed wydaleniem lub deportacj\u0105. Aby lepiej umo\u017cliwi\u0107 tym osobom realizacj\u0119 cel\u00f3w edukacyjnych i zawodowych oraz aby sta\u0142y si\u0119 produktywnymi cz\u0142onkami swoich spo\u0142eczno\u015bci, prawa imigracyjne zapewniaj\u0105 specjalne przepisy dla kwalifikuj\u0105cych si\u0119 m\u0142odych imigrant\u00f3w i ich rodzic\u00f3w.<\/p>\n<p>Aby zakwalifikowa\u0107 si\u0119 do odroczonego dzia\u0142ania lub ustawy DREAM, nale\u017cy spe\u0142ni\u0107 okre\u015blone kryteria i przestrzega\u0107 czasami z\u0142o\u017conych procedur imigracyjnych. Ka\u017cdy, kto chce pozna\u0107 swoje prawa wynikaj\u0105ce z tych przepis\u00f3w imigracyjnych, powinien ju\u017c dzi\u015b zwr\u00f3ci\u0107 si\u0119 o pomoc do do\u015bwiadczonego prawnika imigracyjnego Kriezelman Burton &amp; Associates, LLC z Chicago .<\/p>\n<h2>Kwalifikacja do DACA<\/h2>\n<p>Odroczenie deportacji wobec os\u00f3b przyby\u0142ych do Stan\u00f3w jako dzieci (DACA) to rodzaj ulgi imigracyjnej przyznawanej niekt\u00f3rym nieudokumentowanym dzieciom wed\u0142ug uznania USCIS.<a href=\"http:\/\/krilaw.com\/am-i-eligible-for-daca\/\"> DACA<\/a> zapewnia tymczasowe zawieszenie gro\u017aby deportacji. Odroczenie akcji przyznawane jest indywidualnie przy spe\u0142nieniu m.in. nast\u0119puj\u0105cych warunk\u00f3w dla os\u00f3b kt\u00f3re:<\/p>\n<ul>\n<li>przyby\u0142y do Stan\u00f3w Zjednoczonych przed uko\u0144czeniem 16-go roku \u017cycia;<\/li>\n<li>\u00a0mieszka\u0142y bez przerwy w USA od pocz\u0105tku 2010 roku;<\/li>\n<li>uko\u0144czy\u0142y szko\u0142\u0119 \u015bredni\u0105,\u00a0 obecnie s\u0105 zapisane do szko\u0142y, posiadaj\u0105 GED, lub\u00a0 otrzyma\u0142y honorowe zwolnienie ze s\u0142u\u017cby wojskowej;<\/li>\n<li>nie posiadaj\u0105 w kartotece \u017cadnych wyrok\u00f3w skazuj\u0105cych za zwyk\u0142e lub powa\u017cne przest\u0119pstwa czy liczne wykroczenia; oraz<\/li>\n<li>nie stanowi\u0105 zagro\u017cenia dla og\u00f3lnego bezpiecze\u0144stwa lub bezpiecze\u0144stwa narodowego.<\/li>\n<\/ul>\n<p>Nawet je\u015bli spe\u0142niasz te kryteria, USCIS nie gwarantuje Ci odroczenia dzia\u0142ania. Aby zwi\u0119kszy\u0107 swoje szanse na zakwalifikowanie si\u0119 na DACA, zawsze powiniene\u015b mie\u0107 do dyspozycji<a href=\"http:\/\/krilaw.com\/attorney-profiles\/\"> wykwalifikowanego prawnika imigracyjnego<\/a>, kt\u00f3ry pomo\u017ce Ci przej\u015b\u0107 przez ca\u0142y proces, przygotowuj\u0105c dok\u0142adnie wszystkie wymagane materia\u0142y do podania, kt\u00f3re zostanie z\u0142o\u017cone w odpowiednim terminie.<\/p>\n<h2>Zapewnienie wysokiej jako\u015bci pomocy prawnej DREAMerom<\/h2>\n<p>Chocia\u017c Ustawa o rozwoju, pomocy i edukacji dla nieletnich cudzoziemc\u00f3w (DREAM Act) by\u0142a od dawna przedmiotem debaty w Kongresie, termin DREAMerzy zosta\u0142 zastosowany do m\u0142odych os\u00f3b przywiezionych do Stan\u00f3w Zjednoczonych, kt\u00f3re chc\u0105 czerpa\u0107 korzy\u015bci edukacyjne i zawodowe dost\u0119pne dla os\u00f3b przebywaj\u0105cych legalnie. Chocia\u017c przyznanie si\u0119 USCIS, \u017ce jeste\u015b imigrantem nieposiadaj\u0105cym dokument\u00f3w\u00a0 mo\u017ce wydawa\u0107 si\u0119 ryzykowne, prawnik mo\u017ce pom\u00f3c Ci zakwalifikowa\u0107 si\u0119 do odroczenia dzia\u0142a\u0144 deportacyjnych i uzyska\u0107 numer ubezpieczenia spo\u0142ecznego oraz pozwolenie na prac\u0119, aby\u015b m\u00f3g\u0142 realizowa\u0107 swoje marzenia w Stanach Zjednoczonych.<\/p>\n<h2>Skontaktuj si\u0119 ju\u017c dzi\u015b z do\u015bwiadczonym prawnikiem ds. odroczenia deportacji (DACA) i Marzycielami o lepszej przysz\u0142o\u015bci (DREAMers)<\/h2>\n<p>W chicagowskiej kancelarii prawnej Kriezelman Burton &amp; Associates, LLC nasz zesp\u00f3\u0142<a href=\"http:\/\/krilaw.com\/contact\/\"> wysoce wykwalifikowanych prawnik\u00f3w imigracyjnych<\/a> od ponad 40 lat pomaga osobom w szerokim zakresie spraw imigracyjnych. Pomogli\u015bmy wielu DREAMerom ubiega\u0107 si\u0119 i uzyska\u0107\u00a0 odroczenie dzia\u0142ania, aby mogli odnosi\u0107 sukcesy bez ci\u0105g\u0142ej obawy o deportacj\u0119. Nie powiniene\u015b zwleka\u0107 z konsultacj\u0105 w swojej sprawie z wykwalifikowanym prawnikiem imigracyjnym, dlatego zadzwo\u0144 pod numer 312-332-2550, aby dowiedzie\u0107 si\u0119 wi\u0119cej o tym, jak mo\u017cemy Ci pom\u00f3c.<\/p>\n","protected":false},"excerpt":{"rendered":"<p>Oczekuj\u0105ca decyzja i DREAMerzy Wielu nieudokumentowanych imigrant\u00f3w w Stanach Zjednoczonych to osoby niepe\u0142noletnie,\u00a0 kt\u00f3re mieszkaj\u0105 w tym kraju po prostu dlatego, \u017ce tak zdecydowali ich rodzice. Na szcz\u0119\u015bcie, Urz\u0105d ds. Obywatelstwa i Imigracji Stan\u00f3w Zjednoczonych (USCIS) uznaje, \u017ce owe nieletnie i m\u0142ode doros\u0142e osoby zas\u0142uguj\u0105 na mo\u017cliwo\u015b\u0107 rozwoju, tak jak ka\u017cde inne dziecko i w &hellip; <\/p>\n<p class=\"link-more\"><a href=\"https:\/\/krilaw.com\/pl\/services\/oparty-na-rodzinie\/oczekujaca-decyzja-i-dreamerzy\/\" class=\"more-link\">Czytaj dalej<span class=\"screen-reader-text\"> \u201eOczekuj\u0105ca decyzja i DREAMerzy\u201d<\/span><\/a><\/p>\n","protected":false},"author":50,"featured_media":8393,"parent":8389,"menu_order":0,"comment_status":"closed","ping_status":"closed","template":"","meta":{"_acf_changed":false,"_oasis_is_in_workflow":0,"_oasis_original":0,"_oasis_task_priority":"","footnotes":""},"class_list":["post-8392","page","type-page","status-publish","has-post-thumbnail","hentry","entry"],"acf":[],"_links":{"self":[{"href":"https:\/\/krilaw.com\/pl\/wp-json\/wp\/v2\/pages\/8392","targetHints":{"allow":["GET"]}}],"collection":[{"href":"https:\/\/krilaw.com\/pl\/wp-json\/wp\/v2\/pages"}],"about":[{"href":"https:\/\/krilaw.com\/pl\/wp-json\/wp\/v2\/types\/page"}],"author":[{"embeddable":true,"href":"https:\/\/krilaw.com\/pl\/wp-json\/wp\/v2\/users\/50"}],"replies":[{"embeddable":true,"href":"https:\/\/krilaw.com\/pl\/wp-json\/wp\/v2\/comments?post=8392"}],"version-history":[{"count":2,"href":"https:\/\/krilaw.com\/pl\/wp-json\/wp\/v2\/pages\/8392\/revisions"}],"predecessor-version":[{"id":8986,"href":"https:\/\/krilaw.com\/pl\/wp-json\/wp\/v2\/pages\/8392\/revisions\/8986"}],"up":[{"embeddable":true,"href":"https:\/\/krilaw.com\/pl\/wp-json\/wp\/v2\/pages\/8389"}],"wp:featuredmedia":[{"embeddable":true,"href":"https:\/\/krilaw.com\/pl\/wp-json\/wp\/v2\/media\/8393"}],"wp:attachment":[{"href":"https:\/\/krilaw.com\/pl\/wp-json\/wp\/v2\/media?parent=8392"}],"curies":[{"name":"wp","href":"https:\/\/api.w.org\/{rel}","templated":true}]}}