{"id":8398,"date":"2024-11-12T16:07:42","date_gmt":"2024-11-12T22:07:42","guid":{"rendered":"https:\/\/krilaw.com\/?page_id=8398"},"modified":"2024-11-12T16:07:42","modified_gmt":"2024-11-12T22:07:42","slug":"rozwod-i-imigracja","status":"publish","type":"page","link":"https:\/\/krilaw.com\/pl\/services\/oparty-na-rodzinie\/rozwod-i-imigracja\/","title":{"rendered":"Rozw\u00f3d i imigracja"},"content":{"rendered":"<h1>Rozw\u00f3d i imigracja w Chicago<\/h1>\n<p>Sam proces rozwodowy jest wystarczaj\u0105co skomplikowany. Jeszcze bardziej mo\u017ce go skomplikowa\u0107 status imigracyjny jednego z ma\u0142\u017conk\u00f3w zale\u017cny od drugiego ma\u0142\u017conka. Ale rozw\u00f3d niekoniecznie jest r\u00f3wnoznaczny z automatyczn\u0105 deportacj\u0105. W takim przypadku nale\u017cy dog\u0142\u0119bnie rozpatrzy\u0107 dost\u0119pne opcje. Skonsultuj si\u0119 z prawnikiem imigracyjnym w Illinois, aby opracowa\u0107 plan zabezpieczenia swojego statusu. Jest to szczeg\u00f3lnie wa\u017cne, je\u015bli w gr\u0119 wchodz\u0105 dzieci.<\/p>\n<h2>Jak rozw\u00f3d mo\u017ce wp\u0142yn\u0105\u0107 na Tw\u00f3j obecny status imigracyjny<\/h2>\n<p>Chocia\u017c rozw\u00f3d nie mo\u017ce zmieni\u0107 ani cofn\u0105\u0107 statusu sta\u0142ego pobytu, b\u0119dzie mia\u0142 wp\u0142yw na status imigracyjny os\u00f3b nieb\u0119d\u0105cych sta\u0142ymi rezydentami, w tym:<\/p>\n<ul>\n<li>Wiza zale\u017cna\u2013 Wiza ta jest wydawana ma\u0142\u017conkowi, kt\u00f3ry przyby\u0142 do USA w ramach wizy wsp\u00f3\u0142ma\u0142\u017conka. Na przyk\u0142ad otrzymana przez Ciebie <a href=\"https:\/\/www.uscis.gov\/working-in-the-united-states\/temporary-workers\/h-1b-specialty-occupations-and-fashion-models\/employment-authorization-for-certain-h-4-dependent-spouses\" target=\"_blank\" rel=\"noopener\">wiza H-4<\/a> jest zale\u017cna od <a href=\"https:\/\/www.uscis.gov\/working-in-the-united-states\/temporary-workers\/h-1b-specialty-occupations-dod-cooperative-research-and-development-project-workers-and-fashion\" target=\"_blank\" rel=\"noopener\">statusu wizy H-1B<\/a> Twojego wsp\u00f3\u0142ma\u0142\u017conka .<\/li>\n<li><a href=\"https:\/\/www.uscis.gov\/green-card\/after-we-grant-your-green-card\/conditional-permanent-residence\" target=\"_blank\" rel=\"noopener\">Warunkowe prawo sta\u0142ego pobytu <\/a>\u00a0&#8211; Jest ono przyznawane ma\u0142\u017conkom imigrant\u00f3w, kt\u00f3rzy byli w zwi\u0105zku ma\u0142\u017ce\u0144skim z legalnym sta\u0142ym rezydentem lub obywatelem USA przez co najmniej dwa lata.<br \/>\nWarunkowi rezydenci maj\u0105 trzy lata na uzyskanie obywatelstwa USA zamiast standardowych pi\u0119ciu lat. Aby uzyska\u0107 ten kr\u00f3tszy wym\u00f3g pobytu, <a href=\"https:\/\/krilaw.com\/services\/family-immigration-lawyers-chicago\/conditional-resident-status\/\">warunkowi rezydenci<\/a> powinni udowodni\u0107, \u017ce pozostali w zwi\u0105zku ma\u0142\u017ce\u0144skim w dobrej wierze ze sta\u0142ym rezydentem lub obywatelem USA przez co najmniej trzy lata. Je\u015bli jednak rozwiod\u0105 si\u0119 przed up\u0142ywem wymaganych trzech lat, b\u0119d\u0105 musieli poczeka\u0107 pi\u0119\u0107 lat, aby ponownie ubiega\u0107 si\u0119 o obywatelstwo.<\/li>\n<\/ul>\n<p>Je\u015bli chcesz uzyska\u0107 status sta\u0142ego rezydenta, a Tw\u00f3j rozw\u00f3d zosta\u0142 sfinalizowany, gdy nadal by\u0142e\u015b jeszcze rezydentem warunkowym, b\u0119dziesz musia\u0142 z\u0142o\u017cy\u0107\u00a0 Petycj\u0119 o zniesienie warunk\u00f3w pobytu (Formularz I-751) oraz wniosek o zwolnienie od standardowego wymogu z\u0142o\u017cenia wniosku I-751 razem ze wsp\u00f3\u0142ma\u0142\u017conkiem.<\/p>\n<p>Je\u015bli jednak posiadasz wiz\u0119 zale\u017cn\u0105, USCIS automatycznie cofnie Tw\u00f3j status imigracyjny po sfinalizowaniu rozwodu. Z drugiej strony, w sytuacjach, gdy w gr\u0119 wchodzi przemoc, mo\u017cesz rozwa\u017cy\u0107 dost\u0119pne mo\u017cliwo\u015bci z do\u015bwiadczonym prawnikiem imigracyjnym z Illinois, takie jak uzyskanie <a href=\"https:\/\/krilaw.com\/services\/employment-immigration-lawyers-chicago\/immigrant-visas\/\">pozwolenia na prac\u0119<\/a>, aby\u015b m\u00f3g\u0142 pozosta\u0107 w USA<\/p>\n<h2>Jak rozw\u00f3d mo\u017ce wp\u0142yn\u0105\u0107 na wniosek o pobyt sta\u0142y<\/h2>\n<p>Je\u015bli jeste\u015b warunkowym rezydentem , powiniene\u015b z\u0142o\u017cy\u0107 wniosek przed up\u0142yni\u0119ciem drugiej rocznicy pobytu w kraju w celu uzyskania statusu sta\u0142ego rezydenta. W przeciwnym razie po rozwodzie automatycznie utracisz status imigranta i mo\u017cesz zosta\u0107 deportowany. Z drugiej strony, je\u015bli otrzyma\u0142e\u015b status sta\u0142ego rezydenta przed rozwodem, rozw\u00f3d nie b\u0119dzie mia\u0142 \u017cadnego wp\u0142ywu na Tw\u00f3j status imigracyjny.<\/p>\n<p>Jednak osoby nieb\u0119d\u0105ce obywatelami, kt\u00f3re si\u0119 rozwiod\u0105, b\u0119d\u0105 musia\u0142y czeka\u0107 pi\u0119\u0107 lat zamiast trzech, aby ubiega\u0107 si\u0119 o zielon\u0105 kart\u0119, je\u015bli by\u0142y w zwi\u0105zku ma\u0142\u017ce\u0144skim i s\u0105 klasyfikowane jako warunkowi rezydenci. Gdy osoby nieb\u0119d\u0105ce obywatelami kwalifikuj\u0105 si\u0119 do<a href=\"https:\/\/krilaw.com\/services\/immigration-lawyers-chicago\/green-cards\/\"> ubiegania si\u0119 o zielon\u0105 kart\u0119<\/a>, USCIS zbada ich histori\u0119 imigracyjn\u0105 i b\u0119d\u0105 musieli udowodni\u0107, \u017ce ich ma\u0142\u017ce\u0144stwa nie by\u0142y fikcyjne. W przeciwnym razie USCIS mo\u017ce odm\u00f3wi\u0107 obywatelstwa i\/lub rozpocz\u0105\u0107 post\u0119powanie deportacyjne.<\/p>\n<h2>Ju\u017c dzi\u015b skonsultuj si\u0119 z naszymi prawnikami imigracyjnymi z Illinois<\/h2>\n<p>Skontaktowanie si\u0119 z do\u015bwiadczonym prawnikiem imigracyjnym z Illinois mo\u017ce pom\u00f3c Ci w procesie i potencjalnie mitygacji wp\u0142ywu rozwodu na Tw\u00f3j status imigracyjny. Nasi<a href=\"https:\/\/krilaw.com\/contact\/\"> prawnicy imigracyjni z Illinois<\/a> w kancelarii prawnej Kriezelman Burton &amp; Associates, LLC, mog\u0105 pom\u00f3c w zaplanowaniu podj\u0119cia najlepszych mo\u017cliwych krok\u00f3w s\u0142u\u017c\u0105cych Tobie i Twojej rodzinie,\u00a0 uwzgl\u0119dniaj\u0105c Tw\u00f3j status imigracyjny. Zadzwo\u0144 do nas lub um\u00f3w si\u0119 na konsultacj\u0119<a href=\"https:\/\/krilaw.com\/contact\/\"> online<\/a> dzisiaj.<\/p>\n","protected":false},"excerpt":{"rendered":"<p>Rozw\u00f3d i imigracja w Chicago Sam proces rozwodowy jest wystarczaj\u0105co skomplikowany. Jeszcze bardziej mo\u017ce go skomplikowa\u0107 status imigracyjny jednego z ma\u0142\u017conk\u00f3w zale\u017cny od drugiego ma\u0142\u017conka. Ale rozw\u00f3d niekoniecznie jest r\u00f3wnoznaczny z automatyczn\u0105 deportacj\u0105. W takim przypadku nale\u017cy dog\u0142\u0119bnie rozpatrzy\u0107 dost\u0119pne opcje. Skonsultuj si\u0119 z prawnikiem imigracyjnym w Illinois, aby opracowa\u0107 plan zabezpieczenia swojego statusu. Jest &hellip; <\/p>\n<p class=\"link-more\"><a href=\"https:\/\/krilaw.com\/pl\/services\/oparty-na-rodzinie\/rozwod-i-imigracja\/\" class=\"more-link\">Czytaj dalej<span class=\"screen-reader-text\"> \u201eRozw\u00f3d i imigracja\u201d<\/span><\/a><\/p>\n","protected":false},"author":50,"featured_media":8400,"parent":8389,"menu_order":0,"comment_status":"closed","ping_status":"closed","template":"","meta":{"_acf_changed":false,"_oasis_is_in_workflow":0,"_oasis_original":0,"_oasis_task_priority":"","footnotes":""},"class_list":["post-8398","page","type-page","status-publish","has-post-thumbnail","hentry","entry"],"acf":[],"_links":{"self":[{"href":"https:\/\/krilaw.com\/pl\/wp-json\/wp\/v2\/pages\/8398","targetHints":{"allow":["GET"]}}],"collection":[{"href":"https:\/\/krilaw.com\/pl\/wp-json\/wp\/v2\/pages"}],"about":[{"href":"https:\/\/krilaw.com\/pl\/wp-json\/wp\/v2\/types\/page"}],"author":[{"embeddable":true,"href":"https:\/\/krilaw.com\/pl\/wp-json\/wp\/v2\/users\/50"}],"replies":[{"embeddable":true,"href":"https:\/\/krilaw.com\/pl\/wp-json\/wp\/v2\/comments?post=8398"}],"version-history":[{"count":1,"href":"https:\/\/krilaw.com\/pl\/wp-json\/wp\/v2\/pages\/8398\/revisions"}],"predecessor-version":[{"id":8401,"href":"https:\/\/krilaw.com\/pl\/wp-json\/wp\/v2\/pages\/8398\/revisions\/8401"}],"up":[{"embeddable":true,"href":"https:\/\/krilaw.com\/pl\/wp-json\/wp\/v2\/pages\/8389"}],"wp:featuredmedia":[{"embeddable":true,"href":"https:\/\/krilaw.com\/pl\/wp-json\/wp\/v2\/media\/8400"}],"wp:attachment":[{"href":"https:\/\/krilaw.com\/pl\/wp-json\/wp\/v2\/media?parent=8398"}],"curies":[{"name":"wp","href":"https:\/\/api.w.org\/{rel}","templated":true}]}}