{"id":8402,"date":"2024-11-12T16:10:09","date_gmt":"2024-11-12T22:10:09","guid":{"rendered":"https:\/\/krilaw.com\/?page_id=8402"},"modified":"2024-11-12T16:10:09","modified_gmt":"2024-11-12T22:10:09","slug":"poradnictwo-imigracyjne","status":"publish","type":"page","link":"https:\/\/krilaw.com\/pl\/services\/oparty-na-rodzinie\/poradnictwo-imigracyjne\/","title":{"rendered":"Poradnictwo imigracyjne"},"content":{"rendered":"<h1>Prawnicy w Chicago doradzaj\u0105cy w sprawach sponsorowania przez rodzin\u0119<\/h1>\n<p>Po\u0142\u0105czenie rodziny, gdy jej cz\u0142onkowie s\u0105 rozproszeni w kilku krajach, nie jest proste. Podobnie pomoc cz\u0142onkowi rodziny w imigracji do Stan\u00f3w Zjednoczonych mo\u017ce by\u0107 stresuj\u0105ca, je\u015bli nie wiadomo jakiego wyniku\u00a0 mo\u017cna si\u0119 spodziewa\u0107. Je\u015bli chcesz zmniejszy\u0107 stres z tym zwi\u0105zany i uwie\u0144czy\u0107 sukcesem<a href=\"http:\/\/krilaw.com\/services\/family-based-representation-counseling\/\"> proces sponsorowana przez rodzin\u0119<\/a>, godny zaufania prawnik zajmuj\u0105cy si\u0119 doradztwem imigracyjnym w Chicago, IL mo\u017ce Ci pom\u00f3c.<\/p>\n<p>W Kriezelman Burton &amp; Associates do\u0142o\u017cymy wszelkich stara\u0144 aby scali\u0107 Twoj\u0105 rodzin\u0119.\u00a0 Zadzwo\u0144 do nas ju\u017c dzi\u015b, aby um\u00f3wi\u0107 si\u0119 na konsultacj\u0119 i dowiedzie\u0107 si\u0119 wi\u0119cej o tym, jak sponsorowanie przez rodzin\u0119 mo\u017ce pom\u00f3c Twojej rodzinie.<\/p>\n<h2>Czym jest sponsorowanie przez rodzin\u0119?<\/h2>\n<p>Imigracja sponsorowana przez rodzin\u0119 umo\u017cliwia nieb\u0119d\u0105cym obywatelami cz\u0142onkom rodziny obywateli USA i sta\u0142ych rezydent\u00f3w legalne przybycie do tego kraju.<\/p>\n<p>Jako obywatel USA mo\u017cesz z\u0142o\u017cy\u0107 petycj\u0119 dla swoich dzieci, pasierb\u00f3w, ma\u0142\u017conka, rodzic\u00f3w i rodze\u0144stwa. Jako legalny sta\u0142y rezydent mo\u017cesz sk\u0142ada\u0107 petycje dla swoich nieletnich dzieci, ma\u0142\u017conka i doros\u0142ych dzieci stanu wolnego.<\/p>\n<p>Prawnik imigracyjny z Krizelman Burton &amp; Associates pomo\u017ce Ci z\u0142o\u017cy\u0107 wniosek o wiz\u0119 rodzinn\u0105. Je\u015bli Twoja petycja zostanie rozpatrzona pozytywnie, cz\u0142onek Twojej rodziny musi poczeka\u0107, a\u017c wiza b\u0119dzie dost\u0119pna, a nast\u0119pnie z\u0142o\u017cy\u0107 wniosek o legalny pobyt sta\u0142y.<\/p>\n<h2>Jak Kriezelman Burton &amp; Associates mog\u0105 pom\u00f3c?<\/h2>\n<p>W kancelarii <a href=\"http:\/\/krilaw.com\/about\/\">\u00a0Kriezelman Burton &amp; Associates<\/a>, zrobimy wszystko, co w naszej mocy, aby sprowadzi\u0107 cz\u0142onka Twojej rodziny do Ciebie. Jako szanowana kancelaria imigracyjna, mamy do\u015bwiadczenie na wszystkich obszarach prawa imigracyjnego i pomo\u017cemy Ci przej\u015b\u0107 przez ca\u0142y proces imigracji rodzinnej.<\/p>\n<p>Ponadto poznaj\u0105c osobi\u015bcie Twoj\u0105 rodzin\u0119 ze wzrastaj\u0105cym zrozumieniem podchodzimy do jej wyj\u0105tkowych potrzeb i sytuacji, do czego przyczynia si\u0119 wynikaj\u0105ca z tego coraz bardziej przejrzysta i efektywna komunikacja.<\/p>\n<h2>Skontaktuj si\u0119 z nami ju\u017c dzi\u015b<\/h2>\n<p>Je\u015bli starasz si\u0119 o sprowadzenie cz\u0142onk\u00f3w rodziny, Kriezelman Burton &amp; Associates mog\u0105 Ci pom\u00f3c. Zadzwo\u0144 do nas pod numer 312-332-2550 lub wype\u0142nij nasz<a href=\"http:\/\/krilaw.com\/contact\/\"> formularz on-line<\/a> aby um\u00f3wi\u0107 si\u0119 na konsultacj\u0119. Skontaktuj si\u0119 z nami teraz, aby dowiedzie\u0107 si\u0119 wi\u0119cej o tym, jak prawnik z Chicago, IL,\u00a0 zajmuj\u0105cy si\u0119 doradztwem imigracyjnym mo\u017ce pom\u00f3c Twojej rodzinie.<\/p>\n","protected":false},"excerpt":{"rendered":"<p>Prawnicy w Chicago doradzaj\u0105cy w sprawach sponsorowania przez rodzin\u0119 Po\u0142\u0105czenie rodziny, gdy jej cz\u0142onkowie s\u0105 rozproszeni w kilku krajach, nie jest proste. Podobnie pomoc cz\u0142onkowi rodziny w imigracji do Stan\u00f3w Zjednoczonych mo\u017ce by\u0107 stresuj\u0105ca, je\u015bli nie wiadomo jakiego wyniku\u00a0 mo\u017cna si\u0119 spodziewa\u0107. Je\u015bli chcesz zmniejszy\u0107 stres z tym zwi\u0105zany i uwie\u0144czy\u0107 sukcesem proces sponsorowana przez &hellip; <\/p>\n<p class=\"link-more\"><a href=\"https:\/\/krilaw.com\/pl\/services\/oparty-na-rodzinie\/poradnictwo-imigracyjne\/\" class=\"more-link\">Czytaj dalej<span class=\"screen-reader-text\"> \u201ePoradnictwo imigracyjne\u201d<\/span><\/a><\/p>\n","protected":false},"author":50,"featured_media":8403,"parent":8389,"menu_order":0,"comment_status":"closed","ping_status":"closed","template":"","meta":{"_acf_changed":false,"_oasis_is_in_workflow":0,"_oasis_original":0,"_oasis_task_priority":"","footnotes":""},"class_list":["post-8402","page","type-page","status-publish","has-post-thumbnail","hentry","entry"],"acf":[],"_links":{"self":[{"href":"https:\/\/krilaw.com\/pl\/wp-json\/wp\/v2\/pages\/8402","targetHints":{"allow":["GET"]}}],"collection":[{"href":"https:\/\/krilaw.com\/pl\/wp-json\/wp\/v2\/pages"}],"about":[{"href":"https:\/\/krilaw.com\/pl\/wp-json\/wp\/v2\/types\/page"}],"author":[{"embeddable":true,"href":"https:\/\/krilaw.com\/pl\/wp-json\/wp\/v2\/users\/50"}],"replies":[{"embeddable":true,"href":"https:\/\/krilaw.com\/pl\/wp-json\/wp\/v2\/comments?post=8402"}],"version-history":[{"count":1,"href":"https:\/\/krilaw.com\/pl\/wp-json\/wp\/v2\/pages\/8402\/revisions"}],"predecessor-version":[{"id":8404,"href":"https:\/\/krilaw.com\/pl\/wp-json\/wp\/v2\/pages\/8402\/revisions\/8404"}],"up":[{"embeddable":true,"href":"https:\/\/krilaw.com\/pl\/wp-json\/wp\/v2\/pages\/8389"}],"wp:featuredmedia":[{"embeddable":true,"href":"https:\/\/krilaw.com\/pl\/wp-json\/wp\/v2\/media\/8403"}],"wp:attachment":[{"href":"https:\/\/krilaw.com\/pl\/wp-json\/wp\/v2\/media?parent=8402"}],"curies":[{"name":"wp","href":"https:\/\/api.w.org\/{rel}","templated":true}]}}