{"id":8405,"date":"2024-11-12T16:12:18","date_gmt":"2024-11-12T22:12:18","guid":{"rendered":"https:\/\/krilaw.com\/?page_id=8405"},"modified":"2025-10-31T10:31:40","modified_gmt":"2025-10-31T15:31:40","slug":"wnioski-nieletnich","status":"publish","type":"page","link":"https:\/\/krilaw.com\/pl\/services\/oparty-na-rodzinie\/wnioski-nieletnich\/","title":{"rendered":"Wnioski nieletnich"},"content":{"rendered":"<h1>Prawnicy z Chicago zajmuj\u0105cy si\u0119 petycjami dla nieletnich<\/h1>\n<p>Ka\u017cdego roku tysi\u0105ce nieletnich imigrant\u00f3w bez opieki przedostaje si\u0119 do Stan\u00f3w Zjednoczonych aby<a href=\"http:\/\/krilaw.com\/services\/family-based-representation-counseling\/\"> po\u0142\u0105czy\u0107 si\u0119 z rodzin\u0105<\/a> lub na w\u0142asn\u0105 r\u0119k\u0119. Tylko w 2008 r. funkcjonariusze imigracyjni zatrzymali ponad 8000 nieletnich bez opieki.<\/p>\n<p>Poniewa\u017c opiek\u0105 nad m\u0142odymi imigrantami bez opieki kieruje Biuro ds. Przesiedle\u0144 Uchod\u017ac\u00f3w w Departamencie Zdrowia i Opieki Spo\u0142ecznej, w tego typu sprawach zaanga\u017cowanych jest wiele agencji rz\u0105dowych. DHS nadal jednak decyduje, czy dziecko kwalifikuje si\u0119 do skorzystania z imigracji ju\u017c na terenie Stan\u00f3w Zjednoczonych.<\/p>\n<p>Kongres stworzy\u0142 Specjalny Status Nieletniego Imigranta (\u201eSIJS\u201d), aby chroni\u0107 nieletnich imigrant\u00f3w bez opieki w Stanach Zjednoczonych, kt\u00f3re pad\u0142y ofiar\u0105 przemocy rodzicielskiej, zaniedbania lub porzucenia. Te dzieci cz\u0119sto prze\u017cy\u0142y proceder handlu lud\u017ami, pracy przymusowej lub molestowanie w Stanach Zjednoczonych lub w swoich krajach pochodzenia.<\/p>\n<p>Takie dziecko musi wykaza\u0107, \u017ce powr\u00f3t do kraju pochodzenia nie le\u017cy w jego najlepszym interesie i\u00a0 musi tak\u017ce podlega\u0107 jurysdykcji s\u0105du dla nieletnich w Stanach Zjednoczonych. Poniewa\u017c proces s\u0105dowy dla nieletnich w ka\u017cdym stanie jest inny, bardzo wa\u017cne jest, aby te dzieci mia\u0142y dost\u0119p do <a href=\"https:\/\/krilaw.com\/pl\/profile-doradcow\/\">adwokata<\/a> kt\u00f3ry mo\u017ce je reprezentowa\u0107 w ca\u0142ym procesie.<\/p>\n<p>SIJS jest wa\u017cnym narz\u0119dziem ochrony dzieci-imigrant\u00f3w w Stanach Zjednoczonych.<a href=\"http:\/\/krilaw.com\/about\/\"> Kancelaria Kriezelman Burton &amp; Associates, LLC<\/a> prowadzi rodziny przez proces imigracji dla nieletnich, aby dzieci i ich rodziny mog\u0142y znale\u017a\u0107 stabilno\u015b\u0107 i ochron\u0119 w tym kraju.<\/p>\n","protected":false},"excerpt":{"rendered":"<p>Prawnicy z Chicago zajmuj\u0105cy si\u0119 petycjami dla nieletnich Ka\u017cdego roku tysi\u0105ce nieletnich imigrant\u00f3w bez opieki przedostaje si\u0119 do Stan\u00f3w Zjednoczonych aby po\u0142\u0105czy\u0107 si\u0119 z rodzin\u0105 lub na w\u0142asn\u0105 r\u0119k\u0119. Tylko w 2008 r. funkcjonariusze imigracyjni zatrzymali ponad 8000 nieletnich bez opieki. Poniewa\u017c opiek\u0105 nad m\u0142odymi imigrantami bez opieki kieruje Biuro ds. Przesiedle\u0144 Uchod\u017ac\u00f3w w Departamencie &hellip; <\/p>\n<p class=\"link-more\"><a href=\"https:\/\/krilaw.com\/pl\/services\/oparty-na-rodzinie\/wnioski-nieletnich\/\" class=\"more-link\">Czytaj dalej<span class=\"screen-reader-text\"> \u201eWnioski nieletnich\u201d<\/span><\/a><\/p>\n","protected":false},"author":50,"featured_media":8406,"parent":8389,"menu_order":0,"comment_status":"closed","ping_status":"closed","template":"","meta":{"_acf_changed":false,"_oasis_is_in_workflow":0,"_oasis_original":0,"_oasis_task_priority":"","footnotes":""},"class_list":["post-8405","page","type-page","status-publish","has-post-thumbnail","hentry","entry"],"acf":[],"_links":{"self":[{"href":"https:\/\/krilaw.com\/pl\/wp-json\/wp\/v2\/pages\/8405","targetHints":{"allow":["GET"]}}],"collection":[{"href":"https:\/\/krilaw.com\/pl\/wp-json\/wp\/v2\/pages"}],"about":[{"href":"https:\/\/krilaw.com\/pl\/wp-json\/wp\/v2\/types\/page"}],"author":[{"embeddable":true,"href":"https:\/\/krilaw.com\/pl\/wp-json\/wp\/v2\/users\/50"}],"replies":[{"embeddable":true,"href":"https:\/\/krilaw.com\/pl\/wp-json\/wp\/v2\/comments?post=8405"}],"version-history":[{"count":1,"href":"https:\/\/krilaw.com\/pl\/wp-json\/wp\/v2\/pages\/8405\/revisions"}],"predecessor-version":[{"id":8407,"href":"https:\/\/krilaw.com\/pl\/wp-json\/wp\/v2\/pages\/8405\/revisions\/8407"}],"up":[{"embeddable":true,"href":"https:\/\/krilaw.com\/pl\/wp-json\/wp\/v2\/pages\/8389"}],"wp:featuredmedia":[{"embeddable":true,"href":"https:\/\/krilaw.com\/pl\/wp-json\/wp\/v2\/media\/8406"}],"wp:attachment":[{"href":"https:\/\/krilaw.com\/pl\/wp-json\/wp\/v2\/media?parent=8405"}],"curies":[{"name":"wp","href":"https:\/\/api.w.org\/{rel}","templated":true}]}}