{"id":8408,"date":"2024-11-12T16:14:20","date_gmt":"2024-11-12T22:14:20","guid":{"rendered":"https:\/\/krilaw.com\/?page_id=8408"},"modified":"2024-11-12T16:14:20","modified_gmt":"2024-11-12T22:14:20","slug":"zezwolenie-j-1","status":"publish","type":"page","link":"https:\/\/krilaw.com\/pl\/services\/oparty-na-rodzinie\/zezwolenie-j-1\/","title":{"rendered":"Zezwolenie J-1"},"content":{"rendered":"<h1>Prawnicy w Chicago ds. zwolnie\u0144 z wymogu wizy J-1<\/h1>\n<p>Wizy J, znane r\u00f3wnie\u017c jako wizy dla uczestnik\u00f3w program\u00f3w wymiany, cz\u0119sto s\u0105 zwi\u0105zane z warunkiem przebywania danej osoby poza Stanami Zjednoczonymi przez 2 lata po wyga\u015bni\u0119ciu wizy. Istnieje 5 zwolnie\u0144 dost\u0119pnych dla os\u00f3b, kt\u00f3re chc\u0105 unikn\u0105\u0107 2-letniego wymogu pobytu za granic\u0105 zwi\u0105zanego z wiz\u0105 J.<\/p>\n<p>S\u0105 to :<\/p>\n<ol>\n<li>Mo\u017cliwe prze\u015bladowanie, gdyby wnioskodawca mia\u0142 wr\u00f3ci\u0107 do swojego kraju ojczystego.<\/li>\n<li>Skrajne trudno\u015bci dla <a href=\"https:\/\/krilaw.com\/services\/family-immigration-lawyers-chicago\/\">wsp\u00f3\u0142ma\u0142\u017conka lub dziecka <\/a>\u00a0wnioskodawcy b\u0119d\u0105cego obywatelem USA lub sta\u0142ym rezydentem.<u><br \/>\n<\/u><\/li>\n<li>Zwolnienie bez sprzeciwu z kraju ojczystego wnioskodawcy.<\/li>\n<li>Wniosek ameryka\u0144skiej federalnej agencji wykonawczej.<\/li>\n<li>Absolwent zagranicznej uczelni medycznej, kt\u00f3ry b\u0119dzie pracowa\u0107 na obszarze wyznaczonym na szczeblu federalnym o niewystarczaj\u0105cej obs\u0142udze medycznej.<\/li>\n<\/ol>\n<p><a href=\"http:\/\/krilaw.com\/contact\/\">Um\u00f3w si\u0119 na spotkanie w naszej kancelarii<\/a>, aby\u015bmy mogli om\u00f3wi\u0107 najlepsze podej\u015bcie w uzyskaniu zwolnienia w Twoim przypadku.<\/p>\n","protected":false},"excerpt":{"rendered":"<p>Prawnicy w Chicago ds. zwolnie\u0144 z wymogu wizy J-1 Wizy J, znane r\u00f3wnie\u017c jako wizy dla uczestnik\u00f3w program\u00f3w wymiany, cz\u0119sto s\u0105 zwi\u0105zane z warunkiem przebywania danej osoby poza Stanami Zjednoczonymi przez 2 lata po wyga\u015bni\u0119ciu wizy. Istnieje 5 zwolnie\u0144 dost\u0119pnych dla os\u00f3b, kt\u00f3re chc\u0105 unikn\u0105\u0107 2-letniego wymogu pobytu za granic\u0105 zwi\u0105zanego z wiz\u0105 J. S\u0105 &hellip; <\/p>\n<p class=\"link-more\"><a href=\"https:\/\/krilaw.com\/pl\/services\/oparty-na-rodzinie\/zezwolenie-j-1\/\" class=\"more-link\">Czytaj dalej<span class=\"screen-reader-text\"> \u201eZezwolenie J-1\u201d<\/span><\/a><\/p>\n","protected":false},"author":50,"featured_media":8409,"parent":8389,"menu_order":3,"comment_status":"closed","ping_status":"closed","template":"","meta":{"_acf_changed":false,"_oasis_is_in_workflow":0,"_oasis_original":0,"_oasis_task_priority":"","footnotes":""},"class_list":["post-8408","page","type-page","status-publish","has-post-thumbnail","hentry","entry"],"acf":[],"_links":{"self":[{"href":"https:\/\/krilaw.com\/pl\/wp-json\/wp\/v2\/pages\/8408","targetHints":{"allow":["GET"]}}],"collection":[{"href":"https:\/\/krilaw.com\/pl\/wp-json\/wp\/v2\/pages"}],"about":[{"href":"https:\/\/krilaw.com\/pl\/wp-json\/wp\/v2\/types\/page"}],"author":[{"embeddable":true,"href":"https:\/\/krilaw.com\/pl\/wp-json\/wp\/v2\/users\/50"}],"replies":[{"embeddable":true,"href":"https:\/\/krilaw.com\/pl\/wp-json\/wp\/v2\/comments?post=8408"}],"version-history":[{"count":1,"href":"https:\/\/krilaw.com\/pl\/wp-json\/wp\/v2\/pages\/8408\/revisions"}],"predecessor-version":[{"id":8410,"href":"https:\/\/krilaw.com\/pl\/wp-json\/wp\/v2\/pages\/8408\/revisions\/8410"}],"up":[{"embeddable":true,"href":"https:\/\/krilaw.com\/pl\/wp-json\/wp\/v2\/pages\/8389"}],"wp:featuredmedia":[{"embeddable":true,"href":"https:\/\/krilaw.com\/pl\/wp-json\/wp\/v2\/media\/8409"}],"wp:attachment":[{"href":"https:\/\/krilaw.com\/pl\/wp-json\/wp\/v2\/media?parent=8408"}],"curies":[{"name":"wp","href":"https:\/\/api.w.org\/{rel}","templated":true}]}}