{"id":8411,"date":"2024-11-12T16:16:36","date_gmt":"2024-11-12T22:16:36","guid":{"rendered":"https:\/\/krilaw.com\/?page_id=8411"},"modified":"2024-11-12T16:16:36","modified_gmt":"2024-11-12T22:16:36","slug":"przywrocenie-humanitarne","status":"publish","type":"page","link":"https:\/\/krilaw.com\/pl\/services\/oparty-na-rodzinie\/przywrocenie-humanitarne\/","title":{"rendered":"Przywr\u00f3cenie humanitarne"},"content":{"rendered":"<h1>Chicagowscy prawnicy ds. humanitarnego przywr\u00f3cenia wniosku<\/h1>\n<p>Czas oczekiwania na uzyskanie <a href=\"http:\/\/krilaw.com\/services\/immigration\/permanent-residency\/\">legalnego sta\u0142ego pobytu <\/a>cz\u0119sto mo\u017ce wynosi\u0107 ponad 10 lat. Zgodnie z prawem imigracyjnym, je\u017celi osoba sk\u0142adaj\u0105ca petycj\u0119 umrze przed osi\u0105gni\u0119ciem daty pierwsze\u0144stwa rozpatrzenia beneficjenta, petycja zostanie automatycznie uniewa\u017cniona. Czasami jednak dana osoba mo\u017ce uzyska\u0107 humanitarne przywr\u00f3cenie starego wniosku wizowego opartego na wi\u0119zach rodzinnych. Je\u015bli w przypadku danej osoby zachodz\u0105 szczeg\u00f3lne okoliczno\u015bci, mo\u017ce ona zwr\u00f3ci\u0107 si\u0119 do USCIS lub Departamentu Stanu (DOS) o przywr\u00f3cenie wniosku wizowego. Cz\u0119sto wymaga to posiadania okre\u015blonych krewnych, kt\u00f3rzy nadal maj\u0105 status imigracyjny w Stanach Zjednoczonych i kt\u00f3rzy mog\u0105 zast\u0105pi\u0107 sponsora. W takich przypadkach DOS i USCIS analizuj\u0105 wszystkie czynniki humanitarne w danej sprawie, aby ustali\u0107, czy powinni przyzna\u0107 humanitarne przywr\u00f3cenie wniosku.<\/p>\n<p>Istnieje r\u00f3wnie\u017c nowszy paragraf prawa, 204(l), kt\u00f3ry przewiduje przywr\u00f3cenie ka\u017cdego rodzaju wniosku imigracyjnego, gdy beneficjenci przebywaj\u0105 na terenie Stan\u00f3w Zjednoczonych a niezb\u0119dna strona petycji umrze. Ten paragraf\u00a0 mo\u017ce mie\u0107 zastosowanie do wielu r\u00f3\u017cnych rodzaj\u00f3w wniosk\u00f3w, w tym mi\u0119dzy innymi do wniosk\u00f3w wizowych <a href=\"https:\/\/krilaw.com\/services\/family-immigration-lawyers-chicago\/\">opartych na wi\u0119zach rodzinnych<\/a> czy<a href=\"http:\/\/krilaw.com\/services\/employment-based-representation-counseling-for-businesses-and-individuals\/immigrant-visas\/\"> na zatrudnieniu<\/a>. W takich przypadkach petycja mo\u017ce zosta\u0107 przywr\u00f3cona, je\u015bli Sekretarz DHS uzna, \u017ce zatwierdzenie nie by\u0142oby sprzeczne z interesem publicznym i \u017ce na o\u015bwiadczeniu o wsparciu znajduje si\u0119 sponsor zast\u0119pczy.<\/p>\n","protected":false},"excerpt":{"rendered":"<p>Chicagowscy prawnicy ds. humanitarnego przywr\u00f3cenia wniosku Czas oczekiwania na uzyskanie legalnego sta\u0142ego pobytu cz\u0119sto mo\u017ce wynosi\u0107 ponad 10 lat. Zgodnie z prawem imigracyjnym, je\u017celi osoba sk\u0142adaj\u0105ca petycj\u0119 umrze przed osi\u0105gni\u0119ciem daty pierwsze\u0144stwa rozpatrzenia beneficjenta, petycja zostanie automatycznie uniewa\u017cniona. Czasami jednak dana osoba mo\u017ce uzyska\u0107 humanitarne przywr\u00f3cenie starego wniosku wizowego opartego na wi\u0119zach rodzinnych. Je\u015bli w &hellip; <\/p>\n<p class=\"link-more\"><a href=\"https:\/\/krilaw.com\/pl\/services\/oparty-na-rodzinie\/przywrocenie-humanitarne\/\" class=\"more-link\">Czytaj dalej<span class=\"screen-reader-text\"> \u201ePrzywr\u00f3cenie humanitarne\u201d<\/span><\/a><\/p>\n","protected":false},"author":50,"featured_media":8412,"parent":8389,"menu_order":5,"comment_status":"closed","ping_status":"closed","template":"","meta":{"_acf_changed":false,"_oasis_is_in_workflow":0,"_oasis_original":0,"_oasis_task_priority":"","footnotes":""},"class_list":["post-8411","page","type-page","status-publish","has-post-thumbnail","hentry","entry"],"acf":[],"_links":{"self":[{"href":"https:\/\/krilaw.com\/pl\/wp-json\/wp\/v2\/pages\/8411","targetHints":{"allow":["GET"]}}],"collection":[{"href":"https:\/\/krilaw.com\/pl\/wp-json\/wp\/v2\/pages"}],"about":[{"href":"https:\/\/krilaw.com\/pl\/wp-json\/wp\/v2\/types\/page"}],"author":[{"embeddable":true,"href":"https:\/\/krilaw.com\/pl\/wp-json\/wp\/v2\/users\/50"}],"replies":[{"embeddable":true,"href":"https:\/\/krilaw.com\/pl\/wp-json\/wp\/v2\/comments?post=8411"}],"version-history":[{"count":1,"href":"https:\/\/krilaw.com\/pl\/wp-json\/wp\/v2\/pages\/8411\/revisions"}],"predecessor-version":[{"id":8413,"href":"https:\/\/krilaw.com\/pl\/wp-json\/wp\/v2\/pages\/8411\/revisions\/8413"}],"up":[{"embeddable":true,"href":"https:\/\/krilaw.com\/pl\/wp-json\/wp\/v2\/pages\/8389"}],"wp:featuredmedia":[{"embeddable":true,"href":"https:\/\/krilaw.com\/pl\/wp-json\/wp\/v2\/media\/8412"}],"wp:attachment":[{"href":"https:\/\/krilaw.com\/pl\/wp-json\/wp\/v2\/media?parent=8411"}],"curies":[{"name":"wp","href":"https:\/\/api.w.org\/{rel}","templated":true}]}}