{"id":8414,"date":"2024-11-12T16:18:42","date_gmt":"2024-11-12T22:18:42","guid":{"rendered":"https:\/\/krilaw.com\/?page_id=8414"},"modified":"2024-11-12T16:18:42","modified_gmt":"2024-11-12T22:18:42","slug":"warunkowy-status-rezydenta","status":"publish","type":"page","link":"https:\/\/krilaw.com\/pl\/services\/oparty-na-rodzinie\/warunkowy-status-rezydenta\/","title":{"rendered":"Warunkowy status rezydenta"},"content":{"rendered":"<h1>Prawnicy w Chicago ds. warunkowego statusu sta\u0142ego rezydenta<\/h1>\n<p>Czy Twoja<a href=\"http:\/\/krilaw.com\/services\/immigration\/green-cards\/\"> zielona karta<\/a> jest wa\u017cna tylko dwa lata? Je\u015bli tak to oznacza to, \u017ce Tw\u00f3j <a href=\"http:\/\/krilaw.com\/services\/immigration\/permanent-residency\/\">legalny pobyt sta\u0142y<\/a> jest <em>warunkowy<\/em>. W ci\u0105gu 90 dni przed up\u0142ywem wa\u017cno\u015bci Twojej zielonej karty nale\u017cy z\u0142o\u017cy\u0107 wniosek o usuni\u0119cie warunk\u00f3w Twojego pobytu, aby zapobiec wyga\u015bni\u0119ciu Twojego statusu. Istnieje kilka wyj\u0105tk\u00f3w, kiedy mo\u017cna z\u0142o\u017cy\u0107 wniosek po dwuletnim okresie; jednak rozwi\u0105zanie tego problemu zale\u017cy od uwarunkowa\u0144 w ka\u017cdym konkretnym przypadku.<\/p>\n<p>Status warunkowy przyznawany jest osobie b\u0119d\u0105cej w zwi\u0105zku ma\u0142\u017ce\u0144skim z obywatelem USA, ale kt\u00f3rej ma\u0142\u017ce\u0144stwo trwa\u0142o kr\u00f3cej ni\u017c dwa lata w chwili przyznania legalnego sta\u0142ego pobytu. Jest on przyznawany r\u00f3wnie\u017c dziecku, kt\u00f3rego przybrany rodzic jest obywatelem USA, a ma\u0142\u017ce\u0144stwo mi\u0119dzy rodzicem a przybranym rodzicem trwa kr\u00f3cej ni\u017c dwa lata. Status warunkowy umo\u017cliwia Departamentowi Bezpiecze\u0144stwa Wewn\u0119trznego dodatkow\u0105 mo\u017cliwo\u015b\u0107 ustalenia, czy ma\u0142\u017ce\u0144stwo jest prawdziwe, a nie zawarte wy\u0142\u0105cznie w celach imigracyjnych. (Patrz:<a href=\"https:\/\/krilaw.com\/services\/family-immigration-lawyers-chicago\/marriage-fraud\/\"> oszustwo ma\u0142\u017ce\u0144skie<\/a>)<\/p>\n<p>Je\u015bli Ty (lub Twoi rodzice) nadal jeste\u015bcie w zwi\u0105zku ma\u0142\u017ce\u0144skim, Ty i Tw\u00f3j ma\u0142\u017conek b\u0119d\u0105cy obywatelem USA sk\u0142adacie wniosek wsp\u00f3lny. Je\u015bli jeste\u015b w separacji lub po rozwodzie, b\u0119dziesz musia\u0142a z\u0142o\u017cy\u0107 wniosek w oparciu o jedn\u0105 z nast\u0119puj\u0105cych przyczyn:<\/p>\n<ul>\n<li>Tw\u00f3j ma\u0142\u017conek zmar\u0142<\/li>\n<li>Zawar\u0142a\u015b zwi\u0105zek ma\u0142\u017ce\u0144ski w dobrej wierze (czyli nie w celach imigracyjnych), ale\u00a0\u00a0\u00a0\u00a0\u00a0\u00a0\u00a0\u00a0\u00a0\u00a0 ma\u0142\u017ce\u0144stwo ju\u017c si\u0119 zako\u0144czy\u0142o w wyniku rozwodu lub uniewa\u017cnienia<\/li>\n<li>Zawar\u0142a\u015b ma\u0142\u017ce\u0144stwo w dobrej wierze, ale by\u0142a\u015b ofiar\u0105 przemocy domowej ze strony ma\u0142\u017conka<\/li>\n<li>Jeste\u015b dzieckiem i do\u015bwiadczy\u0142e\u015b przemocy ze strony ojczyma, obywatela USA<\/li>\n<li>Je\u015bli zosta\u0142by\u015b zmuszony do opuszczenia Stan\u00f3w Zjednoczonych, znalaz\u0142by\u015b si\u0119 skrajnie trudnym po\u0142o\u017ceniu<\/li>\n<\/ul>\n","protected":false},"excerpt":{"rendered":"<p>Prawnicy w Chicago ds. warunkowego statusu sta\u0142ego rezydenta Czy Twoja zielona karta jest wa\u017cna tylko dwa lata? Je\u015bli tak to oznacza to, \u017ce Tw\u00f3j legalny pobyt sta\u0142y jest warunkowy. W ci\u0105gu 90 dni przed up\u0142ywem wa\u017cno\u015bci Twojej zielonej karty nale\u017cy z\u0142o\u017cy\u0107 wniosek o usuni\u0119cie warunk\u00f3w Twojego pobytu, aby zapobiec wyga\u015bni\u0119ciu Twojego statusu. Istnieje kilka wyj\u0105tk\u00f3w, &hellip; <\/p>\n<p class=\"link-more\"><a href=\"https:\/\/krilaw.com\/pl\/services\/oparty-na-rodzinie\/warunkowy-status-rezydenta\/\" class=\"more-link\">Czytaj dalej<span class=\"screen-reader-text\"> \u201eWarunkowy status rezydenta\u201d<\/span><\/a><\/p>\n","protected":false},"author":50,"featured_media":8415,"parent":8389,"menu_order":7,"comment_status":"closed","ping_status":"closed","template":"","meta":{"_acf_changed":false,"_oasis_is_in_workflow":0,"_oasis_original":0,"_oasis_task_priority":"","footnotes":""},"class_list":["post-8414","page","type-page","status-publish","has-post-thumbnail","hentry","entry"],"acf":[],"_links":{"self":[{"href":"https:\/\/krilaw.com\/pl\/wp-json\/wp\/v2\/pages\/8414","targetHints":{"allow":["GET"]}}],"collection":[{"href":"https:\/\/krilaw.com\/pl\/wp-json\/wp\/v2\/pages"}],"about":[{"href":"https:\/\/krilaw.com\/pl\/wp-json\/wp\/v2\/types\/page"}],"author":[{"embeddable":true,"href":"https:\/\/krilaw.com\/pl\/wp-json\/wp\/v2\/users\/50"}],"replies":[{"embeddable":true,"href":"https:\/\/krilaw.com\/pl\/wp-json\/wp\/v2\/comments?post=8414"}],"version-history":[{"count":1,"href":"https:\/\/krilaw.com\/pl\/wp-json\/wp\/v2\/pages\/8414\/revisions"}],"predecessor-version":[{"id":8416,"href":"https:\/\/krilaw.com\/pl\/wp-json\/wp\/v2\/pages\/8414\/revisions\/8416"}],"up":[{"embeddable":true,"href":"https:\/\/krilaw.com\/pl\/wp-json\/wp\/v2\/pages\/8389"}],"wp:featuredmedia":[{"embeddable":true,"href":"https:\/\/krilaw.com\/pl\/wp-json\/wp\/v2\/media\/8415"}],"wp:attachment":[{"href":"https:\/\/krilaw.com\/pl\/wp-json\/wp\/v2\/media?parent=8414"}],"curies":[{"name":"wp","href":"https:\/\/api.w.org\/{rel}","templated":true}]}}