{"id":8417,"date":"2024-11-12T16:22:44","date_gmt":"2024-11-12T22:22:44","guid":{"rendered":"https:\/\/krilaw.com\/?page_id=8417"},"modified":"2025-09-23T05:37:48","modified_gmt":"2025-09-23T10:37:48","slug":"imigracja-przez-adopcje","status":"publish","type":"page","link":"https:\/\/krilaw.com\/pl\/services\/oparty-na-rodzinie\/imigracja-przez-adopcje\/","title":{"rendered":"Imigracja przez adopcj\u0119"},"content":{"rendered":"<h1>Prawnicy w Chicago ds. adopcji mi\u0119dzynarodowej<\/h1>\n<p>Wiele adopcji ma charakter mi\u0119dzynarodowy. Obywatele USA i<a href=\"https:\/\/krilaw.com\/pl\/services\/prawnicy-imigracyjni-z-chicago\/prawnicy-w-chicago-zajmujacy-sie-procesem-ubiegania-sie-o-zielona-karte\/\">\u00a0 posiadacze zielonej karty<\/a>, kt\u00f3rzy adoptuj\u0105 dzieci z zagranicy,\u00a0 powinni zapozna\u0107 si\u0119 z procesem imigracji ich dziecka. Istnieje kilka r\u00f3\u017cnych opcji, dlatego potrzebna jest porada prawna dotycz\u0105ca najlepszego sposobu sprawnego przeprowadzenia tego procesu.\u00a0 Oto trzy sposoby, w jakie adoptowane dzieci mog\u0105 wyemigrowa\u0107 do USA. Aby uzyska\u0107 informacje na temat Twojej konkretnej sytuacji, skontaktuj si\u0119 z naszymi <a href=\"https:\/\/krilaw.com\/pl\/profile-doradcow\/\">prawnikami zajmuj\u0105cymi si\u0119 imigracj\u0105 poprzez adopcj\u0119.<\/a><\/p>\n<h2>Proces haski<\/h2>\n<p>Jest to proces z wykorzystaniem mi\u0119dzynarodowego traktatu podpisanego w Hadze, kt\u00f3ry chroni interesy dzieci i ich rodzic\u00f3w w procesie adopcji mi\u0119dzynarodowej. Dziecko musi pochodzi\u0107 z kraju, kt\u00f3ry podpisa\u0142 traktat. Obecnie w Procesie haskim uczestniczy ponad 100 kraj\u00f3w sygnatariuszy. Nie mo\u017cesz adoptowa\u0107 dziecka z zagranicy, dop\u00f3ki Tw\u00f3j wniosek nie zostanie zatwierdzony przez<a href=\"https:\/\/www.uscis.gov\/\" target=\"_blank\" rel=\"noopener\"> ameryka\u0144ski urz\u0105d imigracyjny (USCIS<\/a>). Dlatego konieczne jest doprowadzenie do szybkiego zatwierdzenia, zw\u0142aszcza je\u015bli masz do czynienia z procesem sk\u0142adaj\u0105cym si\u0119 z wielu etap\u00f3w. USCIS sugeruje nawet, aby rodzice adopcyjni znale\u017ali prawnika imigracyjnego, kt\u00f3ry pomo\u017ce w tym procesie.<\/p>\n<h2>Proces adopcji sieroty<\/h2>\n<p>W przypadku adopcji dziecka z kraju, kt\u00f3ry nie nale\u017cy do sygnatariuszy Konwencji haskiej, nale\u017cy zastosowa\u0107 inn\u0105 procedur\u0119. W tym przypadku mo\u017cna adoptowa\u0107 wy\u0142\u0105cznie dziecko, kt\u00f3re spe\u0142nia prawn\u0105 definicj\u0119 \u201esieroty\u201d, co oznacza, \u017ce nie posiada rodzic\u00f3w, ani os\u00f3b, kt\u00f3re by by\u0142y w stanie si\u0119 nim zaopiekowa\u0107. USCIS przeprowadza w\u0142asne dochodzenie, aby upewni\u0107 si\u0119, \u017ce dziecko jest sierot\u0105. Mo\u017ce to by\u0107 skomplikowany proces adopcyjny, bior\u0105c pod uwag\u0119 liczne cz\u0119\u015bci procesu, w kt\u00f3re zaanga\u017cowany jest USCIS.<\/p>\n<h2>Proces sk\u0142adania petycji przez rodzin\u0119<\/h2>\n<p>Posiadacze zielonej karty i obywatele USA mog\u0105 skorzysta\u0107 z procesu sponsorowania przez rodzin\u0119 w przypadku dzieci, kt\u00f3re nie pochodz\u0105 z kraj\u00f3w obj\u0119tych Konwencj\u0105 hask\u0105. Wymaga to sprawowania opieki prawnej nad dzieckiem przez co najmniej dwa lata w momencie podj\u0119cia pr\u00f3by sprowadzenia go do Stan\u00f3w Zjednoczonych i z\u0142o\u017cenia petycji do USCIS o zatwierdzenie.<\/p>\n<p>Proces adopcji mi\u0119dzynarodowej jest skomplikowany i jednym z g\u0142\u00f3wnych warunk\u00f3w sukcesu jest bycie gotowym na adopcj\u0119, gdy tylko nadarz\u0105 si\u0119 sprzyjaj\u0105ce warunki. Zatwierdzenie przez USCIS jest warunkiem wst\u0119pnym tego procesu i musisz zrobi\u0107 wszystko aby si\u0119 upewni\u0107, \u017ce ta cz\u0119\u015b\u0107 adopcji przebiegnie sprawnie. Dlatego jedn\u0105 z pierwszych os\u00f3b, z kt\u00f3rymi musisz porozmawia\u0107 w ramach tego procesu jest prawnik imigracyjny.<\/p>\n<p>Pomo\u017cemy Ci zrozumie\u0107 ten proces i czego mo\u017cesz si\u0119 spodziewa\u0107. Mo\u017cemy udzieli\u0107 Ci porad prawnych, kt\u00f3re pomog\u0105 Ci unikn\u0105\u0107 pewnych przeszk\u00f3d mog\u0105cych spowolni\u0107 adopcj\u0119. Proces ten jest wystarczaj\u0105co stresuj\u0105cy, nie wspominaj\u0105c nawet o wielu b\u0142\u0119dach jak np. w przygotowaniu dokumentacji, czy innych pomy\u0142ek, kt\u00f3re mog\u0105 stanowi\u0107 powa\u017cne przeszkody w tym procesie. Odpowiedni prawnik pomo\u017ce Ci przygotowa\u0107 formularze i sprawdzi je pod k\u0105tem dok\u0142adno\u015bci. S\u0142u\u017cymy pomoc\u0105 r\u00f3wnie\u017c w przypadku gdy USCIS b\u0119dzie potrzebowa\u0107 dodatkowych informacji.<\/p>\n<h2>Do\u015bwiadczeni prawnicy imigracyjni ds. adopcji<\/h2>\n<p><a href=\"https:\/\/krilaw.com\/pl\/8429-2\/\">Skontaktuj si\u0119 z do\u015bwiadczonymi prawnikami imigracyjnymi <\/a>\u00a0Kriezelman Burton &amp; Associates, je\u015bli jeste\u015b zainteresowany adopcj\u0105 mi\u0119dzynarodow\u0105. Nigdy nie jest za wcze\u015bnie, aby zasi\u0119gn\u0105\u0107 porady prawnej, aby proces adopcyjny sta\u0142 si\u0119 pocz\u0105tkiem spe\u0142nienia marze\u0144 dla Ciebie i Twojej rodziny. Pomagamy ju\u017c rodzinom w Illinois, Indianie, Wisconsin i Michigan.<\/p>\n<h2>Najcz\u0119\u015bciej zadawane pytania dotycz\u0105ce adopcji mi\u0119dzynarodowej i imigracji<\/h2>\n","protected":false},"excerpt":{"rendered":"<p>Prawnicy w Chicago ds. adopcji mi\u0119dzynarodowej Wiele adopcji ma charakter mi\u0119dzynarodowy. Obywatele USA i\u00a0 posiadacze zielonej karty, kt\u00f3rzy adoptuj\u0105 dzieci z zagranicy,\u00a0 powinni zapozna\u0107 si\u0119 z procesem imigracji ich dziecka. Istnieje kilka r\u00f3\u017cnych opcji, dlatego potrzebna jest porada prawna dotycz\u0105ca najlepszego sposobu sprawnego przeprowadzenia tego procesu.\u00a0 Oto trzy sposoby, w jakie adoptowane dzieci mog\u0105 wyemigrowa\u0107 &hellip; <\/p>\n<p class=\"link-more\"><a href=\"https:\/\/krilaw.com\/pl\/services\/oparty-na-rodzinie\/imigracja-przez-adopcje\/\" class=\"more-link\">Czytaj dalej<span class=\"screen-reader-text\"> \u201eImigracja przez adopcj\u0119\u201d<\/span><\/a><\/p>\n","protected":false},"author":50,"featured_media":8418,"parent":8389,"menu_order":8,"comment_status":"closed","ping_status":"closed","template":"","meta":{"_acf_changed":false,"_oasis_is_in_workflow":0,"_oasis_original":0,"_oasis_task_priority":"","footnotes":""},"class_list":["post-8417","page","type-page","status-publish","has-post-thumbnail","hentry","entry"],"acf":[],"_links":{"self":[{"href":"https:\/\/krilaw.com\/pl\/wp-json\/wp\/v2\/pages\/8417","targetHints":{"allow":["GET"]}}],"collection":[{"href":"https:\/\/krilaw.com\/pl\/wp-json\/wp\/v2\/pages"}],"about":[{"href":"https:\/\/krilaw.com\/pl\/wp-json\/wp\/v2\/types\/page"}],"author":[{"embeddable":true,"href":"https:\/\/krilaw.com\/pl\/wp-json\/wp\/v2\/users\/50"}],"replies":[{"embeddable":true,"href":"https:\/\/krilaw.com\/pl\/wp-json\/wp\/v2\/comments?post=8417"}],"version-history":[{"count":3,"href":"https:\/\/krilaw.com\/pl\/wp-json\/wp\/v2\/pages\/8417\/revisions"}],"predecessor-version":[{"id":10535,"href":"https:\/\/krilaw.com\/pl\/wp-json\/wp\/v2\/pages\/8417\/revisions\/10535"}],"up":[{"embeddable":true,"href":"https:\/\/krilaw.com\/pl\/wp-json\/wp\/v2\/pages\/8389"}],"wp:featuredmedia":[{"embeddable":true,"href":"https:\/\/krilaw.com\/pl\/wp-json\/wp\/v2\/media\/8418"}],"wp:attachment":[{"href":"https:\/\/krilaw.com\/pl\/wp-json\/wp\/v2\/media?parent=8417"}],"curies":[{"name":"wp","href":"https:\/\/api.w.org\/{rel}","templated":true}]}}