{"id":8420,"date":"2024-11-12T16:24:42","date_gmt":"2024-11-12T22:24:42","guid":{"rendered":"https:\/\/krilaw.com\/?page_id=8420"},"modified":"2025-10-31T10:40:25","modified_gmt":"2025-10-31T15:40:25","slug":"oszustwo-malzenskie","status":"publish","type":"page","link":"https:\/\/krilaw.com\/pl\/services\/oparty-na-rodzinie\/oszustwo-malzenskie\/","title":{"rendered":"Oszustwo ma\u0142\u017ce\u0144skie"},"content":{"rendered":"<h1>Chicago Oszustwo ma\u0142\u017ce\u0144skie<\/h1>\n<p>Ustawa o reformie i kontroli imigracji z 1986 r. (IRCA) oraz poprawki dotycz\u0105ce imigracyjnych\u00a0 oszustw ma\u0142\u017ce\u0144skich z 1986 r. (IMFA)\u00a0 wprowadzi\u0142y drastyczne zmiany w prawie imigracyjnym maj\u0105c ogromny wp\u0142yw na sytuacj\u0119 cudzoziemc\u00f3w obecnie przebywaj\u0105cych na terenie Stan\u00f3w Zjednoczonych lub staraj\u0105cych si\u0119 o zezwolenie na wjazd do tego kraju jako imigranci. IMFA ustanowi\u0142a dwuetapowy proces dla os\u00f3b ubiegaj\u0105cych si\u0119 o status na podstawie ma\u0142\u017ce\u0144stwa, tak aby dana osoba pocz\u0105tkowo otrzymywa\u0142a warunkowy status rezydenta, kt\u00f3ry mo\u017cna by\u0142oby zamieni\u0107 po dw\u00f3ch latach na <a href=\"http:\/\/krilaw.com\/services\/immigration\/permanent-residency\/\">spobyt sta\u0142y<\/a>. IMFA na\u0142o\u017cy\u0142a dwuletni zakaz uzyskania sta\u0142ego pobytu poprzez ma\u0142\u017ce\u0144stwo zawarte w trakcie post\u0119powania o wykluczenie lub deportacj\u0119\u00a0 oraz pi\u0119cioletni zakaz dla sta\u0142ego rezydenta sk\u0142adaj\u0105cego petycj\u0119 dla nowego ma\u0142\u017conka, je\u015bli uzyska\u0142 status na podstawie wcze\u015bniejszego ma\u0142\u017ce\u0144stwa.<\/p>\n<p>IRCA z 1986 roku i IMFA z 1986 roku nadal pozostaj\u0105 w pe\u0142nej mocy prawnej. Warto r\u00f3wnie\u017c zauwa\u017cy\u0107, \u017ce je\u015bli osoba zamierzaj\u0105ca lub ubiegaj\u0105ca si\u0119 o status imigracyjny w Stanach Zjednoczonych poprzez z\u0142o\u017cenie petycji wizowej I-130 przez wsp\u00f3\u0142ma\u0142\u017conka lub przysz\u0142ego ma\u0142\u017conka b\u0119d\u0105cego obywatelem ameryka\u0144skim, a USCIS uzna, \u017ce \u200b\u200bwniosek wizowy jest z\u0142o\u017cony na podstawie fa\u0142szywych przes\u0142anek, poniewa\u017c strony po prostu ubiegaj\u0105 si\u0119 o status ma\u0142\u017conka b\u0119d\u0105cego beneficjentem, bez prawdziwego zamiaru stworzenia szczerego i legalnego zwi\u0105zku ma\u0142\u017ce\u0144skiego na ca\u0142e \u017cycie, w\u00f3wczas konsekwencje dla obu stron b\u0119d\u0105\u00a0 bardzo powa\u017cne. Zgodnie z IMFA i innymi obowi\u0105zuj\u0105cymi przepisami imigracyjnymi, je\u015bli USCIS stwierdzi, \u017ce cudzoziemiec dopu\u015bci\u0142 si\u0119 oszustwa ma\u0142\u017ce\u0144skiego lub \u017ce zamierza pope\u0142ni\u0107 takie oszustwo, w\u00f3wczas nie b\u0119dzie m\u00f3g\u0142 ubiega\u0107 si\u0119 o \u017caden status podczas pobytu w Stanach Zjednoczonych. Ewentualny status imigranta mo\u017cna w\u00f3wczas uzyska\u0107 jedynie w przypadku, gdy cudzoziemiec\/beneficjent faktycznie opu\u015bci Stany Zjednoczone na okres dw\u00f3ch lat lub d\u0142u\u017cszy, aby ubiega\u0107 si\u0119 o mo\u017cliwo\u015b\u0107 ponownego wjazdu do tego kraju jako imigrant na podstawie z\u0142o\u017conej p\u00f3\u017aniej nowej petycji wizowej I-130.<\/p>\n<p>Kiedy USCIS dojdzie do wniosku, \u017ce dana osoba dopu\u015bci\u0142a si\u0119 oszustwa ma\u0142\u017ce\u0144skiego, fakt ten pozostaje cz\u0119\u015bci\u0105 sta\u0142ych akt danego cudzoziemca, a zatem na zawsze b\u0119dzie mia\u0142 wp\u0142yw na pr\u00f3by przedostania si\u0119 tej osoby do Stan\u00f3w Zjednoczonych w charakterze imigranta lub nawet nieimigranta w przysz\u0142o\u015bci.<\/p>\n<p>Doradzaj\u0105c osobom szukaj\u0105cym porady w<a href=\"https:\/\/krilaw.com\/pl\/o-firmie\/\"> biurach naszej kancelarii prawnej<\/a> lub tym, kt\u00f3rzy korzystaj\u0105 z <a href=\"https:\/\/krilaw.com\/pl\/services\/\">\u00a0naszych us\u0142ug<\/a> w celu ewentualnego uzyskania wizy imigracyjnej, stale przypominamy o konsekwencjach pope\u0142nienia oszustwa ma\u0142\u017ce\u0144skiego.<\/p>\n","protected":false},"excerpt":{"rendered":"<p>Chicago Oszustwo ma\u0142\u017ce\u0144skie Ustawa o reformie i kontroli imigracji z 1986 r. (IRCA) oraz poprawki dotycz\u0105ce imigracyjnych\u00a0 oszustw ma\u0142\u017ce\u0144skich z 1986 r. (IMFA)\u00a0 wprowadzi\u0142y drastyczne zmiany w prawie imigracyjnym maj\u0105c ogromny wp\u0142yw na sytuacj\u0119 cudzoziemc\u00f3w obecnie przebywaj\u0105cych na terenie Stan\u00f3w Zjednoczonych lub staraj\u0105cych si\u0119 o zezwolenie na wjazd do tego kraju jako imigranci. IMFA ustanowi\u0142a &hellip; <\/p>\n<p class=\"link-more\"><a href=\"https:\/\/krilaw.com\/pl\/services\/oparty-na-rodzinie\/oszustwo-malzenskie\/\" class=\"more-link\">Czytaj dalej<span class=\"screen-reader-text\"> \u201eOszustwo ma\u0142\u017ce\u0144skie\u201d<\/span><\/a><\/p>\n","protected":false},"author":50,"featured_media":8421,"parent":8389,"menu_order":10,"comment_status":"closed","ping_status":"closed","template":"","meta":{"_acf_changed":false,"_oasis_is_in_workflow":0,"_oasis_original":0,"_oasis_task_priority":"","footnotes":""},"class_list":["post-8420","page","type-page","status-publish","has-post-thumbnail","hentry","entry"],"acf":[],"_links":{"self":[{"href":"https:\/\/krilaw.com\/pl\/wp-json\/wp\/v2\/pages\/8420","targetHints":{"allow":["GET"]}}],"collection":[{"href":"https:\/\/krilaw.com\/pl\/wp-json\/wp\/v2\/pages"}],"about":[{"href":"https:\/\/krilaw.com\/pl\/wp-json\/wp\/v2\/types\/page"}],"author":[{"embeddable":true,"href":"https:\/\/krilaw.com\/pl\/wp-json\/wp\/v2\/users\/50"}],"replies":[{"embeddable":true,"href":"https:\/\/krilaw.com\/pl\/wp-json\/wp\/v2\/comments?post=8420"}],"version-history":[{"count":2,"href":"https:\/\/krilaw.com\/pl\/wp-json\/wp\/v2\/pages\/8420\/revisions"}],"predecessor-version":[{"id":10884,"href":"https:\/\/krilaw.com\/pl\/wp-json\/wp\/v2\/pages\/8420\/revisions\/10884"}],"up":[{"embeddable":true,"href":"https:\/\/krilaw.com\/pl\/wp-json\/wp\/v2\/pages\/8389"}],"wp:featuredmedia":[{"embeddable":true,"href":"https:\/\/krilaw.com\/pl\/wp-json\/wp\/v2\/media\/8421"}],"wp:attachment":[{"href":"https:\/\/krilaw.com\/pl\/wp-json\/wp\/v2\/media?parent=8420"}],"curies":[{"name":"wp","href":"https:\/\/api.w.org\/{rel}","templated":true}]}}