{"id":8423,"date":"2024-11-12T16:28:18","date_gmt":"2024-11-12T22:28:18","guid":{"rendered":"https:\/\/krilaw.com\/?page_id=8423"},"modified":"2025-01-24T14:14:09","modified_gmt":"2025-01-24T20:14:09","slug":"o-firmie","status":"publish","type":"page","link":"https:\/\/krilaw.com\/pl\/o-firmie\/","title":{"rendered":"O firmie"},"content":{"rendered":"<div class=\"abt-cntsec fw\">\n<div class=\"container\">\n<div class=\"abt-cntblck\">\n<div class=\"abt-cntlft\">\n<div class=\"abtpg-cntblck\">\n<div class=\"abtpg-img\"><img decoding=\"async\" src=\"https:\/\/krilaw.com\/wp-content\/uploads\/2024\/06\/abt-img.jpg\" alt=\"about-img\" title=\"\"><\/div>\n<div class=\"abtpg-tit\">\n<h2>Kriezelman<br \/>\nBurton &amp; Associates<\/h2>\n<\/div>\n<\/div>\n<\/div>\n<div class=\"abt-cntrgt\">\n<h2>O firmie<\/h2>\n<p>W Kriezelman Burton &amp; Associates, LLC jeste\u015bmy zaanga\u017cowani w zapewnianie intensywnej i profesjonalnej reprezentacji prawnej oraz doradztwa na wszystkich obszarach<a href=\"http:\/\/krilaw.com\/services\/immigration\/immigration-law\/\"> prawa imigracyjnego i obywatelskiego<\/a>. Za\u0142o\u017cona przez Jeffreya A. Kriezelmana w 1974 roku nasza kancelaria rozszerzy\u0142a swoj\u0105 dzia\u0142alno\u015b\u0107 na reprezentowanie tysi\u0119cy obcokrajowc\u00f3w na terenie ca\u0142ego kraju w ich staraniach o uzyskanie tymczasowego i sta\u0142ego legalnego statusu wizowego w Stanach Zjednoczonych.<\/p>\n<p>Nasza kancelaria koncentruje si\u0119 na imigracji opartej na zatrudnieniu,<a href=\"http:\/\/krilaw.com\/services\/family-based-representation-counseling\/\"> sponsorowaniu przez rodzin\u0119<\/a>, sporach prowadzonych przed s\u0105dami imigracyjnymi i przed s\u0105dem federalnym, apelacjach i procesie uzyskiwania wiz nieimigracyjnych. Nasza lista klient\u00f3w obejmuje firmy z listy Fortune 500, w\u0142a\u015bcicieli ma\u0142ych i \u015brednich przedsi\u0119biorstw, \u015bwiatowej s\u0142awy artyst\u00f3w i sportowc\u00f3w, lekarzy i naukowc\u00f3w. Staramy si\u0119 tak\u017ce reprezentowa\u0107 osoby pragn\u0105ce pozosta\u0107 w USA ze swoj\u0105 rodzin\u0105, a tak\u017ce osoby ubiegaj\u0105ce si\u0119 o azyl, poszukuj\u0105ce schronienia w Stanach Zjednoczonych. Nasi prawnicy s\u0105 czo\u0142owymi ekspertami w dziedzinie imigracji i s\u0105 w stanie pom\u00f3c wszystkim osobom i firmom w zaspokojeniu ich potrzeb imigracyjnych.<\/p>\n<p>Chocia\u017c nasza kancelaria mie\u015bci si\u0119 w centrum Chicago, reprezentujemy obcokrajowc\u00f3w w ca\u0142ych Stanach Zjednoczonych i na ca\u0142ym \u015bwiecie. W razie potrzeby reprezentowali\u015bmy osoby w konsulatach za granic\u0105 oraz w r\u00f3\u017cnych urz\u0119dach imigracyjnych na terenie Stan\u00f3w Zjednoczonych. Przyjmujemy sprawy kierowane przez kancelarie prawne, zagraniczne konsulaty i innych prawnik\u00f3w imigracyjnych w Stanach Zjednoczonych i na ca\u0142ym \u015bwiecie.<\/p>\n<p>Nasza kancelaria po\u015bwi\u0119ca du\u017co uwagi, aby by\u0107 na bie\u017c\u0105co ze stale zmieniaj\u0105cymi si\u0119 przepisami imigracyjnymi Stan\u00f3w Zjednoczonych oraz z\u0142o\u017cono\u015bci\u0105 sk\u0142adania wniosk\u00f3w o ulg\u0119 w urz\u0119dach i s\u0105dach imigracyjnych, jednocze\u015bnie staraj\u0105c si\u0119 znale\u017a\u0107 najlepsze mo\u017cliwe rozwi\u0105zanie dla naszych klient\u00f3w. Zapraszamy do skontaktowania si\u0119 z naszymi biurami w celu<a href=\"http:\/\/krilaw.com\/contact\/\"> um\u00f3wienia spotkania<\/a>, aby dowiedzie\u0107 si\u0119 wi\u0119cej o nas lub om\u00f3wi\u0107 swoj\u0105 spraw\u0119 z jednym z naszych prawnik\u00f3w z zachowaniem pe\u0142nej poufno\u015bci<\/p>\n<\/div>\n<\/div>\n<\/div>\n<\/div>\n","protected":false},"excerpt":{"rendered":"<p>Kriezelman Burton &amp; Associates O firmie W Kriezelman Burton &amp; Associates, LLC jeste\u015bmy zaanga\u017cowani w zapewnianie intensywnej i profesjonalnej reprezentacji prawnej oraz doradztwa na wszystkich obszarach prawa imigracyjnego i obywatelskiego. Za\u0142o\u017cona przez Jeffreya A. Kriezelmana w 1974 roku nasza kancelaria rozszerzy\u0142a swoj\u0105 dzia\u0142alno\u015b\u0107 na reprezentowanie tysi\u0119cy obcokrajowc\u00f3w na terenie ca\u0142ego kraju w ich staraniach o &hellip; <\/p>\n<p class=\"link-more\"><a href=\"https:\/\/krilaw.com\/pl\/o-firmie\/\" class=\"more-link\">Czytaj dalej<span class=\"screen-reader-text\"> \u201eO firmie\u201d<\/span><\/a><\/p>\n","protected":false},"author":50,"featured_media":8426,"parent":0,"menu_order":17,"comment_status":"closed","ping_status":"closed","template":"template-parts\/about-page.php","meta":{"_acf_changed":false,"_oasis_is_in_workflow":0,"_oasis_original":0,"_oasis_task_priority":"","footnotes":""},"class_list":["post-8423","page","type-page","status-publish","has-post-thumbnail","hentry","entry"],"acf":[],"_links":{"self":[{"href":"https:\/\/krilaw.com\/pl\/wp-json\/wp\/v2\/pages\/8423","targetHints":{"allow":["GET"]}}],"collection":[{"href":"https:\/\/krilaw.com\/pl\/wp-json\/wp\/v2\/pages"}],"about":[{"href":"https:\/\/krilaw.com\/pl\/wp-json\/wp\/v2\/types\/page"}],"author":[{"embeddable":true,"href":"https:\/\/krilaw.com\/pl\/wp-json\/wp\/v2\/users\/50"}],"replies":[{"embeddable":true,"href":"https:\/\/krilaw.com\/pl\/wp-json\/wp\/v2\/comments?post=8423"}],"version-history":[{"count":5,"href":"https:\/\/krilaw.com\/pl\/wp-json\/wp\/v2\/pages\/8423\/revisions"}],"predecessor-version":[{"id":9043,"href":"https:\/\/krilaw.com\/pl\/wp-json\/wp\/v2\/pages\/8423\/revisions\/9043"}],"wp:featuredmedia":[{"embeddable":true,"href":"https:\/\/krilaw.com\/pl\/wp-json\/wp\/v2\/media\/8426"}],"wp:attachment":[{"href":"https:\/\/krilaw.com\/pl\/wp-json\/wp\/v2\/media?parent=8423"}],"curies":[{"name":"wp","href":"https:\/\/api.w.org\/{rel}","templated":true}]}}