{"id":8550,"date":"2024-11-14T10:59:58","date_gmt":"2024-11-14T16:59:58","guid":{"rendered":"https:\/\/krilaw.com\/?page_id=8550"},"modified":"2026-01-20T13:59:39","modified_gmt":"2026-01-20T19:59:39","slug":"profile-doradcow","status":"publish","type":"page","link":"https:\/\/krilaw.com\/pl\/profile-doradcow\/","title":{"rendered":"Profile doradc\u00f3w"},"content":{"rendered":"<div class=\"prflpg-atrny fw\">\n<div class=\"container\">\n<h1>Poznaj naszych doradc\u00f3w ds. imigracji w Chicago<\/h1>\n<div class=\"prflpgatrny-blck\">\n<div class=\"prflpgatrny-item\">\n<div class=\"inratrny-item-link\"><a href=\"https:\/\/krilaw.com\/pl\/profile-doradcow\/attorney-justin-burton\/\">Justin R. Burton<\/a><\/div>\n<div class=\"prflpgatrny-img\"><a href=\"https:\/\/krilaw.com\/pl\/profile-doradcow\/attorney-justin-burton\/\"><img decoding=\"async\" src=\"https:\/\/krilaw.com\/wp-content\/uploads\/2024\/07\/justin_primg.png\" alt=\"profile-img\" title=\"\"><\/a><\/div>\n<div class=\"prflpgatrny-cnt\">\n<h5>Justin R. Burton<\/h5>\n<div class=\"prflpg-btn\"><a href=\"hhttps:\/\/krilaw.com\/pl\/profile-doradcow\/attorney-justin-burton\/\">Odwied\u017a profil<\/a><\/div>\n<\/div>\n<\/div>\n<div class=\"prflpgatrny-item\">\n<div class=\"inratrny-item-link\"><a href=\"https:\/\/krilaw.com\/pl\/profile-doradcow\/erin-cobb\/\">Erin C. Cobb<\/a><\/div>\n<div class=\"prflpgatrny-img\"><a href=\"https:\/\/krilaw.com\/pl\/profile-doradcow\/erin-cobb\/\"><img decoding=\"async\" src=\"https:\/\/krilaw.com\/wp-content\/uploads\/2024\/06\/prflpg-img2.png\" alt=\"profile-img\" title=\"\"><\/a><\/div>\n<div class=\"prflpgatrny-cnt\">\n<h5>Erin C. Cobb<\/h5>\n<div class=\"prflpg-btn\"><a href=\"https:\/\/krilaw.com\/pl\/profile-doradcow\/erin-cobb\/\">Odwied\u017a profil<\/a><\/div>\n<\/div>\n<\/div>\n<div class=\"prflpgatrny-item\">\n<div class=\"inratrny-item-link\"><a href=\"https:\/\/krilaw.com\/pl\/profile-doradcow\/matthew-kriezelman\/\">Matthew S. Kriezelman<\/a><\/div>\n<div class=\"prflpgatrny-img\"><a href=\"https:\/\/krilaw.com\/pl\/profile-doradcow\/matthew-kriezelman\/\"><img decoding=\"async\" src=\"https:\/\/krilaw.com\/wp-content\/uploads\/2024\/06\/prflpg-img3.png\" alt=\"profile-img\" title=\"\"><\/a><\/div>\n<div class=\"prflpgatrny-cnt\">\n<h5>Matthew S. Kriezelman<\/h5>\n<div class=\"prflpg-btn\"><a href=\"https:\/\/krilaw.com\/pl\/profile-doradcow\/matthew-kriezelman\/\">Odwied\u017a profil<\/a><\/div>\n<\/div>\n<\/div>\n<div class=\"prflpgatrny-item\">\n<div class=\"inratrny-item-link\"><a href=\"https:\/\/krilaw.com\/pl\/profile-doradcow\/lauren-mcclure\/\">Lauren E. Mcclure<\/a><\/div>\n<div class=\"prflpgatrny-img\"><a href=\"https:\/\/krilaw.com\/pl\/profile-doradcow\/lauren-mcclure\/\"><img decoding=\"async\" src=\"https:\/\/krilaw.com\/wp-content\/uploads\/2024\/06\/prflpg-img4.png\" alt=\"profile-img\" title=\"\"><\/a><\/div>\n<div class=\"prflpgatrny-cnt\">\n<h5>Lauren E. Mcclure<\/h5>\n<div class=\"prflpg-btn\"><a href=\"https:\/\/krilaw.com\/pl\/profile-doradcow\/lauren-mcclure\/\">Odwied\u017a profil<\/a><\/div>\n<\/div>\n<\/div>\n<div class=\"prflpgatrny-item\">\n<div class=\"inratrny-item-link\"><a href=\"https:\/\/krilaw.com\/pl\/profile-doradcow\/jeffrey-a-kriezelman\/\">Jeffrey A. kriezelman<\/a><\/div>\n<div class=\"prflpgatrny-img\"><a href=\"https:\/\/krilaw.com\/pl\/profile-doradcow\/jeffrey-a-kriezelman\/\"><img decoding=\"async\" src=\"https:\/\/krilaw.com\/wp-content\/uploads\/2024\/06\/prflpg-img5.png\" alt=\"profile-img\" title=\"\"><\/a><\/div>\n<div class=\"prflpgatrny-cnt\">\n<h5>Jeffrey A. kriezelman<\/h5>\n<div class=\"prflpg-btn\"><a href=\"https:\/\/krilaw.com\/pl\/profile-doradcow\/jeffrey-a-kriezelman\/\">Odwied\u017a profil<\/a><\/div>\n<\/div>\n<\/div>\n<div class=\"prflpgatrny-item\">\n<div class=\"inratrny-item-link\"><a href=\"https:\/\/krilaw.com\/pl\/profile-doradcow\/brittni-rivera\/\">Brittni Rivera<\/a><\/div>\n<div class=\"prflpgatrny-img\"><a href=\"https:\/\/krilaw.com\/pl\/profile-doradcow\/brittni-rivera\/\"><img decoding=\"async\" src=\"https:\/\/krilaw.com\/wp-content\/uploads\/2024\/06\/prflpg-img6.png\" alt=\"profile-img\" title=\"\"><\/a><\/div>\n<div class=\"prflpgatrny-cnt\">\n<h5>Brittni Rivera<\/h5>\n<div class=\"prflpg-btn\"><a href=\"https:\/\/krilaw.com\/pl\/profile-doradcow\/brittni-rivera\/\">Odwied\u017a profil<\/a><\/div>\n<\/div>\n<\/div>\n<div class=\"prflpgatrny-item\">\n<div class=\"inratrny-item-link\"><a href=\"https:\/\/krilaw.com\/pl\/profile-doradcow\/kevin-raica\/\">Kevin Raica<\/a><\/div>\n<div class=\"prflpgatrny-img\"><a href=\"https:\/\/krilaw.com\/pl\/profile-doradcow\/kevin-raica\/\"><img decoding=\"async\" src=\"https:\/\/krilaw.com\/wp-content\/uploads\/2024\/06\/prflpg-img7.png\" alt=\"profile-img\" title=\"\"><\/a><\/div>\n<div class=\"prflpgatrny-cnt\">\n<h5>Kevin Raica<\/h5>\n<div class=\"prflpg-btn\"><a href=\"https:\/\/krilaw.com\/pl\/profile-doradcow\/kevin-raica\/\">Odwied\u017a profil<\/a><\/div>\n<\/div>\n<\/div>\n<div class=\"prflpgatrny-item\">\n<div class=\"inratrny-item-link\"><a href=\"https:\/\/krilaw.com\/pl\/profile-doradcow\/nicole-provax\/\">Nicole Provax<\/a><\/div>\n<div class=\"prflpgatrny-img\"><a href=\"https:\/\/krilaw.com\/pl\/profile-doradcow\/nicole-provax\/\"><img decoding=\"async\" src=\"https:\/\/krilaw.com\/wp-content\/uploads\/2024\/06\/prflpg-img8.png\" alt=\"profile-img\" title=\"\"><\/a><\/div>\n<div class=\"prflpgatrny-cnt\">\n<h5>Nicole Provax<\/h5>\n<div class=\"prflpg-btn\"><a href=\"https:\/\/krilaw.com\/pl\/profile-doradcow\/nicole-provax\/\">Odwied\u017a profil<\/a><\/div>\n<\/div>\n<\/div>\n<div class=\"prflpgatrny-item\">\n<div class=\"inratrny-item-link\"><a href=\"https:\/\/krilaw.com\/attorney-profiles\/khiabett-osuna\/\">Khiabett Osuna<\/a><\/div>\n<div class=\"prflpgatrny-img\"><a href=\"https:\/\/krilaw.com\/attorney-profiles\/khiabett-osuna\/\"><img decoding=\"async\" src=\"https:\/\/krilaw.com\/wp-content\/uploads\/2024\/06\/prflpg-img9.png\" alt=\"profile-img\" title=\"\"><\/a><\/div>\n<div class=\"prflpgatrny-cnt\">\n<h5>Khiabett Osuna<\/h5>\n<div class=\"prflpg-btn\"><a href=\"https:\/\/krilaw.com\/attorney-profiles\/khiabett-osuna\/\">Odwied\u017a profil<\/a><\/div>\n<\/div>\n<\/div>\n<div class=\"prflpgatrny-item\">\n<div class=\"inratrny-item-link\"><a href=\"https:\/\/krilaw.com\/pl\/profile-doradcow\/maya-flores\/\">Maya Flores<\/a><\/div>\n<div class=\"prflpgatrny-img\"><a href=\"https:\/\/krilaw.com\/pl\/profile-doradcow\/maya-flores\/\"><img decoding=\"async\" src=\"https:\/\/krilaw.com\/wp-content\/uploads\/2024\/08\/profile-img10.png\" alt=\"profile-img\" title=\"\"><\/a><\/div>\n<div class=\"prflpgatrny-cnt\">\n<h5>Maya Flores<\/h5>\n<div class=\"prflpg-btn\"><a href=\"https:\/\/krilaw.com\/pl\/profile-doradcow\/maya-flores\/\">Odwied\u017a profil<\/a><\/div>\n<\/div>\n<\/div>\n<div class=\"prflpgatrny-item\">\n<div class=\"inratrny-item-link\"><a href=\"https:\/\/krilaw.com\/pl\/profile-doradcow\/sheila-mcnulty\/\">Sheila McNulty<\/a><\/div>\n<div class=\"prflpgatrny-img\"><a href=\"https:\/\/krilaw.com\/pl\/profile-doradcow\/sheila-mcnulty\/\"><img decoding=\"async\" src=\"https:\/\/krilaw.com\/wp-content\/uploads\/2026\/01\/I-3.png\" alt=\"profile-img\" title=\"\"><\/a><\/div>\n<div class=\"prflpgatrny-cnt\">\n<h5>Sheila McNulty<\/h5>\n<div class=\"prflpg-btn\"><a href=\"https:\/\/krilaw.com\/pl\/profile-doradcow\/sheila-mcnulty\/\">Odwied\u017a profil<\/a><\/div>\n<\/div>\n<\/div>\n<div class=\"prflpgatrny-item\">\n<div class=\"inratrny-item-link\"><a href=\"https:\/\/krilaw.com\/attorney-profiles\/andrea-ochoa\/\">Andrea Ochoa<\/a><\/div>\n<div class=\"prflpgatrny-img\"><a href=\"https:\/\/krilaw.com\/attorney-profiles\/andrea-ochoa\/\"><img decoding=\"async\" src=\"https:\/\/krilaw.com\/wp-content\/uploads\/2025\/06\/andrea-3.png\" alt=\"profile-img\" title=\"\"><\/a><\/div>\n<div class=\"prflpgatrny-cnt\">\n<h5>Andrea Ochoa<\/h5>\n<div class=\"prflpg-btn\"><a href=\"https:\/\/krilaw.com\/attorney-profiles\/andrea-ochoa\/\">Odwied\u017a profil<\/a><\/div>\n<\/div>\n<\/div>\n<div class=\"prflpgatrny-item\">\n<div class=\"inratrny-item-link\"><a href=\"https:\/\/krilaw.com\/pl\/profile-doradcow\/jennifer-peyton\/\">Jennifer Peyton<\/a><\/div>\n<div class=\"prflpgatrny-img\"><a href=\"https:\/\/krilaw.com\/pl\/profile-doradcow\/jennifer-peyton\/\"><img decoding=\"async\" src=\"https:\/\/krilaw.com\/wp-content\/uploads\/2026\/01\/Untitled-design-28.png\" alt=\"Jennifer Peyton\" title=\"\"><\/a><\/div>\n<div class=\"prflpgatrny-cnt\">\n<h5>Jennifer Peyton<\/h5>\n<div class=\"prflpg-btn\"><a href=\"https:\/\/krilaw.com\/pl\/profile-doradcow\/jennifer-peyton\/\">Odwied\u017a profil<\/a><\/div>\n<\/div>\n<\/div>\n<div class=\"prflpgatrny-item\">\n<div class=\"inratrny-item-link\"><a href=\"https:\/\/krilaw.com\/pl\/profile-doradcow\/isabella-siragusa\/\">Isabella Siragusa<\/a><\/div>\n<div class=\"prflpgatrny-img\"><a href=\"https:\/\/krilaw.com\/pl\/profile-doradcow\/isabella-siragusa\/\"><img decoding=\"async\" src=\"https:\/\/krilaw.com\/wp-content\/uploads\/2026\/01\/I.png\" alt=\"profile-img\" title=\"\"><\/a><\/div>\n<div class=\"prflpgatrny-cnt\">\n<h5>Isabella Siragusa<\/h5>\n<div class=\"prflpg-btn\"><a href=\"https:\/\/krilaw.com\/pl\/profile-doradcow\/isabella-siragusa\/\">Odwied\u017a profil<\/a><\/div>\n<\/div>\n<\/div>\n<\/div>\n<\/div>\n<\/div>\n","protected":false},"excerpt":{"rendered":"<p>Poznaj naszych doradc\u00f3w ds. imigracji w Chicago Justin R. Burton Justin R. Burton Odwied\u017a profil Erin C. Cobb Erin C. Cobb Odwied\u017a profil Matthew S. Kriezelman Matthew S. Kriezelman Odwied\u017a profil Lauren E. Mcclure Lauren E. Mcclure Odwied\u017a profil Jeffrey A. kriezelman Jeffrey A. kriezelman Odwied\u017a profil Brittni Rivera Brittni Rivera Odwied\u017a profil Kevin Raica &hellip; <\/p>\n<p class=\"link-more\"><a href=\"https:\/\/krilaw.com\/pl\/profile-doradcow\/\" class=\"more-link\">Czytaj dalej<span class=\"screen-reader-text\"> \u201eProfile doradc\u00f3w\u201d<\/span><\/a><\/p>\n","protected":false},"author":50,"featured_media":0,"parent":0,"menu_order":5,"comment_status":"closed","ping_status":"closed","template":"template-parts\/profile-page.php","meta":{"_acf_changed":false,"_oasis_is_in_workflow":0,"_oasis_original":0,"_oasis_task_priority":"","footnotes":""},"class_list":["post-8550","page","type-page","status-publish","hentry","entry"],"acf":[],"_links":{"self":[{"href":"https:\/\/krilaw.com\/pl\/wp-json\/wp\/v2\/pages\/8550","targetHints":{"allow":["GET"]}}],"collection":[{"href":"https:\/\/krilaw.com\/pl\/wp-json\/wp\/v2\/pages"}],"about":[{"href":"https:\/\/krilaw.com\/pl\/wp-json\/wp\/v2\/types\/page"}],"author":[{"embeddable":true,"href":"https:\/\/krilaw.com\/pl\/wp-json\/wp\/v2\/users\/50"}],"replies":[{"embeddable":true,"href":"https:\/\/krilaw.com\/pl\/wp-json\/wp\/v2\/comments?post=8550"}],"version-history":[{"count":16,"href":"https:\/\/krilaw.com\/pl\/wp-json\/wp\/v2\/pages\/8550\/revisions"}],"predecessor-version":[{"id":11360,"href":"https:\/\/krilaw.com\/pl\/wp-json\/wp\/v2\/pages\/8550\/revisions\/11360"}],"wp:attachment":[{"href":"https:\/\/krilaw.com\/pl\/wp-json\/wp\/v2\/media?parent=8550"}],"curies":[{"name":"wp","href":"https:\/\/api.w.org\/{rel}","templated":true}]}}