{"id":8606,"date":"2017-04-01T13:42:34","date_gmt":"2017-04-01T13:42:34","guid":{"rendered":"https:\/\/krilaw.com\/profile-doradcow\/kevin-raica\/"},"modified":"2025-10-29T16:50:53","modified_gmt":"2025-10-29T21:50:53","slug":"kevin-raica","status":"publish","type":"page","link":"https:\/\/krilaw.com\/pl\/profile-doradcow\/kevin-raica\/","title":{"rendered":"Kevin A. Raica"},"content":{"rendered":"<h2>Biografia<\/h2>\n<p>Kevin Raica jest starszym prawnikiem w kancelarii Kriezelman Burton &amp; Associates, LLC Posiada uprawnienia do wykonywania zawodu adwokata w stanie Illinois. Specjalizuje si\u0119 wy\u0142\u0105cznie w prawie imigracyjnym, w tym w imigracji opartej na wi\u0119zach rodzinnych, zwolnieniach, obronie przed deportacj\u0105, azylu i imigracji zwi\u0105zanej z zatrudnieniem. Kevin prowadzi praktyk\u0119 przed Urz\u0119dem ds. Obywatelstwa i Imigracji Stan\u00f3w Zjednoczonych (USCIS), Urz\u0119dem ds. Egzekwowania Przepis\u00f3w Imigracyjnych i Celnych, Departamentem Stanu USA, Departamentem Pracy USA, S\u0105dem Imigracyjnym, Imigracyjn\u0105 Komisj\u0105 Odwo\u0142awcz\u0105 (BIA), S\u0105dem Okr\u0119gowym USA dla P\u00f3\u0142nocnego Okr\u0119gu Illinois oraz S\u0105dem Apelacyjnym USA dla Si\u00f3dmego Okr\u0119gu.<\/p>\n<p>Kevin jest obecnie przewodnicz\u0105cym Komitetu \u0141\u0105cznikowego Biura Wykonawczego ds. Przegl\u0105du Imigracyjnego Chicagowskiego Oddzia\u0142u Ameryka\u0144skiego Stowarzyszenia Prawnik\u00f3w Imigracyjnych, b\u0119d\u0105c w latach 2015\u20132016 jego wsp\u00f3\u0142przewodnicz\u0105cym. W latach 2013\u20132015 pe\u0142ni\u0142 r\u00f3wnie\u017c funkcj\u0119 wsp\u00f3\u0142przewodnicz\u0105cego Komitetu \u0141\u0105cznikowego ds. Egzekwowania Prawa i Dzia\u0142a\u0144 Deportacyjnych ICE.<\/p>\n","protected":false},"excerpt":{"rendered":"<p>Biografia Kevin Raica jest starszym prawnikiem w kancelarii Kriezelman Burton &amp; Associates, LLC Posiada uprawnienia do wykonywania zawodu adwokata w stanie Illinois. Specjalizuje si\u0119 wy\u0142\u0105cznie w prawie imigracyjnym, w tym w imigracji opartej na wi\u0119zach rodzinnych, zwolnieniach, obronie przed deportacj\u0105, azylu i imigracji zwi\u0105zanej z zatrudnieniem. Kevin prowadzi praktyk\u0119 przed Urz\u0119dem ds. Obywatelstwa i Imigracji &hellip; <\/p>\n<p class=\"link-more\"><a href=\"https:\/\/krilaw.com\/pl\/profile-doradcow\/kevin-raica\/\" class=\"more-link\">Czytaj dalej<span class=\"screen-reader-text\"> \u201eKevin A. Raica\u201d<\/span><\/a><\/p>\n","protected":false},"author":22,"featured_media":8608,"parent":8550,"menu_order":0,"comment_status":"closed","ping_status":"closed","template":"template-parts\/single-profile-page.php","meta":{"_acf_changed":false,"_oasis_is_in_workflow":0,"_oasis_original":0,"_oasis_task_priority":"","footnotes":""},"class_list":["post-8606","page","type-page","status-publish","has-post-thumbnail","hentry","entry"],"acf":[],"_links":{"self":[{"href":"https:\/\/krilaw.com\/pl\/wp-json\/wp\/v2\/pages\/8606","targetHints":{"allow":["GET"]}}],"collection":[{"href":"https:\/\/krilaw.com\/pl\/wp-json\/wp\/v2\/pages"}],"about":[{"href":"https:\/\/krilaw.com\/pl\/wp-json\/wp\/v2\/types\/page"}],"author":[{"embeddable":true,"href":"https:\/\/krilaw.com\/pl\/wp-json\/wp\/v2\/users\/22"}],"replies":[{"embeddable":true,"href":"https:\/\/krilaw.com\/pl\/wp-json\/wp\/v2\/comments?post=8606"}],"version-history":[{"count":5,"href":"https:\/\/krilaw.com\/pl\/wp-json\/wp\/v2\/pages\/8606\/revisions"}],"predecessor-version":[{"id":9246,"href":"https:\/\/krilaw.com\/pl\/wp-json\/wp\/v2\/pages\/8606\/revisions\/9246"}],"up":[{"embeddable":true,"href":"https:\/\/krilaw.com\/pl\/wp-json\/wp\/v2\/pages\/8550"}],"wp:featuredmedia":[{"embeddable":true,"href":"https:\/\/krilaw.com\/pl\/wp-json\/wp\/v2\/media\/8608"}],"wp:attachment":[{"href":"https:\/\/krilaw.com\/pl\/wp-json\/wp\/v2\/media?parent=8606"}],"curies":[{"name":"wp","href":"https:\/\/api.w.org\/{rel}","templated":true}]}}