{"id":8621,"date":"2021-02-09T17:27:18","date_gmt":"2021-02-09T23:27:18","guid":{"rendered":"https:\/\/krilaw.com\/profile-doradcow\/nicole-provax\/"},"modified":"2024-12-19T14:09:27","modified_gmt":"2024-12-19T20:09:27","slug":"nicole-provax","status":"publish","type":"page","link":"https:\/\/krilaw.com\/pl\/profile-doradcow\/nicole-provax\/","title":{"rendered":"Nicole Provax"},"content":{"rendered":"<h2>Biografia<\/h2>\n<p>Nicole Provax jest adwokatem w kancelarii Kriezelman Burton &amp; Associates, LLC. Przed rozpocz\u0119ciem studi\u00f3w prawniczych Nicole uko\u0144czy\u0142a University of South Carolina Honors College w 2017 r., uzyskuj\u0105c tytu\u0142 licencjata w dziedzinie studi\u00f3w mi\u0119dzynarodowych i j\u0119zyka hiszpa\u0144skiego. Uko\u0144czy\u0142a studia z wyr\u00f3\u017cnieniem w zakresie globalnego uczenia si\u0119 oraz zaanga\u017cowania zawodowego i obywatelskiego. W maju 2020 roku uzyska\u0142a tytu\u0142 prawnika na Loyola University Chicago School of Law. Nicole otrzyma\u0142a Certyfikat w zakresie adwokatury oraz nagrod\u0119 CALI Excellence for the Future w dziedzinie pi\u015bmiennictwa prawniczego.<br \/>\nPodczas studi\u00f3w prawniczych Nicole pomy\u015blnie uko\u0144czy\u0142a kursy prawa imigracyjnego oferowane na Uniwersytecie Loyola, odby\u0142a sta\u017c w meksyka\u0144sko-ameryka\u0144skim funduszu obrony prawnej i edukacji (MALDEF) oraz pracowa\u0142a jako asystent prawny w Jarecki Law Group, miejscowej kancelarii imigracyjnej. Nicole pracowa\u0142a tak\u017ce przez ponad dwa lata jako g\u0142\u00f3wny asystent prawny w Corboy &amp; Demetrio, P.C., gdzie by\u0142a mocno zaanga\u017cowana we wszystkie aspekty proces\u00f3w s\u0105dowych dotycz\u0105cych obra\u017ce\u0144 cia\u0142a i b\u0142\u0119d\u00f3w w sztuce lekarskiej.<\/p>\n<p>Po uko\u0144czeniu studi\u00f3w prawniczych Nicole przez kilka miesi\u0119cy pracowa\u0142a jako stypendystka podyplomowa z zakresu prawa imigracyjnego w Dzieci\u0119cym Centrum Praw Cz\u0142owieka Uniwersytetu Loyola.<\/p>\n","protected":false},"excerpt":{"rendered":"<p>Biografia Nicole Provax jest adwokatem w kancelarii Kriezelman Burton &amp; Associates, LLC. Przed rozpocz\u0119ciem studi\u00f3w prawniczych Nicole uko\u0144czy\u0142a University of South Carolina Honors College w 2017 r., uzyskuj\u0105c tytu\u0142 licencjata w dziedzinie studi\u00f3w mi\u0119dzynarodowych i j\u0119zyka hiszpa\u0144skiego. Uko\u0144czy\u0142a studia z wyr\u00f3\u017cnieniem w zakresie globalnego uczenia si\u0119 oraz zaanga\u017cowania zawodowego i obywatelskiego. W maju 2020 roku &hellip; <\/p>\n<p class=\"link-more\"><a href=\"https:\/\/krilaw.com\/pl\/profile-doradcow\/nicole-provax\/\" class=\"more-link\">Czytaj dalej<span class=\"screen-reader-text\"> \u201eNicole Provax\u201d<\/span><\/a><\/p>\n","protected":false},"author":34,"featured_media":8623,"parent":8550,"menu_order":0,"comment_status":"closed","ping_status":"closed","template":"template-parts\/single-profile-page.php","meta":{"_acf_changed":false,"_oasis_is_in_workflow":0,"_oasis_original":0,"_oasis_task_priority":"","footnotes":""},"class_list":["post-8621","page","type-page","status-publish","has-post-thumbnail","hentry","entry"],"acf":[],"_links":{"self":[{"href":"https:\/\/krilaw.com\/pl\/wp-json\/wp\/v2\/pages\/8621","targetHints":{"allow":["GET"]}}],"collection":[{"href":"https:\/\/krilaw.com\/pl\/wp-json\/wp\/v2\/pages"}],"about":[{"href":"https:\/\/krilaw.com\/pl\/wp-json\/wp\/v2\/types\/page"}],"author":[{"embeddable":true,"href":"https:\/\/krilaw.com\/pl\/wp-json\/wp\/v2\/users\/34"}],"replies":[{"embeddable":true,"href":"https:\/\/krilaw.com\/pl\/wp-json\/wp\/v2\/comments?post=8621"}],"version-history":[{"count":4,"href":"https:\/\/krilaw.com\/pl\/wp-json\/wp\/v2\/pages\/8621\/revisions"}],"predecessor-version":[{"id":8919,"href":"https:\/\/krilaw.com\/pl\/wp-json\/wp\/v2\/pages\/8621\/revisions\/8919"}],"up":[{"embeddable":true,"href":"https:\/\/krilaw.com\/pl\/wp-json\/wp\/v2\/pages\/8550"}],"wp:featuredmedia":[{"embeddable":true,"href":"https:\/\/krilaw.com\/pl\/wp-json\/wp\/v2\/media\/8623"}],"wp:attachment":[{"href":"https:\/\/krilaw.com\/pl\/wp-json\/wp\/v2\/media?parent=8621"}],"curies":[{"name":"wp","href":"https:\/\/api.w.org\/{rel}","templated":true}]}}