{"id":8634,"date":"2011-02-24T12:37:25","date_gmt":"2011-02-24T18:37:25","guid":{"rendered":"https:\/\/krilaw.com\/profile-doradcow\/attorney-justin-burton\/"},"modified":"2025-10-29T16:51:50","modified_gmt":"2025-10-29T21:51:50","slug":"attorney-justin-burton","status":"publish","type":"page","link":"https:\/\/krilaw.com\/pl\/profile-doradcow\/attorney-justin-burton\/","title":{"rendered":"Justin R. Burton"},"content":{"rendered":"<h2>Biografia<\/h2>\n<p>Justin Burton jest cz\u0142onkiem kancelarii<a href=\"http:\/\/krilaw.com\/about\/\"> Kriezelman Burton &amp; Associates, LLC<\/a>. Jest prawnikiem specjalizuj\u0105cym si\u0119 w <a href=\"http:\/\/krilaw.com\/services\/immigration\/immigration-law\/\">prawie imigracyjnym i obywatelskim<\/a>. Regularnie praktykuje prawo przed Urz\u0119dem ds. Obywatelstwa i Imigracji Stan\u00f3w Zjednoczonych (USCIS), Departamentem Bezpiecze\u0144stwa Wewn\u0119trznego (DHS), s\u0105dami imigracyjnymi, Imigracyjn\u0105 Komisj\u0105 Odwo\u0142awcz\u0105 (BIA), federalnymi s\u0105dami okr\u0119gowymi i s\u0105dami apelacyjnymi. Justin regularnie\u00a0 prowadzi prelekcje na temat prawa imigracyjnego. Co roku wyst\u0119puje na spotkaniu Ameryka\u0144skiego Stowarzyszenia Prawnik\u00f3w Imigracyjnych przed setkami <a href=\"http:\/\/krilaw.com\/services\/immigration\/what-does-an-immigration-attorney-do\/\">prawnik\u00f3w imigracyjnych<\/a>. Przemawia tak\u017ce na spotkaniach Chicagowskiej Izby Adwokackiej, na Konferencjach Regionu \u015arodkowo-Zachodniego i Federalnej Izby Adwokackiej. Niekt\u00f3re z jego opublikowanych orzecze\u0144 w S\u0105dzie Apelacyjnym to: Giday v. Gonzales; Tabaku v. Ashcroft; Abdelqader v. Ashcroft; i Naim v. Ashcroft. Justin jest cz\u0142onkiem Izby Adwokackiej Chicago, Izby Adwokackiej Stanu Illinois, Ameryka\u0144skiej Izby Adwokackiej, Ameryka\u0144skiego Stowarzyszenia Prawnik\u00f3w Imigracyjnych (AILA) i Federalnej Izby Adwokackiej. Pe\u0142ni\u0142 r\u00f3wnie\u017c funkcj\u0119 \u0142\u0105cznika z Biurem Wykonawczym ds. Przegl\u0105du Imigracyjnego,\u00a0 kierowa\u0142 inicjacj\u0105 Komitetu Procesowego AILA w Chicago oraz Krajowego Komitetu ds. Deportacji AILA.<\/p>\n<p>Justin aktywnie anga\u017cuje si\u0119 w dzia\u0142alno\u015b\u0107 pro bono z agencjami i komitetami. Obecnie zasiada w zarz\u0105dzie Hebrajskiego Towarzystwa Pomocy Imigracyjnej. \u015awiadczy tak\u017ce us\u0142ugi pro bono, w tym sta\u0142\u0105 pomoc niezamo\u017cnym klientom w ramach Chicagowskiego Wolontariatu Pomocy Prawnej. Justin jest obecnie cz\u0142onkiem zarz\u0105du Ameryka\u0144skiego Stowarzyszenia Prawnik\u00f3w Imigracyjnych w Chicago.<\/p>\n","protected":false},"excerpt":{"rendered":"<p>Biografia Justin Burton jest cz\u0142onkiem kancelarii Kriezelman Burton &amp; Associates, LLC. Jest prawnikiem specjalizuj\u0105cym si\u0119 w prawie imigracyjnym i obywatelskim. Regularnie praktykuje prawo przed Urz\u0119dem ds. Obywatelstwa i Imigracji Stan\u00f3w Zjednoczonych (USCIS), Departamentem Bezpiecze\u0144stwa Wewn\u0119trznego (DHS), s\u0105dami imigracyjnymi, Imigracyjn\u0105 Komisj\u0105 Odwo\u0142awcz\u0105 (BIA), federalnymi s\u0105dami okr\u0119gowymi i s\u0105dami apelacyjnymi. Justin regularnie\u00a0 prowadzi prelekcje na temat prawa &hellip; <\/p>\n<p class=\"link-more\"><a href=\"https:\/\/krilaw.com\/pl\/profile-doradcow\/attorney-justin-burton\/\" class=\"more-link\">Czytaj dalej<span class=\"screen-reader-text\"> \u201eJustin R. Burton\u201d<\/span><\/a><\/p>\n","protected":false},"author":22,"featured_media":8636,"parent":8550,"menu_order":4,"comment_status":"closed","ping_status":"closed","template":"template-parts\/single-profile-page.php","meta":{"_acf_changed":false,"_oasis_is_in_workflow":0,"_oasis_original":0,"_oasis_task_priority":"","footnotes":""},"class_list":["post-8634","page","type-page","status-publish","has-post-thumbnail","hentry","entry"],"acf":[],"_links":{"self":[{"href":"https:\/\/krilaw.com\/pl\/wp-json\/wp\/v2\/pages\/8634","targetHints":{"allow":["GET"]}}],"collection":[{"href":"https:\/\/krilaw.com\/pl\/wp-json\/wp\/v2\/pages"}],"about":[{"href":"https:\/\/krilaw.com\/pl\/wp-json\/wp\/v2\/types\/page"}],"author":[{"embeddable":true,"href":"https:\/\/krilaw.com\/pl\/wp-json\/wp\/v2\/users\/22"}],"replies":[{"embeddable":true,"href":"https:\/\/krilaw.com\/pl\/wp-json\/wp\/v2\/comments?post=8634"}],"version-history":[{"count":5,"href":"https:\/\/krilaw.com\/pl\/wp-json\/wp\/v2\/pages\/8634\/revisions"}],"predecessor-version":[{"id":8913,"href":"https:\/\/krilaw.com\/pl\/wp-json\/wp\/v2\/pages\/8634\/revisions\/8913"}],"up":[{"embeddable":true,"href":"https:\/\/krilaw.com\/pl\/wp-json\/wp\/v2\/pages\/8550"}],"wp:featuredmedia":[{"embeddable":true,"href":"https:\/\/krilaw.com\/pl\/wp-json\/wp\/v2\/media\/8636"}],"wp:attachment":[{"href":"https:\/\/krilaw.com\/pl\/wp-json\/wp\/v2\/media?parent=8634"}],"curies":[{"name":"wp","href":"https:\/\/api.w.org\/{rel}","templated":true}]}}